{"id":5646,"date":"2024-10-31T08:55:51","date_gmt":"2024-10-31T08:55:51","guid":{"rendered":"https:\/\/williamweir.com\/?post_type=product&#038;p=5646"},"modified":"2025-05-24T01:12:10","modified_gmt":"2025-05-24T01:12:10","slug":"wood-maintenance-care-and-polishing-wax-2","status":"publish","type":"product","link":"https:\/\/williamweir.com\/pt\/produto\/wood-maintenance-care-and-polishing-wax-2\/","title":{"rendered":"Cera para manuten\u00e7\u00e3o, tratamento e polimento de madeira"},"content":{"rendered":"<p>**Instru\u00e7\u00f5es de utiliza\u00e7\u00e3o da cera de cuidado para madeira WILLIAM WEIR**<\/p>\n<p><strong>C\u00f3digo das mercadorias: 1915<\/strong><\/p>\n<p>A cera para madeira WILLIAM WEIR \u00e9 um produto especialmente concebido para proteger e embelezar as superf\u00edcies de madeira. Pode nutrir eficazmente a madeira, evitar a secagem e as fissuras e, ao mesmo tempo, dar \u00e0s superf\u00edcies dos m\u00f3veis de madeira, pavimentos, etc. uma cor brilhante e uma prote\u00e7\u00e3o duradoura.<\/p>\n<p><strong>II. M\u00e9todos de utiliza\u00e7\u00e3o<\/strong><\/p>\n<p>1. Prepara\u00e7\u00e3o<\/p>\n<p>- Certifique-se de que a superf\u00edcie de madeira est\u00e1 limpa e seca. Se houver p\u00f3 ou manchas, limpe-a primeiro com um pano macio e seco.<\/p>\n<p>- No caso de superf\u00edcies de madeira mais antigas ou muito desgastadas, pode utilizar primeiro uma lixa para lixar suavemente e remover as partes \u00e1speras antes de efetuar os cuidados.<\/p>\n<p>2. Aplica\u00e7\u00e3o de cera de conserva\u00e7\u00e3o<\/p>\n<p>- Aplicar uma quantidade adequada de cera para madeira num pano macio e limpo.<\/p>\n<p>- Aplique a cera de cuidado uniformemente sobre a superf\u00edcie da madeira num movimento circular para garantir que todas as partes ficam cobertas.<\/p>\n<p>- Para produtos de madeira com entalhes ou padr\u00f5es complexos, pode ser utilizado um pequeno pincel para aplicar a cera de conserva\u00e7\u00e3o em \u00e1reas dif\u00edceis de alcan\u00e7ar.<\/p>\n<p>3. Polimento<\/p>\n<p>- Aguardar que a cera de cuidado seque ligeiramente (normalmente entre alguns minutos e dez minutos, dependendo da temperatura e humidade ambiente).<\/p>\n<p>- Utilize um pano limpo e macio para limpar suavemente a superf\u00edcie de madeira em linha reta para polir, de modo a que a superf\u00edcie apresente um efeito suave e brilhante.<\/p>\n<p><strong>III. Precau\u00e7\u00f5es<\/strong><\/p>\n<p>1. Evitar a utiliza\u00e7\u00e3o da cera de conserva\u00e7\u00e3o em ambientes com temperaturas elevadas, luz solar direta ou humidade.<\/p>\n<p>2. Manter afastado de fontes de fogo. Este produto \u00e9 inflam\u00e1vel.<\/p>\n<p>3. Se, durante a utiliza\u00e7\u00e3o, entrar acidentalmente em contacto com a pele ou os olhos, lavar imediatamente com \u00e1gua limpa e procurar ajuda m\u00e9dica.<\/p>\n<p>4. Guarde o produto num local onde as crian\u00e7as n\u00e3o o possam alcan\u00e7ar.<\/p>\n<p>5. Diferentes tipos de madeira podem reagir de forma diferente \u00e0 cera de tratamento. Recomenda-se que se fa\u00e7a primeiro um teste numa \u00e1rea pouco vis\u00edvel.<\/p>","protected":false},"excerpt":{"rendered":"<p>A nossa f\u00e1brica fornece servi\u00e7os de processamento OEM\/ODM, podemos personalizar produtos para si; O nosso MOQ \u00e9 baixo, geralmente a quantidade m\u00ednima \u00e9 de 1000 garrafas que podem ser produzidas; Os nossos produtos s\u00e3o baratos, de excelente qualidade, em conformidade com quaisquer leis e regulamentos nacionais e necessidades dos clientes!<\/p>\n<h3><strong>\u00a0 \u00a0 \u00a0 Oferecemos tamb\u00e9m os seguintes servi\u00e7os<\/strong><\/h3>\n<h4><strong><img decoding=\"async\" class=\"emoji\" role=\"img\" draggable=\"false\" src=\"https:\/\/s.w.org\/images\/core\/emoji\/15.0.3\/svg\/2714.svg\" alt=\"\u2714\" \/>\u00a0 Fonte transfronteiri\u00e7a\u00a0 \u00a0 \u00a0 \u00a0 \u00a0\u00a0<img decoding=\"async\" class=\"emoji\" role=\"img\" draggable=\"false\" src=\"https:\/\/s.w.org\/images\/core\/emoji\/15.0.3\/svg\/2714.svg\" alt=\"\u2714\" \/>\u00a0 Personaliza\u00e7\u00e3o do suporte<\/strong><\/h4>\n<h4><strong><img decoding=\"async\" class=\"emoji\" role=\"img\" draggable=\"false\" src=\"https:\/\/s.w.org\/images\/core\/emoji\/15.0.3\/svg\/2714.svg\" alt=\"\u2714\" \/>\u00a0 F\u00e1brica de origem\u00a0 \u00a0 \u00a0 \u00a0 \u00a0 \u00a0 \u00a0 \u00a0 \u00a0 \u00a0 \u00a0 \u00a0<img decoding=\"async\" class=\"emoji\" role=\"img\" draggable=\"false\" src=\"https:\/\/s.w.org\/images\/core\/emoji\/15.0.3\/svg\/2714.svg\" alt=\"\u2714\" \/>\u00a0 Desenvolvimento de produtos<\/strong><\/h4>\n<h4><strong><img decoding=\"async\" class=\"emoji\" role=\"img\" draggable=\"false\" src=\"https:\/\/s.w.org\/images\/core\/emoji\/15.0.3\/svg\/2714.svg\" alt=\"\u2714\" \/>\u00a0 Adapta\u00e7\u00e3o \u00e0 amostra\u00a0 \u00a0 \u00a0 \u00a0 \u00a0 \u00a0 \u00a0 \u00a0 \u00a0 \u00a0\u00a0<img decoding=\"async\" class=\"emoji\" role=\"img\" draggable=\"false\" src=\"https:\/\/s.w.org\/images\/core\/emoji\/15.0.3\/svg\/2714.svg\" alt=\"\u2714\" \/>\u00a0 Autoriza\u00e7\u00e3o de marca<br \/>\n<\/strong><\/h4>\n<h2 style=\"text-align: left;\"><strong>Perguntas ou coment\u00e1rios? <\/strong><\/h2>\n<h2 style=\"text-align: left;\"><strong>wlwer@williamweir.com<\/strong><\/h2>\n<h4><strong>\u00a0<\/strong><\/h4>","protected":false},"featured_media":11402,"template":"","meta":{"_uag_custom_page_level_css":"","site-sidebar-layout":"default","site-content-layout":"","ast-site-content-layout":"default","site-content-style":"default","site-sidebar-style":"default","ast-global-header-display":"","ast-banner-title-visibility":"","ast-main-header-display":"","ast-hfb-above-header-display":"","ast-hfb-below-header-display":"","ast-hfb-mobile-header-display":"","site-post-title":"","ast-breadcrumbs-content":"","ast-featured-img":"","footer-sml-layout":"","theme-transparent-header-meta":"default","adv-header-id-meta":"","stick-header-meta":"","header-above-stick-meta":"","header-main-stick-meta":"","header-below-stick-meta":"","astra-migrate-meta-layouts":"set","ast-page-background-enabled":"default","ast-page-background-meta":{"desktop":{"background-color":"","background-image":"","background-repeat":"repeat","background-position":"center center","background-size":"auto","background-attachment":"scroll","background-type":"","background-media":"","overlay-type":"","overlay-color":"","overlay-opacity":"","overlay-gradient":""},"tablet":{"background-color":"","background-image":"","background-repeat":"repeat","background-position":"center center","background-size":"auto","background-attachment":"scroll","background-type":"","background-media":"","overlay-type":"","overlay-color":"","overlay-opacity":"","overlay-gradient":""},"mobile":{"background-color":"","background-image":"","background-repeat":"repeat","background-position":"center center","background-size":"auto","background-attachment":"scroll","background-type":"","background-media":"","overlay-type":"","overlay-color":"","overlay-opacity":"","overlay-gradient":""}},"ast-content-background-meta":{"desktop":{"background-color":"var(--ast-global-color-5)","background-image":"","background-repeat":"repeat","background-position":"center center","background-size":"auto","background-attachment":"scroll","background-type":"","background-media":"","overlay-type":"","overlay-color":"","overlay-opacity":"","overlay-gradient":""},"tablet":{"background-color":"var(--ast-global-color-5)","background-image":"","background-repeat":"repeat","background-position":"center center","background-size":"auto","background-attachment":"scroll","background-type":"","background-media":"","overlay-type":"","overlay-color":"","overlay-opacity":"","overlay-gradient":""},"mobile":{"background-color":"var(--ast-global-color-5)","background-image":"","background-repeat":"repeat","background-position":"center center","background-size":"auto","background-attachment":"scroll","background-type":"","background-media":"","overlay-type":"","overlay-color":"","overlay-opacity":"","overlay-gradient":""}}},"product_brand":[],"product_cat":[71],"product_tag":[86,84],"class_list":{"0":"post-5646","1":"product","2":"type-product","3":"status-publish","4":"has-post-thumbnail","6":"product_cat-maintenance-polishing-of-wood-products","7":"product_tag-natural-beeswax","8":"product_tag-wood-care","9":"desktop-align-center","10":"tablet-align-left","11":"mobile-align-left","12":"ast-product-gallery-layout-horizontal-slider","13":"ast-product-tabs-layout-horizontal","15":"first","16":"instock","17":"featured","18":"shipping-taxable","19":"product-type-simple"},"aioseo_notices":[],"uagb_featured_image_src":{"full":["https:\/\/williamweir.com\/wp-content\/uploads\/2024\/10\/\u7ea2\u6728\u62a4\u7406\u87214.jpg",1000,1000,false],"thumbnail":["https:\/\/williamweir.com\/wp-content\/uploads\/2024\/10\/\u7ea2\u6728\u62a4\u7406\u87214-300x300.jpg",300,300,true],"medium":["https:\/\/williamweir.com\/wp-content\/uploads\/2024\/10\/\u7ea2\u6728\u62a4\u7406\u87214-600x600.jpg",600,600,true],"medium_large":["https:\/\/williamweir.com\/wp-content\/uploads\/2024\/10\/\u7ea2\u6728\u62a4\u7406\u87214-768x768.jpg",768,768,true],"large":["https:\/\/williamweir.com\/wp-content\/uploads\/2024\/10\/\u7ea2\u6728\u62a4\u7406\u87214.jpg",1000,1000,false],"1536x1536":["https:\/\/williamweir.com\/wp-content\/uploads\/2024\/10\/\u7ea2\u6728\u62a4\u7406\u87214.jpg",1000,1000,false],"2048x2048":["https:\/\/williamweir.com\/wp-content\/uploads\/2024\/10\/\u7ea2\u6728\u62a4\u7406\u87214.jpg",1000,1000,false],"trp-custom-language-flag":["https:\/\/williamweir.com\/wp-content\/uploads\/2024\/10\/\u7ea2\u6728\u62a4\u7406\u87214-12x12.jpg",12,12,true],"woocommerce_thumbnail":["https:\/\/williamweir.com\/wp-content\/uploads\/2024\/10\/\u7ea2\u6728\u62a4\u7406\u87214-600x600.jpg",600,600,true],"woocommerce_single":["https:\/\/williamweir.com\/wp-content\/uploads\/2024\/10\/\u7ea2\u6728\u62a4\u7406\u87214-600x600.jpg",600,600,true],"woocommerce_gallery_thumbnail":["https:\/\/williamweir.com\/wp-content\/uploads\/2024\/10\/\u7ea2\u6728\u62a4\u7406\u87214-100x100.jpg",100,100,true]},"uagb_author_info":{"display_name":"wlwer","author_link":"https:\/\/williamweir.com\/pt\/author\/"},"uagb_comment_info":0,"uagb_excerpt":"Our factory provides OEM\/ODM processing services, we can tailor products for you; Our MOQ is low, generally the minimum quantity is 1000 bottles can be produced; Our products are inexpensive, excellent product quality, in line with any national laws and regulations and customer needs! \u00a0 \u00a0 \u00a0 We also offer the following services \u00a0 Cross-border&hellip;","_links":{"self":[{"href":"https:\/\/williamweir.com\/pt\/wp-json\/wp\/v2\/product\/5646"}],"collection":[{"href":"https:\/\/williamweir.com\/pt\/wp-json\/wp\/v2\/product"}],"about":[{"href":"https:\/\/williamweir.com\/pt\/wp-json\/wp\/v2\/types\/product"}],"version-history":[{"count":5,"href":"https:\/\/williamweir.com\/pt\/wp-json\/wp\/v2\/product\/5646\/revisions"}],"predecessor-version":[{"id":8180,"href":"https:\/\/williamweir.com\/pt\/wp-json\/wp\/v2\/product\/5646\/revisions\/8180"}],"wp:featuredmedia":[{"embeddable":true,"href":"https:\/\/williamweir.com\/pt\/wp-json\/wp\/v2\/media\/11402"}],"wp:attachment":[{"href":"https:\/\/williamweir.com\/pt\/wp-json\/wp\/v2\/media?parent=5646"}],"wp:term":[{"taxonomy":"product_brand","embeddable":true,"href":"https:\/\/williamweir.com\/pt\/wp-json\/wp\/v2\/product_brand?post=5646"},{"taxonomy":"product_cat","embeddable":true,"href":"https:\/\/williamweir.com\/pt\/wp-json\/wp\/v2\/product_cat?post=5646"},{"taxonomy":"product_tag","embeddable":true,"href":"https:\/\/williamweir.com\/pt\/wp-json\/wp\/v2\/product_tag?post=5646"}],"curies":[{"name":"wp","href":"https:\/\/api.w.org\/{rel}","templated":true}]}}