{"id":5643,"date":"2024-10-31T08:54:39","date_gmt":"2024-10-31T08:54:39","guid":{"rendered":"https:\/\/williamweir.com\/?post_type=product&#038;p=5643"},"modified":"2025-05-24T01:12:16","modified_gmt":"2025-05-24T01:12:16","slug":"wood-polish-wood-care-beeswax-3","status":"publish","type":"product","link":"https:\/\/williamweir.com\/pt\/produto\/wood-polish-wood-care-beeswax-3\/","title":{"rendered":"Polimento de madeira, cera de abelha para tratamento de madeira"},"content":{"rendered":"<p><strong>C\u00f3digo do produto: 2752<\/strong><\/p>\n<p><strong>Introdu\u00e7\u00e3o ao produto<\/strong><\/p>\n<p>William weir Wood care beeswax \u00e9 um produto de manuten\u00e7\u00e3o de alta qualidade especialmente concebido para v\u00e1rios produtos de madeira. Feito de cera de abelha natural e de outros ingredientes selecionados, pode nutrir profundamente a madeira, proporcionar-lhe uma excelente prote\u00e7\u00e3o e cuidado, e fazer com que o mobili\u00e1rio de madeira, o artesanato e outros artigos brilhem com um brilho natural e prolonguem a sua vida \u00fatil.<\/p>\n<p><strong>\u00c2mbito de aplica\u00e7\u00e3o<\/strong><br \/>\n\u00c9 adequado para a manuten\u00e7\u00e3o e o cuidado de v\u00e1rios produtos de madeira, tais como mobili\u00e1rio de madeira, soalhos de madeira, artesanato de madeira e pulseiras de jogos liter\u00e1rios.<\/p>\n<p><strong>M\u00e9todo de utiliza\u00e7\u00e3o<\/strong><br \/>\nAntes de utilizar, certificar-se de que a superf\u00edcie dos produtos de madeira est\u00e1 limpa e seca. Pegue numa quantidade adequada de cera de abelha, molhe-a com um pano ou esponja limpa e, em seguida, aplique-a uniformemente na superf\u00edcie dos produtos de madeira. Ao aplicar, preste aten\u00e7\u00e3o para proceder na dire\u00e7\u00e3o do veio da madeira. Aguardar um per\u00edodo de tempo (geralmente 15-30 minutos) para permitir que a cera de abelha penetre completamente na madeira. Em seguida, utilizar um pano limpo ou um pano de polimento para limpar e polir a superf\u00edcie dos produtos de madeira at\u00e9 que a superf\u00edcie fique lisa e brilhante. Recomenda-se a utiliza\u00e7\u00e3o deste produto para uma manuten\u00e7\u00e3o regular. Geralmente, a manuten\u00e7\u00e3o pode ser efectuada uma vez em cada 3-6 meses.<\/p>\n<p><strong>Precau\u00e7\u00f5es<\/strong><br \/>\nEste produto destina-se apenas a uso externo e n\u00e3o deve ser ingerido. Em caso de ingest\u00e3o acidental, procurar imediatamente assist\u00eancia m\u00e9dica.<br \/>\nNo caso de alguns produtos de madeira especiais, tais como madeiras preciosas e mobili\u00e1rio antigo, recomenda-se a realiza\u00e7\u00e3o de um teste numa pequena \u00e1rea numa parte discreta antes de utilizar este produto para observar se existem reac\u00e7\u00f5es adversas. Se n\u00e3o houver qualquer problema, efectue ent\u00e3o os cuidados completos.<br \/>\nAp\u00f3s a utiliza\u00e7\u00e3o, selar e guardar o produto para evitar a exposi\u00e7\u00e3o da cera de abelha ao ar. Ao mesmo tempo, colocar o produto num local fresco e seco e evitar a luz solar direta.<br \/>\n4. Colocar o produto num local onde as crian\u00e7as n\u00e3o o possam alcan\u00e7ar para evitar que as crian\u00e7as o ingiram ou toquem acidentalmente.<\/p>","protected":false},"excerpt":{"rendered":"<p>A nossa f\u00e1brica fornece servi\u00e7os de processamento OEM\/ODM, podemos personalizar produtos para si; O nosso MOQ \u00e9 baixo, geralmente a quantidade m\u00ednima \u00e9 de 1000 garrafas que podem ser produzidas; Os nossos produtos s\u00e3o baratos, de excelente qualidade, em conformidade com quaisquer leis e regulamentos nacionais e necessidades dos clientes!<\/p>\n<h3><strong>\u00a0 \u00a0 \u00a0 Oferecemos tamb\u00e9m os seguintes servi\u00e7os<\/strong><\/h3>\n<h4><strong><img decoding=\"async\" class=\"emoji\" role=\"img\" draggable=\"false\" src=\"https:\/\/s.w.org\/images\/core\/emoji\/15.0.3\/svg\/2714.svg\" alt=\"\u2714\" \/>\u00a0 Fonte transfronteiri\u00e7a\u00a0 \u00a0 \u00a0 \u00a0 \u00a0\u00a0<img decoding=\"async\" class=\"emoji\" role=\"img\" draggable=\"false\" src=\"https:\/\/s.w.org\/images\/core\/emoji\/15.0.3\/svg\/2714.svg\" alt=\"\u2714\" \/>\u00a0 Personaliza\u00e7\u00e3o do suporte<\/strong><\/h4>\n<h4><strong><img decoding=\"async\" class=\"emoji\" role=\"img\" draggable=\"false\" src=\"https:\/\/s.w.org\/images\/core\/emoji\/15.0.3\/svg\/2714.svg\" alt=\"\u2714\" \/>\u00a0 F\u00e1brica de origem\u00a0 \u00a0 \u00a0 \u00a0 \u00a0 \u00a0 \u00a0 \u00a0 \u00a0 \u00a0 \u00a0 \u00a0<img decoding=\"async\" class=\"emoji\" role=\"img\" draggable=\"false\" src=\"https:\/\/s.w.org\/images\/core\/emoji\/15.0.3\/svg\/2714.svg\" alt=\"\u2714\" \/>\u00a0 Desenvolvimento de produtos<\/strong><\/h4>\n<h4><strong><img decoding=\"async\" class=\"emoji\" role=\"img\" draggable=\"false\" src=\"https:\/\/s.w.org\/images\/core\/emoji\/15.0.3\/svg\/2714.svg\" alt=\"\u2714\" \/>\u00a0 Adapta\u00e7\u00e3o \u00e0 amostra\u00a0 \u00a0 \u00a0 \u00a0 \u00a0 \u00a0 \u00a0 \u00a0 \u00a0 \u00a0\u00a0<img decoding=\"async\" class=\"emoji\" role=\"img\" draggable=\"false\" src=\"https:\/\/s.w.org\/images\/core\/emoji\/15.0.3\/svg\/2714.svg\" alt=\"\u2714\" \/>\u00a0 Autoriza\u00e7\u00e3o de marca<br \/>\n<\/strong><\/h4>\n<h2 style=\"text-align: left;\"><strong>Perguntas ou coment\u00e1rios? <\/strong><\/h2>\n<h2 style=\"text-align: left;\"><strong>wlwer@williamweir.com<\/strong><\/h2>\n<h4><strong>\u00a0<\/strong><\/h4>","protected":false},"featured_media":5644,"template":"","meta":{"_uag_custom_page_level_css":"","site-sidebar-layout":"default","site-content-layout":"","ast-site-content-layout":"default","site-content-style":"default","site-sidebar-style":"default","ast-global-header-display":"","ast-banner-title-visibility":"","ast-main-header-display":"","ast-hfb-above-header-display":"","ast-hfb-below-header-display":"","ast-hfb-mobile-header-display":"","site-post-title":"","ast-breadcrumbs-content":"","ast-featured-img":"","footer-sml-layout":"","theme-transparent-header-meta":"default","adv-header-id-meta":"","stick-header-meta":"","header-above-stick-meta":"","header-main-stick-meta":"","header-below-stick-meta":"","astra-migrate-meta-layouts":"set","ast-page-background-enabled":"default","ast-page-background-meta":{"desktop":{"background-color":"","background-image":"","background-repeat":"repeat","background-position":"center center","background-size":"auto","background-attachment":"scroll","background-type":"","background-media":"","overlay-type":"","overlay-color":"","overlay-opacity":"","overlay-gradient":""},"tablet":{"background-color":"","background-image":"","background-repeat":"repeat","background-position":"center center","background-size":"auto","background-attachment":"scroll","background-type":"","background-media":"","overlay-type":"","overlay-color":"","overlay-opacity":"","overlay-gradient":""},"mobile":{"background-color":"","background-image":"","background-repeat":"repeat","background-position":"center center","background-size":"auto","background-attachment":"scroll","background-type":"","background-media":"","overlay-type":"","overlay-color":"","overlay-opacity":"","overlay-gradient":""}},"ast-content-background-meta":{"desktop":{"background-color":"var(--ast-global-color-5)","background-image":"","background-repeat":"repeat","background-position":"center center","background-size":"auto","background-attachment":"scroll","background-type":"","background-media":"","overlay-type":"","overlay-color":"","overlay-opacity":"","overlay-gradient":""},"tablet":{"background-color":"var(--ast-global-color-5)","background-image":"","background-repeat":"repeat","background-position":"center center","background-size":"auto","background-attachment":"scroll","background-type":"","background-media":"","overlay-type":"","overlay-color":"","overlay-opacity":"","overlay-gradient":""},"mobile":{"background-color":"var(--ast-global-color-5)","background-image":"","background-repeat":"repeat","background-position":"center center","background-size":"auto","background-attachment":"scroll","background-type":"","background-media":"","overlay-type":"","overlay-color":"","overlay-opacity":"","overlay-gradient":""}}},"product_brand":[],"product_cat":[71],"product_tag":[85,86,84],"class_list":{"0":"post-5643","1":"product","2":"type-product","3":"status-publish","4":"has-post-thumbnail","6":"product_cat-maintenance-polishing-of-wood-products","7":"product_tag-furniture-care","8":"product_tag-natural-beeswax","9":"product_tag-wood-care","10":"desktop-align-center","11":"tablet-align-left","12":"mobile-align-left","13":"ast-product-gallery-layout-horizontal-slider","14":"ast-product-tabs-layout-horizontal","16":"first","17":"instock","18":"featured","19":"shipping-taxable","20":"product-type-simple"},"aioseo_notices":[],"uagb_featured_image_src":{"full":["https:\/\/williamweir.com\/wp-content\/uploads\/2024\/10\/9796748.jpg",1000,1000,false],"thumbnail":["https:\/\/williamweir.com\/wp-content\/uploads\/2024\/10\/9796748-300x300.jpg",300,300,true],"medium":["https:\/\/williamweir.com\/wp-content\/uploads\/2024\/10\/9796748-600x600.jpg",600,600,true],"medium_large":["https:\/\/williamweir.com\/wp-content\/uploads\/2024\/10\/9796748-768x768.jpg",768,768,true],"large":["https:\/\/williamweir.com\/wp-content\/uploads\/2024\/10\/9796748.jpg",1000,1000,false],"1536x1536":["https:\/\/williamweir.com\/wp-content\/uploads\/2024\/10\/9796748.jpg",1000,1000,false],"2048x2048":["https:\/\/williamweir.com\/wp-content\/uploads\/2024\/10\/9796748.jpg",1000,1000,false],"trp-custom-language-flag":["https:\/\/williamweir.com\/wp-content\/uploads\/2024\/10\/9796748-12x12.jpg",12,12,true],"woocommerce_thumbnail":["https:\/\/williamweir.com\/wp-content\/uploads\/2024\/10\/9796748-600x600.jpg",600,600,true],"woocommerce_single":["https:\/\/williamweir.com\/wp-content\/uploads\/2024\/10\/9796748-600x600.jpg",600,600,true],"woocommerce_gallery_thumbnail":["https:\/\/williamweir.com\/wp-content\/uploads\/2024\/10\/9796748-100x100.jpg",100,100,true]},"uagb_author_info":{"display_name":"wlwer","author_link":"https:\/\/williamweir.com\/pt\/author\/"},"uagb_comment_info":0,"uagb_excerpt":"Our factory provides OEM\/ODM processing services, we can tailor products for you; Our MOQ is low, generally the minimum quantity is 1000 bottles can be produced; Our products are inexpensive, excellent product quality, in line with any national laws and regulations and customer needs! \u00a0 \u00a0 \u00a0 We also offer the following services \u00a0 Cross-border&hellip;","_links":{"self":[{"href":"https:\/\/williamweir.com\/pt\/wp-json\/wp\/v2\/product\/5643"}],"collection":[{"href":"https:\/\/williamweir.com\/pt\/wp-json\/wp\/v2\/product"}],"about":[{"href":"https:\/\/williamweir.com\/pt\/wp-json\/wp\/v2\/types\/product"}],"version-history":[{"count":6,"href":"https:\/\/williamweir.com\/pt\/wp-json\/wp\/v2\/product\/5643\/revisions"}],"predecessor-version":[{"id":8182,"href":"https:\/\/williamweir.com\/pt\/wp-json\/wp\/v2\/product\/5643\/revisions\/8182"}],"wp:featuredmedia":[{"embeddable":true,"href":"https:\/\/williamweir.com\/pt\/wp-json\/wp\/v2\/media\/5644"}],"wp:attachment":[{"href":"https:\/\/williamweir.com\/pt\/wp-json\/wp\/v2\/media?parent=5643"}],"wp:term":[{"taxonomy":"product_brand","embeddable":true,"href":"https:\/\/williamweir.com\/pt\/wp-json\/wp\/v2\/product_brand?post=5643"},{"taxonomy":"product_cat","embeddable":true,"href":"https:\/\/williamweir.com\/pt\/wp-json\/wp\/v2\/product_cat?post=5643"},{"taxonomy":"product_tag","embeddable":true,"href":"https:\/\/williamweir.com\/pt\/wp-json\/wp\/v2\/product_tag?post=5643"}],"curies":[{"name":"wp","href":"https:\/\/api.w.org\/{rel}","templated":true}]}}