{"id":5641,"date":"2024-10-31T08:53:16","date_gmt":"2024-10-31T08:53:16","guid":{"rendered":"https:\/\/williamweir.com\/?post_type=product&#038;p=5641"},"modified":"2025-05-24T01:12:24","modified_gmt":"2025-05-24T01:12:24","slug":"white-shoe-cleaning-cream-multi-purpose-cleaning-cream","status":"publish","type":"product","link":"https:\/\/williamweir.com\/pt\/produto\/white-shoe-cleaning-cream-multi-purpose-cleaning-cream\/","title":{"rendered":"Creme de limpeza para sapatos brancos, Creme de limpeza multiusos"},"content":{"rendered":"<p><strong>C\u00f3digo do produto: 1953<\/strong><\/p>\n<p><strong>**I. Introdu\u00e7\u00e3o do produto**<\/strong><\/p>\n<p>O creme de limpeza para cal\u00e7ado branco Williamweir \u00e9 um produto altamente eficaz, especialmente concebido para a limpeza e o cuidado do cal\u00e7ado branco. Foi cuidadosamente desenvolvido com f\u00f3rmulas avan\u00e7adas e mat\u00e9rias-primas de alta qualidade. Tem uma forte capacidade de descontamina\u00e7\u00e3o e pode remover r\u00e1pida e eficazmente v\u00e1rias manchas em sapatos brancos, tais como lama, manchas de \u00f3leo, manchas de suor, etc. Ao mesmo tempo, tamb\u00e9m pode cuidar dos sapatos, manter os sapatos brancos e brilhantes, e prolongar a vida \u00fatil dos sapatos.<\/p>\n<p><strong>**II. Ingredientes do produto**.<\/strong><\/p>\n<p>Cont\u00e9m principalmente tensioactivos, detergentes, branqueadores, agentes de tratamento, etc.<\/p>\n<p><strong>**III. \u00c2mbito de aplica\u00e7\u00e3o**<\/strong><\/p>\n<p>\u00c9 adequado para sapatos brancos de v\u00e1rios materiais, incluindo couro, lona, fibra sint\u00e9tica, etc. Quer se trate de sapatos brancos comuns ou de estilos como sapatos desportivos e sapatos casuais, \u00e9 poss\u00edvel obter bons efeitos de limpeza.<\/p>\n<p><strong>**IV. M\u00e9todo de utiliza\u00e7\u00e3o**<\/strong><\/p>\n<p>Antes de utilizar, limpar primeiro o p\u00f3 e os detritos na superf\u00edcie dos sapatos brancos. Pode limpar suavemente com um pano seco ou uma escova macia.<br \/>\nMergulhe uma quantidade adequada de creme de limpeza para sapatos brancos num pano ou esponja limpa e aplique-o uniformemente na \u00e1rea manchada dos sapatos. Ao aplicar, tenha aten\u00e7\u00e3o para n\u00e3o utilizar demasiada for\u00e7a para evitar danificar a superf\u00edcie do cal\u00e7ado.<br \/>\nUtilizar uma escova macia ou um pano h\u00famido para esfregar ou limpar suavemente a \u00e1rea onde o creme de limpeza \u00e9 aplicado. Utilize de acordo com a dire\u00e7\u00e3o da textura do cal\u00e7ado para remover melhor as manchas. Para as n\u00f3doas mais dif\u00edceis, pode aumentar a quantidade de creme de limpeza e limpar repetidamente.<br \/>\nDepois de limpar, utilize um pano limpo e h\u00famido para limpar o creme de limpeza residual e as manchas na superf\u00edcie do cal\u00e7ado e, em seguida, seque o cal\u00e7ado com um pano seco ou coloque-o num local bem ventilado para secar naturalmente.<br \/>\n<strong>**V. Precau\u00e7\u00f5es**<\/strong><\/p>\n<p>Este produto destina-se exclusivamente a uso externo. Evitar o contacto com os olhos e a boca. Se entrar acidentalmente em contacto com os olhos ou a boca, lavar imediatamente com \u00e1gua abundante e procurar assist\u00eancia m\u00e9dica atempadamente.<br \/>\nColocar este produto num local onde as crian\u00e7as n\u00e3o o possam alcan\u00e7ar para evitar que as crian\u00e7as o comam ou o utilizem indevidamente por engano.<br \/>\nPara alguns sapatos brancos feitos de materiais especiais ou com tratamentos especiais, como tecidos de seda, couro de camur\u00e7a, etc., recomenda-se consultar um profissional ou testar numa parte discreta antes da utiliza\u00e7\u00e3o para evitar danos.<br \/>\nEvite armazenar este produto a temperaturas elevadas, \u00e0 luz solar direta ou em ambientes h\u00famidos para n\u00e3o afetar o desempenho e a qualidade do produto.<br \/>\n5. Durante a utiliza\u00e7\u00e3o, se forem detectadas condi\u00e7\u00f5es anormais, como descolora\u00e7\u00e3o, desbotamento e deforma\u00e7\u00e3o do cal\u00e7ado, interromper imediatamente a utiliza\u00e7\u00e3o e consultar a opini\u00e3o de um profissional.<\/p>","protected":false},"excerpt":{"rendered":"<p>A nossa f\u00e1brica fornece servi\u00e7os de processamento OEM\/ODM, podemos personalizar produtos para si; O nosso MOQ \u00e9 baixo, geralmente a quantidade m\u00ednima \u00e9 de 1000 garrafas que podem ser produzidas; Os nossos produtos s\u00e3o baratos, de excelente qualidade, em conformidade com quaisquer leis e regulamentos nacionais e necessidades dos clientes!<\/p>\n<h3><strong>\u00a0 \u00a0 \u00a0 Oferecemos tamb\u00e9m os seguintes servi\u00e7os<\/strong><\/h3>\n<h4><strong>\u2714 Fonte transfronteiri\u00e7a \u2714 Personaliza\u00e7\u00e3o do suporte<\/strong><\/h4>\n<h4><strong>\u2714 F\u00e1brica de origem \u2714 Desenvolvimento de produtos<\/strong><\/h4>\n<h4><strong>Autoriza\u00e7\u00e3o da marca \u2714 Autoriza\u00e7\u00e3o da marca \u2714 Autoriza\u00e7\u00e3o da marca<\/strong><\/h4>\n<h2 style=\"text-align: left;\"><strong>Perguntas ou coment\u00e1rios? <\/strong><\/h2>\n<h2 style=\"text-align: left;\"><strong>wlwer@williamweir.com<\/strong><\/h2>","protected":false},"featured_media":5680,"template":"","meta":{"_uag_custom_page_level_css":"","site-sidebar-layout":"default","site-content-layout":"","ast-site-content-layout":"default","site-content-style":"default","site-sidebar-style":"default","ast-global-header-display":"","ast-banner-title-visibility":"","ast-main-header-display":"","ast-hfb-above-header-display":"","ast-hfb-below-header-display":"","ast-hfb-mobile-header-display":"","site-post-title":"","ast-breadcrumbs-content":"","ast-featured-img":"","footer-sml-layout":"","theme-transparent-header-meta":"default","adv-header-id-meta":"","stick-header-meta":"","header-above-stick-meta":"","header-main-stick-meta":"","header-below-stick-meta":"","astra-migrate-meta-layouts":"set","ast-page-background-enabled":"default","ast-page-background-meta":{"desktop":{"background-color":"","background-image":"","background-repeat":"repeat","background-position":"center center","background-size":"auto","background-attachment":"scroll","background-type":"","background-media":"","overlay-type":"","overlay-color":"","overlay-opacity":"","overlay-gradient":""},"tablet":{"background-color":"","background-image":"","background-repeat":"repeat","background-position":"center center","background-size":"auto","background-attachment":"scroll","background-type":"","background-media":"","overlay-type":"","overlay-color":"","overlay-opacity":"","overlay-gradient":""},"mobile":{"background-color":"","background-image":"","background-repeat":"repeat","background-position":"center center","background-size":"auto","background-attachment":"scroll","background-type":"","background-media":"","overlay-type":"","overlay-color":"","overlay-opacity":"","overlay-gradient":""}},"ast-content-background-meta":{"desktop":{"background-color":"var(--ast-global-color-5)","background-image":"","background-repeat":"repeat","background-position":"center center","background-size":"auto","background-attachment":"scroll","background-type":"","background-media":"","overlay-type":"","overlay-color":"","overlay-opacity":"","overlay-gradient":""},"tablet":{"background-color":"var(--ast-global-color-5)","background-image":"","background-repeat":"repeat","background-position":"center center","background-size":"auto","background-attachment":"scroll","background-type":"","background-media":"","overlay-type":"","overlay-color":"","overlay-opacity":"","overlay-gradient":""},"mobile":{"background-color":"var(--ast-global-color-5)","background-image":"","background-repeat":"repeat","background-position":"center center","background-size":"auto","background-attachment":"scroll","background-type":"","background-media":"","overlay-type":"","overlay-color":"","overlay-opacity":"","overlay-gradient":""}}},"product_brand":[],"product_cat":[74],"product_tag":[174,140],"class_list":{"0":"post-5641","1":"product","2":"type-product","3":"status-publish","4":"has-post-thumbnail","6":"product_cat-household-cleaning-series","7":"product_tag-multi-purpose-cleaning-cream","8":"product_tag-white-shoe-cleaner","9":"desktop-align-center","10":"tablet-align-left","11":"mobile-align-left","12":"ast-product-gallery-layout-horizontal-slider","13":"ast-product-tabs-layout-horizontal","15":"first","16":"instock","17":"shipping-taxable","18":"product-type-simple"},"aioseo_notices":[],"uagb_featured_image_src":{"full":["https:\/\/williamweir.com\/wp-content\/uploads\/2024\/10\/\u5c0f\u767d\u978b\u6e05\u6d01\u818f3.jpg",1000,1000,false],"thumbnail":["https:\/\/williamweir.com\/wp-content\/uploads\/2024\/10\/\u5c0f\u767d\u978b\u6e05\u6d01\u818f3-300x300.jpg",300,300,true],"medium":["https:\/\/williamweir.com\/wp-content\/uploads\/2024\/10\/\u5c0f\u767d\u978b\u6e05\u6d01\u818f3-600x600.jpg",600,600,true],"medium_large":["https:\/\/williamweir.com\/wp-content\/uploads\/2024\/10\/\u5c0f\u767d\u978b\u6e05\u6d01\u818f3-768x768.jpg",768,768,true],"large":["https:\/\/williamweir.com\/wp-content\/uploads\/2024\/10\/\u5c0f\u767d\u978b\u6e05\u6d01\u818f3.jpg",1000,1000,false],"1536x1536":["https:\/\/williamweir.com\/wp-content\/uploads\/2024\/10\/\u5c0f\u767d\u978b\u6e05\u6d01\u818f3.jpg",1000,1000,false],"2048x2048":["https:\/\/williamweir.com\/wp-content\/uploads\/2024\/10\/\u5c0f\u767d\u978b\u6e05\u6d01\u818f3.jpg",1000,1000,false],"trp-custom-language-flag":["https:\/\/williamweir.com\/wp-content\/uploads\/2024\/10\/\u5c0f\u767d\u978b\u6e05\u6d01\u818f3-12x12.jpg",12,12,true],"woocommerce_thumbnail":["https:\/\/williamweir.com\/wp-content\/uploads\/2024\/10\/\u5c0f\u767d\u978b\u6e05\u6d01\u818f3-600x600.jpg",600,600,true],"woocommerce_single":["https:\/\/williamweir.com\/wp-content\/uploads\/2024\/10\/\u5c0f\u767d\u978b\u6e05\u6d01\u818f3-600x600.jpg",600,600,true],"woocommerce_gallery_thumbnail":["https:\/\/williamweir.com\/wp-content\/uploads\/2024\/10\/\u5c0f\u767d\u978b\u6e05\u6d01\u818f3-100x100.jpg",100,100,true]},"uagb_author_info":{"display_name":"wlwer","author_link":"https:\/\/williamweir.com\/pt\/author\/"},"uagb_comment_info":0,"uagb_excerpt":"Our factory provides OEM\/ODM processing services, we can tailor products for you; Our MOQ is low, generally the minimum quantity is 1000 bottles can be produced; Our products are inexpensive, excellent product quality, in line with any national laws and regulations and customer needs! \u00a0 \u00a0 \u00a0 We also offer the following services \u2714\u00a0 Cross-border&hellip;","_links":{"self":[{"href":"https:\/\/williamweir.com\/pt\/wp-json\/wp\/v2\/product\/5641"}],"collection":[{"href":"https:\/\/williamweir.com\/pt\/wp-json\/wp\/v2\/product"}],"about":[{"href":"https:\/\/williamweir.com\/pt\/wp-json\/wp\/v2\/types\/product"}],"version-history":[{"count":5,"href":"https:\/\/williamweir.com\/pt\/wp-json\/wp\/v2\/product\/5641\/revisions"}],"predecessor-version":[{"id":8183,"href":"https:\/\/williamweir.com\/pt\/wp-json\/wp\/v2\/product\/5641\/revisions\/8183"}],"wp:featuredmedia":[{"embeddable":true,"href":"https:\/\/williamweir.com\/pt\/wp-json\/wp\/v2\/media\/5680"}],"wp:attachment":[{"href":"https:\/\/williamweir.com\/pt\/wp-json\/wp\/v2\/media?parent=5641"}],"wp:term":[{"taxonomy":"product_brand","embeddable":true,"href":"https:\/\/williamweir.com\/pt\/wp-json\/wp\/v2\/product_brand?post=5641"},{"taxonomy":"product_cat","embeddable":true,"href":"https:\/\/williamweir.com\/pt\/wp-json\/wp\/v2\/product_cat?post=5641"},{"taxonomy":"product_tag","embeddable":true,"href":"https:\/\/williamweir.com\/pt\/wp-json\/wp\/v2\/product_tag?post=5641"}],"curies":[{"name":"wp","href":"https:\/\/api.w.org\/{rel}","templated":true}]}}