{"id":5638,"date":"2024-10-31T08:51:14","date_gmt":"2024-10-31T08:51:14","guid":{"rendered":"https:\/\/williamweir.com\/?post_type=product&#038;p=5638"},"modified":"2025-05-24T01:12:31","modified_gmt":"2025-05-24T01:12:31","slug":"stone-care-wax%ef%bc%8cmaintenance-wax","status":"publish","type":"product","link":"https:\/\/williamweir.com\/pt\/produto\/stone-care-wax%ef%bc%8cmaintenance-wax\/","title":{"rendered":"Cera para tratamento de pedras"},"content":{"rendered":"<p><strong>C\u00f3digo do produto\uff1a0482<\/strong><\/p>\n<p><strong>I. Introdu\u00e7\u00e3o do produto<\/strong><\/p>\n<p>Este produto \u00e9 uma cera de tratamento especialmente concebida para v\u00e1rios tipos de pedra. Pode proporcionar uma excelente prote\u00e7\u00e3o e efeitos est\u00e9ticos aos produtos de pedra, tornando a superf\u00edcie da pedra duradouramente brilhante e nova.<\/p>\n<p><strong>II. Carater\u00edsticas do produto<\/strong><\/p>\n<p>Prote\u00e7\u00e3o poderosa: Forma uma pel\u00edcula protetora s\u00f3lida sobre a superf\u00edcie da pedra, resistindo eficazmente ao desgaste di\u00e1rio, aos riscos, \u00e0s manchas e \u00e0 eros\u00e3o por subst\u00e2ncias qu\u00edmicas.<br \/>\nImperme\u00e1vel e \u00e0 prova de humidade: Evita a penetra\u00e7\u00e3o da humidade e impede que a pedra descolore e ganhe bolor devido \u00e0 humidade.<br \/>\nDar brilho: D\u00e1 \u00e0 pedra um brilho natural e melhora os efeitos est\u00e9ticos e decorativos da pedra.<br \/>\nDur\u00e1vel: Uma aplica\u00e7\u00e3o pode manter um bom efeito protetor durante muito tempo.<\/p>\n<p><strong>III. Instru\u00e7\u00f5es de utiliza\u00e7\u00e3o<\/strong><\/p>\n<p>Limpar bem os ladrilhos de pedra. Utilize uma esponja para tomar uma dose adequada e passe-a na superf\u00edcie da pedra.<br \/>\nUtilizar uma esfregona ou um pano especial para aplicar uniformemente este produto na pedra.<br \/>\nDepois de a cera secar (geralmente 15-20 minutos), utilize uma mopa limpa ou uma m\u00e1quina de polir para polir.<\/p>\n<p><strong>IV. Precau\u00e7\u00f5es<\/strong><\/p>\n<p>N\u00e3o \u00e9 adequado para trabalhar sob luz solar intensa ou em locais com temperaturas elevadas e poeiras.<br \/>\nLimpar a camada de cera seca com o tempo.<br \/>\nEste produto n\u00e3o cont\u00e9m mat\u00e9rias-primas industriais t\u00f3xicas e solventes. \u00c9 natural e amigo do ambiente. Guardar num local fresco, seco e ventilado.<br \/>\nRecomenda-se seguir o princ\u00edpio de utilizar uma pequena quantidade v\u00e1rias vezes. N\u00e3o andar sobre ele antes de o solo estar completamente seco para evitar deixar pegadas ou escorregar.<\/p>","protected":false},"excerpt":{"rendered":"<p>A nossa f\u00e1brica fornece servi\u00e7os de processamento OEM\/ODM, podemos personalizar produtos para si; O nosso MOQ \u00e9 baixo, geralmente a quantidade m\u00ednima \u00e9 de 1000 garrafas que podem ser produzidas; Os nossos produtos s\u00e3o baratos, de excelente qualidade, em conformidade com quaisquer leis e regulamentos nacionais e necessidades dos clientes!<\/p>\n<h3><strong>\u00a0 \u00a0 \u00a0 Oferecemos tamb\u00e9m os seguintes servi\u00e7os<\/strong><\/h3>\n<h4><strong>\u2714 Fonte transfronteiri\u00e7a \u2714 Personaliza\u00e7\u00e3o do suporte<\/strong><\/h4>\n<h4><strong>\u2714 F\u00e1brica de origem \u2714 Desenvolvimento de produtos<\/strong><\/h4>\n<h4><strong>Autoriza\u00e7\u00e3o da marca \u2714 Autoriza\u00e7\u00e3o da marca \u2714 Autoriza\u00e7\u00e3o da marca<br \/>\n<\/strong><\/h4>\n<h2 style=\"text-align: left;\"><strong>Perguntas ou coment\u00e1rios? <\/strong><\/h2>\n<h2 style=\"text-align: left;\"><strong>wlwer@williamweir.com<\/strong><\/h2>\n<h4><strong>\u00a0<\/strong><\/h4>","protected":false},"featured_media":5639,"template":"","meta":{"_uag_custom_page_level_css":"","site-sidebar-layout":"default","site-content-layout":"","ast-site-content-layout":"default","site-content-style":"default","site-sidebar-style":"default","ast-global-header-display":"","ast-banner-title-visibility":"","ast-main-header-display":"","ast-hfb-above-header-display":"","ast-hfb-below-header-display":"","ast-hfb-mobile-header-display":"","site-post-title":"","ast-breadcrumbs-content":"","ast-featured-img":"","footer-sml-layout":"","theme-transparent-header-meta":"default","adv-header-id-meta":"","stick-header-meta":"","header-above-stick-meta":"","header-main-stick-meta":"","header-below-stick-meta":"","astra-migrate-meta-layouts":"set","ast-page-background-enabled":"default","ast-page-background-meta":{"desktop":{"background-color":"","background-image":"","background-repeat":"repeat","background-position":"center center","background-size":"auto","background-attachment":"scroll","background-type":"","background-media":"","overlay-type":"","overlay-color":"","overlay-opacity":"","overlay-gradient":""},"tablet":{"background-color":"","background-image":"","background-repeat":"repeat","background-position":"center center","background-size":"auto","background-attachment":"scroll","background-type":"","background-media":"","overlay-type":"","overlay-color":"","overlay-opacity":"","overlay-gradient":""},"mobile":{"background-color":"","background-image":"","background-repeat":"repeat","background-position":"center center","background-size":"auto","background-attachment":"scroll","background-type":"","background-media":"","overlay-type":"","overlay-color":"","overlay-opacity":"","overlay-gradient":""}},"ast-content-background-meta":{"desktop":{"background-color":"var(--ast-global-color-5)","background-image":"","background-repeat":"repeat","background-position":"center center","background-size":"auto","background-attachment":"scroll","background-type":"","background-media":"","overlay-type":"","overlay-color":"","overlay-opacity":"","overlay-gradient":""},"tablet":{"background-color":"var(--ast-global-color-5)","background-image":"","background-repeat":"repeat","background-position":"center center","background-size":"auto","background-attachment":"scroll","background-type":"","background-media":"","overlay-type":"","overlay-color":"","overlay-opacity":"","overlay-gradient":""},"mobile":{"background-color":"var(--ast-global-color-5)","background-image":"","background-repeat":"repeat","background-position":"center center","background-size":"auto","background-attachment":"scroll","background-type":"","background-media":"","overlay-type":"","overlay-color":"","overlay-opacity":"","overlay-gradient":""}}},"product_brand":[],"product_cat":[72],"product_tag":[177,178],"class_list":{"0":"post-5638","1":"product","2":"type-product","3":"status-publish","4":"has-post-thumbnail","6":"product_cat-stone-maintenance-and-polishing","7":"product_tag-stone-care-wax","8":"product_tag-stone-polishing-wax","9":"desktop-align-center","10":"tablet-align-left","11":"mobile-align-left","12":"ast-product-gallery-layout-horizontal-slider","13":"ast-product-gallery-with-no-image","14":"ast-product-tabs-layout-horizontal","16":"first","17":"instock","18":"featured","19":"shipping-taxable","20":"product-type-simple"},"aioseo_notices":[],"uagb_featured_image_src":{"full":["https:\/\/williamweir.com\/wp-content\/uploads\/2024\/10\/9879372.jpg",800,800,false],"thumbnail":["https:\/\/williamweir.com\/wp-content\/uploads\/2024\/10\/9879372-300x300.jpg",300,300,true],"medium":["https:\/\/williamweir.com\/wp-content\/uploads\/2024\/10\/9879372-600x600.jpg",600,600,true],"medium_large":["https:\/\/williamweir.com\/wp-content\/uploads\/2024\/10\/9879372-768x768.jpg",768,768,true],"large":["https:\/\/williamweir.com\/wp-content\/uploads\/2024\/10\/9879372.jpg",800,800,false],"1536x1536":["https:\/\/williamweir.com\/wp-content\/uploads\/2024\/10\/9879372.jpg",800,800,false],"2048x2048":["https:\/\/williamweir.com\/wp-content\/uploads\/2024\/10\/9879372.jpg",800,800,false],"trp-custom-language-flag":["https:\/\/williamweir.com\/wp-content\/uploads\/2024\/10\/9879372-12x12.jpg",12,12,true],"woocommerce_thumbnail":["https:\/\/williamweir.com\/wp-content\/uploads\/2024\/10\/9879372-600x600.jpg",600,600,true],"woocommerce_single":["https:\/\/williamweir.com\/wp-content\/uploads\/2024\/10\/9879372-600x600.jpg",600,600,true],"woocommerce_gallery_thumbnail":["https:\/\/williamweir.com\/wp-content\/uploads\/2024\/10\/9879372-100x100.jpg",100,100,true]},"uagb_author_info":{"display_name":"wlwer","author_link":"https:\/\/williamweir.com\/pt\/author\/"},"uagb_comment_info":0,"uagb_excerpt":"Our factory provides OEM\/ODM processing services, we can tailor products for you; Our MOQ is low, generally the minimum quantity is 1000 bottles can be produced; Our products are inexpensive, excellent product quality, in line with any national laws and regulations and customer needs! \u00a0 \u00a0 \u00a0 We also offer the following services \u2714\u00a0 Cross-border&hellip;","_links":{"self":[{"href":"https:\/\/williamweir.com\/pt\/wp-json\/wp\/v2\/product\/5638"}],"collection":[{"href":"https:\/\/williamweir.com\/pt\/wp-json\/wp\/v2\/product"}],"about":[{"href":"https:\/\/williamweir.com\/pt\/wp-json\/wp\/v2\/types\/product"}],"version-history":[{"count":6,"href":"https:\/\/williamweir.com\/pt\/wp-json\/wp\/v2\/product\/5638\/revisions"}],"predecessor-version":[{"id":8184,"href":"https:\/\/williamweir.com\/pt\/wp-json\/wp\/v2\/product\/5638\/revisions\/8184"}],"wp:featuredmedia":[{"embeddable":true,"href":"https:\/\/williamweir.com\/pt\/wp-json\/wp\/v2\/media\/5639"}],"wp:attachment":[{"href":"https:\/\/williamweir.com\/pt\/wp-json\/wp\/v2\/media?parent=5638"}],"wp:term":[{"taxonomy":"product_brand","embeddable":true,"href":"https:\/\/williamweir.com\/pt\/wp-json\/wp\/v2\/product_brand?post=5638"},{"taxonomy":"product_cat","embeddable":true,"href":"https:\/\/williamweir.com\/pt\/wp-json\/wp\/v2\/product_cat?post=5638"},{"taxonomy":"product_tag","embeddable":true,"href":"https:\/\/williamweir.com\/pt\/wp-json\/wp\/v2\/product_tag?post=5638"}],"curies":[{"name":"wp","href":"https:\/\/api.w.org\/{rel}","templated":true}]}}