{"id":5631,"date":"2024-10-31T08:41:35","date_gmt":"2024-10-31T08:41:35","guid":{"rendered":"https:\/\/williamweir.com\/?post_type=product&#038;p=5631"},"modified":"2025-05-24T01:12:38","modified_gmt":"2025-05-24T01:12:38","slug":"dry-cleaning-agent-for-down-jackets","status":"publish","type":"product","link":"https:\/\/williamweir.com\/pt\/produto\/dry-cleaning-agent-for-down-jackets\/","title":{"rendered":"Agente de limpeza a seco para casacos de penas"},"content":{"rendered":"<p><strong>C\u00f3digo do produto\uff1a1441<\/strong><\/p>\n<p><strong>**I. Introdu\u00e7\u00e3o do produto**<\/strong><\/p>\n<p>O produto de limpeza a seco para casacos de penas da Williamweir \u00e9 um produto de limpeza altamente eficiente, especialmente concebido para a limpeza de casacos de penas. Adoptando uma f\u00f3rmula \u00fanica, pode remover rapidamente v\u00e1rias manchas em casacos de penas, tais como manchas de \u00f3leo, manchas de sujidade, p\u00f3, etc., sem danificar o tecido e o enchimento do casaco de penas, e mantendo o desempenho do isolamento t\u00e9rmico e a apar\u00eancia do casaco de penas.<\/p>\n<p><strong>**II. Ingredientes do produto**.<\/strong><\/p>\n<p>Cont\u00e9m principalmente tensioactivos, detergentes, amaciadores, \u00e1gua desionizada e outros ingredientes.<\/p>\n<p>**III. \u00c2mbito de aplica\u00e7\u00e3o**<\/p>\n<p>\u00c9 adequado para casacos de penas de v\u00e1rios materiais, incluindo casacos de penas com enchimento de penas de ganso e de pato, bem como casacos de penas feitos de tecidos como o nylon e a fibra de poli\u00e9ster.<\/p>\n<p><strong>**IV. M\u00e9todo de utiliza\u00e7\u00e3o**<\/strong><\/p>\n<p>Agite bem o produto de limpeza a seco e depois pulverize-o sobre a n\u00f3doa do casaco de penas a uma dist\u00e2ncia de cerca de 15-20 cent\u00edmetros da n\u00f3doa.<br \/>\nLimpe suavemente a \u00e1rea manchada com um pano macio ou uma esponja limpa para que o produto de limpeza a seco penetre completamente e decomponha a mancha. Para as n\u00f3doas mais dif\u00edceis, pode pulverizar e limpar v\u00e1rias vezes, repetidamente.<br \/>\nDepois de limpar, limpe os res\u00edduos do produto de limpeza a seco com um pano limpo e h\u00famido e, em seguida, seque-o com um pano seco ou coloque-o num local ventilado para secar naturalmente.<\/p>\n<p><strong>**V. Precau\u00e7\u00f5es**<\/strong><\/p>\n<p>Este produto destina-se exclusivamente a uso externo. Evitar o contacto com os olhos e a boca. Em caso de contacto acidental, lavar imediatamente com \u00e1gua abundante e procurar assist\u00eancia m\u00e9dica atempadamente.<br \/>\nColocar este produto num local onde as crian\u00e7as n\u00e3o o possam alcan\u00e7ar para evitar que as crian\u00e7as o comam ou o utilizem indevidamente por engano.<br \/>\nNo caso de casacos de penas com tecidos especiais ou revestimentos especiais, recomenda-se a realiza\u00e7\u00e3o de um pequeno teste numa \u00e1rea discreta antes da utiliza\u00e7\u00e3o, para confirmar que n\u00e3o existem reac\u00e7\u00f5es adversas, antes de efetuar uma limpeza completa.<br \/>\nEvite armazenar este produto a uma temperatura elevada, sob luz solar direta ou num ambiente h\u00famido para n\u00e3o afetar o desempenho do produto.<br \/>\n5. Durante a utiliza\u00e7\u00e3o, se forem detectadas condi\u00e7\u00f5es anormais, como descolora\u00e7\u00e3o, desbotamento e deforma\u00e7\u00e3o do casaco de penas, pare imediatamente de o utilizar e consulte a opini\u00e3o de um profissional.<\/p>","protected":false},"excerpt":{"rendered":"<p>A nossa f\u00e1brica fornece servi\u00e7os de processamento OEM\/ODM, podemos personalizar produtos para si; O nosso MOQ \u00e9 baixo, geralmente a quantidade m\u00ednima \u00e9 de 1000 garrafas que podem ser produzidas; Os nossos produtos s\u00e3o baratos, de excelente qualidade, em conformidade com quaisquer leis e regulamentos nacionais e necessidades dos clientes!<\/p>\n<h3><strong>\u00a0 \u00a0 \u00a0 Oferecemos tamb\u00e9m os seguintes servi\u00e7os<\/strong><\/h3>\n<h4><strong>\u2714 Fonte transfronteiri\u00e7a \u2714 Personaliza\u00e7\u00e3o do suporte<\/strong><\/h4>\n<h4><strong>\u2714 F\u00e1brica de origem \u2714 Desenvolvimento de produtos<\/strong><\/h4>\n<h4><strong>Autoriza\u00e7\u00e3o da marca \u2714 Autoriza\u00e7\u00e3o da marca \u2714 Autoriza\u00e7\u00e3o da marca<\/strong><\/h4>\n<p>&nbsp;<\/p>\n<h2 style=\"text-align: left;\"><strong>Perguntas ou coment\u00e1rios? <\/strong><\/h2>\n<h2 style=\"text-align: left;\"><strong>wlwer@williamweir.com<\/strong><\/h2>\n<h4><strong>\u00a0<\/strong><\/h4>","protected":false},"featured_media":5632,"template":"","meta":{"_uag_custom_page_level_css":"","site-sidebar-layout":"default","site-content-layout":"","ast-site-content-layout":"default","site-content-style":"default","site-sidebar-style":"default","ast-global-header-display":"","ast-banner-title-visibility":"","ast-main-header-display":"","ast-hfb-above-header-display":"","ast-hfb-below-header-display":"","ast-hfb-mobile-header-display":"","site-post-title":"","ast-breadcrumbs-content":"","ast-featured-img":"","footer-sml-layout":"","theme-transparent-header-meta":"default","adv-header-id-meta":"","stick-header-meta":"","header-above-stick-meta":"","header-main-stick-meta":"","header-below-stick-meta":"","astra-migrate-meta-layouts":"set","ast-page-background-enabled":"default","ast-page-background-meta":{"desktop":{"background-color":"","background-image":"","background-repeat":"repeat","background-position":"center center","background-size":"auto","background-attachment":"scroll","background-type":"","background-media":"","overlay-type":"","overlay-color":"","overlay-opacity":"","overlay-gradient":""},"tablet":{"background-color":"","background-image":"","background-repeat":"repeat","background-position":"center center","background-size":"auto","background-attachment":"scroll","background-type":"","background-media":"","overlay-type":"","overlay-color":"","overlay-opacity":"","overlay-gradient":""},"mobile":{"background-color":"","background-image":"","background-repeat":"repeat","background-position":"center center","background-size":"auto","background-attachment":"scroll","background-type":"","background-media":"","overlay-type":"","overlay-color":"","overlay-opacity":"","overlay-gradient":""}},"ast-content-background-meta":{"desktop":{"background-color":"var(--ast-global-color-5)","background-image":"","background-repeat":"repeat","background-position":"center center","background-size":"auto","background-attachment":"scroll","background-type":"","background-media":"","overlay-type":"","overlay-color":"","overlay-opacity":"","overlay-gradient":""},"tablet":{"background-color":"var(--ast-global-color-5)","background-image":"","background-repeat":"repeat","background-position":"center center","background-size":"auto","background-attachment":"scroll","background-type":"","background-media":"","overlay-type":"","overlay-color":"","overlay-opacity":"","overlay-gradient":""},"mobile":{"background-color":"var(--ast-global-color-5)","background-image":"","background-repeat":"repeat","background-position":"center center","background-size":"auto","background-attachment":"scroll","background-type":"","background-media":"","overlay-type":"","overlay-color":"","overlay-opacity":"","overlay-gradient":""}}},"product_brand":[],"product_cat":[76],"product_tag":[182,181],"class_list":{"0":"post-5631","1":"product","2":"type-product","3":"status-publish","4":"has-post-thumbnail","6":"product_cat-laundry-care","7":"product_tag-clothing-cleaner","8":"product_tag-down-jacket-cleaner","9":"desktop-align-center","10":"tablet-align-left","11":"mobile-align-left","12":"ast-product-gallery-layout-horizontal-slider","13":"ast-product-tabs-layout-horizontal","15":"first","16":"instock","17":"featured","18":"shipping-taxable","19":"product-type-simple"},"aioseo_notices":[],"uagb_featured_image_src":{"full":["https:\/\/williamweir.com\/wp-content\/uploads\/2024\/10\/9832609.jpg",800,800,false],"thumbnail":["https:\/\/williamweir.com\/wp-content\/uploads\/2024\/10\/9832609-300x300.jpg",300,300,true],"medium":["https:\/\/williamweir.com\/wp-content\/uploads\/2024\/10\/9832609-600x600.jpg",600,600,true],"medium_large":["https:\/\/williamweir.com\/wp-content\/uploads\/2024\/10\/9832609-768x768.jpg",768,768,true],"large":["https:\/\/williamweir.com\/wp-content\/uploads\/2024\/10\/9832609.jpg",800,800,false],"1536x1536":["https:\/\/williamweir.com\/wp-content\/uploads\/2024\/10\/9832609.jpg",800,800,false],"2048x2048":["https:\/\/williamweir.com\/wp-content\/uploads\/2024\/10\/9832609.jpg",800,800,false],"trp-custom-language-flag":["https:\/\/williamweir.com\/wp-content\/uploads\/2024\/10\/9832609-12x12.jpg",12,12,true],"woocommerce_thumbnail":["https:\/\/williamweir.com\/wp-content\/uploads\/2024\/10\/9832609-600x600.jpg",600,600,true],"woocommerce_single":["https:\/\/williamweir.com\/wp-content\/uploads\/2024\/10\/9832609-600x600.jpg",600,600,true],"woocommerce_gallery_thumbnail":["https:\/\/williamweir.com\/wp-content\/uploads\/2024\/10\/9832609-100x100.jpg",100,100,true]},"uagb_author_info":{"display_name":"wlwer","author_link":"https:\/\/williamweir.com\/pt\/author\/"},"uagb_comment_info":0,"uagb_excerpt":"Our factory provides OEM\/ODM processing services, we can tailor products for you; Our MOQ is low, generally the minimum quantity is 1000 bottles can be produced; Our products are inexpensive, excellent product quality, in line with any national laws and regulations and customer needs! \u00a0 \u00a0 \u00a0 We also offer the following services \u2714\u00a0 Cross-border&hellip;","_links":{"self":[{"href":"https:\/\/williamweir.com\/pt\/wp-json\/wp\/v2\/product\/5631"}],"collection":[{"href":"https:\/\/williamweir.com\/pt\/wp-json\/wp\/v2\/product"}],"about":[{"href":"https:\/\/williamweir.com\/pt\/wp-json\/wp\/v2\/types\/product"}],"version-history":[{"count":4,"href":"https:\/\/williamweir.com\/pt\/wp-json\/wp\/v2\/product\/5631\/revisions"}],"predecessor-version":[{"id":8186,"href":"https:\/\/williamweir.com\/pt\/wp-json\/wp\/v2\/product\/5631\/revisions\/8186"}],"wp:featuredmedia":[{"embeddable":true,"href":"https:\/\/williamweir.com\/pt\/wp-json\/wp\/v2\/media\/5632"}],"wp:attachment":[{"href":"https:\/\/williamweir.com\/pt\/wp-json\/wp\/v2\/media?parent=5631"}],"wp:term":[{"taxonomy":"product_brand","embeddable":true,"href":"https:\/\/williamweir.com\/pt\/wp-json\/wp\/v2\/product_brand?post=5631"},{"taxonomy":"product_cat","embeddable":true,"href":"https:\/\/williamweir.com\/pt\/wp-json\/wp\/v2\/product_cat?post=5631"},{"taxonomy":"product_tag","embeddable":true,"href":"https:\/\/williamweir.com\/pt\/wp-json\/wp\/v2\/product_tag?post=5631"}],"curies":[{"name":"wp","href":"https:\/\/api.w.org\/{rel}","templated":true}]}}