{"id":5627,"date":"2024-10-31T08:39:50","date_gmt":"2024-10-31T08:39:50","guid":{"rendered":"https:\/\/williamweir.com\/?post_type=product&#038;p=5627"},"modified":"2025-05-24T01:12:48","modified_gmt":"2025-05-24T01:12:48","slug":"bleach-colour-cleaner","status":"publish","type":"product","link":"https:\/\/williamweir.com\/pt\/produto\/bleach-colour-cleaner\/","title":{"rendered":"Limpador de cor \u00e0 base de lix\u00edvia"},"content":{"rendered":"<p><strong>C\u00f3digo do produto\uff1a0543<\/strong><\/p>\n<p><strong>I. Introdu\u00e7\u00e3o do produto<\/strong><\/p>\n<p>Este produto \u00e9 uma lix\u00edvia especialmente concebida para vestu\u00e1rio de cor. Pode remover eficazmente n\u00f3doas e manchas amarelas na roupa, mantendo a cor da roupa brilhante e sem desvanecer.<\/p>\n<p><strong>II. Carater\u00edsticas do produto<\/strong><\/p>\n<p>Descontamina\u00e7\u00e3o potente: Pode decompor rapidamente v\u00e1rias n\u00f3doas, incluindo n\u00f3doas de ch\u00e1, de caf\u00e9, de sumo, etc., e restaurar a limpeza da roupa.<br \/>\nProte\u00e7\u00e3o da cor e brilho: Ao remover as n\u00f3doas, n\u00e3o danifica a cor da roupa. Pelo contr\u00e1rio, pode tornar a cor mais viva.<br \/>\nSeguro e amigo do ambiente: N\u00e3o cont\u00e9m produtos qu\u00edmicos nocivos e \u00e9 inofensivo para os seres humanos e o ambiente. A sua utiliza\u00e7\u00e3o \u00e9 segura.<br \/>\nAmplamente aplic\u00e1vel: \u00c9 adequado para vestu\u00e1rio de v\u00e1rias cores, incluindo algod\u00e3o, linho, seda, l\u00e3, etc.<\/p>\n<p><strong>III. Instru\u00e7\u00f5es de utiliza\u00e7\u00e3o<\/strong><\/p>\n<p>Diluir o produto com \u00e1gua numa propor\u00e7\u00e3o de 1:100. Deitar \u00e1gua quente a mais de 80 graus Celsius para dissolver completamente o produto. Misture-o com uma quantidade adequada de detergente em p\u00f3 ou detergente para a roupa e mexa uniformemente (se n\u00e3o for misturado uniformemente, \u00e9 f\u00e1cil causar manchas na cor). De seguida, adicionar a roupa para demolhar e limpar. Recomenda-se a utiliza\u00e7\u00e3o de 2-3 tampas de garrafa para 2-3 roupas leves de ver\u00e3o e 3-5 tampas de garrafa para roupas pesadas de inverno. Depois de agitar e dissolver, as roupas que n\u00e3o t\u00eam medo do calor podem ser mergulhadas diretamente. As roupas que t\u00eam medo do calor podem ser demolhadas quando a temperatura da \u00e1gua desce abaixo dos 40 graus Celsius. O tempo de molho \u00e9 de 2-6 horas (a roupa escura deve ser utilizada separadamente da roupa clara). Para a roupa com normas de lavagem, basta seguir as normas de lavagem. Para n\u00f3doas dif\u00edceis, o tempo de imers\u00e3o pode ser aumentado de forma adequada.<\/p>\n<p><strong>IV. Precau\u00e7\u00f5es<\/strong><\/p>\n<p>Leia atentamente as instru\u00e7\u00f5es do produto antes de o utilizar e utilize-o de acordo com as instru\u00e7\u00f5es.<br \/>\nEvitar o contacto com os olhos e a pele. Em caso de contacto acidental, lavar imediatamente com \u00e1gua limpa.<br \/>\nGuardar num local fresco e seco, longe da luz solar direta.<br \/>\nN\u00e3o misturar com outros produtos de limpeza para evitar reac\u00e7\u00f5es qu\u00edmicas adversas.<br \/>\nNo caso de vestu\u00e1rio que desbota facilmente, testar primeiro numa \u00e1rea discreta para confirmar que n\u00e3o h\u00e1 fen\u00f3meno de desbotamento antes de utilizar.<\/p>","protected":false},"excerpt":{"rendered":"<p>A nossa f\u00e1brica fornece servi\u00e7os de processamento OEM\/ODM, podemos personalizar produtos para si; O nosso MOQ \u00e9 baixo, geralmente a quantidade m\u00ednima \u00e9 de 1000 garrafas que podem ser produzidas; Os nossos produtos s\u00e3o baratos, de excelente qualidade, em conformidade com quaisquer leis e regulamentos nacionais e necessidades dos clientes!<\/p>\n<h3><strong>\u00a0 \u00a0 \u00a0 Oferecemos tamb\u00e9m os seguintes servi\u00e7os<\/strong><\/h3>\n<h4><strong><img decoding=\"async\" class=\"emoji\" role=\"img\" draggable=\"false\" src=\"https:\/\/s.w.org\/images\/core\/emoji\/15.0.3\/svg\/2714.svg\" alt=\"\u2714\" \/>\u00a0 Fonte transfronteiri\u00e7a\u00a0 \u00a0 \u00a0 \u00a0 \u00a0\u00a0<img decoding=\"async\" class=\"emoji\" role=\"img\" draggable=\"false\" src=\"https:\/\/s.w.org\/images\/core\/emoji\/15.0.3\/svg\/2714.svg\" alt=\"\u2714\" \/>\u00a0 Personaliza\u00e7\u00e3o do suporte<\/strong><\/h4>\n<h4><strong><img decoding=\"async\" class=\"emoji\" role=\"img\" draggable=\"false\" src=\"https:\/\/s.w.org\/images\/core\/emoji\/15.0.3\/svg\/2714.svg\" alt=\"\u2714\" \/>\u00a0 F\u00e1brica de origem\u00a0 \u00a0 \u00a0 \u00a0 \u00a0 \u00a0 \u00a0 \u00a0 \u00a0 \u00a0 \u00a0 \u00a0<img decoding=\"async\" class=\"emoji\" role=\"img\" draggable=\"false\" src=\"https:\/\/s.w.org\/images\/core\/emoji\/15.0.3\/svg\/2714.svg\" alt=\"\u2714\" \/>\u00a0 Desenvolvimento de produtos<\/strong><\/h4>\n<h4><strong><img decoding=\"async\" class=\"emoji\" role=\"img\" draggable=\"false\" src=\"https:\/\/s.w.org\/images\/core\/emoji\/15.0.3\/svg\/2714.svg\" alt=\"\u2714\" \/>\u00a0 Adapta\u00e7\u00e3o \u00e0 amostra\u00a0 \u00a0 \u00a0 \u00a0 \u00a0 \u00a0 \u00a0 \u00a0 \u00a0 \u00a0\u00a0<img decoding=\"async\" class=\"emoji\" role=\"img\" draggable=\"false\" src=\"https:\/\/s.w.org\/images\/core\/emoji\/15.0.3\/svg\/2714.svg\" alt=\"\u2714\" \/>\u00a0 Autoriza\u00e7\u00e3o de marca<\/strong><\/h4>\n<p>&nbsp;<\/p>\n<h2 style=\"text-align: left;\"><strong>Perguntas ou coment\u00e1rios? <\/strong><\/h2>\n<h2 style=\"text-align: left;\"><strong>wlwer@williamweir.com<\/strong><\/h2>\n<h4><strong>\u00a0<\/strong><\/h4>","protected":false},"featured_media":5628,"template":"","meta":{"_uag_custom_page_level_css":"","site-sidebar-layout":"default","site-content-layout":"","ast-site-content-layout":"default","site-content-style":"default","site-sidebar-style":"default","ast-global-header-display":"","ast-banner-title-visibility":"","ast-main-header-display":"","ast-hfb-above-header-display":"","ast-hfb-below-header-display":"","ast-hfb-mobile-header-display":"","site-post-title":"","ast-breadcrumbs-content":"","ast-featured-img":"","footer-sml-layout":"","theme-transparent-header-meta":"default","adv-header-id-meta":"","stick-header-meta":"","header-above-stick-meta":"","header-main-stick-meta":"","header-below-stick-meta":"","astra-migrate-meta-layouts":"set","ast-page-background-enabled":"default","ast-page-background-meta":{"desktop":{"background-color":"","background-image":"","background-repeat":"repeat","background-position":"center center","background-size":"auto","background-attachment":"scroll","background-type":"","background-media":"","overlay-type":"","overlay-color":"","overlay-opacity":"","overlay-gradient":""},"tablet":{"background-color":"","background-image":"","background-repeat":"repeat","background-position":"center center","background-size":"auto","background-attachment":"scroll","background-type":"","background-media":"","overlay-type":"","overlay-color":"","overlay-opacity":"","overlay-gradient":""},"mobile":{"background-color":"","background-image":"","background-repeat":"repeat","background-position":"center center","background-size":"auto","background-attachment":"scroll","background-type":"","background-media":"","overlay-type":"","overlay-color":"","overlay-opacity":"","overlay-gradient":""}},"ast-content-background-meta":{"desktop":{"background-color":"var(--ast-global-color-5)","background-image":"","background-repeat":"repeat","background-position":"center center","background-size":"auto","background-attachment":"scroll","background-type":"","background-media":"","overlay-type":"","overlay-color":"","overlay-opacity":"","overlay-gradient":""},"tablet":{"background-color":"var(--ast-global-color-5)","background-image":"","background-repeat":"repeat","background-position":"center center","background-size":"auto","background-attachment":"scroll","background-type":"","background-media":"","overlay-type":"","overlay-color":"","overlay-opacity":"","overlay-gradient":""},"mobile":{"background-color":"var(--ast-global-color-5)","background-image":"","background-repeat":"repeat","background-position":"center center","background-size":"auto","background-attachment":"scroll","background-type":"","background-media":"","overlay-type":"","overlay-color":"","overlay-opacity":"","overlay-gradient":""}}},"product_brand":[],"product_cat":[76],"product_tag":[184,183],"class_list":{"0":"post-5627","1":"product","2":"type-product","3":"status-publish","4":"has-post-thumbnail","6":"product_cat-laundry-care","7":"product_tag-color-bleaching-agent","8":"product_tag-explosive-salt","9":"desktop-align-center","10":"tablet-align-left","11":"mobile-align-left","12":"ast-product-gallery-layout-horizontal-slider","13":"ast-product-tabs-layout-horizontal","15":"first","16":"instock","17":"shipping-taxable","18":"product-type-simple"},"aioseo_notices":[],"uagb_featured_image_src":{"full":["https:\/\/williamweir.com\/wp-content\/uploads\/2024\/10\/9832607.jpg",800,800,false],"thumbnail":["https:\/\/williamweir.com\/wp-content\/uploads\/2024\/10\/9832607-300x300.jpg",300,300,true],"medium":["https:\/\/williamweir.com\/wp-content\/uploads\/2024\/10\/9832607-600x600.jpg",600,600,true],"medium_large":["https:\/\/williamweir.com\/wp-content\/uploads\/2024\/10\/9832607-768x768.jpg",768,768,true],"large":["https:\/\/williamweir.com\/wp-content\/uploads\/2024\/10\/9832607.jpg",800,800,false],"1536x1536":["https:\/\/williamweir.com\/wp-content\/uploads\/2024\/10\/9832607.jpg",800,800,false],"2048x2048":["https:\/\/williamweir.com\/wp-content\/uploads\/2024\/10\/9832607.jpg",800,800,false],"trp-custom-language-flag":["https:\/\/williamweir.com\/wp-content\/uploads\/2024\/10\/9832607-12x12.jpg",12,12,true],"woocommerce_thumbnail":["https:\/\/williamweir.com\/wp-content\/uploads\/2024\/10\/9832607-600x600.jpg",600,600,true],"woocommerce_single":["https:\/\/williamweir.com\/wp-content\/uploads\/2024\/10\/9832607-600x600.jpg",600,600,true],"woocommerce_gallery_thumbnail":["https:\/\/williamweir.com\/wp-content\/uploads\/2024\/10\/9832607-100x100.jpg",100,100,true]},"uagb_author_info":{"display_name":"wlwer","author_link":"https:\/\/williamweir.com\/pt\/author\/"},"uagb_comment_info":0,"uagb_excerpt":"Our factory provides OEM\/ODM processing services, we can tailor products for you; Our MOQ is low, generally the minimum quantity is 1000 bottles can be produced; Our products are inexpensive, excellent product quality, in line with any national laws and regulations and customer needs! \u00a0 \u00a0 \u00a0 We also offer the following services \u00a0 Cross-border&hellip;","_links":{"self":[{"href":"https:\/\/williamweir.com\/pt\/wp-json\/wp\/v2\/product\/5627"}],"collection":[{"href":"https:\/\/williamweir.com\/pt\/wp-json\/wp\/v2\/product"}],"about":[{"href":"https:\/\/williamweir.com\/pt\/wp-json\/wp\/v2\/types\/product"}],"version-history":[{"count":5,"href":"https:\/\/williamweir.com\/pt\/wp-json\/wp\/v2\/product\/5627\/revisions"}],"predecessor-version":[{"id":8187,"href":"https:\/\/williamweir.com\/pt\/wp-json\/wp\/v2\/product\/5627\/revisions\/8187"}],"wp:featuredmedia":[{"embeddable":true,"href":"https:\/\/williamweir.com\/pt\/wp-json\/wp\/v2\/media\/5628"}],"wp:attachment":[{"href":"https:\/\/williamweir.com\/pt\/wp-json\/wp\/v2\/media?parent=5627"}],"wp:term":[{"taxonomy":"product_brand","embeddable":true,"href":"https:\/\/williamweir.com\/pt\/wp-json\/wp\/v2\/product_brand?post=5627"},{"taxonomy":"product_cat","embeddable":true,"href":"https:\/\/williamweir.com\/pt\/wp-json\/wp\/v2\/product_cat?post=5627"},{"taxonomy":"product_tag","embeddable":true,"href":"https:\/\/williamweir.com\/pt\/wp-json\/wp\/v2\/product_tag?post=5627"}],"curies":[{"name":"wp","href":"https:\/\/api.w.org\/{rel}","templated":true}]}}