{"id":5621,"date":"2024-10-31T08:37:14","date_gmt":"2024-10-31T08:37:14","guid":{"rendered":"https:\/\/williamweir.com\/?post_type=product&#038;p=5621"},"modified":"2025-05-24T01:12:59","modified_gmt":"2025-05-24T01:12:59","slug":"wood-care-orange-wax","status":"publish","type":"product","link":"https:\/\/williamweir.com\/pt\/produto\/wood-care-orange-wax\/","title":{"rendered":"Cera de laranja para o cuidado da madeira."},"content":{"rendered":"<p><strong>C\u00f3digo do produto\uff1a0659<\/strong><\/p>\n<p><strong>I. Introdu\u00e7\u00e3o do produto<\/strong><\/p>\n<p>Este produto \u00e9 uma cera de laranja para tratamento de madeira especialmente concebida para mobili\u00e1rio e produtos de madeira. Com \u00f3leo de laranja natural como ingrediente principal e combinado com tecnologia de formula\u00e7\u00e3o avan\u00e7ada, pode efetivamente limpar, nutrir e proteger a superf\u00edcie da madeira, fazendo com que os seus m\u00f3veis de madeira brilhem com um brilho natural e sejam dur\u00e1veis.<\/p>\n<p><strong>II. Carater\u00edsticas do produto<\/strong><\/p>\n<p>Ingredientes naturais: Rico em \u00f3leo de laranja natural, suave e n\u00e3o irritante, inofensivo para o ser humano e para o ambiente.<br \/>\nLimpeza potente: Pode remover rapidamente o p\u00f3, as manchas e a sujidade da superf\u00edcie de madeira, tornando-a novamente limpa e arrumada.<br \/>\nNutri\u00e7\u00e3o profunda: Penetra no interior da madeira para fornecer nutri\u00e7\u00e3o e humidade \u00e0 madeira e evitar que a madeira seque e rache.<br \/>\nRevestimento protetor: Forma uma pel\u00edcula protetora na superf\u00edcie da madeira para resistir eficazmente ao desgaste di\u00e1rio, aos riscos e aos danos causados pelos raios ultravioleta.<br \/>\nDar brilho: D\u00e1 \u00e0 superf\u00edcie de madeira um brilho natural e melhora a est\u00e9tica do mobili\u00e1rio de madeira.<br \/>\nDur\u00e1vel: Uma utiliza\u00e7\u00e3o pode manter o bom estado do mobili\u00e1rio de madeira durante muito tempo.<\/p>\n<p><strong>III. Instru\u00e7\u00f5es de utiliza\u00e7\u00e3o<\/strong><\/p>\n<p>Limpar e secar os m\u00f3veis; recomenda-se a sua utiliza\u00e7\u00e3o em conjunto com o produto de limpeza de pavimentos Zhiweimei;<br \/>\nUtilizar uma esponja, um pano ou uma esfregona para encerar para aplicar uniformemente este produto no ch\u00e3o ou nos m\u00f3veis;<br \/>\nDepois de a cera estar seca, utilize uma toalha limpa ou um esfreg\u00e3o para encerar para limpar e polir repetidamente.<br \/>\nPara uma nutri\u00e7\u00e3o profunda, \u00e9 necess\u00e1rio um tempo de repouso ligeiramente mais longo, cerca de 24 horas, o que \u00e9 ben\u00e9fico para que a cera de abelha penetre no interior da madeira.<\/p>\n<p><strong>IV. Precau\u00e7\u00f5es<\/strong><\/p>\n<p>Conservar este produto num local fresco e seco, fora do alcance das crian\u00e7as;<br \/>\nEste produto n\u00e3o \u00e9 comest\u00edvel. O produto natural e amigo do ambiente tem uma \u00e1rea de aplica\u00e7\u00e3o de cerca de 300 metros quadrados;<br \/>\nPoupe a utiliza\u00e7\u00e3o e siga o princ\u00edpio de utilizar pequenas quantidades v\u00e1rias vezes.<br \/>\nN\u00e3o utilizar quantidades excessivas, para n\u00e3o provocar a incapacidade de absor\u00e7\u00e3o do produto de madeira e tornar a superf\u00edcie demasiado gordurosa e f\u00e1cil de deixar impress\u00f5es digitais ou pegadas.<br \/>\nRecomenda-se que se cuide dos produtos de madeira uma vez por m\u00eas para manter os produtos de madeira brilhantes e novos, para que n\u00e3o se rachem facilmente e para prolongar a vida \u00fatil dos produtos de madeira.<\/p>","protected":false},"excerpt":{"rendered":"<p>A nossa f\u00e1brica fornece servi\u00e7os de processamento OEM\/ODM, podemos personalizar produtos para si; O nosso MOQ \u00e9 baixo, geralmente a quantidade m\u00ednima \u00e9 de 1000 garrafas que podem ser produzidas; Os nossos produtos s\u00e3o baratos, de excelente qualidade, em conformidade com quaisquer leis e regulamentos nacionais e necessidades dos clientes!<\/p>\n<h3><strong>\u00a0 \u00a0 \u00a0 Oferecemos tamb\u00e9m os seguintes servi\u00e7os<\/strong><\/h3>\n<h4><strong><img decoding=\"async\" class=\"emoji\" role=\"img\" draggable=\"false\" src=\"https:\/\/s.w.org\/images\/core\/emoji\/15.0.3\/svg\/2714.svg\" alt=\"\u2714\" \/>\u00a0 Fonte transfronteiri\u00e7a\u00a0 \u00a0 \u00a0 \u00a0 \u00a0\u00a0<img decoding=\"async\" class=\"emoji\" role=\"img\" draggable=\"false\" src=\"https:\/\/s.w.org\/images\/core\/emoji\/15.0.3\/svg\/2714.svg\" alt=\"\u2714\" \/>\u00a0 Personaliza\u00e7\u00e3o do suporte<\/strong><\/h4>\n<h4><strong><img decoding=\"async\" class=\"emoji\" role=\"img\" draggable=\"false\" src=\"https:\/\/s.w.org\/images\/core\/emoji\/15.0.3\/svg\/2714.svg\" alt=\"\u2714\" \/>\u00a0 F\u00e1brica de origem\u00a0 \u00a0 \u00a0 \u00a0 \u00a0 \u00a0 \u00a0 \u00a0 \u00a0 \u00a0 \u00a0 \u00a0<img decoding=\"async\" class=\"emoji\" role=\"img\" draggable=\"false\" src=\"https:\/\/s.w.org\/images\/core\/emoji\/15.0.3\/svg\/2714.svg\" alt=\"\u2714\" \/>\u00a0 Desenvolvimento de produtos<\/strong><\/h4>\n<h4><strong><img decoding=\"async\" class=\"emoji\" role=\"img\" draggable=\"false\" src=\"https:\/\/s.w.org\/images\/core\/emoji\/15.0.3\/svg\/2714.svg\" alt=\"\u2714\" \/>\u00a0 Adapta\u00e7\u00e3o \u00e0 amostra\u00a0 \u00a0 \u00a0 \u00a0 \u00a0 \u00a0 \u00a0 \u00a0 \u00a0 \u00a0\u00a0<img decoding=\"async\" class=\"emoji\" role=\"img\" draggable=\"false\" src=\"https:\/\/s.w.org\/images\/core\/emoji\/15.0.3\/svg\/2714.svg\" alt=\"\u2714\" \/>\u00a0 Autoriza\u00e7\u00e3o de marca<\/strong><\/h4>\n<p>&nbsp;<\/p>\n<h2 style=\"text-align: left;\"><strong>Perguntas ou coment\u00e1rios? <\/strong><\/h2>\n<h2 style=\"text-align: left;\"><strong>wlwer@williamweir.com<\/strong><\/h2>\n<h4><strong>\u00a0<\/strong><\/h4>","protected":false},"featured_media":11371,"template":"","meta":{"_uag_custom_page_level_css":"","site-sidebar-layout":"default","site-content-layout":"","ast-site-content-layout":"default","site-content-style":"default","site-sidebar-style":"default","ast-global-header-display":"","ast-banner-title-visibility":"","ast-main-header-display":"","ast-hfb-above-header-display":"","ast-hfb-below-header-display":"","ast-hfb-mobile-header-display":"","site-post-title":"","ast-breadcrumbs-content":"","ast-featured-img":"","footer-sml-layout":"","theme-transparent-header-meta":"default","adv-header-id-meta":"","stick-header-meta":"","header-above-stick-meta":"","header-main-stick-meta":"","header-below-stick-meta":"","astra-migrate-meta-layouts":"set","ast-page-background-enabled":"default","ast-page-background-meta":{"desktop":{"background-color":"","background-image":"","background-repeat":"repeat","background-position":"center center","background-size":"auto","background-attachment":"scroll","background-type":"","background-media":"","overlay-type":"","overlay-color":"","overlay-opacity":"","overlay-gradient":""},"tablet":{"background-color":"","background-image":"","background-repeat":"repeat","background-position":"center center","background-size":"auto","background-attachment":"scroll","background-type":"","background-media":"","overlay-type":"","overlay-color":"","overlay-opacity":"","overlay-gradient":""},"mobile":{"background-color":"","background-image":"","background-repeat":"repeat","background-position":"center center","background-size":"auto","background-attachment":"scroll","background-type":"","background-media":"","overlay-type":"","overlay-color":"","overlay-opacity":"","overlay-gradient":""}},"ast-content-background-meta":{"desktop":{"background-color":"var(--ast-global-color-5)","background-image":"","background-repeat":"repeat","background-position":"center center","background-size":"auto","background-attachment":"scroll","background-type":"","background-media":"","overlay-type":"","overlay-color":"","overlay-opacity":"","overlay-gradient":""},"tablet":{"background-color":"var(--ast-global-color-5)","background-image":"","background-repeat":"repeat","background-position":"center center","background-size":"auto","background-attachment":"scroll","background-type":"","background-media":"","overlay-type":"","overlay-color":"","overlay-opacity":"","overlay-gradient":""},"mobile":{"background-color":"var(--ast-global-color-5)","background-image":"","background-repeat":"repeat","background-position":"center center","background-size":"auto","background-attachment":"scroll","background-type":"","background-media":"","overlay-type":"","overlay-color":"","overlay-opacity":"","overlay-gradient":""}}},"product_brand":[],"product_cat":[71],"product_tag":[86,84],"class_list":{"0":"post-5621","1":"product","2":"type-product","3":"status-publish","4":"has-post-thumbnail","6":"product_cat-maintenance-polishing-of-wood-products","7":"product_tag-natural-beeswax","8":"product_tag-wood-care","9":"desktop-align-center","10":"tablet-align-left","11":"mobile-align-left","12":"ast-product-gallery-layout-horizontal-slider","13":"ast-product-tabs-layout-horizontal","15":"first","16":"instock","17":"shipping-taxable","18":"product-type-simple"},"aioseo_notices":[],"uagb_featured_image_src":{"full":["https:\/\/williamweir.com\/wp-content\/uploads\/2024\/10\/1-8.jpg",1000,1000,false],"thumbnail":["https:\/\/williamweir.com\/wp-content\/uploads\/2024\/10\/1-8-300x300.jpg",300,300,true],"medium":["https:\/\/williamweir.com\/wp-content\/uploads\/2024\/10\/1-8-600x600.jpg",600,600,true],"medium_large":["https:\/\/williamweir.com\/wp-content\/uploads\/2024\/10\/1-8-768x768.jpg",768,768,true],"large":["https:\/\/williamweir.com\/wp-content\/uploads\/2024\/10\/1-8.jpg",1000,1000,false],"1536x1536":["https:\/\/williamweir.com\/wp-content\/uploads\/2024\/10\/1-8.jpg",1000,1000,false],"2048x2048":["https:\/\/williamweir.com\/wp-content\/uploads\/2024\/10\/1-8.jpg",1000,1000,false],"trp-custom-language-flag":["https:\/\/williamweir.com\/wp-content\/uploads\/2024\/10\/1-8-12x12.jpg",12,12,true],"woocommerce_thumbnail":["https:\/\/williamweir.com\/wp-content\/uploads\/2024\/10\/1-8-600x600.jpg",600,600,true],"woocommerce_single":["https:\/\/williamweir.com\/wp-content\/uploads\/2024\/10\/1-8-600x600.jpg",600,600,true],"woocommerce_gallery_thumbnail":["https:\/\/williamweir.com\/wp-content\/uploads\/2024\/10\/1-8-100x100.jpg",100,100,true]},"uagb_author_info":{"display_name":"wlwer","author_link":"https:\/\/williamweir.com\/pt\/author\/"},"uagb_comment_info":0,"uagb_excerpt":"Our factory provides OEM\/ODM processing services, we can tailor products for you; Our MOQ is low, generally the minimum quantity is 1000 bottles can be produced; Our products are inexpensive, excellent product quality, in line with any national laws and regulations and customer needs! \u00a0 \u00a0 \u00a0 We also offer the following services \u00a0 Cross-border&hellip;","_links":{"self":[{"href":"https:\/\/williamweir.com\/pt\/wp-json\/wp\/v2\/product\/5621"}],"collection":[{"href":"https:\/\/williamweir.com\/pt\/wp-json\/wp\/v2\/product"}],"about":[{"href":"https:\/\/williamweir.com\/pt\/wp-json\/wp\/v2\/types\/product"}],"version-history":[{"count":6,"href":"https:\/\/williamweir.com\/pt\/wp-json\/wp\/v2\/product\/5621\/revisions"}],"predecessor-version":[{"id":8190,"href":"https:\/\/williamweir.com\/pt\/wp-json\/wp\/v2\/product\/5621\/revisions\/8190"}],"wp:featuredmedia":[{"embeddable":true,"href":"https:\/\/williamweir.com\/pt\/wp-json\/wp\/v2\/media\/11371"}],"wp:attachment":[{"href":"https:\/\/williamweir.com\/pt\/wp-json\/wp\/v2\/media?parent=5621"}],"wp:term":[{"taxonomy":"product_brand","embeddable":true,"href":"https:\/\/williamweir.com\/pt\/wp-json\/wp\/v2\/product_brand?post=5621"},{"taxonomy":"product_cat","embeddable":true,"href":"https:\/\/williamweir.com\/pt\/wp-json\/wp\/v2\/product_cat?post=5621"},{"taxonomy":"product_tag","embeddable":true,"href":"https:\/\/williamweir.com\/pt\/wp-json\/wp\/v2\/product_tag?post=5621"}],"curies":[{"name":"wp","href":"https:\/\/api.w.org\/{rel}","templated":true}]}}