{"id":5611,"date":"2024-10-31T08:30:45","date_gmt":"2024-10-31T08:30:45","guid":{"rendered":"https:\/\/williamweir.com\/?post_type=product&#038;p=5611"},"modified":"2025-05-24T01:13:23","modified_gmt":"2025-05-24T01:13:23","slug":"laundry-detergent-for-underwear","status":"publish","type":"product","link":"https:\/\/williamweir.com\/pt\/produto\/laundry-detergent-for-underwear\/","title":{"rendered":"Detergente para roupa interior"},"content":{"rendered":"<p><strong>C\u00f3digo do produto\uff1a1533<\/strong><\/p>\n<p><strong>I. Introdu\u00e7\u00e3o do produto<\/strong><\/p>\n<p>Este produto \u00e9 um produto de limpeza especialmente concebido para a limpeza de roupa interior. Pode remover eficazmente manchas, manchas de sangue e odores na roupa interior e proteger a sua sa\u00fade privada.<\/p>\n<p><strong>II. Carater\u00edsticas do produto<\/strong><\/p>\n<p>F\u00f3rmula suave: Adoptando uma f\u00f3rmula de limpeza suave, n\u00e3o irrita a pele e \u00e9 adequado para pessoas com v\u00e1rios tipos de pele.<br \/>\nDescontamina\u00e7\u00e3o potente: Pode remover rapidamente manchas como as de sangue, suor e secre\u00e7\u00f5es na roupa interior e deixar a roupa interior limpa como nova.<br \/>\nBacteriostase e desodoriza\u00e7\u00e3o: Cont\u00e9m ingredientes antibacterianos, que podem inibir eficazmente o crescimento de bact\u00e9rias, remover odores e manter a roupa interior fresca.<br \/>\nF\u00e1cil de enxaguar: N\u00e3o deixa res\u00edduos, \u00e9 f\u00e1cil de enxaguar e n\u00e3o danifica a roupa interior.<\/p>\n<p><strong>III. Instru\u00e7\u00f5es de utiliza\u00e7\u00e3o<\/strong><\/p>\n<p>Espremer uma quantidade adequada de produto de limpeza de roupa interior na roupa interior ou na n\u00f3doa.<br \/>\nEsfregue suavemente a roupa interior, concentrando-se na limpeza da \u00e1rea manchada. Pode adicionar uma pequena quantidade de \u00e1gua limpa durante a esfregadela at\u00e9 a n\u00f3doa ficar limpa.<br \/>\nEnxaguar a roupa interior com \u00e1gua limpa at\u00e9 n\u00e3o haver res\u00edduos de espuma.<\/p>\n<p><strong>IV. Precau\u00e7\u00f5es<\/strong><\/p>\n<p>Testar numa \u00e1rea discreta antes de utilizar para garantir que n\u00e3o danifica a roupa interior.<br \/>\nEvitar o contacto com os olhos e a boca. Em caso de contacto acidental, lavar imediatamente com \u00e1gua limpa.<br \/>\nGuardar num local fresco e seco, fora do alcance das crian\u00e7as e evitar a luz solar direta.<\/p>","protected":false},"excerpt":{"rendered":"<p>A nossa f\u00e1brica fornece servi\u00e7os de processamento OEM\/ODM, podemos personalizar produtos para si; O nosso MOQ \u00e9 baixo, geralmente a quantidade m\u00ednima \u00e9 de 1000 garrafas que podem ser produzidas; Os nossos produtos s\u00e3o baratos, de excelente qualidade, em conformidade com quaisquer leis e regulamentos nacionais e necessidades dos clientes!<\/p>\n<h3><strong>\u00a0 \u00a0 \u00a0 Oferecemos tamb\u00e9m os seguintes servi\u00e7os<\/strong><\/h3>\n<h4><strong><img decoding=\"async\" class=\"emoji\" role=\"img\" draggable=\"false\" src=\"https:\/\/s.w.org\/images\/core\/emoji\/15.0.3\/svg\/2714.svg\" alt=\"\u2714\" \/>\u00a0 Fonte transfronteiri\u00e7a\u00a0 \u00a0 \u00a0 \u00a0 \u00a0\u00a0<img decoding=\"async\" class=\"emoji\" role=\"img\" draggable=\"false\" src=\"https:\/\/s.w.org\/images\/core\/emoji\/15.0.3\/svg\/2714.svg\" alt=\"\u2714\" \/>\u00a0 Personaliza\u00e7\u00e3o do suporte<\/strong><\/h4>\n<h4><strong><img decoding=\"async\" class=\"emoji\" role=\"img\" draggable=\"false\" src=\"https:\/\/s.w.org\/images\/core\/emoji\/15.0.3\/svg\/2714.svg\" alt=\"\u2714\" \/>\u00a0 F\u00e1brica de origem\u00a0 \u00a0 \u00a0 \u00a0 \u00a0 \u00a0 \u00a0 \u00a0 \u00a0 \u00a0 \u00a0 \u00a0<img decoding=\"async\" class=\"emoji\" role=\"img\" draggable=\"false\" src=\"https:\/\/s.w.org\/images\/core\/emoji\/15.0.3\/svg\/2714.svg\" alt=\"\u2714\" \/>\u00a0 Desenvolvimento de produtos<\/strong><\/h4>\n<h4><strong><img decoding=\"async\" class=\"emoji\" role=\"img\" draggable=\"false\" src=\"https:\/\/s.w.org\/images\/core\/emoji\/15.0.3\/svg\/2714.svg\" alt=\"\u2714\" \/>\u00a0 Adapta\u00e7\u00e3o \u00e0 amostra\u00a0 \u00a0 \u00a0 \u00a0 \u00a0 \u00a0 \u00a0 \u00a0 \u00a0 \u00a0\u00a0<img decoding=\"async\" class=\"emoji\" role=\"img\" draggable=\"false\" src=\"https:\/\/s.w.org\/images\/core\/emoji\/15.0.3\/svg\/2714.svg\" alt=\"\u2714\" \/>\u00a0 Autoriza\u00e7\u00e3o de marca<\/strong><\/h4>\n<p>&nbsp;<\/p>\n<h2 style=\"text-align: left;\"><strong>Perguntas ou coment\u00e1rios? <\/strong><\/h2>\n<h2 style=\"text-align: left;\"><strong>wlwer@williamweir.com<\/strong><\/h2>\n<h4><strong>\u00a0<\/strong><\/h4>","protected":false},"featured_media":12041,"template":"","meta":{"_uag_custom_page_level_css":"","site-sidebar-layout":"default","site-content-layout":"","ast-site-content-layout":"default","site-content-style":"default","site-sidebar-style":"default","ast-global-header-display":"","ast-banner-title-visibility":"","ast-main-header-display":"","ast-hfb-above-header-display":"","ast-hfb-below-header-display":"","ast-hfb-mobile-header-display":"","site-post-title":"","ast-breadcrumbs-content":"","ast-featured-img":"","footer-sml-layout":"","theme-transparent-header-meta":"default","adv-header-id-meta":"","stick-header-meta":"","header-above-stick-meta":"","header-main-stick-meta":"","header-below-stick-meta":"","astra-migrate-meta-layouts":"set","ast-page-background-enabled":"default","ast-page-background-meta":{"desktop":{"background-color":"","background-image":"","background-repeat":"repeat","background-position":"center center","background-size":"auto","background-attachment":"scroll","background-type":"","background-media":"","overlay-type":"","overlay-color":"","overlay-opacity":"","overlay-gradient":""},"tablet":{"background-color":"","background-image":"","background-repeat":"repeat","background-position":"center center","background-size":"auto","background-attachment":"scroll","background-type":"","background-media":"","overlay-type":"","overlay-color":"","overlay-opacity":"","overlay-gradient":""},"mobile":{"background-color":"","background-image":"","background-repeat":"repeat","background-position":"center center","background-size":"auto","background-attachment":"scroll","background-type":"","background-media":"","overlay-type":"","overlay-color":"","overlay-opacity":"","overlay-gradient":""}},"ast-content-background-meta":{"desktop":{"background-color":"var(--ast-global-color-5)","background-image":"","background-repeat":"repeat","background-position":"center center","background-size":"auto","background-attachment":"scroll","background-type":"","background-media":"","overlay-type":"","overlay-color":"","overlay-opacity":"","overlay-gradient":""},"tablet":{"background-color":"var(--ast-global-color-5)","background-image":"","background-repeat":"repeat","background-position":"center center","background-size":"auto","background-attachment":"scroll","background-type":"","background-media":"","overlay-type":"","overlay-color":"","overlay-opacity":"","overlay-gradient":""},"mobile":{"background-color":"var(--ast-global-color-5)","background-image":"","background-repeat":"repeat","background-position":"center center","background-size":"auto","background-attachment":"scroll","background-type":"","background-media":"","overlay-type":"","overlay-color":"","overlay-opacity":"","overlay-gradient":""}}},"product_brand":[],"product_cat":[76],"product_tag":[189,188],"class_list":{"0":"post-5611","1":"product","2":"type-product","3":"status-publish","4":"has-post-thumbnail","6":"product_cat-laundry-care","7":"product_tag-laundry-detergent","8":"product_tag-underwear-laundry-detergent","9":"desktop-align-center","10":"tablet-align-left","11":"mobile-align-left","12":"ast-product-gallery-layout-horizontal-slider","13":"ast-product-tabs-layout-horizontal","15":"first","16":"instock","17":"shipping-taxable","18":"product-type-simple"},"aioseo_notices":[],"uagb_featured_image_src":{"full":["https:\/\/williamweir.com\/wp-content\/uploads\/2024\/10\/1-13.jpg",1000,1000,false],"thumbnail":["https:\/\/williamweir.com\/wp-content\/uploads\/2024\/10\/1-13-300x300.jpg",300,300,true],"medium":["https:\/\/williamweir.com\/wp-content\/uploads\/2024\/10\/1-13-600x600.jpg",600,600,true],"medium_large":["https:\/\/williamweir.com\/wp-content\/uploads\/2024\/10\/1-13-768x768.jpg",768,768,true],"large":["https:\/\/williamweir.com\/wp-content\/uploads\/2024\/10\/1-13.jpg",1000,1000,false],"1536x1536":["https:\/\/williamweir.com\/wp-content\/uploads\/2024\/10\/1-13.jpg",1000,1000,false],"2048x2048":["https:\/\/williamweir.com\/wp-content\/uploads\/2024\/10\/1-13.jpg",1000,1000,false],"trp-custom-language-flag":["https:\/\/williamweir.com\/wp-content\/uploads\/2024\/10\/1-13-12x12.jpg",12,12,true],"woocommerce_thumbnail":["https:\/\/williamweir.com\/wp-content\/uploads\/2024\/10\/1-13-600x600.jpg",600,600,true],"woocommerce_single":["https:\/\/williamweir.com\/wp-content\/uploads\/2024\/10\/1-13-600x600.jpg",600,600,true],"woocommerce_gallery_thumbnail":["https:\/\/williamweir.com\/wp-content\/uploads\/2024\/10\/1-13-100x100.jpg",100,100,true]},"uagb_author_info":{"display_name":"wlwer","author_link":"https:\/\/williamweir.com\/pt\/author\/"},"uagb_comment_info":0,"uagb_excerpt":"Our factory provides OEM\/ODM processing services, we can tailor products for you; Our MOQ is low, generally the minimum quantity is 1000 bottles can be produced; Our products are inexpensive, excellent product quality, in line with any national laws and regulations and customer needs! \u00a0 \u00a0 \u00a0 We also offer the following services \u00a0 Cross-border&hellip;","_links":{"self":[{"href":"https:\/\/williamweir.com\/pt\/wp-json\/wp\/v2\/product\/5611"}],"collection":[{"href":"https:\/\/williamweir.com\/pt\/wp-json\/wp\/v2\/product"}],"about":[{"href":"https:\/\/williamweir.com\/pt\/wp-json\/wp\/v2\/types\/product"}],"version-history":[{"count":6,"href":"https:\/\/williamweir.com\/pt\/wp-json\/wp\/v2\/product\/5611\/revisions"}],"predecessor-version":[{"id":8195,"href":"https:\/\/williamweir.com\/pt\/wp-json\/wp\/v2\/product\/5611\/revisions\/8195"}],"wp:featuredmedia":[{"embeddable":true,"href":"https:\/\/williamweir.com\/pt\/wp-json\/wp\/v2\/media\/12041"}],"wp:attachment":[{"href":"https:\/\/williamweir.com\/pt\/wp-json\/wp\/v2\/media?parent=5611"}],"wp:term":[{"taxonomy":"product_brand","embeddable":true,"href":"https:\/\/williamweir.com\/pt\/wp-json\/wp\/v2\/product_brand?post=5611"},{"taxonomy":"product_cat","embeddable":true,"href":"https:\/\/williamweir.com\/pt\/wp-json\/wp\/v2\/product_cat?post=5611"},{"taxonomy":"product_tag","embeddable":true,"href":"https:\/\/williamweir.com\/pt\/wp-json\/wp\/v2\/product_tag?post=5611"}],"curies":[{"name":"wp","href":"https:\/\/api.w.org\/{rel}","templated":true}]}}