{"id":5579,"date":"2024-10-31T08:17:52","date_gmt":"2024-10-31T08:17:52","guid":{"rendered":"https:\/\/williamweir.com\/?post_type=product&#038;p=5579"},"modified":"2025-05-24T01:28:45","modified_gmt":"2025-05-24T01:28:45","slug":"automotive-coating-wax","status":"publish","type":"product","link":"https:\/\/williamweir.com\/pt\/produto\/automotive-coating-wax\/","title":{"rendered":"Cera de revestimento para autom\u00f3veis"},"content":{"rendered":"<p><strong>C\u00f3digo do produto\uff1a1236<\/strong><\/p>\n<p><strong>I. Ingredientes do produto<\/strong><\/p>\n<p>Cera de carna\u00faba natural: Proporciona um excelente desempenho em termos de brilho e prote\u00e7\u00e3o, tornando a superf\u00edcie da pintura do autom\u00f3vel mais lisa e brilhante.<br \/>\nPol\u00edmero de elevado peso molecular: Forma uma forte pel\u00edcula protetora para resistir \u00e0 eros\u00e3o da pintura do autom\u00f3vel pelos raios ultravioleta, chuva \u00e1cida, poeira, etc.<\/p>\n<p><strong>II. Carater\u00edsticas do produto<\/strong><\/p>\n<p>Prote\u00e7\u00e3o super forte: Proporciona uma prote\u00e7\u00e3o duradoura \u00e0 superf\u00edcie da pintura do autom\u00f3vel e evita problemas como riscos, oxida\u00e7\u00e3o e desbotamento.<br \/>\nBrilho de alto brilho: D\u00e1 \u00e0 pintura do autom\u00f3vel um brilho espelhado e melhora o grau de apar\u00eancia do autom\u00f3vel.<br \/>\nImperme\u00e1vel e anti-incrustante: Evita eficazmente que a \u00e1gua e as manchas adiram \u00e0 superf\u00edcie da pintura do autom\u00f3vel e mant\u00e9m a carro\u00e7aria limpa.<br \/>\nDur\u00e1vel: Uma utiliza\u00e7\u00e3o pode manter um efeito de prote\u00e7\u00e3o a longo prazo e reduzir o problema da depila\u00e7\u00e3o frequente.<br \/>\nF\u00e1cil de aplicar: O funcionamento \u00e9 simples e c\u00f3modo e pode ser facilmente utilizado tanto por profissionais como pelos pr\u00f3prios propriet\u00e1rios de autom\u00f3veis.<\/p>\n<p><strong>III. \u00c2mbito de aplica\u00e7\u00e3o<\/strong><\/p>\n<p>Adequado para superf\u00edcies de pintura de autom\u00f3veis de v\u00e1rias cores e tipos.<\/p>\n<p><strong>IV. M\u00e9todo de utiliza\u00e7\u00e3o<\/strong><\/p>\n<p>Limpar o ve\u00edculo: Limpar bem o ve\u00edculo para remover o p\u00f3, as manchas e as n\u00f3doas de \u00f3leo da superf\u00edcie.<br \/>\nSecar a carro\u00e7aria do autom\u00f3vel: Utilizar uma toalha limpa ou um pano absorvente para secar a carro\u00e7aria do autom\u00f3vel, de modo a garantir que n\u00e3o existe humidade na superf\u00edcie.<br \/>\nAplicar a cera de revestimento: Pegue numa quantidade adequada de cera de revestimento e aplique-a uniformemente na superf\u00edcie da pintura do autom\u00f3vel. Pode utilizar uma esponja ou uma m\u00e1quina de encerar para a aplicar.<br \/>\nTratamento de polimento: Depois de a cera de revestimento estar seca, utilizar um pano macio e limpo para polir e tornar a superf\u00edcie da pintura do autom\u00f3vel mais lisa.<\/p>\n<p><strong>V. Precau\u00e7\u00f5es<\/strong><\/p>\n<p>Evitar a utiliza\u00e7\u00e3o sob luz solar direta ou em ambientes com temperaturas elevadas para n\u00e3o afetar o efeito do produto.<br \/>\nN\u00e3o aplicar o produto no vidro do autom\u00f3vel, borracha, pl\u00e1stico e outras pe\u00e7as para evitar danos.<br \/>\nSe a pele entrar em contacto com o produto durante a utiliza\u00e7\u00e3o, lavar imediatamente com \u00e1gua limpa.<br \/>\nColocar o produto num local de dif\u00edcil acesso para evitar que as crian\u00e7as o comam por engano.<br \/>\nO produto deve ser armazenado num local fresco e seco, longe da luz solar direta e de ambientes com temperaturas elevadas, para evitar afetar o desempenho e o prazo de validade do produto.<\/p>","protected":false},"excerpt":{"rendered":"<p>A nossa f\u00e1brica fornece servi\u00e7os de processamento OEM\/ODM, podemos personalizar produtos para si; O nosso MOQ \u00e9 baixo, geralmente a quantidade m\u00ednima \u00e9 de 1000 garrafas que podem ser produzidas; Os nossos produtos s\u00e3o baratos, de excelente qualidade, em conformidade com quaisquer leis e regulamentos nacionais e necessidades dos clientes!<\/p>\n<h3><strong>\u00a0 \u00a0 \u00a0 Oferecemos tamb\u00e9m os seguintes servi\u00e7os<\/strong><\/h3>\n<h4><strong><img decoding=\"async\" class=\"emoji\" role=\"img\" draggable=\"false\" src=\"https:\/\/s.w.org\/images\/core\/emoji\/15.0.3\/svg\/2714.svg\" alt=\"\u2714\" \/>\u00a0 Fonte transfronteiri\u00e7a\u00a0 \u00a0 \u00a0 \u00a0 \u00a0\u00a0<img decoding=\"async\" class=\"emoji\" role=\"img\" draggable=\"false\" src=\"https:\/\/s.w.org\/images\/core\/emoji\/15.0.3\/svg\/2714.svg\" alt=\"\u2714\" \/>\u00a0 Personaliza\u00e7\u00e3o do suporte<\/strong><\/h4>\n<h4><strong><img decoding=\"async\" class=\"emoji\" role=\"img\" draggable=\"false\" src=\"https:\/\/s.w.org\/images\/core\/emoji\/15.0.3\/svg\/2714.svg\" alt=\"\u2714\" \/>\u00a0 F\u00e1brica de origem\u00a0 \u00a0 \u00a0 \u00a0 \u00a0 \u00a0 \u00a0 \u00a0 \u00a0 \u00a0 \u00a0 \u00a0<img decoding=\"async\" class=\"emoji\" role=\"img\" draggable=\"false\" src=\"https:\/\/s.w.org\/images\/core\/emoji\/15.0.3\/svg\/2714.svg\" alt=\"\u2714\" \/>\u00a0 Desenvolvimento de produtos<\/strong><\/h4>\n<h4><strong><img decoding=\"async\" class=\"emoji\" role=\"img\" draggable=\"false\" src=\"https:\/\/s.w.org\/images\/core\/emoji\/15.0.3\/svg\/2714.svg\" alt=\"\u2714\" \/>\u00a0 Adapta\u00e7\u00e3o \u00e0 amostra\u00a0 \u00a0 \u00a0 \u00a0 \u00a0 \u00a0 \u00a0 \u00a0 \u00a0 \u00a0\u00a0<img decoding=\"async\" class=\"emoji\" role=\"img\" draggable=\"false\" src=\"https:\/\/s.w.org\/images\/core\/emoji\/15.0.3\/svg\/2714.svg\" alt=\"\u2714\" \/>\u00a0 Autoriza\u00e7\u00e3o de marca<\/strong><\/h4>\n<p>&nbsp;<\/p>\n<h2 style=\"text-align: left;\"><strong>Perguntas ou coment\u00e1rios? <\/strong><\/h2>\n<h2 style=\"text-align: left;\"><strong>wlwer@williamweir.com<\/strong><\/h2>\n<h4><strong>\u00a0<\/strong><\/h4>","protected":false},"featured_media":5580,"template":"","meta":{"_uag_custom_page_level_css":"","site-sidebar-layout":"default","site-content-layout":"","ast-site-content-layout":"default","site-content-style":"default","site-sidebar-style":"default","ast-global-header-display":"","ast-banner-title-visibility":"","ast-main-header-display":"","ast-hfb-above-header-display":"","ast-hfb-below-header-display":"","ast-hfb-mobile-header-display":"","site-post-title":"","ast-breadcrumbs-content":"","ast-featured-img":"","footer-sml-layout":"","theme-transparent-header-meta":"default","adv-header-id-meta":"","stick-header-meta":"","header-above-stick-meta":"","header-main-stick-meta":"","header-below-stick-meta":"","astra-migrate-meta-layouts":"set","ast-page-background-enabled":"default","ast-page-background-meta":{"desktop":{"background-color":"","background-image":"","background-repeat":"repeat","background-position":"center center","background-size":"auto","background-attachment":"scroll","background-type":"","background-media":"","overlay-type":"","overlay-color":"","overlay-opacity":"","overlay-gradient":""},"tablet":{"background-color":"","background-image":"","background-repeat":"repeat","background-position":"center center","background-size":"auto","background-attachment":"scroll","background-type":"","background-media":"","overlay-type":"","overlay-color":"","overlay-opacity":"","overlay-gradient":""},"mobile":{"background-color":"","background-image":"","background-repeat":"repeat","background-position":"center center","background-size":"auto","background-attachment":"scroll","background-type":"","background-media":"","overlay-type":"","overlay-color":"","overlay-opacity":"","overlay-gradient":""}},"ast-content-background-meta":{"desktop":{"background-color":"var(--ast-global-color-5)","background-image":"","background-repeat":"repeat","background-position":"center center","background-size":"auto","background-attachment":"scroll","background-type":"","background-media":"","overlay-type":"","overlay-color":"","overlay-opacity":"","overlay-gradient":""},"tablet":{"background-color":"var(--ast-global-color-5)","background-image":"","background-repeat":"repeat","background-position":"center center","background-size":"auto","background-attachment":"scroll","background-type":"","background-media":"","overlay-type":"","overlay-color":"","overlay-opacity":"","overlay-gradient":""},"mobile":{"background-color":"var(--ast-global-color-5)","background-image":"","background-repeat":"repeat","background-position":"center center","background-size":"auto","background-attachment":"scroll","background-type":"","background-media":"","overlay-type":"","overlay-color":"","overlay-opacity":"","overlay-gradient":""}}},"product_brand":[],"product_cat":[77],"product_tag":[200,199,198],"class_list":{"0":"post-5579","1":"product","2":"type-product","3":"status-publish","4":"has-post-thumbnail","6":"product_cat-car-cleaning-and-maintenance","7":"product_tag-car-coating-wax","8":"product_tag-car-maintenance","9":"product_tag-car-wax","10":"desktop-align-center","11":"tablet-align-left","12":"mobile-align-left","13":"ast-product-gallery-layout-horizontal-slider","14":"ast-product-gallery-with-no-image","15":"ast-product-tabs-layout-horizontal","17":"first","18":"instock","19":"shipping-taxable","20":"product-type-simple"},"aioseo_notices":[],"uagb_featured_image_src":{"full":["https:\/\/williamweir.com\/wp-content\/uploads\/2024\/10\/9879403.jpg",1000,1000,false],"thumbnail":["https:\/\/williamweir.com\/wp-content\/uploads\/2024\/10\/9879403-300x300.jpg",300,300,true],"medium":["https:\/\/williamweir.com\/wp-content\/uploads\/2024\/10\/9879403-600x600.jpg",600,600,true],"medium_large":["https:\/\/williamweir.com\/wp-content\/uploads\/2024\/10\/9879403-768x768.jpg",768,768,true],"large":["https:\/\/williamweir.com\/wp-content\/uploads\/2024\/10\/9879403.jpg",1000,1000,false],"1536x1536":["https:\/\/williamweir.com\/wp-content\/uploads\/2024\/10\/9879403.jpg",1000,1000,false],"2048x2048":["https:\/\/williamweir.com\/wp-content\/uploads\/2024\/10\/9879403.jpg",1000,1000,false],"trp-custom-language-flag":["https:\/\/williamweir.com\/wp-content\/uploads\/2024\/10\/9879403-12x12.jpg",12,12,true],"woocommerce_thumbnail":["https:\/\/williamweir.com\/wp-content\/uploads\/2024\/10\/9879403-600x600.jpg",600,600,true],"woocommerce_single":["https:\/\/williamweir.com\/wp-content\/uploads\/2024\/10\/9879403-600x600.jpg",600,600,true],"woocommerce_gallery_thumbnail":["https:\/\/williamweir.com\/wp-content\/uploads\/2024\/10\/9879403-100x100.jpg",100,100,true]},"uagb_author_info":{"display_name":"wlwer","author_link":"https:\/\/williamweir.com\/pt\/author\/"},"uagb_comment_info":0,"uagb_excerpt":"Our factory provides OEM\/ODM processing services, we can tailor products for you; Our MOQ is low, generally the minimum quantity is 1000 bottles can be produced; Our products are inexpensive, excellent product quality, in line with any national laws and regulations and customer needs! \u00a0 \u00a0 \u00a0 We also offer the following services \u00a0 Cross-border&hellip;","_links":{"self":[{"href":"https:\/\/williamweir.com\/pt\/wp-json\/wp\/v2\/product\/5579"}],"collection":[{"href":"https:\/\/williamweir.com\/pt\/wp-json\/wp\/v2\/product"}],"about":[{"href":"https:\/\/williamweir.com\/pt\/wp-json\/wp\/v2\/types\/product"}],"version-history":[{"count":5,"href":"https:\/\/williamweir.com\/pt\/wp-json\/wp\/v2\/product\/5579\/revisions"}],"predecessor-version":[{"id":8207,"href":"https:\/\/williamweir.com\/pt\/wp-json\/wp\/v2\/product\/5579\/revisions\/8207"}],"wp:featuredmedia":[{"embeddable":true,"href":"https:\/\/williamweir.com\/pt\/wp-json\/wp\/v2\/media\/5580"}],"wp:attachment":[{"href":"https:\/\/williamweir.com\/pt\/wp-json\/wp\/v2\/media?parent=5579"}],"wp:term":[{"taxonomy":"product_brand","embeddable":true,"href":"https:\/\/williamweir.com\/pt\/wp-json\/wp\/v2\/product_brand?post=5579"},{"taxonomy":"product_cat","embeddable":true,"href":"https:\/\/williamweir.com\/pt\/wp-json\/wp\/v2\/product_cat?post=5579"},{"taxonomy":"product_tag","embeddable":true,"href":"https:\/\/williamweir.com\/pt\/wp-json\/wp\/v2\/product_tag?post=5579"}],"curies":[{"name":"wp","href":"https:\/\/api.w.org\/{rel}","templated":true}]}}