{"id":5551,"date":"2024-10-31T08:04:22","date_gmt":"2024-10-31T08:04:22","guid":{"rendered":"https:\/\/williamweir.com\/?post_type=product&#038;p=5551"},"modified":"2025-05-24T01:30:41","modified_gmt":"2025-05-24T01:30:41","slug":"car-interior-care-wax-2","status":"publish","type":"product","link":"https:\/\/williamweir.com\/pt\/produto\/car-interior-care-wax-2\/","title":{"rendered":"Cera para autom\u00f3veis e interiores"},"content":{"rendered":"<p><strong>C\u00f3digo do produto\uff1a0468<\/strong><\/p>\n<p><strong>I. Introdu\u00e7\u00e3o do produto:<\/strong><\/p>\n<p>Este produto \u00e9 um produto de manuten\u00e7\u00e3o de alta qualidade especialmente concebido para interiores de autom\u00f3veis. Pode limpar e proteger eficazmente v\u00e1rias superf\u00edcies dos interiores dos autom\u00f3veis, tais como couro, pl\u00e1stico, borracha, etc., e manter o ambiente interior do seu autom\u00f3vel sempre num estado novo.<\/p>\n<p><strong>II. Carater\u00edsticas do produto:<\/strong><\/p>\n<ol>\n<li>Limpeza profunda: Remover a sujidade, o p\u00f3 e as manchas na superf\u00edcie interior para restaurar o interior limpo e arrumado.<\/li>\n<li>Nutrir e proteger: Rico em ingredientes nutritivos, pode penetrar nos materiais interiores para fornecer nutri\u00e7\u00e3o e prote\u00e7\u00e3o, prevenindo o envelhecimento, as fissuras e o desbotamento.<\/li>\n<li>Anti-est\u00e1tica: Reduz a produ\u00e7\u00e3o de eletricidade est\u00e1tica, evita a adsor\u00e7\u00e3o de poeiras e mant\u00e9m o interior limpo.<\/li>\n<li>Efeito de brilho: D\u00e1 \u00e0 superf\u00edcie interior um brilho natural e melhora a est\u00e9tica geral do autom\u00f3vel.<\/li>\n<li>Seguro e amigo do ambiente: n\u00e3o cont\u00e9m subst\u00e2ncias nocivas, \u00e9 inofensivo para o corpo humano e para o ambiente interior do autom\u00f3vel e pode ser utilizado com confian\u00e7a.<\/li>\n<\/ol>\n<p><strong>III. M\u00e9todo de utiliza\u00e7\u00e3o:<\/strong><\/p>\n<ol>\n<li>Em primeiro lugar, limpe a superf\u00edcie do interior do autom\u00f3vel para remover o p\u00f3 e os detritos.<\/li>\n<li>Mergulhe uma quantidade adequada de cera de manuten\u00e7\u00e3o do interior do autom\u00f3vel com uma esponja ou um pano macio.<\/li>\n<li>Aplique-o uniformemente na superf\u00edcie do interior do autom\u00f3vel, prestando aten\u00e7\u00e3o para n\u00e3o perder nenhuma parte.<\/li>\n<li>Aguardar um per\u00edodo de tempo para permitir que a cera de manuten\u00e7\u00e3o penetre completamente e seque.<\/li>\n<li>Limpar e polir com um pano limpo e macio para remover o excesso de cera de manuten\u00e7\u00e3o e tornar a superf\u00edcie lisa e brilhante.<\/li>\n<\/ol>\n<p><strong>IV. Precau\u00e7\u00f5es:<\/strong><\/p>\n<ol>\n<li>Coloque-o num local onde as crian\u00e7as n\u00e3o o possam alcan\u00e7ar facilmente.<\/li>\n<li>Antes de utilizar, fa\u00e7a um teste num local discreto. Depois de confirmar que n\u00e3o h\u00e1 reac\u00e7\u00f5es adversas, utilize-o numa \u00e1rea grande.<\/li>\n<li>Evitar a utiliza\u00e7\u00e3o e o armazenamento em ambientes com temperaturas elevadas, luz solar direta ou humidade.<\/li>\n<li>Se entrar acidentalmente em contacto com os olhos, lavar imediatamente com uma grande quantidade de \u00e1gua limpa.<\/li>\n<\/ol>","protected":false},"excerpt":{"rendered":"<p>A nossa f\u00e1brica fornece servi\u00e7os de processamento OEM\/ODM, podemos personalizar produtos para si; O nosso MOQ \u00e9 baixo, geralmente a quantidade m\u00ednima \u00e9 de 1000 garrafas que podem ser produzidas; Os nossos produtos s\u00e3o baratos, de excelente qualidade, em conformidade com quaisquer leis e regulamentos nacionais e necessidades dos clientes!<\/p>\n<h3><strong>\u00a0 \u00a0 \u00a0 Oferecemos tamb\u00e9m os seguintes servi\u00e7os<\/strong><\/h3>\n<h4><strong><img decoding=\"async\" class=\"emoji\" role=\"img\" draggable=\"false\" src=\"https:\/\/s.w.org\/images\/core\/emoji\/15.0.3\/svg\/2714.svg\" alt=\"\u2714\" \/>\u00a0 Fonte transfronteiri\u00e7a\u00a0 \u00a0 \u00a0 \u00a0 \u00a0\u00a0<img decoding=\"async\" class=\"emoji\" role=\"img\" draggable=\"false\" src=\"https:\/\/s.w.org\/images\/core\/emoji\/15.0.3\/svg\/2714.svg\" alt=\"\u2714\" \/>\u00a0 Personaliza\u00e7\u00e3o do suporte<\/strong><\/h4>\n<h4><strong><img decoding=\"async\" class=\"emoji\" role=\"img\" draggable=\"false\" src=\"https:\/\/s.w.org\/images\/core\/emoji\/15.0.3\/svg\/2714.svg\" alt=\"\u2714\" \/>\u00a0 F\u00e1brica de origem\u00a0 \u00a0 \u00a0 \u00a0 \u00a0 \u00a0 \u00a0 \u00a0 \u00a0 \u00a0 \u00a0 \u00a0<img decoding=\"async\" class=\"emoji\" role=\"img\" draggable=\"false\" src=\"https:\/\/s.w.org\/images\/core\/emoji\/15.0.3\/svg\/2714.svg\" alt=\"\u2714\" \/>\u00a0 Desenvolvimento de produtos<\/strong><\/h4>\n<h4><strong><img decoding=\"async\" class=\"emoji\" role=\"img\" draggable=\"false\" src=\"https:\/\/s.w.org\/images\/core\/emoji\/15.0.3\/svg\/2714.svg\" alt=\"\u2714\" \/>\u00a0 Adapta\u00e7\u00e3o \u00e0 amostra\u00a0 \u00a0 \u00a0 \u00a0 \u00a0 \u00a0 \u00a0 \u00a0 \u00a0 \u00a0\u00a0<img decoding=\"async\" class=\"emoji\" role=\"img\" draggable=\"false\" src=\"https:\/\/s.w.org\/images\/core\/emoji\/15.0.3\/svg\/2714.svg\" alt=\"\u2714\" \/>\u00a0 Autoriza\u00e7\u00e3o de marca<\/strong><\/h4>\n<p>&nbsp;<\/p>\n<h2 style=\"text-align: left;\"><strong>Perguntas ou coment\u00e1rios? <\/strong><\/h2>\n<h2 style=\"text-align: left;\"><strong>wlwer@williamweir.com<\/strong><\/h2>\n<h4><strong>\u00a0<\/strong><\/h4>","protected":false},"featured_media":5552,"template":"","meta":{"_uag_custom_page_level_css":"","site-sidebar-layout":"default","site-content-layout":"","ast-site-content-layout":"default","site-content-style":"default","site-sidebar-style":"default","ast-global-header-display":"","ast-banner-title-visibility":"","ast-main-header-display":"","ast-hfb-above-header-display":"","ast-hfb-below-header-display":"","ast-hfb-mobile-header-display":"","site-post-title":"","ast-breadcrumbs-content":"","ast-featured-img":"","footer-sml-layout":"","theme-transparent-header-meta":"default","adv-header-id-meta":"","stick-header-meta":"","header-above-stick-meta":"","header-main-stick-meta":"","header-below-stick-meta":"","astra-migrate-meta-layouts":"set","ast-page-background-enabled":"default","ast-page-background-meta":{"desktop":{"background-color":"","background-image":"","background-repeat":"repeat","background-position":"center center","background-size":"auto","background-attachment":"scroll","background-type":"","background-media":"","overlay-type":"","overlay-color":"","overlay-opacity":"","overlay-gradient":""},"tablet":{"background-color":"","background-image":"","background-repeat":"repeat","background-position":"center center","background-size":"auto","background-attachment":"scroll","background-type":"","background-media":"","overlay-type":"","overlay-color":"","overlay-opacity":"","overlay-gradient":""},"mobile":{"background-color":"","background-image":"","background-repeat":"repeat","background-position":"center center","background-size":"auto","background-attachment":"scroll","background-type":"","background-media":"","overlay-type":"","overlay-color":"","overlay-opacity":"","overlay-gradient":""}},"ast-content-background-meta":{"desktop":{"background-color":"var(--ast-global-color-5)","background-image":"","background-repeat":"repeat","background-position":"center center","background-size":"auto","background-attachment":"scroll","background-type":"","background-media":"","overlay-type":"","overlay-color":"","overlay-opacity":"","overlay-gradient":""},"tablet":{"background-color":"var(--ast-global-color-5)","background-image":"","background-repeat":"repeat","background-position":"center center","background-size":"auto","background-attachment":"scroll","background-type":"","background-media":"","overlay-type":"","overlay-color":"","overlay-opacity":"","overlay-gradient":""},"mobile":{"background-color":"var(--ast-global-color-5)","background-image":"","background-repeat":"repeat","background-position":"center center","background-size":"auto","background-attachment":"scroll","background-type":"","background-media":"","overlay-type":"","overlay-color":"","overlay-opacity":"","overlay-gradient":""}}},"product_brand":[],"product_cat":[77],"product_tag":[216,217],"class_list":{"0":"post-5551","1":"product","2":"type-product","3":"status-publish","4":"has-post-thumbnail","6":"product_cat-car-cleaning-and-maintenance","7":"product_tag-car-interior-maintenance-wax","8":"product_tag-table-wax","9":"desktop-align-center","10":"tablet-align-left","11":"mobile-align-left","12":"ast-product-gallery-layout-horizontal-slider","13":"ast-product-gallery-with-no-image","14":"ast-product-tabs-layout-horizontal","16":"first","17":"instock","18":"shipping-taxable","19":"product-type-simple"},"aioseo_notices":[],"uagb_featured_image_src":{"full":["https:\/\/williamweir.com\/wp-content\/uploads\/2024\/10\/9879430.jpg",800,800,false],"thumbnail":["https:\/\/williamweir.com\/wp-content\/uploads\/2024\/10\/9879430-300x300.jpg",300,300,true],"medium":["https:\/\/williamweir.com\/wp-content\/uploads\/2024\/10\/9879430-600x600.jpg",600,600,true],"medium_large":["https:\/\/williamweir.com\/wp-content\/uploads\/2024\/10\/9879430-768x768.jpg",768,768,true],"large":["https:\/\/williamweir.com\/wp-content\/uploads\/2024\/10\/9879430.jpg",800,800,false],"1536x1536":["https:\/\/williamweir.com\/wp-content\/uploads\/2024\/10\/9879430.jpg",800,800,false],"2048x2048":["https:\/\/williamweir.com\/wp-content\/uploads\/2024\/10\/9879430.jpg",800,800,false],"trp-custom-language-flag":["https:\/\/williamweir.com\/wp-content\/uploads\/2024\/10\/9879430-12x12.jpg",12,12,true],"woocommerce_thumbnail":["https:\/\/williamweir.com\/wp-content\/uploads\/2024\/10\/9879430-600x600.jpg",600,600,true],"woocommerce_single":["https:\/\/williamweir.com\/wp-content\/uploads\/2024\/10\/9879430-600x600.jpg",600,600,true],"woocommerce_gallery_thumbnail":["https:\/\/williamweir.com\/wp-content\/uploads\/2024\/10\/9879430-100x100.jpg",100,100,true]},"uagb_author_info":{"display_name":"wlwer","author_link":"https:\/\/williamweir.com\/pt\/author\/"},"uagb_comment_info":0,"uagb_excerpt":"Our factory provides OEM\/ODM processing services, we can tailor products for you; Our MOQ is low, generally the minimum quantity is 1000 bottles can be produced; Our products are inexpensive, excellent product quality, in line with any national laws and regulations and customer needs! \u00a0 \u00a0 \u00a0 We also offer the following services \u00a0 Cross-border&hellip;","_links":{"self":[{"href":"https:\/\/williamweir.com\/pt\/wp-json\/wp\/v2\/product\/5551"}],"collection":[{"href":"https:\/\/williamweir.com\/pt\/wp-json\/wp\/v2\/product"}],"about":[{"href":"https:\/\/williamweir.com\/pt\/wp-json\/wp\/v2\/types\/product"}],"version-history":[{"count":6,"href":"https:\/\/williamweir.com\/pt\/wp-json\/wp\/v2\/product\/5551\/revisions"}],"predecessor-version":[{"id":8218,"href":"https:\/\/williamweir.com\/pt\/wp-json\/wp\/v2\/product\/5551\/revisions\/8218"}],"wp:featuredmedia":[{"embeddable":true,"href":"https:\/\/williamweir.com\/pt\/wp-json\/wp\/v2\/media\/5552"}],"wp:attachment":[{"href":"https:\/\/williamweir.com\/pt\/wp-json\/wp\/v2\/media?parent=5551"}],"wp:term":[{"taxonomy":"product_brand","embeddable":true,"href":"https:\/\/williamweir.com\/pt\/wp-json\/wp\/v2\/product_brand?post=5551"},{"taxonomy":"product_cat","embeddable":true,"href":"https:\/\/williamweir.com\/pt\/wp-json\/wp\/v2\/product_cat?post=5551"},{"taxonomy":"product_tag","embeddable":true,"href":"https:\/\/williamweir.com\/pt\/wp-json\/wp\/v2\/product_tag?post=5551"}],"curies":[{"name":"wp","href":"https:\/\/api.w.org\/{rel}","templated":true}]}}