{"id":5533,"date":"2024-10-31T07:56:12","date_gmt":"2024-10-31T07:56:12","guid":{"rendered":"https:\/\/williamweir.com\/?post_type=product&#038;p=5533"},"modified":"2025-05-24T01:31:58","modified_gmt":"2025-05-24T01:31:58","slug":"super-exterior-protectant","status":"publish","type":"product","link":"https:\/\/williamweir.com\/pt\/produto\/super-exterior-protectant\/","title":{"rendered":"super protetor exterior"},"content":{"rendered":"<p><strong>C\u00f3digo do produto\uff1a0871<\/strong><\/p>\n<p><strong>I. Carater\u00edsticas do produto<\/strong><\/p>\n<p>Repara\u00e7\u00e3o potente: Remove eficazmente os riscos, o desvanecimento e as camadas de oxida\u00e7\u00e3o na superf\u00edcie das pe\u00e7as de pl\u00e1stico, fazendo com que as pe\u00e7as de pl\u00e1stico pare\u00e7am novas.<br \/>\nRestauro de cores: Corresponde com exatid\u00e3o \u00e0s cores de v\u00e1rias pe\u00e7as de pl\u00e1stico para tornar a cor restaurada natural e realista.<br \/>\nProte\u00e7\u00e3o de longa dura\u00e7\u00e3o: A pel\u00edcula protetora formada tem uma boa durabilidade e pode resistir \u00e0 eros\u00e3o dos raios ultravioleta, \u00e0s altas temperaturas e \u00e0s subst\u00e2ncias qu\u00edmicas.<br \/>\nSeguro e amigo do ambiente: N\u00e3o cont\u00e9m subst\u00e2ncias nocivas e \u00e9 inofensivo para os seres humanos e para o ambiente.<br \/>\nFuncionamento simples: N\u00e3o s\u00e3o necess\u00e1rias compet\u00eancias profissionais. Basta seguir as instru\u00e7\u00f5es de funcionamento.<\/p>\n<p><strong>II. Ingredientes do produto<\/strong><\/p>\n<p>1.-Pol\u00edmero: Pode formar uma forte pel\u00edcula protetora na superf\u00edcie do pl\u00e1stico para aumentar a dureza e a resist\u00eancia ao desgaste do pl\u00e1stico.<br \/>\n2.-Pigmento: Utilizado para reparar e melhorar a cor das pe\u00e7as de pl\u00e1stico e torn\u00e1-las novamente brilhantes.<br \/>\n3.-Antioxidante: Atrasa o envelhecimento das pe\u00e7as de pl\u00e1stico e evita o amarelecimento e as fissuras.<br \/>\n4.-Lubrificante: Torna o processo de renova\u00e7\u00e3o mais suave e reduz os danos por fric\u00e7\u00e3o nas pe\u00e7as de pl\u00e1stico.<\/p>\n<p><strong>III. \u00c2mbito de aplica\u00e7\u00e3o<\/strong><\/p>\n<p>Adequado para v\u00e1rias pe\u00e7as de pl\u00e1stico de interiores e exteriores de autom\u00f3veis, tais como pain\u00e9is de instrumentos, para-choques, puxadores de portas, etc.<\/p>\n<p><strong>IV. M\u00e9todo de utiliza\u00e7\u00e3o<\/strong><\/p>\n<p>Limpar a pe\u00e7a de pl\u00e1stico: Utilize um produto de limpeza suave e um pano macio para limpar a superf\u00edcie da pe\u00e7a de pl\u00e1stico e remover o p\u00f3 e as manchas.<br \/>\nAgitar bem o agente renovador: Agitar bem o agente renovador para garantir que os ingredientes s\u00e3o misturados de forma homog\u00e9nea.<br \/>\nAplicar o agente renovador: Utilizar uma esponja ou uma pistola de pulveriza\u00e7\u00e3o para aplicar ou pulverizar uniformemente o agente renovador na superf\u00edcie da pe\u00e7a de pl\u00e1stico.<br \/>\nAguardar a secagem: Deixar o agente de renova\u00e7\u00e3o secar naturalmente. O tempo de secagem pode variar em fun\u00e7\u00e3o da temperatura e da humidade ambiente.<br \/>\nTratamento de polimento: Se necess\u00e1rio, utilizar um pano limpo e macio para polir, de modo a tornar a superf\u00edcie da pe\u00e7a de pl\u00e1stico mais lisa e brilhante.<\/p>\n<p><strong>V. Precau\u00e7\u00f5es<\/strong><\/p>\n<p>Evitar o contacto com os olhos e a boca. Em caso de contacto acidental, lavar imediatamente com \u00e1gua abundante e procurar assist\u00eancia m\u00e9dica atempadamente.<br \/>\nColocar o produto num local de dif\u00edcil acesso para evitar que as crian\u00e7as o comam por engano.<br \/>\nSe surgirem sintomas al\u00e9rgicos ou outros sintomas inc\u00f3modos na pele durante a utiliza\u00e7\u00e3o, interromper imediatamente a utiliza\u00e7\u00e3o e consultar um m\u00e9dico.<br \/>\nO produto deve ser armazenado num local fresco e seco, longe da luz solar direta e de ambientes com temperaturas elevadas, para evitar afetar o seu desempenho e prazo de validade.<\/p>","protected":false},"excerpt":{"rendered":"<p>A nossa f\u00e1brica fornece servi\u00e7os de processamento OEM\/ODM, podemos personalizar produtos para si; O nosso MOQ \u00e9 baixo, geralmente a quantidade m\u00ednima \u00e9 de 1000 garrafas que podem ser produzidas; Os nossos produtos s\u00e3o baratos, de excelente qualidade, em conformidade com quaisquer leis e regulamentos nacionais e necessidades dos clientes!<\/p>\n<h3><strong>\u00a0 \u00a0 \u00a0 Oferecemos tamb\u00e9m os seguintes servi\u00e7os<\/strong><\/h3>\n<h4><strong><img decoding=\"async\" class=\"emoji\" role=\"img\" draggable=\"false\" src=\"https:\/\/s.w.org\/images\/core\/emoji\/15.0.3\/svg\/2714.svg\" alt=\"\u2714\" \/>\u00a0 Fonte transfronteiri\u00e7a\u00a0 \u00a0 \u00a0 \u00a0 \u00a0\u00a0<img decoding=\"async\" class=\"emoji\" role=\"img\" draggable=\"false\" src=\"https:\/\/s.w.org\/images\/core\/emoji\/15.0.3\/svg\/2714.svg\" alt=\"\u2714\" \/>\u00a0 Personaliza\u00e7\u00e3o do suporte<\/strong><\/h4>\n<h4><strong><img decoding=\"async\" class=\"emoji\" role=\"img\" draggable=\"false\" src=\"https:\/\/s.w.org\/images\/core\/emoji\/15.0.3\/svg\/2714.svg\" alt=\"\u2714\" \/>\u00a0 F\u00e1brica de origem\u00a0 \u00a0 \u00a0 \u00a0 \u00a0 \u00a0 \u00a0 \u00a0 \u00a0 \u00a0 \u00a0 \u00a0<img decoding=\"async\" class=\"emoji\" role=\"img\" draggable=\"false\" src=\"https:\/\/s.w.org\/images\/core\/emoji\/15.0.3\/svg\/2714.svg\" alt=\"\u2714\" \/>\u00a0 Desenvolvimento de produtos<\/strong><\/h4>\n<h4><strong><img decoding=\"async\" class=\"emoji\" role=\"img\" draggable=\"false\" src=\"https:\/\/s.w.org\/images\/core\/emoji\/15.0.3\/svg\/2714.svg\" alt=\"\u2714\" \/>\u00a0 Adapta\u00e7\u00e3o \u00e0 amostra\u00a0 \u00a0 \u00a0 \u00a0 \u00a0 \u00a0 \u00a0 \u00a0 \u00a0 \u00a0\u00a0<img decoding=\"async\" class=\"emoji\" role=\"img\" draggable=\"false\" src=\"https:\/\/s.w.org\/images\/core\/emoji\/15.0.3\/svg\/2714.svg\" alt=\"\u2714\" \/>\u00a0 Autoriza\u00e7\u00e3o de marca<\/strong><\/h4>\n<p>&nbsp;<\/p>\n<h2 style=\"text-align: left;\"><strong>Perguntas ou coment\u00e1rios? <\/strong><\/h2>\n<h2 style=\"text-align: left;\"><strong>wlwer@williamweir.com<\/strong><\/h2>\n<h4><strong>\u00a0<\/strong><\/h4>","protected":false},"featured_media":12068,"template":"","meta":{"_uag_custom_page_level_css":"","site-sidebar-layout":"default","site-content-layout":"","ast-site-content-layout":"default","site-content-style":"default","site-sidebar-style":"default","ast-global-header-display":"","ast-banner-title-visibility":"","ast-main-header-display":"","ast-hfb-above-header-display":"","ast-hfb-below-header-display":"","ast-hfb-mobile-header-display":"","site-post-title":"","ast-breadcrumbs-content":"","ast-featured-img":"","footer-sml-layout":"","theme-transparent-header-meta":"default","adv-header-id-meta":"","stick-header-meta":"","header-above-stick-meta":"","header-main-stick-meta":"","header-below-stick-meta":"","astra-migrate-meta-layouts":"set","ast-page-background-enabled":"default","ast-page-background-meta":{"desktop":{"background-color":"","background-image":"","background-repeat":"repeat","background-position":"center center","background-size":"auto","background-attachment":"scroll","background-type":"","background-media":"","overlay-type":"","overlay-color":"","overlay-opacity":"","overlay-gradient":""},"tablet":{"background-color":"","background-image":"","background-repeat":"repeat","background-position":"center center","background-size":"auto","background-attachment":"scroll","background-type":"","background-media":"","overlay-type":"","overlay-color":"","overlay-opacity":"","overlay-gradient":""},"mobile":{"background-color":"","background-image":"","background-repeat":"repeat","background-position":"center center","background-size":"auto","background-attachment":"scroll","background-type":"","background-media":"","overlay-type":"","overlay-color":"","overlay-opacity":"","overlay-gradient":""}},"ast-content-background-meta":{"desktop":{"background-color":"var(--ast-global-color-5)","background-image":"","background-repeat":"repeat","background-position":"center center","background-size":"auto","background-attachment":"scroll","background-type":"","background-media":"","overlay-type":"","overlay-color":"","overlay-opacity":"","overlay-gradient":""},"tablet":{"background-color":"var(--ast-global-color-5)","background-image":"","background-repeat":"repeat","background-position":"center center","background-size":"auto","background-attachment":"scroll","background-type":"","background-media":"","overlay-type":"","overlay-color":"","overlay-opacity":"","overlay-gradient":""},"mobile":{"background-color":"var(--ast-global-color-5)","background-image":"","background-repeat":"repeat","background-position":"center center","background-size":"auto","background-attachment":"scroll","background-type":"","background-media":"","overlay-type":"","overlay-color":"","overlay-opacity":"","overlay-gradient":""}}},"product_brand":[],"product_cat":[77],"product_tag":[227,225,226],"class_list":{"0":"post-5533","1":"product","2":"type-product","3":"status-publish","4":"has-post-thumbnail","6":"product_cat-car-cleaning-and-maintenance","7":"product_tag-automotive-maintenance-liquid-wax","8":"product_tag-automotive-plastic-parts-retreading-agent","9":"product_tag-sheet-wax","10":"desktop-align-center","11":"tablet-align-left","12":"mobile-align-left","13":"ast-product-gallery-layout-horizontal-slider","14":"ast-product-tabs-layout-horizontal","16":"first","17":"instock","18":"shipping-taxable","19":"product-type-simple"},"aioseo_notices":[],"uagb_featured_image_src":{"full":["https:\/\/williamweir.com\/wp-content\/uploads\/2024\/10\/1-20.jpg",1000,1000,false],"thumbnail":["https:\/\/williamweir.com\/wp-content\/uploads\/2024\/10\/1-20-300x300.jpg",300,300,true],"medium":["https:\/\/williamweir.com\/wp-content\/uploads\/2024\/10\/1-20-600x600.jpg",600,600,true],"medium_large":["https:\/\/williamweir.com\/wp-content\/uploads\/2024\/10\/1-20-768x768.jpg",768,768,true],"large":["https:\/\/williamweir.com\/wp-content\/uploads\/2024\/10\/1-20.jpg",1000,1000,false],"1536x1536":["https:\/\/williamweir.com\/wp-content\/uploads\/2024\/10\/1-20.jpg",1000,1000,false],"2048x2048":["https:\/\/williamweir.com\/wp-content\/uploads\/2024\/10\/1-20.jpg",1000,1000,false],"trp-custom-language-flag":["https:\/\/williamweir.com\/wp-content\/uploads\/2024\/10\/1-20-12x12.jpg",12,12,true],"woocommerce_thumbnail":["https:\/\/williamweir.com\/wp-content\/uploads\/2024\/10\/1-20-600x600.jpg",600,600,true],"woocommerce_single":["https:\/\/williamweir.com\/wp-content\/uploads\/2024\/10\/1-20-600x600.jpg",600,600,true],"woocommerce_gallery_thumbnail":["https:\/\/williamweir.com\/wp-content\/uploads\/2024\/10\/1-20-100x100.jpg",100,100,true]},"uagb_author_info":{"display_name":"wlwer","author_link":"https:\/\/williamweir.com\/pt\/author\/"},"uagb_comment_info":0,"uagb_excerpt":"Our factory provides OEM\/ODM processing services, we can tailor products for you; Our MOQ is low, generally the minimum quantity is 1000 bottles can be produced; Our products are inexpensive, excellent product quality, in line with any national laws and regulations and customer needs! \u00a0 \u00a0 \u00a0 We also offer the following services \u00a0 Cross-border&hellip;","_links":{"self":[{"href":"https:\/\/williamweir.com\/pt\/wp-json\/wp\/v2\/product\/5533"}],"collection":[{"href":"https:\/\/williamweir.com\/pt\/wp-json\/wp\/v2\/product"}],"about":[{"href":"https:\/\/williamweir.com\/pt\/wp-json\/wp\/v2\/types\/product"}],"version-history":[{"count":5,"href":"https:\/\/williamweir.com\/pt\/wp-json\/wp\/v2\/product\/5533\/revisions"}],"predecessor-version":[{"id":8225,"href":"https:\/\/williamweir.com\/pt\/wp-json\/wp\/v2\/product\/5533\/revisions\/8225"}],"wp:featuredmedia":[{"embeddable":true,"href":"https:\/\/williamweir.com\/pt\/wp-json\/wp\/v2\/media\/12068"}],"wp:attachment":[{"href":"https:\/\/williamweir.com\/pt\/wp-json\/wp\/v2\/media?parent=5533"}],"wp:term":[{"taxonomy":"product_brand","embeddable":true,"href":"https:\/\/williamweir.com\/pt\/wp-json\/wp\/v2\/product_brand?post=5533"},{"taxonomy":"product_cat","embeddable":true,"href":"https:\/\/williamweir.com\/pt\/wp-json\/wp\/v2\/product_cat?post=5533"},{"taxonomy":"product_tag","embeddable":true,"href":"https:\/\/williamweir.com\/pt\/wp-json\/wp\/v2\/product_tag?post=5533"}],"curies":[{"name":"wp","href":"https:\/\/api.w.org\/{rel}","templated":true}]}}