{"id":5499,"date":"2024-10-31T07:38:18","date_gmt":"2024-10-31T07:38:18","guid":{"rendered":"https:\/\/williamweir.com\/?post_type=product&#038;p=5499"},"modified":"2025-05-24T01:39:19","modified_gmt":"2025-05-24T01:39:19","slug":"wood-care-wax","status":"publish","type":"product","link":"https:\/\/williamweir.com\/pt\/produto\/wood-care-wax\/","title":{"rendered":"Cera para tratamento de madeira"},"content":{"rendered":"<p><strong>C\u00f3digo do produto\uff1a0970<\/strong><\/p>\n<p><strong>I. Introdu\u00e7\u00e3o do produto:<\/strong><\/p>\n<p>Este produto \u00e9 um produto de manuten\u00e7\u00e3o e cuidado de alta qualidade especialmente concebido para mobili\u00e1rio e produtos de madeira. Pode cuidar eficazmente de v\u00e1rias superf\u00edcies de madeira, mant\u00ea-las naturais e bonitas e prolongar a vida \u00fatil dos artigos de madeira.<\/p>\n<p><strong>II. Carater\u00edsticas do produto:<\/strong><\/p>\n<p>Nutri\u00e7\u00e3o profunda: Rico em ingredientes nutritivos, tais como \u00f3leos naturais, pode penetrar profundamente no interior da madeira, suplementar a humidade e os nutrientes de que a madeira necessita e evitar que a madeira seque e rache.<br \/>\nForte desempenho de prote\u00e7\u00e3o: Forma uma pel\u00edcula protetora s\u00f3lida sobre a superf\u00edcie de madeira para resistir eficazmente ao desgaste di\u00e1rio, aos riscos e \u00e0 invas\u00e3o de p\u00f3 e manchas.<br \/>\nAumentar o brilho: A superf\u00edcie de madeira apresenta um brilho quente e brilhante, real\u00e7a a beleza do mobili\u00e1rio de madeira e confere uma atmosfera acolhedora ao ambiente dom\u00e9stico.<br \/>\nSeguro e amigo do ambiente: N\u00e3o cont\u00e9m qu\u00edmicos nocivos, \u00e9 inofensivo para o corpo humano e para o ambiente e pode ser utilizado com seguran\u00e7a e confian\u00e7a.<br \/>\nAmplamente aplic\u00e1vel: Adequado para artigos de madeira de diferentes materiais, tais como v\u00e1rias madeiras maci\u00e7as e madeiras artificiais.<\/p>\n<p><strong>III. M\u00e9todo de utiliza\u00e7\u00e3o:<\/strong><\/p>\n<p>Em primeiro lugar, limpe a superf\u00edcie de madeira para remover o p\u00f3 e os detritos.<br \/>\nMergulhe uma quantidade adequada de cera de tratamento para madeira com um pano ou esponja macia.<br \/>\nAplique-o uniformemente na superf\u00edcie da madeira e limpe ao longo da dire\u00e7\u00e3o dos veios da madeira.<br \/>\nAguardar um per\u00edodo de tempo para permitir que a cera de cuidado penetre completamente e seque.<br \/>\nLimpar e polir suavemente com um pano macio e limpo para remover o excesso de cera de conserva\u00e7\u00e3o e tornar a superf\u00edcie de madeira lisa e brilhante.<\/p>\n<p><strong>IV. Precau\u00e7\u00f5es:<\/strong><\/p>\n<p>Coloque-o num local onde as crian\u00e7as n\u00e3o o possam alcan\u00e7ar facilmente.<br \/>\nAntes de utilizar, fa\u00e7a um teste num local discreto. Depois de confirmar que n\u00e3o h\u00e1 reac\u00e7\u00f5es adversas, utilize-o numa \u00e1rea grande.<br \/>\nEvitar a utiliza\u00e7\u00e3o e o armazenamento em ambientes com temperaturas elevadas, luz solar direta ou humidade.<br \/>\nSe entrar acidentalmente em contacto com os olhos ou a pele, lavar imediatamente com uma grande quantidade de \u00e1gua limpa.<\/p>","protected":false},"excerpt":{"rendered":"<p>A nossa f\u00e1brica fornece servi\u00e7os de processamento OEM\/ODM, podemos personalizar produtos para si; O nosso MOQ \u00e9 baixo, geralmente a quantidade m\u00ednima \u00e9 de 1000 garrafas que podem ser produzidas; Os nossos produtos s\u00e3o baratos, de excelente qualidade, em conformidade com quaisquer leis e regulamentos nacionais e necessidades dos clientes!<\/p>\n<h3><strong>\u00a0 \u00a0 \u00a0 Oferecemos tamb\u00e9m os seguintes servi\u00e7os<\/strong><\/h3>\n<h4><strong><img decoding=\"async\" class=\"emoji\" role=\"img\" draggable=\"false\" src=\"https:\/\/s.w.org\/images\/core\/emoji\/15.0.3\/svg\/2714.svg\" alt=\"\u2714\" \/>\u00a0 Fonte transfronteiri\u00e7a\u00a0 \u00a0 \u00a0 \u00a0 \u00a0\u00a0<img decoding=\"async\" class=\"emoji\" role=\"img\" draggable=\"false\" src=\"https:\/\/s.w.org\/images\/core\/emoji\/15.0.3\/svg\/2714.svg\" alt=\"\u2714\" \/>\u00a0 Personaliza\u00e7\u00e3o do suporte<\/strong><\/h4>\n<h4><strong><img decoding=\"async\" class=\"emoji\" role=\"img\" draggable=\"false\" src=\"https:\/\/s.w.org\/images\/core\/emoji\/15.0.3\/svg\/2714.svg\" alt=\"\u2714\" \/>\u00a0 F\u00e1brica de origem\u00a0 \u00a0 \u00a0 \u00a0 \u00a0 \u00a0 \u00a0 \u00a0 \u00a0 \u00a0 \u00a0 \u00a0<img decoding=\"async\" class=\"emoji\" role=\"img\" draggable=\"false\" src=\"https:\/\/s.w.org\/images\/core\/emoji\/15.0.3\/svg\/2714.svg\" alt=\"\u2714\" \/>\u00a0 Desenvolvimento de produtos<\/strong><\/h4>\n<h4><strong><img decoding=\"async\" class=\"emoji\" role=\"img\" draggable=\"false\" src=\"https:\/\/s.w.org\/images\/core\/emoji\/15.0.3\/svg\/2714.svg\" alt=\"\u2714\" \/>\u00a0 Adapta\u00e7\u00e3o \u00e0 amostra\u00a0 \u00a0 \u00a0 \u00a0 \u00a0 \u00a0 \u00a0 \u00a0 \u00a0 \u00a0\u00a0<img decoding=\"async\" class=\"emoji\" role=\"img\" draggable=\"false\" src=\"https:\/\/s.w.org\/images\/core\/emoji\/15.0.3\/svg\/2714.svg\" alt=\"\u2714\" \/>\u00a0 Autoriza\u00e7\u00e3o de marca<\/strong><\/h4>\n<p>&nbsp;<\/p>\n<h2 style=\"text-align: left;\"><strong>Perguntas ou coment\u00e1rios? <\/strong><\/h2>\n<h2 style=\"text-align: left;\"><strong>wlwer@williamweir.com<\/strong><\/h2>\n<h4><strong>\u00a0<\/strong><\/h4>","protected":false},"featured_media":12112,"template":"","meta":{"_uag_custom_page_level_css":"","site-sidebar-layout":"default","site-content-layout":"","ast-site-content-layout":"default","site-content-style":"default","site-sidebar-style":"default","ast-global-header-display":"","ast-banner-title-visibility":"","ast-main-header-display":"","ast-hfb-above-header-display":"","ast-hfb-below-header-display":"","ast-hfb-mobile-header-display":"","site-post-title":"","ast-breadcrumbs-content":"","ast-featured-img":"","footer-sml-layout":"","theme-transparent-header-meta":"default","adv-header-id-meta":"","stick-header-meta":"","header-above-stick-meta":"","header-main-stick-meta":"","header-below-stick-meta":"","astra-migrate-meta-layouts":"set","ast-page-background-enabled":"default","ast-page-background-meta":{"desktop":{"background-color":"","background-image":"","background-repeat":"repeat","background-position":"center center","background-size":"auto","background-attachment":"scroll","background-type":"","background-media":"","overlay-type":"","overlay-color":"","overlay-opacity":"","overlay-gradient":""},"tablet":{"background-color":"","background-image":"","background-repeat":"repeat","background-position":"center center","background-size":"auto","background-attachment":"scroll","background-type":"","background-media":"","overlay-type":"","overlay-color":"","overlay-opacity":"","overlay-gradient":""},"mobile":{"background-color":"","background-image":"","background-repeat":"repeat","background-position":"center center","background-size":"auto","background-attachment":"scroll","background-type":"","background-media":"","overlay-type":"","overlay-color":"","overlay-opacity":"","overlay-gradient":""}},"ast-content-background-meta":{"desktop":{"background-color":"var(--ast-global-color-5)","background-image":"","background-repeat":"repeat","background-position":"center center","background-size":"auto","background-attachment":"scroll","background-type":"","background-media":"","overlay-type":"","overlay-color":"","overlay-opacity":"","overlay-gradient":""},"tablet":{"background-color":"var(--ast-global-color-5)","background-image":"","background-repeat":"repeat","background-position":"center center","background-size":"auto","background-attachment":"scroll","background-type":"","background-media":"","overlay-type":"","overlay-color":"","overlay-opacity":"","overlay-gradient":""},"mobile":{"background-color":"var(--ast-global-color-5)","background-image":"","background-repeat":"repeat","background-position":"center center","background-size":"auto","background-attachment":"scroll","background-type":"","background-media":"","overlay-type":"","overlay-color":"","overlay-opacity":"","overlay-gradient":""}}},"product_brand":[],"product_cat":[71],"product_tag":[195,237],"class_list":{"0":"post-5499","1":"product","2":"type-product","3":"status-publish","4":"has-post-thumbnail","6":"product_cat-maintenance-polishing-of-wood-products","7":"product_tag-polishing-wax","8":"product_tag-wood-care-wax","9":"desktop-align-center","10":"tablet-align-left","11":"mobile-align-left","12":"ast-product-gallery-layout-horizontal-slider","13":"ast-product-tabs-layout-horizontal","15":"first","16":"instock","17":"shipping-taxable","18":"product-type-simple"},"aioseo_notices":[],"uagb_featured_image_src":{"full":["https:\/\/williamweir.com\/wp-content\/uploads\/2024\/10\/1-31.jpg",1000,1000,false],"thumbnail":["https:\/\/williamweir.com\/wp-content\/uploads\/2024\/10\/1-31-300x300.jpg",300,300,true],"medium":["https:\/\/williamweir.com\/wp-content\/uploads\/2024\/10\/1-31-600x600.jpg",600,600,true],"medium_large":["https:\/\/williamweir.com\/wp-content\/uploads\/2024\/10\/1-31-768x768.jpg",768,768,true],"large":["https:\/\/williamweir.com\/wp-content\/uploads\/2024\/10\/1-31.jpg",1000,1000,false],"1536x1536":["https:\/\/williamweir.com\/wp-content\/uploads\/2024\/10\/1-31.jpg",1000,1000,false],"2048x2048":["https:\/\/williamweir.com\/wp-content\/uploads\/2024\/10\/1-31.jpg",1000,1000,false],"trp-custom-language-flag":["https:\/\/williamweir.com\/wp-content\/uploads\/2024\/10\/1-31-12x12.jpg",12,12,true],"woocommerce_thumbnail":["https:\/\/williamweir.com\/wp-content\/uploads\/2024\/10\/1-31-600x600.jpg",600,600,true],"woocommerce_single":["https:\/\/williamweir.com\/wp-content\/uploads\/2024\/10\/1-31-600x600.jpg",600,600,true],"woocommerce_gallery_thumbnail":["https:\/\/williamweir.com\/wp-content\/uploads\/2024\/10\/1-31-100x100.jpg",100,100,true]},"uagb_author_info":{"display_name":"wlwer","author_link":"https:\/\/williamweir.com\/pt\/author\/"},"uagb_comment_info":0,"uagb_excerpt":"Our factory provides OEM\/ODM processing services, we can tailor products for you; Our MOQ is low, generally the minimum quantity is 1000 bottles can be produced; Our products are inexpensive, excellent product quality, in line with any national laws and regulations and customer needs! \u00a0 \u00a0 \u00a0 We also offer the following services \u00a0 Cross-border&hellip;","_links":{"self":[{"href":"https:\/\/williamweir.com\/pt\/wp-json\/wp\/v2\/product\/5499"}],"collection":[{"href":"https:\/\/williamweir.com\/pt\/wp-json\/wp\/v2\/product"}],"about":[{"href":"https:\/\/williamweir.com\/pt\/wp-json\/wp\/v2\/types\/product"}],"version-history":[{"count":6,"href":"https:\/\/williamweir.com\/pt\/wp-json\/wp\/v2\/product\/5499\/revisions"}],"predecessor-version":[{"id":8238,"href":"https:\/\/williamweir.com\/pt\/wp-json\/wp\/v2\/product\/5499\/revisions\/8238"}],"wp:featuredmedia":[{"embeddable":true,"href":"https:\/\/williamweir.com\/pt\/wp-json\/wp\/v2\/media\/12112"}],"wp:attachment":[{"href":"https:\/\/williamweir.com\/pt\/wp-json\/wp\/v2\/media?parent=5499"}],"wp:term":[{"taxonomy":"product_brand","embeddable":true,"href":"https:\/\/williamweir.com\/pt\/wp-json\/wp\/v2\/product_brand?post=5499"},{"taxonomy":"product_cat","embeddable":true,"href":"https:\/\/williamweir.com\/pt\/wp-json\/wp\/v2\/product_cat?post=5499"},{"taxonomy":"product_tag","embeddable":true,"href":"https:\/\/williamweir.com\/pt\/wp-json\/wp\/v2\/product_tag?post=5499"}],"curies":[{"name":"wp","href":"https:\/\/api.w.org\/{rel}","templated":true}]}}