{"id":5486,"date":"2024-10-31T07:31:34","date_gmt":"2024-10-31T07:31:34","guid":{"rendered":"https:\/\/williamweir.com\/?post_type=product&#038;p=5486"},"modified":"2025-05-24T01:39:46","modified_gmt":"2025-05-24T01:39:46","slug":"washing-machine-tank-cleaner","status":"publish","type":"product","link":"https:\/\/williamweir.com\/pt\/produto\/washing-machine-tank-cleaner\/","title":{"rendered":"Tanque da m\u00e1quina de lavar roupa Limpador"},"content":{"rendered":"<p><strong>C\u00f3digo do produto\uff1a1731<\/strong><\/p>\n<p><strong>I. Introdu\u00e7\u00e3o do produto<\/strong><\/p>\n<p>Este produto \u00e9 um produto de limpeza especialmente concebido para limpar a cuba da m\u00e1quina de lavar roupa. Pode remover eficazmente a sujidade, as bact\u00e9rias e os odores da cuba da m\u00e1quina de lavar roupa, proporcionando-lhe um ambiente de lavagem limpo e higi\u00e9nico.<\/p>\n<p><strong>II. Carater\u00edsticas do produto<\/strong><\/p>\n<p>Descontamina\u00e7\u00e3o potente: Pode decompor rapidamente a sujidade na cuba da m\u00e1quina de lavar roupa, incluindo incrusta\u00e7\u00f5es, manchas, bolores, etc., fazendo com que a cuba da m\u00e1quina de lavar roupa pare\u00e7a nova.<br \/>\nRemo\u00e7\u00e3o de odores: Pode remover os odores na cuba da m\u00e1quina de lavar roupa, fazendo com que as suas roupas emitam um cheiro fresco ap\u00f3s a lavagem.<br \/>\nSeguro e amigo do ambiente: N\u00e3o cont\u00e9m produtos qu\u00edmicos nocivos e \u00e9 inofensivo para os seres humanos e o ambiente. A sua utiliza\u00e7\u00e3o \u00e9 segura.<br \/>\nFuncionamento simples: \u00c9 f\u00e1cil de utilizar. Basta deitar o produto de limpeza na cuba da m\u00e1quina de lavar e p\u00f4-la a funcionar de acordo com o procedimento normal de lavagem da roupa.<\/p>\n<p><strong>III. Instru\u00e7\u00f5es de utiliza\u00e7\u00e3o<\/strong><\/p>\n<p>Retire a roupa da m\u00e1quina de lavar e desligue a m\u00e1quina de lavar.<br \/>\nDeitar o produto de limpeza na cuba da m\u00e1quina de lavar. Geralmente, para a primeira utiliza\u00e7\u00e3o, s\u00e3o 260g, e para a utiliza\u00e7\u00e3o di\u00e1ria, s\u00e3o 100g. (A dosagem pode ser ajustada adequadamente de acordo com a capacidade da m\u00e1quina de lavar).<br \/>\nAdicione uma quantidade adequada de \u00e1gua (geralmente, \u00e1gua morna a 40 \u2103 -60 \u2103 tem um efeito melhor) para fazer com que o n\u00edvel de \u00e1gua atinja o n\u00edvel de \u00e1gua mais alto da m\u00e1quina de lavar.<br \/>\nLigar a m\u00e1quina de lavar roupa, selecionar o programa \"lavagem\" ou \"lavagem de molho\". Depois de funcionar durante 5-10 minutos, desligar a corrente e deixar de molho durante 2-3 horas.<br \/>\nDepois de terminar a demolha, ligue novamente a m\u00e1quina de lavar roupa, selecione o programa \"lavagem\" ou \"enxaguamento\", fa\u00e7a-o funcionar uma vez para descarregar a sujidade e o produto de limpeza na m\u00e1quina de lavar roupa.<br \/>\nUtilize um pano limpo para limpar o cilindro interior e a estrutura da m\u00e1quina de lavar roupa para remover a sujidade residual e o produto de limpeza.<\/p>\n<p><strong>IV. Precau\u00e7\u00f5es<\/strong><\/p>\n<p>Leia atentamente as instru\u00e7\u00f5es do produto antes de o utilizar e utilize-o de acordo com as instru\u00e7\u00f5es.<br \/>\nN\u00e3o misturar o produto de limpeza com outros produtos de limpeza para evitar reac\u00e7\u00f5es qu\u00edmicas adversas.<br \/>\nEvitar que o produto de limpeza entre em contacto com os olhos. Em caso de contacto acidental, enxaguar imediatamente com \u00e1gua limpa.<br \/>\nGuarde-o num local fora do alcance das crian\u00e7as para evitar a sua ingest\u00e3o acidental.<br \/>\nOs m\u00e9todos de utiliza\u00e7\u00e3o dos diferentes modelos de m\u00e1quinas de lavar roupa podem ser diferentes. Utilizar de acordo com o manual de instru\u00e7\u00f5es da m\u00e1quina de lavar.<\/p>","protected":false},"excerpt":{"rendered":"<p>A nossa f\u00e1brica fornece servi\u00e7os de processamento OEM\/ODM, podemos personalizar produtos para si; O nosso MOQ \u00e9 baixo, geralmente a quantidade m\u00ednima \u00e9 de 1000 garrafas que podem ser produzidas; Os nossos produtos s\u00e3o baratos, de excelente qualidade, em conformidade com quaisquer leis e regulamentos nacionais e necessidades dos clientes!<\/p>\n<h3><strong>\u00a0 \u00a0 \u00a0 Oferecemos tamb\u00e9m os seguintes servi\u00e7os<\/strong><\/h3>\n<h4><strong><img decoding=\"async\" class=\"emoji\" role=\"img\" draggable=\"false\" src=\"https:\/\/s.w.org\/images\/core\/emoji\/15.0.3\/svg\/2714.svg\" alt=\"\u2714\" \/>\u00a0 Fonte transfronteiri\u00e7a\u00a0 \u00a0 \u00a0 \u00a0 \u00a0\u00a0<img decoding=\"async\" class=\"emoji\" role=\"img\" draggable=\"false\" src=\"https:\/\/s.w.org\/images\/core\/emoji\/15.0.3\/svg\/2714.svg\" alt=\"\u2714\" \/>\u00a0 Personaliza\u00e7\u00e3o do suporte<\/strong><\/h4>\n<h4><strong><img decoding=\"async\" class=\"emoji\" role=\"img\" draggable=\"false\" src=\"https:\/\/s.w.org\/images\/core\/emoji\/15.0.3\/svg\/2714.svg\" alt=\"\u2714\" \/>\u00a0 F\u00e1brica de origem\u00a0 \u00a0 \u00a0 \u00a0 \u00a0 \u00a0 \u00a0 \u00a0 \u00a0 \u00a0 \u00a0 \u00a0<img decoding=\"async\" class=\"emoji\" role=\"img\" draggable=\"false\" src=\"https:\/\/s.w.org\/images\/core\/emoji\/15.0.3\/svg\/2714.svg\" alt=\"\u2714\" \/>\u00a0 Desenvolvimento de produtos<\/strong><\/h4>\n<h4><strong><img decoding=\"async\" class=\"emoji\" role=\"img\" draggable=\"false\" src=\"https:\/\/s.w.org\/images\/core\/emoji\/15.0.3\/svg\/2714.svg\" alt=\"\u2714\" \/>\u00a0 Adapta\u00e7\u00e3o \u00e0 amostra\u00a0 \u00a0 \u00a0 \u00a0 \u00a0 \u00a0 \u00a0 \u00a0 \u00a0 \u00a0\u00a0<img decoding=\"async\" class=\"emoji\" role=\"img\" draggable=\"false\" src=\"https:\/\/s.w.org\/images\/core\/emoji\/15.0.3\/svg\/2714.svg\" alt=\"\u2714\" \/>\u00a0 Autoriza\u00e7\u00e3o de marca<\/strong><\/h4>\n<p>&nbsp;<\/p>\n<h2 style=\"text-align: left;\"><strong>Perguntas ou coment\u00e1rios? <\/strong><\/h2>\n<h2 style=\"text-align: left;\"><strong>wlwer@williamweir.com<\/strong><\/h2>\n<h4><strong>\u00a0<\/strong><\/h4>","protected":false},"featured_media":5487,"template":"","meta":{"_uag_custom_page_level_css":"","site-sidebar-layout":"default","site-content-layout":"","ast-site-content-layout":"default","site-content-style":"default","site-sidebar-style":"default","ast-global-header-display":"","ast-banner-title-visibility":"","ast-main-header-display":"","ast-hfb-above-header-display":"","ast-hfb-below-header-display":"","ast-hfb-mobile-header-display":"","site-post-title":"","ast-breadcrumbs-content":"","ast-featured-img":"","footer-sml-layout":"","theme-transparent-header-meta":"default","adv-header-id-meta":"","stick-header-meta":"","header-above-stick-meta":"","header-main-stick-meta":"","header-below-stick-meta":"","astra-migrate-meta-layouts":"set","ast-page-background-enabled":"default","ast-page-background-meta":{"desktop":{"background-color":"","background-image":"","background-repeat":"repeat","background-position":"center center","background-size":"auto","background-attachment":"scroll","background-type":"","background-media":"","overlay-type":"","overlay-color":"","overlay-opacity":"","overlay-gradient":""},"tablet":{"background-color":"","background-image":"","background-repeat":"repeat","background-position":"center center","background-size":"auto","background-attachment":"scroll","background-type":"","background-media":"","overlay-type":"","overlay-color":"","overlay-opacity":"","overlay-gradient":""},"mobile":{"background-color":"","background-image":"","background-repeat":"repeat","background-position":"center center","background-size":"auto","background-attachment":"scroll","background-type":"","background-media":"","overlay-type":"","overlay-color":"","overlay-opacity":"","overlay-gradient":""}},"ast-content-background-meta":{"desktop":{"background-color":"var(--ast-global-color-5)","background-image":"","background-repeat":"repeat","background-position":"center center","background-size":"auto","background-attachment":"scroll","background-type":"","background-media":"","overlay-type":"","overlay-color":"","overlay-opacity":"","overlay-gradient":""},"tablet":{"background-color":"var(--ast-global-color-5)","background-image":"","background-repeat":"repeat","background-position":"center center","background-size":"auto","background-attachment":"scroll","background-type":"","background-media":"","overlay-type":"","overlay-color":"","overlay-opacity":"","overlay-gradient":""},"mobile":{"background-color":"var(--ast-global-color-5)","background-image":"","background-repeat":"repeat","background-position":"center center","background-size":"auto","background-attachment":"scroll","background-type":"","background-media":"","overlay-type":"","overlay-color":"","overlay-opacity":"","overlay-gradient":""}}},"product_brand":[],"product_cat":[73],"product_tag":[244,243],"class_list":{"0":"post-5486","1":"product","2":"type-product","3":"status-publish","4":"has-post-thumbnail","6":"product_cat-washing-machine-sink-cleaning","7":"product_tag-washing-machine-cleaning-powder","8":"product_tag-washing-machine-sink-cleaner","9":"desktop-align-center","10":"tablet-align-left","11":"mobile-align-left","12":"ast-product-gallery-layout-horizontal-slider","13":"ast-product-gallery-with-no-image","14":"ast-product-tabs-layout-horizontal","16":"first","17":"instock","18":"shipping-taxable","19":"product-type-simple"},"aioseo_notices":[],"uagb_featured_image_src":{"full":["https:\/\/williamweir.com\/wp-content\/uploads\/2024\/10\/9910859.jpg",800,800,false],"thumbnail":["https:\/\/williamweir.com\/wp-content\/uploads\/2024\/10\/9910859-300x300.jpg",300,300,true],"medium":["https:\/\/williamweir.com\/wp-content\/uploads\/2024\/10\/9910859-600x600.jpg",600,600,true],"medium_large":["https:\/\/williamweir.com\/wp-content\/uploads\/2024\/10\/9910859-768x768.jpg",768,768,true],"large":["https:\/\/williamweir.com\/wp-content\/uploads\/2024\/10\/9910859.jpg",800,800,false],"1536x1536":["https:\/\/williamweir.com\/wp-content\/uploads\/2024\/10\/9910859.jpg",800,800,false],"2048x2048":["https:\/\/williamweir.com\/wp-content\/uploads\/2024\/10\/9910859.jpg",800,800,false],"trp-custom-language-flag":["https:\/\/williamweir.com\/wp-content\/uploads\/2024\/10\/9910859-12x12.jpg",12,12,true],"woocommerce_thumbnail":["https:\/\/williamweir.com\/wp-content\/uploads\/2024\/10\/9910859-600x600.jpg",600,600,true],"woocommerce_single":["https:\/\/williamweir.com\/wp-content\/uploads\/2024\/10\/9910859-600x600.jpg",600,600,true],"woocommerce_gallery_thumbnail":["https:\/\/williamweir.com\/wp-content\/uploads\/2024\/10\/9910859-100x100.jpg",100,100,true]},"uagb_author_info":{"display_name":"wlwer","author_link":"https:\/\/williamweir.com\/pt\/author\/"},"uagb_comment_info":0,"uagb_excerpt":"Our factory provides OEM\/ODM processing services, we can tailor products for you; Our MOQ is low, generally the minimum quantity is 1000 bottles can be produced; Our products are inexpensive, excellent product quality, in line with any national laws and regulations and customer needs! \u00a0 \u00a0 \u00a0 We also offer the following services \u00a0 Cross-border&hellip;","_links":{"self":[{"href":"https:\/\/williamweir.com\/pt\/wp-json\/wp\/v2\/product\/5486"}],"collection":[{"href":"https:\/\/williamweir.com\/pt\/wp-json\/wp\/v2\/product"}],"about":[{"href":"https:\/\/williamweir.com\/pt\/wp-json\/wp\/v2\/types\/product"}],"version-history":[{"count":5,"href":"https:\/\/williamweir.com\/pt\/wp-json\/wp\/v2\/product\/5486\/revisions"}],"predecessor-version":[{"id":8242,"href":"https:\/\/williamweir.com\/pt\/wp-json\/wp\/v2\/product\/5486\/revisions\/8242"}],"wp:featuredmedia":[{"embeddable":true,"href":"https:\/\/williamweir.com\/pt\/wp-json\/wp\/v2\/media\/5487"}],"wp:attachment":[{"href":"https:\/\/williamweir.com\/pt\/wp-json\/wp\/v2\/media?parent=5486"}],"wp:term":[{"taxonomy":"product_brand","embeddable":true,"href":"https:\/\/williamweir.com\/pt\/wp-json\/wp\/v2\/product_brand?post=5486"},{"taxonomy":"product_cat","embeddable":true,"href":"https:\/\/williamweir.com\/pt\/wp-json\/wp\/v2\/product_cat?post=5486"},{"taxonomy":"product_tag","embeddable":true,"href":"https:\/\/williamweir.com\/pt\/wp-json\/wp\/v2\/product_tag?post=5486"}],"curies":[{"name":"wp","href":"https:\/\/api.w.org\/{rel}","templated":true}]}}