{"id":5427,"date":"2024-10-31T06:56:58","date_gmt":"2024-10-31T06:56:58","guid":{"rendered":"https:\/\/williamweir.com\/?post_type=product&#038;p=5427"},"modified":"2025-05-24T01:42:49","modified_gmt":"2025-05-24T01:42:49","slug":"active-enzyme-clothes-oil-remove","status":"publish","type":"product","link":"https:\/\/williamweir.com\/pt\/produto\/active-enzyme-clothes-oil-remove\/","title":{"rendered":"Enzima ativa para remo\u00e7\u00e3o de \u00f3leo de roupa"},"content":{"rendered":"<p><strong>C\u00f3digo do produto\uff1a1861<\/strong><\/p>\n<p><strong>I. Carater\u00edsticas do produto<\/strong><\/p>\n<p>O rei dos removedores de \u00f3leo para roupa pode remover eficazmente o \u00f3leo pesado dos tecidos. Foi especialmente concebido para remover n\u00f3doas de \u00f3leo dif\u00edceis de remover, tais como \u00f3leos animais e vegetais, \u00f3leo de sopa, \u00f3leo de chili, \u00f3leo de panela quente, \u00f3leo preto, \u00f3leo de esferogr\u00e1fica, n\u00f3doas de caneta de cor, n\u00f3doas de pastilha el\u00e1stica, etc. em partes locais dos tecidos. \u00c9 seguro, amigo do ambiente e fi\u00e1vel. Al\u00e9m disso, \u00e9 suave e profissional, n\u00e3o danifica a roupa e \u00e9 c\u00f3modo e r\u00e1pido.<br \/>\nIngredientes do produto: tensioactivos, solventes, agentes quelantes, \u00e1gua desionizada, etc.<\/p>\n<p><strong>II. \u00c2mbito de utiliza\u00e7\u00e3o<\/strong><\/p>\n<p>Adequado para lavar n\u00f3doas de \u00f3leo pesadas em tecidos de v\u00e1rias cores, tais como algod\u00e3o, linho, seda, l\u00e3, penugem, tecidos mistos e fibras sint\u00e9ticas.<\/p>\n<p><strong>III. M\u00e9todo de utiliza\u00e7\u00e3o<\/strong><\/p>\n<p>Manter a zona da roupa manchada de \u00f3leo seca. Deite este produto diretamente sobre ela para que fique completamente ensopada. Deixar repousar durante 5-10 minutos. Esfregue a \u00e1rea manchada de \u00f3leo com a m\u00e3o. Quando o \u00f3leo flutuar, enxaguar com \u00e1gua. Coloque detergente para a roupa em \u00e1gua limpa, deixe de molho durante algum tempo e esfregue a \u00e1rea manchada de \u00f3leo da roupa para remover a mancha de \u00f3leo. Para as n\u00f3doas de \u00f3leo que n\u00e3o podem ser removidas de uma s\u00f3 vez, repita os passos acima depois de a roupa estar seca at\u00e9 obter um efeito satisfat\u00f3rio.<\/p>\n<p><strong>IV. Precau\u00e7\u00f5es<\/strong><\/p>\n<p>O vestu\u00e1rio n\u00e3o pode ser molhado antes do tratamento. \u00c9 necess\u00e1rio garantir que est\u00e1 seca. N\u00e3o pode ser utilizado em vestu\u00e1rio com pelo. Depois de aplicar a solu\u00e7\u00e3o n\u00e3o dilu\u00edda, lavar a roupa no prazo de meia hora.<br \/>\nPara vestu\u00e1rio sens\u00edvel e que se desvanece facilmente (como o algod\u00e3o puro 100%, vestu\u00e1rio de seda) ou vestu\u00e1rio com revestimento, viscose, tecido estampado e tecido de fibra de acetato, teste-o primeiro num local discreto. Se n\u00e3o se desvanecer, ent\u00e3o utilize-o.<br \/>\nSe entrar acidentalmente em contacto com os olhos, lavar imediatamente com uma grande quantidade de \u00e1gua limpa. Em caso de ingest\u00e3o acidental ou de mal-estar, procurar imediatamente assist\u00eancia m\u00e9dica.<br \/>\nColocar o produto fora do alcance das crian\u00e7as. Mantenha-o ao abrigo da luz e guarde-o hermeticamente num local fresco e seco.<\/p>","protected":false},"excerpt":{"rendered":"<p>A nossa f\u00e1brica fornece servi\u00e7os de processamento OEM\/ODM, podemos personalizar produtos para si; O nosso MOQ \u00e9 baixo, geralmente a quantidade m\u00ednima \u00e9 de 1000 garrafas que podem ser produzidas; Os nossos produtos s\u00e3o baratos, de excelente qualidade, em conformidade com quaisquer leis e regulamentos nacionais e necessidades dos clientes!<\/p>\n<h3><strong>\u00a0 \u00a0 \u00a0 Oferecemos tamb\u00e9m os seguintes servi\u00e7os<\/strong><\/h3>\n<h4><strong><img decoding=\"async\" class=\"emoji\" role=\"img\" draggable=\"false\" src=\"https:\/\/s.w.org\/images\/core\/emoji\/15.0.3\/svg\/2714.svg\" alt=\"\u2714\" \/>\u00a0 Fonte transfronteiri\u00e7a\u00a0 \u00a0 \u00a0 \u00a0 \u00a0\u00a0<img decoding=\"async\" class=\"emoji\" role=\"img\" draggable=\"false\" src=\"https:\/\/s.w.org\/images\/core\/emoji\/15.0.3\/svg\/2714.svg\" alt=\"\u2714\" \/>\u00a0 Personaliza\u00e7\u00e3o do suporte<\/strong><\/h4>\n<h4><strong><img decoding=\"async\" class=\"emoji\" role=\"img\" draggable=\"false\" src=\"https:\/\/s.w.org\/images\/core\/emoji\/15.0.3\/svg\/2714.svg\" alt=\"\u2714\" \/>\u00a0 F\u00e1brica de origem\u00a0 \u00a0 \u00a0 \u00a0 \u00a0 \u00a0 \u00a0 \u00a0 \u00a0 \u00a0 \u00a0 \u00a0<img decoding=\"async\" class=\"emoji\" role=\"img\" draggable=\"false\" src=\"https:\/\/s.w.org\/images\/core\/emoji\/15.0.3\/svg\/2714.svg\" alt=\"\u2714\" \/>\u00a0 Desenvolvimento de produtos<\/strong><\/h4>\n<h4><strong><img decoding=\"async\" class=\"emoji\" role=\"img\" draggable=\"false\" src=\"https:\/\/s.w.org\/images\/core\/emoji\/15.0.3\/svg\/2714.svg\" alt=\"\u2714\" \/>\u00a0 Adapta\u00e7\u00e3o \u00e0 amostra\u00a0 \u00a0 \u00a0 \u00a0 \u00a0 \u00a0 \u00a0 \u00a0 \u00a0 \u00a0\u00a0<img decoding=\"async\" class=\"emoji\" role=\"img\" draggable=\"false\" src=\"https:\/\/s.w.org\/images\/core\/emoji\/15.0.3\/svg\/2714.svg\" alt=\"\u2714\" \/>\u00a0 Autoriza\u00e7\u00e3o de marca<\/strong><\/h4>\n<p>&nbsp;<\/p>\n<h2 style=\"text-align: left;\"><strong>Perguntas ou coment\u00e1rios? <\/strong><\/h2>\n<h2 style=\"text-align: left;\"><strong>wlwer@williamweir.com<\/strong><\/h2>\n<h4><strong>\u00a0<\/strong><\/h4>","protected":false},"featured_media":5428,"template":"","meta":{"_uag_custom_page_level_css":"","site-sidebar-layout":"default","site-content-layout":"","ast-site-content-layout":"default","site-content-style":"default","site-sidebar-style":"default","ast-global-header-display":"","ast-banner-title-visibility":"","ast-main-header-display":"","ast-hfb-above-header-display":"","ast-hfb-below-header-display":"","ast-hfb-mobile-header-display":"","site-post-title":"","ast-breadcrumbs-content":"","ast-featured-img":"","footer-sml-layout":"","theme-transparent-header-meta":"default","adv-header-id-meta":"","stick-header-meta":"","header-above-stick-meta":"","header-main-stick-meta":"","header-below-stick-meta":"","astra-migrate-meta-layouts":"set","ast-page-background-enabled":"default","ast-page-background-meta":{"desktop":{"background-color":"","background-image":"","background-repeat":"repeat","background-position":"center center","background-size":"auto","background-attachment":"scroll","background-type":"","background-media":"","overlay-type":"","overlay-color":"","overlay-opacity":"","overlay-gradient":""},"tablet":{"background-color":"","background-image":"","background-repeat":"repeat","background-position":"center center","background-size":"auto","background-attachment":"scroll","background-type":"","background-media":"","overlay-type":"","overlay-color":"","overlay-opacity":"","overlay-gradient":""},"mobile":{"background-color":"","background-image":"","background-repeat":"repeat","background-position":"center center","background-size":"auto","background-attachment":"scroll","background-type":"","background-media":"","overlay-type":"","overlay-color":"","overlay-opacity":"","overlay-gradient":""}},"ast-content-background-meta":{"desktop":{"background-color":"var(--ast-global-color-5)","background-image":"","background-repeat":"repeat","background-position":"center center","background-size":"auto","background-attachment":"scroll","background-type":"","background-media":"","overlay-type":"","overlay-color":"","overlay-opacity":"","overlay-gradient":""},"tablet":{"background-color":"var(--ast-global-color-5)","background-image":"","background-repeat":"repeat","background-position":"center center","background-size":"auto","background-attachment":"scroll","background-type":"","background-media":"","overlay-type":"","overlay-color":"","overlay-opacity":"","overlay-gradient":""},"mobile":{"background-color":"var(--ast-global-color-5)","background-image":"","background-repeat":"repeat","background-position":"center center","background-size":"auto","background-attachment":"scroll","background-type":"","background-media":"","overlay-type":"","overlay-color":"","overlay-opacity":"","overlay-gradient":""}}},"product_brand":[],"product_cat":[76],"product_tag":[260,179],"class_list":{"0":"post-5427","1":"product","2":"type-product","3":"status-publish","4":"has-post-thumbnail","6":"product_cat-laundry-care","7":"product_tag-clothes-grease-stain-cleaner","8":"product_tag-clothes-oil-remover","9":"desktop-align-center","10":"tablet-align-left","11":"mobile-align-left","12":"ast-product-gallery-layout-horizontal-slider","13":"ast-product-gallery-with-no-image","14":"ast-product-tabs-layout-horizontal","16":"first","17":"instock","18":"shipping-taxable","19":"product-type-simple"},"aioseo_notices":[],"uagb_featured_image_src":{"full":["https:\/\/williamweir.com\/wp-content\/uploads\/2024\/10\/9911725.jpeg",705,705,false],"thumbnail":["https:\/\/williamweir.com\/wp-content\/uploads\/2024\/10\/9911725-300x300.jpeg",300,300,true],"medium":["https:\/\/williamweir.com\/wp-content\/uploads\/2024\/10\/9911725-600x600.jpeg",600,600,true],"medium_large":["https:\/\/williamweir.com\/wp-content\/uploads\/2024\/10\/9911725.jpeg",705,705,false],"large":["https:\/\/williamweir.com\/wp-content\/uploads\/2024\/10\/9911725.jpeg",705,705,false],"1536x1536":["https:\/\/williamweir.com\/wp-content\/uploads\/2024\/10\/9911725.jpeg",705,705,false],"2048x2048":["https:\/\/williamweir.com\/wp-content\/uploads\/2024\/10\/9911725.jpeg",705,705,false],"trp-custom-language-flag":["https:\/\/williamweir.com\/wp-content\/uploads\/2024\/10\/9911725-12x12.jpeg",12,12,true],"woocommerce_thumbnail":["https:\/\/williamweir.com\/wp-content\/uploads\/2024\/10\/9911725-600x600.jpeg",600,600,true],"woocommerce_single":["https:\/\/williamweir.com\/wp-content\/uploads\/2024\/10\/9911725-600x600.jpeg",600,600,true],"woocommerce_gallery_thumbnail":["https:\/\/williamweir.com\/wp-content\/uploads\/2024\/10\/9911725-100x100.jpeg",100,100,true]},"uagb_author_info":{"display_name":"wlwer","author_link":"https:\/\/williamweir.com\/pt\/author\/"},"uagb_comment_info":0,"uagb_excerpt":"Our factory provides OEM\/ODM processing services, we can tailor products for you; Our MOQ is low, generally the minimum quantity is 1000 bottles can be produced; Our products are inexpensive, excellent product quality, in line with any national laws and regulations and customer needs! \u00a0 \u00a0 \u00a0 We also offer the following services \u00a0 Cross-border&hellip;","_links":{"self":[{"href":"https:\/\/williamweir.com\/pt\/wp-json\/wp\/v2\/product\/5427"}],"collection":[{"href":"https:\/\/williamweir.com\/pt\/wp-json\/wp\/v2\/product"}],"about":[{"href":"https:\/\/williamweir.com\/pt\/wp-json\/wp\/v2\/types\/product"}],"version-history":[{"count":4,"href":"https:\/\/williamweir.com\/pt\/wp-json\/wp\/v2\/product\/5427\/revisions"}],"predecessor-version":[{"id":8262,"href":"https:\/\/williamweir.com\/pt\/wp-json\/wp\/v2\/product\/5427\/revisions\/8262"}],"wp:featuredmedia":[{"embeddable":true,"href":"https:\/\/williamweir.com\/pt\/wp-json\/wp\/v2\/media\/5428"}],"wp:attachment":[{"href":"https:\/\/williamweir.com\/pt\/wp-json\/wp\/v2\/media?parent=5427"}],"wp:term":[{"taxonomy":"product_brand","embeddable":true,"href":"https:\/\/williamweir.com\/pt\/wp-json\/wp\/v2\/product_brand?post=5427"},{"taxonomy":"product_cat","embeddable":true,"href":"https:\/\/williamweir.com\/pt\/wp-json\/wp\/v2\/product_cat?post=5427"},{"taxonomy":"product_tag","embeddable":true,"href":"https:\/\/williamweir.com\/pt\/wp-json\/wp\/v2\/product_tag?post=5427"}],"curies":[{"name":"wp","href":"https:\/\/api.w.org\/{rel}","templated":true}]}}