{"id":5418,"date":"2024-10-31T06:52:12","date_gmt":"2024-10-31T06:52:12","guid":{"rendered":"https:\/\/williamweir.com\/?post_type=product&#038;p=5418"},"modified":"2025-05-24T01:43:08","modified_gmt":"2025-05-24T01:43:08","slug":"multi-purpose-foam-cleaner","status":"publish","type":"product","link":"https:\/\/williamweir.com\/pt\/produto\/multi-purpose-foam-cleaner\/","title":{"rendered":"Espuma de limpeza multiusos"},"content":{"rendered":"<p><strong>C\u00f3digo do produto\uff1a2059<\/strong><\/p>\n<p><strong>I. Carater\u00edsticas do produto<\/strong><\/p>\n<p>Aplic\u00e1vel a superf\u00edcies duras e macias: Tem em conta a limpeza di\u00e1ria de v\u00e1rias n\u00f3doas em superf\u00edcies de tecido, tais como vestu\u00e1rio, roupa de cama, interiores de tecido de autom\u00f3veis e forros de capacetes, bem como superf\u00edcies duras, tais como superf\u00edcies de pl\u00e1stico do interior de autom\u00f3veis e cascos de capacetes. Resolve v\u00e1rios problemas de limpeza no interior e no exterior, poupando preocupa\u00e7\u00f5es e sendo c\u00f3modo.<br \/>\nLida facilmente com as n\u00f3doas mais dif\u00edceis: V\u00e1rios tensioactivos especialmente adicionados para melhorar a capacidade de limpeza de n\u00f3doas dif\u00edceis e ajudar a decompor e remover n\u00f3doas dif\u00edceis de limpar, tais como n\u00f3doas de \u00f3leo e outras n\u00f3doas de alimentos, n\u00f3doas de vinho tinto, n\u00f3doas de caneta e algumas n\u00f3doas de cosm\u00e9ticos.<br \/>\nN\u00e3o danifica os materiais e cuida das m\u00e3os: A f\u00f3rmula neutra \u00e0 base de plantas n\u00e3o danifica os materiais que est\u00e3o a ser limpos. N\u00e3o cont\u00e9m f\u00f3sforo, corantes artificiais, agentes branqueadores fluorescentes e outros ingredientes. N\u00e3o irrita a pele. N\u00e3o h\u00e1 preocupa\u00e7\u00f5es quanto ao contacto com m\u00e3es, beb\u00e9s e animais dom\u00e9sticos.<\/p>\n<p><strong>II. Instru\u00e7\u00f5es de utiliza\u00e7\u00e3o<\/strong><\/p>\n<p>Limpeza de tecidos\/t\u00eaxteis: Pulverizar a espuma diretamente sobre a n\u00f3doa. Utilizar uma toalha limpa e h\u00famida para limpar suavemente numa s\u00f3 dire\u00e7\u00e3o, repetidamente e de forma apertada, at\u00e9 que a n\u00f3doa desapare\u00e7a. Em seguida, utilize uma toalha\/tecido limpo e seco para absorver a espuma restante. Ap\u00f3s a limpeza, deixe secar naturalmente ou utilize um secador de cabelo no modo de ar frio para secar. No caso de n\u00f3doas muito fortes, repita os passos anteriores. No caso de materiais lav\u00e1veis, o enxaguamento com \u00e1gua quente tem um melhor efeito.<br \/>\nLimpeza de superf\u00edcies duras: Pulverize a espuma diretamente sobre a n\u00f3doa e limpe-a com um pano limpo e h\u00famido. No caso de n\u00f3doas muito fortes, repetir os passos acima.<\/p>\n<p><strong>III. \u00c2mbito de aplica\u00e7\u00e3o<\/strong><\/p>\n<p>Utilizado para remover manchas superficiais em materiais que n\u00e3o se desvanecem facilmente e que n\u00e3o t\u00eam um revestimento especial, tais como vestu\u00e1rio, cal\u00e7ado, roupa de cama, interiores de tecido de autom\u00f3veis, forros de capacetes, superf\u00edcies de pl\u00e1stico do interior de autom\u00f3veis (exceto superf\u00edcies funcionais de precis\u00e3o, tais como pain\u00e9is de instrumentos de autom\u00f3veis, ecr\u00e3s de controlo central de autom\u00f3veis e bot\u00f5es t\u00e1cteis) e cascos de capacetes.<\/p>\n<p><strong>IV. Precau\u00e7\u00f5es<\/strong><\/p>\n<p>Devido \u00e0s diferen\u00e7as entre tecidos e materiais, no caso de couro escuro, tipos revestidos, materiais que se desvanecem facilmente e materiais de natureza incerta, testar primeiro numa pequena \u00e1rea num local escondido. Se estiver satisfeito, utilize-o. Em caso de contacto acidental com os olhos, lavar imediatamente com \u00e1gua limpa. N\u00e3o ingerir. Guardar num local fresco e seco.<\/p>","protected":false},"excerpt":{"rendered":"<p>A nossa f\u00e1brica fornece servi\u00e7os de processamento OEM\/ODM, podemos personalizar produtos para si; O nosso MOQ \u00e9 baixo, geralmente a quantidade m\u00ednima \u00e9 de 1000 garrafas que podem ser produzidas; Os nossos produtos s\u00e3o baratos, de excelente qualidade, em conformidade com quaisquer leis e regulamentos nacionais e necessidades dos clientes!<\/p>\n<h3><strong>\u00a0 \u00a0 \u00a0 Oferecemos tamb\u00e9m os seguintes servi\u00e7os<\/strong><\/h3>\n<h4><strong><img decoding=\"async\" class=\"emoji\" role=\"img\" draggable=\"false\" src=\"https:\/\/s.w.org\/images\/core\/emoji\/15.0.3\/svg\/2714.svg\" alt=\"\u2714\" \/>\u00a0 Fonte transfronteiri\u00e7a\u00a0 \u00a0 \u00a0 \u00a0 \u00a0\u00a0<img decoding=\"async\" class=\"emoji\" role=\"img\" draggable=\"false\" src=\"https:\/\/s.w.org\/images\/core\/emoji\/15.0.3\/svg\/2714.svg\" alt=\"\u2714\" \/>\u00a0 Personaliza\u00e7\u00e3o do suporte<\/strong><\/h4>\n<h4><strong><img decoding=\"async\" class=\"emoji\" role=\"img\" draggable=\"false\" src=\"https:\/\/s.w.org\/images\/core\/emoji\/15.0.3\/svg\/2714.svg\" alt=\"\u2714\" \/>\u00a0 F\u00e1brica de origem\u00a0 \u00a0 \u00a0 \u00a0 \u00a0 \u00a0 \u00a0 \u00a0 \u00a0 \u00a0 \u00a0 \u00a0<img decoding=\"async\" class=\"emoji\" role=\"img\" draggable=\"false\" src=\"https:\/\/s.w.org\/images\/core\/emoji\/15.0.3\/svg\/2714.svg\" alt=\"\u2714\" \/>\u00a0 Desenvolvimento de produtos<\/strong><\/h4>\n<h4><strong><img decoding=\"async\" class=\"emoji\" role=\"img\" draggable=\"false\" src=\"https:\/\/s.w.org\/images\/core\/emoji\/15.0.3\/svg\/2714.svg\" alt=\"\u2714\" \/>\u00a0 Adapta\u00e7\u00e3o \u00e0 amostra\u00a0 \u00a0 \u00a0 \u00a0 \u00a0 \u00a0 \u00a0 \u00a0 \u00a0 \u00a0\u00a0<img decoding=\"async\" class=\"emoji\" role=\"img\" draggable=\"false\" src=\"https:\/\/s.w.org\/images\/core\/emoji\/15.0.3\/svg\/2714.svg\" alt=\"\u2714\" \/>\u00a0 Autoriza\u00e7\u00e3o de marca<\/strong><\/h4>\n<p>&nbsp;<\/p>\n<h2 style=\"text-align: left;\"><strong>Perguntas ou coment\u00e1rios? <\/strong><\/h2>\n<h2 style=\"text-align: left;\"><strong>wlwer@williamweir.com<\/strong><\/h2>\n<h4><strong>\u00a0<\/strong><\/h4>","protected":false},"featured_media":11348,"template":"","meta":{"_uag_custom_page_level_css":"","site-sidebar-layout":"default","site-content-layout":"","ast-site-content-layout":"default","site-content-style":"default","site-sidebar-style":"default","ast-global-header-display":"","ast-banner-title-visibility":"","ast-main-header-display":"","ast-hfb-above-header-display":"","ast-hfb-below-header-display":"","ast-hfb-mobile-header-display":"","site-post-title":"","ast-breadcrumbs-content":"","ast-featured-img":"","footer-sml-layout":"","theme-transparent-header-meta":"default","adv-header-id-meta":"","stick-header-meta":"","header-above-stick-meta":"","header-main-stick-meta":"","header-below-stick-meta":"","astra-migrate-meta-layouts":"set","ast-page-background-enabled":"default","ast-page-background-meta":{"desktop":{"background-color":"","background-image":"","background-repeat":"repeat","background-position":"center center","background-size":"auto","background-attachment":"scroll","background-type":"","background-media":"","overlay-type":"","overlay-color":"","overlay-opacity":"","overlay-gradient":""},"tablet":{"background-color":"","background-image":"","background-repeat":"repeat","background-position":"center center","background-size":"auto","background-attachment":"scroll","background-type":"","background-media":"","overlay-type":"","overlay-color":"","overlay-opacity":"","overlay-gradient":""},"mobile":{"background-color":"","background-image":"","background-repeat":"repeat","background-position":"center center","background-size":"auto","background-attachment":"scroll","background-type":"","background-media":"","overlay-type":"","overlay-color":"","overlay-opacity":"","overlay-gradient":""}},"ast-content-background-meta":{"desktop":{"background-color":"var(--ast-global-color-5)","background-image":"","background-repeat":"repeat","background-position":"center center","background-size":"auto","background-attachment":"scroll","background-type":"","background-media":"","overlay-type":"","overlay-color":"","overlay-opacity":"","overlay-gradient":""},"tablet":{"background-color":"var(--ast-global-color-5)","background-image":"","background-repeat":"repeat","background-position":"center center","background-size":"auto","background-attachment":"scroll","background-type":"","background-media":"","overlay-type":"","overlay-color":"","overlay-opacity":"","overlay-gradient":""},"mobile":{"background-color":"var(--ast-global-color-5)","background-image":"","background-repeat":"repeat","background-position":"center center","background-size":"auto","background-attachment":"scroll","background-type":"","background-media":"","overlay-type":"","overlay-color":"","overlay-opacity":"","overlay-gradient":""}}},"product_brand":[],"product_cat":[70],"product_tag":[139],"class_list":{"0":"post-5418","1":"product","2":"type-product","3":"status-publish","4":"has-post-thumbnail","6":"product_cat-foam-cleaner-series","7":"product_tag-foam-cleaner","8":"desktop-align-center","9":"tablet-align-left","10":"mobile-align-left","11":"ast-product-gallery-layout-horizontal-slider","12":"ast-product-tabs-layout-horizontal","14":"first","15":"instock","16":"shipping-taxable","17":"product-type-simple"},"aioseo_notices":[],"uagb_featured_image_src":{"full":["https:\/\/williamweir.com\/wp-content\/uploads\/2024\/10\/1-3.jpg",1000,1000,false],"thumbnail":["https:\/\/williamweir.com\/wp-content\/uploads\/2024\/10\/1-3-300x300.jpg",300,300,true],"medium":["https:\/\/williamweir.com\/wp-content\/uploads\/2024\/10\/1-3-600x600.jpg",600,600,true],"medium_large":["https:\/\/williamweir.com\/wp-content\/uploads\/2024\/10\/1-3-768x768.jpg",768,768,true],"large":["https:\/\/williamweir.com\/wp-content\/uploads\/2024\/10\/1-3.jpg",1000,1000,false],"1536x1536":["https:\/\/williamweir.com\/wp-content\/uploads\/2024\/10\/1-3.jpg",1000,1000,false],"2048x2048":["https:\/\/williamweir.com\/wp-content\/uploads\/2024\/10\/1-3.jpg",1000,1000,false],"trp-custom-language-flag":["https:\/\/williamweir.com\/wp-content\/uploads\/2024\/10\/1-3-12x12.jpg",12,12,true],"woocommerce_thumbnail":["https:\/\/williamweir.com\/wp-content\/uploads\/2024\/10\/1-3-600x600.jpg",600,600,true],"woocommerce_single":["https:\/\/williamweir.com\/wp-content\/uploads\/2024\/10\/1-3-600x600.jpg",600,600,true],"woocommerce_gallery_thumbnail":["https:\/\/williamweir.com\/wp-content\/uploads\/2024\/10\/1-3-100x100.jpg",100,100,true]},"uagb_author_info":{"display_name":"wlwer","author_link":"https:\/\/williamweir.com\/pt\/author\/"},"uagb_comment_info":0,"uagb_excerpt":"Our factory provides OEM\/ODM processing services, we can tailor products for you; Our MOQ is low, generally the minimum quantity is 1000 bottles can be produced; Our products are inexpensive, excellent product quality, in line with any national laws and regulations and customer needs! \u00a0 \u00a0 \u00a0 We also offer the following services \u00a0 Cross-border&hellip;","_links":{"self":[{"href":"https:\/\/williamweir.com\/pt\/wp-json\/wp\/v2\/product\/5418"}],"collection":[{"href":"https:\/\/williamweir.com\/pt\/wp-json\/wp\/v2\/product"}],"about":[{"href":"https:\/\/williamweir.com\/pt\/wp-json\/wp\/v2\/types\/product"}],"version-history":[{"count":4,"href":"https:\/\/williamweir.com\/pt\/wp-json\/wp\/v2\/product\/5418\/revisions"}],"predecessor-version":[{"id":8265,"href":"https:\/\/williamweir.com\/pt\/wp-json\/wp\/v2\/product\/5418\/revisions\/8265"}],"wp:featuredmedia":[{"embeddable":true,"href":"https:\/\/williamweir.com\/pt\/wp-json\/wp\/v2\/media\/11348"}],"wp:attachment":[{"href":"https:\/\/williamweir.com\/pt\/wp-json\/wp\/v2\/media?parent=5418"}],"wp:term":[{"taxonomy":"product_brand","embeddable":true,"href":"https:\/\/williamweir.com\/pt\/wp-json\/wp\/v2\/product_brand?post=5418"},{"taxonomy":"product_cat","embeddable":true,"href":"https:\/\/williamweir.com\/pt\/wp-json\/wp\/v2\/product_cat?post=5418"},{"taxonomy":"product_tag","embeddable":true,"href":"https:\/\/williamweir.com\/pt\/wp-json\/wp\/v2\/product_tag?post=5418"}],"curies":[{"name":"wp","href":"https:\/\/api.w.org\/{rel}","templated":true}]}}