{"id":5386,"date":"2024-10-31T06:30:03","date_gmt":"2024-10-31T06:30:03","guid":{"rendered":"https:\/\/williamweir.com\/?post_type=product&#038;p=5386"},"modified":"2025-05-24T01:44:54","modified_gmt":"2025-05-24T01:44:54","slug":"washing-machine-sink-cleaner","status":"publish","type":"product","link":"https:\/\/williamweir.com\/pt\/produto\/washing-machine-sink-cleaner\/","title":{"rendered":"Limpador de lava-loi\u00e7a da m\u00e1quina de lavar roupa"},"content":{"rendered":"<p><strong>C\u00f3digo do produto\uff1a2622<\/strong><\/p>\n<p><strong>I. Introdu\u00e7\u00e3o do produto<\/strong><\/p>\n<p>Este produto \u00e9 um produto de limpeza altamente eficiente, especialmente concebido para limpar a cuba da m\u00e1quina de lavar roupa. Pode remover eficazmente a sujidade, as bact\u00e9rias e os odores da cuba da m\u00e1quina de lavar roupa, proporcionando um ambiente de lavagem limpo e higi\u00e9nico para as suas roupas.<\/p>\n<p><strong>II. Carater\u00edsticas do produto<\/strong><\/p>\n<p>Forte descontamina\u00e7\u00e3o: Cont\u00e9m ingredientes de descontamina\u00e7\u00e3o fortes, que podem decompor rapidamente a sujidade, a espuma de sab\u00e3o, as manchas de bolor, etc. na banheira da m\u00e1quina de lavar, fazendo com que a banheira da m\u00e1quina de lavar pare\u00e7a nova.<br \/>\nEsteriliza\u00e7\u00e3o e desinfe\u00e7\u00e3o: Tem a fun\u00e7\u00e3o de esteriliza\u00e7\u00e3o e desinfe\u00e7\u00e3o, que pode matar eficazmente microrganismos nocivos, como bact\u00e9rias e bolores, na banheira da m\u00e1quina de lavar, impedir o crescimento de bact\u00e9rias e proteger a sa\u00fade dos membros da fam\u00edlia.<br \/>\nRemover odores: Pode remover os odores na cuba da m\u00e1quina de lavar roupa e fazer com que a m\u00e1quina de lavar roupa emita um cheiro fresco durante o processo de lavagem.<br \/>\nSeguro e amigo do ambiente: Adopta uma f\u00f3rmula amiga do ambiente, que n\u00e3o \u00e9 corrosiva para a m\u00e1quina de lavar e \u00e9 inofensiva para o corpo humano, sendo segura de utilizar.<br \/>\nF\u00e1cil de utilizar: O m\u00e9todo de utiliza\u00e7\u00e3o \u00e9 simples. N\u00e3o \u00e9 necess\u00e1rio desmontar a m\u00e1quina de lavar roupa. Basta deitar o agente de limpeza na m\u00e1quina de lavar e p\u00f4-la a funcionar de acordo com o procedimento normal de lavagem.<\/p>\n<p><strong>III. M\u00e9todos de utiliza\u00e7\u00e3o<\/strong><\/p>\n<p>Retire a roupa da m\u00e1quina de lavar e desligue-a da corrente el\u00e9ctrica.<br \/>\nDe acordo com a capacidade da m\u00e1quina de lavar roupa, deitar uma quantidade adequada de agente de limpeza da cuba da m\u00e1quina de lavar roupa na m\u00e1quina de lavar roupa.<br \/>\nAdicione uma quantidade apropriada de \u00e1gua (geralmente, \u00e1gua morna a 40 \u2103 -60 \u2103 tem um efeito melhor) para fazer com que o n\u00edvel de \u00e1gua atinja o n\u00edvel alto de \u00e1gua da m\u00e1quina de lavar.<br \/>\nLigar a m\u00e1quina de lavar roupa, selecionar o programa de lavagem normal, deixar funcionar durante 5-10 minutos para dissolver completamente e atuar o agente de limpeza.<br \/>\nDesligue o aparelho e deixe-o de molho durante 2-3 horas para que o agente de limpeza desempenhe plenamente o seu papel.<br \/>\nLigue novamente a m\u00e1quina de lavar roupa, selecione o programa de lavagem normal, ponha-a a funcionar uma vez e descarregue o esgoto.<br \/>\nLimpe o cilindro interior da m\u00e1quina de lavar roupa com um pano limpo para remover a sujidade residual e o produto de limpeza.<\/p>\n<p><strong>IV. Precau\u00e7\u00f5es<\/strong><\/p>\n<p>Utilizar este produto num ambiente bem ventilado.<br \/>\nEvitar o contacto com os olhos. Em caso de contacto acidental, lavar imediatamente com \u00e1gua limpa.<br \/>\nColoque este produto num local onde as crian\u00e7as n\u00e3o o possam alcan\u00e7ar facilmente.<br \/>\nN\u00e3o misturar com outros produtos de limpeza.<br \/>\nNo caso de m\u00e1quinas de lavar roupa antigas ou com muita sujidade, a quantidade de utiliza\u00e7\u00e3o e o tempo de molho podem ser aumentados de forma adequada.<\/p>","protected":false},"excerpt":{"rendered":"<p>A nossa f\u00e1brica fornece servi\u00e7os de processamento OEM\/ODM, podemos personalizar produtos para si; O nosso MOQ \u00e9 baixo, geralmente a quantidade m\u00ednima \u00e9 de 1000 garrafas que podem ser produzidas; Os nossos produtos s\u00e3o baratos, de excelente qualidade, em conformidade com quaisquer leis e regulamentos nacionais e necessidades dos clientes!<\/p>\n<h3><strong>\u00a0 \u00a0 \u00a0 Oferecemos tamb\u00e9m os seguintes servi\u00e7os<\/strong><\/h3>\n<h4><strong><img decoding=\"async\" class=\"emoji\" role=\"img\" draggable=\"false\" src=\"https:\/\/s.w.org\/images\/core\/emoji\/15.0.3\/svg\/2714.svg\" alt=\"\u2714\" \/>\u00a0 Fonte transfronteiri\u00e7a\u00a0 \u00a0 \u00a0 \u00a0 \u00a0\u00a0<img decoding=\"async\" class=\"emoji\" role=\"img\" draggable=\"false\" src=\"https:\/\/s.w.org\/images\/core\/emoji\/15.0.3\/svg\/2714.svg\" alt=\"\u2714\" \/>\u00a0 Personaliza\u00e7\u00e3o do suporte<\/strong><\/h4>\n<h4><strong><img decoding=\"async\" class=\"emoji\" role=\"img\" draggable=\"false\" src=\"https:\/\/s.w.org\/images\/core\/emoji\/15.0.3\/svg\/2714.svg\" alt=\"\u2714\" \/>\u00a0 F\u00e1brica de origem\u00a0 \u00a0 \u00a0 \u00a0 \u00a0 \u00a0 \u00a0 \u00a0 \u00a0 \u00a0 \u00a0 \u00a0<img decoding=\"async\" class=\"emoji\" role=\"img\" draggable=\"false\" src=\"https:\/\/s.w.org\/images\/core\/emoji\/15.0.3\/svg\/2714.svg\" alt=\"\u2714\" \/>\u00a0 Desenvolvimento de produtos<\/strong><\/h4>\n<h4><strong><img decoding=\"async\" class=\"emoji\" role=\"img\" draggable=\"false\" src=\"https:\/\/s.w.org\/images\/core\/emoji\/15.0.3\/svg\/2714.svg\" alt=\"\u2714\" \/>\u00a0 Adapta\u00e7\u00e3o \u00e0 amostra\u00a0 \u00a0 \u00a0 \u00a0 \u00a0 \u00a0 \u00a0 \u00a0 \u00a0 \u00a0\u00a0<img decoding=\"async\" class=\"emoji\" role=\"img\" draggable=\"false\" src=\"https:\/\/s.w.org\/images\/core\/emoji\/15.0.3\/svg\/2714.svg\" alt=\"\u2714\" \/>\u00a0 Autoriza\u00e7\u00e3o de marca<\/strong><\/h4>\n<p>&nbsp;<\/p>\n<h2 style=\"text-align: left;\"><strong>Perguntas ou coment\u00e1rios? <\/strong><\/h2>\n<h2 style=\"text-align: left;\"><strong>wlwer@williamweir.com<\/strong><\/h2>\n<h4><strong>\u00a0<\/strong><\/h4>","protected":false},"featured_media":5388,"template":"","meta":{"_uag_custom_page_level_css":"","site-sidebar-layout":"default","site-content-layout":"","ast-site-content-layout":"default","site-content-style":"default","site-sidebar-style":"default","ast-global-header-display":"","ast-banner-title-visibility":"","ast-main-header-display":"","ast-hfb-above-header-display":"","ast-hfb-below-header-display":"","ast-hfb-mobile-header-display":"","site-post-title":"","ast-breadcrumbs-content":"","ast-featured-img":"","footer-sml-layout":"","theme-transparent-header-meta":"default","adv-header-id-meta":"","stick-header-meta":"","header-above-stick-meta":"","header-main-stick-meta":"","header-below-stick-meta":"","astra-migrate-meta-layouts":"set","ast-page-background-enabled":"default","ast-page-background-meta":{"desktop":{"background-color":"","background-image":"","background-repeat":"repeat","background-position":"center center","background-size":"auto","background-attachment":"scroll","background-type":"","background-media":"","overlay-type":"","overlay-color":"","overlay-opacity":"","overlay-gradient":""},"tablet":{"background-color":"","background-image":"","background-repeat":"repeat","background-position":"center center","background-size":"auto","background-attachment":"scroll","background-type":"","background-media":"","overlay-type":"","overlay-color":"","overlay-opacity":"","overlay-gradient":""},"mobile":{"background-color":"","background-image":"","background-repeat":"repeat","background-position":"center center","background-size":"auto","background-attachment":"scroll","background-type":"","background-media":"","overlay-type":"","overlay-color":"","overlay-opacity":"","overlay-gradient":""}},"ast-content-background-meta":{"desktop":{"background-color":"var(--ast-global-color-5)","background-image":"","background-repeat":"repeat","background-position":"center center","background-size":"auto","background-attachment":"scroll","background-type":"","background-media":"","overlay-type":"","overlay-color":"","overlay-opacity":"","overlay-gradient":""},"tablet":{"background-color":"var(--ast-global-color-5)","background-image":"","background-repeat":"repeat","background-position":"center center","background-size":"auto","background-attachment":"scroll","background-type":"","background-media":"","overlay-type":"","overlay-color":"","overlay-opacity":"","overlay-gradient":""},"mobile":{"background-color":"var(--ast-global-color-5)","background-image":"","background-repeat":"repeat","background-position":"center center","background-size":"auto","background-attachment":"scroll","background-type":"","background-media":"","overlay-type":"","overlay-color":"","overlay-opacity":"","overlay-gradient":""}}},"product_brand":[],"product_cat":[74],"product_tag":[243],"class_list":{"0":"post-5386","1":"product","2":"type-product","3":"status-publish","4":"has-post-thumbnail","6":"product_cat-household-cleaning-series","7":"product_tag-washing-machine-sink-cleaner","8":"desktop-align-center","9":"tablet-align-left","10":"mobile-align-left","11":"ast-product-gallery-layout-horizontal-slider","12":"ast-product-gallery-with-no-image","13":"ast-product-tabs-layout-horizontal","15":"first","16":"instock","17":"shipping-taxable","18":"product-type-simple"},"aioseo_notices":[],"uagb_featured_image_src":{"full":["https:\/\/williamweir.com\/wp-content\/uploads\/2024\/10\/9911787.jpg",800,800,false],"thumbnail":["https:\/\/williamweir.com\/wp-content\/uploads\/2024\/10\/9911787-300x300.jpg",300,300,true],"medium":["https:\/\/williamweir.com\/wp-content\/uploads\/2024\/10\/9911787-600x600.jpg",600,600,true],"medium_large":["https:\/\/williamweir.com\/wp-content\/uploads\/2024\/10\/9911787-768x768.jpg",768,768,true],"large":["https:\/\/williamweir.com\/wp-content\/uploads\/2024\/10\/9911787.jpg",800,800,false],"1536x1536":["https:\/\/williamweir.com\/wp-content\/uploads\/2024\/10\/9911787.jpg",800,800,false],"2048x2048":["https:\/\/williamweir.com\/wp-content\/uploads\/2024\/10\/9911787.jpg",800,800,false],"trp-custom-language-flag":["https:\/\/williamweir.com\/wp-content\/uploads\/2024\/10\/9911787-12x12.jpg",12,12,true],"woocommerce_thumbnail":["https:\/\/williamweir.com\/wp-content\/uploads\/2024\/10\/9911787-600x600.jpg",600,600,true],"woocommerce_single":["https:\/\/williamweir.com\/wp-content\/uploads\/2024\/10\/9911787-600x600.jpg",600,600,true],"woocommerce_gallery_thumbnail":["https:\/\/williamweir.com\/wp-content\/uploads\/2024\/10\/9911787-100x100.jpg",100,100,true]},"uagb_author_info":{"display_name":"wlwer","author_link":"https:\/\/williamweir.com\/pt\/author\/"},"uagb_comment_info":0,"uagb_excerpt":"Our factory provides OEM\/ODM processing services, we can tailor products for you; Our MOQ is low, generally the minimum quantity is 1000 bottles can be produced; Our products are inexpensive, excellent product quality, in line with any national laws and regulations and customer needs! \u00a0 \u00a0 \u00a0 We also offer the following services \u00a0 Cross-border&hellip;","_links":{"self":[{"href":"https:\/\/williamweir.com\/pt\/wp-json\/wp\/v2\/product\/5386"}],"collection":[{"href":"https:\/\/williamweir.com\/pt\/wp-json\/wp\/v2\/product"}],"about":[{"href":"https:\/\/williamweir.com\/pt\/wp-json\/wp\/v2\/types\/product"}],"version-history":[{"count":5,"href":"https:\/\/williamweir.com\/pt\/wp-json\/wp\/v2\/product\/5386\/revisions"}],"predecessor-version":[{"id":8274,"href":"https:\/\/williamweir.com\/pt\/wp-json\/wp\/v2\/product\/5386\/revisions\/8274"}],"wp:featuredmedia":[{"embeddable":true,"href":"https:\/\/williamweir.com\/pt\/wp-json\/wp\/v2\/media\/5388"}],"wp:attachment":[{"href":"https:\/\/williamweir.com\/pt\/wp-json\/wp\/v2\/media?parent=5386"}],"wp:term":[{"taxonomy":"product_brand","embeddable":true,"href":"https:\/\/williamweir.com\/pt\/wp-json\/wp\/v2\/product_brand?post=5386"},{"taxonomy":"product_cat","embeddable":true,"href":"https:\/\/williamweir.com\/pt\/wp-json\/wp\/v2\/product_cat?post=5386"},{"taxonomy":"product_tag","embeddable":true,"href":"https:\/\/williamweir.com\/pt\/wp-json\/wp\/v2\/product_tag?post=5386"}],"curies":[{"name":"wp","href":"https:\/\/api.w.org\/{rel}","templated":true}]}}