{"id":5383,"date":"2024-10-31T06:23:23","date_gmt":"2024-10-31T06:23:23","guid":{"rendered":"https:\/\/williamweir.com\/?post_type=product&#038;p=5383"},"modified":"2025-05-24T01:45:00","modified_gmt":"2025-05-24T01:45:00","slug":"foam-cleaner-for-fabric-200ml","status":"publish","type":"product","link":"https:\/\/williamweir.com\/pt\/produto\/foam-cleaner-for-fabric-200ml\/","title":{"rendered":"Espuma de limpeza para tecidos 200ml"},"content":{"rendered":"<p><strong>Introdu\u00e7\u00e3o do produto Limpador de espuma para tecidos WILLIAM WEIR<\/strong><\/p>\n<p><strong>C\u00f3digo do produto: 0642<\/strong><\/p>\n<p>I. Componentes principais Este produto cont\u00e9m tensioactivos, detergentes, solventes e outros ingredientes. Os tensioactivos podem reduzir a ader\u00eancia da sujidade \u00e0 superf\u00edcie do tecido, facilitando a limpeza da sujidade. Os detergentes podem decompor eficazmente v\u00e1rias n\u00f3doas, tais como n\u00f3doas de \u00f3leo, n\u00f3doas de sujidade e n\u00f3doas de caf\u00e9. Os solventes ajudam a dissolver e a remover as n\u00f3doas mais dif\u00edceis.<\/p>\n<p>II. Carater\u00edsticas do produto Limpeza potente: Pode remover rapidamente v\u00e1rias n\u00f3doas em produtos de tecido e restaurar o tecido para que fique limpo e arrumado. Pr\u00e1tico de utilizar: Este produto adopta um design de cabe\u00e7a de bomba do tipo \"push\". Quando em uso, basta pulverizar a espuma na \u00e1rea manchada e limp\u00e1-la com um pano limpo ap\u00f3s algum tempo. Ampla gama de aplica\u00e7\u00f5es: Pode ser utilizado para limpar v\u00e1rios artigos de tecido, como sof\u00e1s, cortinas, tapetes e interiores de autom\u00f3veis. Suave e n\u00e3o danifica: Esta espuma de limpeza para tecidos \u00e9 relativamente suave para os materiais de tecido e n\u00e3o provoca desbotamento, deforma\u00e7\u00e3o ou outros danos.<\/p>\n<p>III. M\u00e9todo de utiliza\u00e7\u00e3o Primeiro, agitar o frasco do produto de limpeza para misturar completamente a espuma. Em seguida, pulverizar uniformemente a espuma sobre a superf\u00edcie do tecido a limpar. Tenha cuidado para n\u00e3o pulverizar demasiado para evitar humidade excessiva. Aguarde alguns minutos para que o produto de limpeza desempenhe plenamente o seu papel e dissolva as n\u00f3doas. Limpe suavemente a \u00e1rea manchada com um pano ou uma esponja limpa para remover as manchas e o produto de limpeza em conjunto. Para manchas mais dif\u00edceis, pode repetir os passos acima. Ap\u00f3s a limpeza, passe um pano limpo e h\u00famido para remover os res\u00edduos do produto de limpeza.<\/p>\n<p>IV. Precau\u00e7\u00f5es Antes de utilizar o produto, \u00e9 prefer\u00edvel efetuar um teste numa pequena \u00e1rea num local discreto para garantir que o produto de limpeza n\u00e3o danifica o tecido. Evite utilizar o produto de limpeza em ambientes com temperaturas elevadas, luz solar direta ou humidade, para n\u00e3o afetar o efeito de limpeza. N\u00e3o deixar o produto de limpeza entrar em contacto com partes sens\u00edveis, como os olhos e a pele. Em caso de contacto acidental, enxaguar imediatamente com \u00e1gua limpa. Quando o guardar, coloque-o num local fora do alcance das crian\u00e7as para evitar a ingest\u00e3o acidental.<\/p>","protected":false},"excerpt":{"rendered":"<p>A nossa f\u00e1brica fornece servi\u00e7os de processamento OEM\/ODM, podemos personalizar produtos para si; O nosso MOQ \u00e9 baixo, geralmente a quantidade m\u00ednima \u00e9 de 1000 garrafas que podem ser produzidas; Os nossos produtos s\u00e3o baratos, de excelente qualidade, em conformidade com quaisquer leis e regulamentos nacionais e necessidades dos clientes!<\/p>\n<h3><strong>\u00a0 \u00a0 \u00a0 Oferecemos tamb\u00e9m os seguintes servi\u00e7os<\/strong><\/h3>\n<h4><strong><img decoding=\"async\" class=\"emoji\" role=\"img\" draggable=\"false\" src=\"https:\/\/s.w.org\/images\/core\/emoji\/15.0.3\/svg\/2714.svg\" alt=\"\u2714\" \/>\u00a0 Fonte transfronteiri\u00e7a\u00a0 \u00a0 \u00a0 \u00a0 \u00a0\u00a0<img decoding=\"async\" class=\"emoji\" role=\"img\" draggable=\"false\" src=\"https:\/\/s.w.org\/images\/core\/emoji\/15.0.3\/svg\/2714.svg\" alt=\"\u2714\" \/>\u00a0 Personaliza\u00e7\u00e3o do suporte<\/strong><\/h4>\n<h4><strong><img decoding=\"async\" class=\"emoji\" role=\"img\" draggable=\"false\" src=\"https:\/\/s.w.org\/images\/core\/emoji\/15.0.3\/svg\/2714.svg\" alt=\"\u2714\" \/>\u00a0 F\u00e1brica de origem\u00a0 \u00a0 \u00a0 \u00a0 \u00a0 \u00a0 \u00a0 \u00a0 \u00a0 \u00a0 \u00a0 \u00a0<img decoding=\"async\" class=\"emoji\" role=\"img\" draggable=\"false\" src=\"https:\/\/s.w.org\/images\/core\/emoji\/15.0.3\/svg\/2714.svg\" alt=\"\u2714\" \/>\u00a0 Desenvolvimento de produtos<\/strong><\/h4>\n<h4><strong><img decoding=\"async\" class=\"emoji\" role=\"img\" draggable=\"false\" src=\"https:\/\/s.w.org\/images\/core\/emoji\/15.0.3\/svg\/2714.svg\" alt=\"\u2714\" \/>\u00a0 Adapta\u00e7\u00e3o \u00e0 amostra\u00a0 \u00a0 \u00a0 \u00a0 \u00a0 \u00a0 \u00a0 \u00a0 \u00a0 \u00a0\u00a0<img decoding=\"async\" class=\"emoji\" role=\"img\" draggable=\"false\" src=\"https:\/\/s.w.org\/images\/core\/emoji\/15.0.3\/svg\/2714.svg\" alt=\"\u2714\" \/>\u00a0 Autoriza\u00e7\u00e3o de marca<\/strong><\/h4>\n<p>&nbsp;<\/p>\n<h2 style=\"text-align: left;\"><strong>Perguntas ou coment\u00e1rios? <\/strong><\/h2>\n<h2 style=\"text-align: left;\"><strong>wlwer@williamweir.com<\/strong><\/h2>\n<h4><strong>\u00a0<\/strong><\/h4>","protected":false},"featured_media":11392,"template":"","meta":{"_uag_custom_page_level_css":"","site-sidebar-layout":"default","site-content-layout":"","ast-site-content-layout":"default","site-content-style":"default","site-sidebar-style":"default","ast-global-header-display":"","ast-banner-title-visibility":"","ast-main-header-display":"","ast-hfb-above-header-display":"","ast-hfb-below-header-display":"","ast-hfb-mobile-header-display":"","site-post-title":"","ast-breadcrumbs-content":"","ast-featured-img":"","footer-sml-layout":"","theme-transparent-header-meta":"default","adv-header-id-meta":"","stick-header-meta":"","header-above-stick-meta":"","header-main-stick-meta":"","header-below-stick-meta":"","astra-migrate-meta-layouts":"set","ast-page-background-enabled":"default","ast-page-background-meta":{"desktop":{"background-color":"","background-image":"","background-repeat":"repeat","background-position":"center center","background-size":"auto","background-attachment":"scroll","background-type":"","background-media":"","overlay-type":"","overlay-color":"","overlay-opacity":"","overlay-gradient":""},"tablet":{"background-color":"","background-image":"","background-repeat":"repeat","background-position":"center center","background-size":"auto","background-attachment":"scroll","background-type":"","background-media":"","overlay-type":"","overlay-color":"","overlay-opacity":"","overlay-gradient":""},"mobile":{"background-color":"","background-image":"","background-repeat":"repeat","background-position":"center center","background-size":"auto","background-attachment":"scroll","background-type":"","background-media":"","overlay-type":"","overlay-color":"","overlay-opacity":"","overlay-gradient":""}},"ast-content-background-meta":{"desktop":{"background-color":"var(--ast-global-color-5)","background-image":"","background-repeat":"repeat","background-position":"center center","background-size":"auto","background-attachment":"scroll","background-type":"","background-media":"","overlay-type":"","overlay-color":"","overlay-opacity":"","overlay-gradient":""},"tablet":{"background-color":"var(--ast-global-color-5)","background-image":"","background-repeat":"repeat","background-position":"center center","background-size":"auto","background-attachment":"scroll","background-type":"","background-media":"","overlay-type":"","overlay-color":"","overlay-opacity":"","overlay-gradient":""},"mobile":{"background-color":"var(--ast-global-color-5)","background-image":"","background-repeat":"repeat","background-position":"center center","background-size":"auto","background-attachment":"scroll","background-type":"","background-media":"","overlay-type":"","overlay-color":"","overlay-opacity":"","overlay-gradient":""}}},"product_brand":[],"product_cat":[70],"product_tag":[252,251],"class_list":{"0":"post-5383","1":"product","2":"type-product","3":"status-publish","4":"has-post-thumbnail","6":"product_cat-foam-cleaner-series","7":"product_tag-fabric-cleaner","8":"product_tag-fabric-dry-cleaning-agent","9":"desktop-align-center","10":"tablet-align-left","11":"mobile-align-left","12":"ast-product-gallery-layout-horizontal-slider","13":"ast-product-tabs-layout-horizontal","15":"first","16":"instock","17":"featured","18":"shipping-taxable","19":"product-type-simple"},"aioseo_notices":[],"uagb_featured_image_src":{"full":["https:\/\/williamweir.com\/wp-content\/uploads\/2024\/10\/\u5e03\u827a\u6e05\u6d01\u5242-1.jpg",1000,1000,false],"thumbnail":["https:\/\/williamweir.com\/wp-content\/uploads\/2024\/10\/\u5e03\u827a\u6e05\u6d01\u5242-1-300x300.jpg",300,300,true],"medium":["https:\/\/williamweir.com\/wp-content\/uploads\/2024\/10\/\u5e03\u827a\u6e05\u6d01\u5242-1-600x600.jpg",600,600,true],"medium_large":["https:\/\/williamweir.com\/wp-content\/uploads\/2024\/10\/\u5e03\u827a\u6e05\u6d01\u5242-1-768x768.jpg",768,768,true],"large":["https:\/\/williamweir.com\/wp-content\/uploads\/2024\/10\/\u5e03\u827a\u6e05\u6d01\u5242-1.jpg",1000,1000,false],"1536x1536":["https:\/\/williamweir.com\/wp-content\/uploads\/2024\/10\/\u5e03\u827a\u6e05\u6d01\u5242-1.jpg",1000,1000,false],"2048x2048":["https:\/\/williamweir.com\/wp-content\/uploads\/2024\/10\/\u5e03\u827a\u6e05\u6d01\u5242-1.jpg",1000,1000,false],"trp-custom-language-flag":["https:\/\/williamweir.com\/wp-content\/uploads\/2024\/10\/\u5e03\u827a\u6e05\u6d01\u5242-1-12x12.jpg",12,12,true],"woocommerce_thumbnail":["https:\/\/williamweir.com\/wp-content\/uploads\/2024\/10\/\u5e03\u827a\u6e05\u6d01\u5242-1-600x600.jpg",600,600,true],"woocommerce_single":["https:\/\/williamweir.com\/wp-content\/uploads\/2024\/10\/\u5e03\u827a\u6e05\u6d01\u5242-1-600x600.jpg",600,600,true],"woocommerce_gallery_thumbnail":["https:\/\/williamweir.com\/wp-content\/uploads\/2024\/10\/\u5e03\u827a\u6e05\u6d01\u5242-1-100x100.jpg",100,100,true]},"uagb_author_info":{"display_name":"wlwer","author_link":"https:\/\/williamweir.com\/pt\/author\/"},"uagb_comment_info":0,"uagb_excerpt":"Our factory provides OEM\/ODM processing services, we can tailor products for you; Our MOQ is low, generally the minimum quantity is 1000 bottles can be produced; Our products are inexpensive, excellent product quality, in line with any national laws and regulations and customer needs! \u00a0 \u00a0 \u00a0 We also offer the following services \u00a0 Cross-border&hellip;","_links":{"self":[{"href":"https:\/\/williamweir.com\/pt\/wp-json\/wp\/v2\/product\/5383"}],"collection":[{"href":"https:\/\/williamweir.com\/pt\/wp-json\/wp\/v2\/product"}],"about":[{"href":"https:\/\/williamweir.com\/pt\/wp-json\/wp\/v2\/types\/product"}],"version-history":[{"count":5,"href":"https:\/\/williamweir.com\/pt\/wp-json\/wp\/v2\/product\/5383\/revisions"}],"predecessor-version":[{"id":8275,"href":"https:\/\/williamweir.com\/pt\/wp-json\/wp\/v2\/product\/5383\/revisions\/8275"}],"wp:featuredmedia":[{"embeddable":true,"href":"https:\/\/williamweir.com\/pt\/wp-json\/wp\/v2\/media\/11392"}],"wp:attachment":[{"href":"https:\/\/williamweir.com\/pt\/wp-json\/wp\/v2\/media?parent=5383"}],"wp:term":[{"taxonomy":"product_brand","embeddable":true,"href":"https:\/\/williamweir.com\/pt\/wp-json\/wp\/v2\/product_brand?post=5383"},{"taxonomy":"product_cat","embeddable":true,"href":"https:\/\/williamweir.com\/pt\/wp-json\/wp\/v2\/product_cat?post=5383"},{"taxonomy":"product_tag","embeddable":true,"href":"https:\/\/williamweir.com\/pt\/wp-json\/wp\/v2\/product_tag?post=5383"}],"curies":[{"name":"wp","href":"https:\/\/api.w.org\/{rel}","templated":true}]}}