{"id":5380,"date":"2024-10-31T06:18:54","date_gmt":"2024-10-31T06:18:54","guid":{"rendered":"https:\/\/williamweir.com\/?post_type=product&#038;p=5380"},"modified":"2025-05-24T01:47:09","modified_gmt":"2025-05-24T01:47:09","slug":"white-shoe-foam-cleaner-200ml","status":"publish","type":"product","link":"https:\/\/williamweir.com\/pt\/produto\/white-shoe-foam-cleaner-200ml\/","title":{"rendered":"espuma de limpeza para sapatos brancos 200ml"},"content":{"rendered":"<p><strong>espuma de limpeza para sapatos brancos<\/strong><\/p>\n<p><strong>C\u00f3digo das mercadorias: 0635<\/strong><\/p>\n<p><strong>I. Carater\u00edsticas do produto<\/strong><\/p>\n<p>1. descontamina\u00e7\u00e3o potente<br \/>\noPode remover eficazmente v\u00e1rias manchas em sapatos brancos, incluindo p\u00f3, lama, manchas de \u00f3leo, manchas de suor, etc. A sua f\u00f3rmula de limpeza potente pode penetrar profundamente nas fibras do cal\u00e7ado, decompor as n\u00f3doas e devolver ao cal\u00e7ado um estado branco e limpo.<br \/>\noPara as n\u00f3doas mais dif\u00edceis nos rebordos dos sapatos, a espuma de limpeza tamb\u00e9m pode exercer excelentes efeitos de limpeza. Com uma passagem suave, a sujidade acumulada h\u00e1 muito tempo pode ser removida.<br \/>\n2.Suave e amigo do cal\u00e7ado<br \/>\noAdota uma f\u00f3rmula suave que n\u00e3o danifica o material do cal\u00e7ado. Quer se trate de sapatos brancos de couro, lona ou malha, podem ser utilizados com confian\u00e7a.<br \/>\noN\u00e3o provoca o desbotamento, deforma\u00e7\u00e3o ou danos na superf\u00edcie do cal\u00e7ado, protegendo o seu aspeto e vida \u00fatil.<br \/>\n3. c\u00f3modo e f\u00e1cil de utilizar<br \/>\nNormalmente apresentado em forma de spray, \u00e9 c\u00f3modo e r\u00e1pido de utilizar. Basta pulverizar a espuma de limpeza uniformemente sobre a superf\u00edcie do sapato e, depois de esperar um pouco, limpar suavemente com uma escova ou um pano.<br \/>\noN\u00e3o necessita de ser lavado, poupando tempo e esfor\u00e7o. \u00c9 especialmente adequado para pessoas modernas e ocupadas ou para utiliza\u00e7\u00e3o em viagem.<br \/>\n4. fresco e desodorizante<br \/>\noCont\u00e9m ingredientes desodorizantes que podem eliminar eficazmente os odores do cal\u00e7ado e mant\u00ea-lo fresco.<br \/>\noPara problemas de odor causados pelo suor dos p\u00e9s ou por ambientes h\u00famidos, a espuma de limpeza pode resolv\u00ea-los rapidamente, tornando os seus p\u00e9s mais confort\u00e1veis.<\/p>\n<p><strong>II. M\u00e9todo de utiliza\u00e7\u00e3o<\/strong><\/p>\n<p>1. agitar bem o produto de limpeza<br \/>\noAntes de utilizar, agitar completamente o produto de limpeza de espuma para sapatos brancos para garantir que os ingredientes do produto de limpeza est\u00e3o uniformemente misturados.<br \/>\n2. pulverizar o produto de limpeza<br \/>\noPulverizar uniformemente o produto de limpeza na superf\u00edcie dos sapatos brancos. Certifique-se de que cobre todas as \u00e1reas que precisam de ser limpas. Para \u00e1reas muito sujas, pode pulverizar mais produto de limpeza.<br \/>\n3. esperar um momento<br \/>\noDeixar que o produto de limpeza permane\u00e7a na superf\u00edcie do cal\u00e7ado durante algum tempo, normalmente 1-2 minutos, para permitir que os ingredientes de limpeza exer\u00e7am plenamente os seus efeitos e decomponham as n\u00f3doas.<br \/>\n4. limpar e passar um pano<br \/>\noUtilize uma escova ou um pano limpo para limpar suavemente a superf\u00edcie do sapato para remover as n\u00f3doas e o produto de limpeza em conjunto. Para as n\u00f3doas mais dif\u00edceis, pode repetir a limpeza v\u00e1rias vezes.<br \/>\noTer cuidado para n\u00e3o utilizar for\u00e7a excessiva para evitar danificar a superf\u00edcie do sapato.<br \/>\n5.secar os sapatos<br \/>\noAp\u00f3s a limpeza, colocar os sapatos num local bem ventilado para secar, evitando a luz solar direta. Quando o cal\u00e7ado estiver completamente seco, pode ser usado.<\/p>\n<p><strong>III. Precau\u00e7\u00f5es<\/strong><\/p>\n<p>1. evitar o contacto com os olhos e a pele<br \/>\noA espuma de limpeza para sapatos brancos cont\u00e9m ingredientes qu\u00edmicos. Durante a utiliza\u00e7\u00e3o, evitar o contacto com os olhos e a pele. Em caso de contacto acidental, lavar imediatamente com \u00e1gua limpa.<br \/>\n2. manter afastado de temperaturas elevadas<br \/>\noO aparelho de limpeza deve ser mantido afastado de ambientes com temperaturas elevadas para evitar a avaria do produto.<br \/>\n3. guardar num local fresco e seco<br \/>\nO produto de limpeza n\u00e3o utilizado deve ser armazenado num local fresco e seco, evitando a luz solar direta e ambientes h\u00famidos e de alta temperatura para evitar afetar o desempenho e a vida \u00fatil do produto de limpeza.<br \/>\n4. testar numa \u00e1rea discreta<br \/>\noAntes de utilizar o produto de limpeza, recomenda-se que o teste numa \u00e1rea discreta do cal\u00e7ado, para garantir que o produto de limpeza n\u00e3o danifica o cal\u00e7ado.<\/p>\n<p>O limpador de espuma para sapatos brancos WILLIAM WEIR \u00e9 um produto de limpeza potente, pr\u00e1tico e suave que pode ajud\u00e1-lo a limpar facilmente sapatos brancos e a manter os seus sapatos sempre brancos e limpos. Ao utilizar, basta seguir as instru\u00e7\u00f5es e prestar aten\u00e7\u00e3o \u00e0 seguran\u00e7a e \u00e0s precau\u00e7\u00f5es para que os seus sapatos brancos fiquem como novos.<\/p>","protected":false},"excerpt":{"rendered":"<p>A nossa f\u00e1brica fornece servi\u00e7os de processamento OEM\/ODM, podemos personalizar produtos para si; O nosso MOQ \u00e9 baixo, geralmente a quantidade m\u00ednima \u00e9 de 1000 garrafas que podem ser produzidas; Os nossos produtos s\u00e3o baratos, de excelente qualidade, em conformidade com quaisquer leis e regulamentos nacionais e necessidades dos clientes!<\/p>\n<h3><strong>\u00a0 \u00a0 \u00a0 Oferecemos tamb\u00e9m os seguintes servi\u00e7os<\/strong><\/h3>\n<h4><strong><img decoding=\"async\" class=\"emoji\" role=\"img\" draggable=\"false\" src=\"https:\/\/s.w.org\/images\/core\/emoji\/15.0.3\/svg\/2714.svg\" alt=\"\u2714\" \/>\u00a0 Fonte transfronteiri\u00e7a\u00a0 \u00a0 \u00a0 \u00a0 \u00a0\u00a0<img decoding=\"async\" class=\"emoji\" role=\"img\" draggable=\"false\" src=\"https:\/\/s.w.org\/images\/core\/emoji\/15.0.3\/svg\/2714.svg\" alt=\"\u2714\" \/>\u00a0 Personaliza\u00e7\u00e3o do suporte<\/strong><\/h4>\n<h4><strong><img decoding=\"async\" class=\"emoji\" role=\"img\" draggable=\"false\" src=\"https:\/\/s.w.org\/images\/core\/emoji\/15.0.3\/svg\/2714.svg\" alt=\"\u2714\" \/>\u00a0 F\u00e1brica de origem\u00a0 \u00a0 \u00a0 \u00a0 \u00a0 \u00a0 \u00a0 \u00a0 \u00a0 \u00a0 \u00a0 \u00a0<img decoding=\"async\" class=\"emoji\" role=\"img\" draggable=\"false\" src=\"https:\/\/s.w.org\/images\/core\/emoji\/15.0.3\/svg\/2714.svg\" alt=\"\u2714\" \/>\u00a0 Desenvolvimento de produtos<\/strong><\/h4>\n<h4><strong><img decoding=\"async\" class=\"emoji\" role=\"img\" draggable=\"false\" src=\"https:\/\/s.w.org\/images\/core\/emoji\/15.0.3\/svg\/2714.svg\" alt=\"\u2714\" \/>\u00a0 Adapta\u00e7\u00e3o \u00e0 amostra\u00a0 \u00a0 \u00a0 \u00a0 \u00a0 \u00a0 \u00a0 \u00a0 \u00a0 \u00a0\u00a0<img decoding=\"async\" class=\"emoji\" role=\"img\" draggable=\"false\" src=\"https:\/\/s.w.org\/images\/core\/emoji\/15.0.3\/svg\/2714.svg\" alt=\"\u2714\" \/>\u00a0 Autoriza\u00e7\u00e3o de marca<\/strong><\/h4>\n<p>&nbsp;<\/p>\n<h2 style=\"text-align: left;\"><strong>Perguntas ou coment\u00e1rios? <\/strong><\/h2>\n<h2 style=\"text-align: left;\"><strong>wlwer@williamweir.com<\/strong><strong>\u00a0<\/strong><\/h2>","protected":false},"featured_media":5381,"template":"","meta":{"_uag_custom_page_level_css":"","site-sidebar-layout":"default","site-content-layout":"","ast-site-content-layout":"default","site-content-style":"default","site-sidebar-style":"default","ast-global-header-display":"","ast-banner-title-visibility":"","ast-main-header-display":"","ast-hfb-above-header-display":"","ast-hfb-below-header-display":"","ast-hfb-mobile-header-display":"","site-post-title":"","ast-breadcrumbs-content":"","ast-featured-img":"","footer-sml-layout":"","theme-transparent-header-meta":"default","adv-header-id-meta":"","stick-header-meta":"","header-above-stick-meta":"","header-main-stick-meta":"","header-below-stick-meta":"","astra-migrate-meta-layouts":"set","ast-page-background-enabled":"default","ast-page-background-meta":{"desktop":{"background-color":"","background-image":"","background-repeat":"repeat","background-position":"center center","background-size":"auto","background-attachment":"scroll","background-type":"","background-media":"","overlay-type":"","overlay-color":"","overlay-opacity":"","overlay-gradient":""},"tablet":{"background-color":"","background-image":"","background-repeat":"repeat","background-position":"center center","background-size":"auto","background-attachment":"scroll","background-type":"","background-media":"","overlay-type":"","overlay-color":"","overlay-opacity":"","overlay-gradient":""},"mobile":{"background-color":"","background-image":"","background-repeat":"repeat","background-position":"center center","background-size":"auto","background-attachment":"scroll","background-type":"","background-media":"","overlay-type":"","overlay-color":"","overlay-opacity":"","overlay-gradient":""}},"ast-content-background-meta":{"desktop":{"background-color":"var(--ast-global-color-5)","background-image":"","background-repeat":"repeat","background-position":"center center","background-size":"auto","background-attachment":"scroll","background-type":"","background-media":"","overlay-type":"","overlay-color":"","overlay-opacity":"","overlay-gradient":""},"tablet":{"background-color":"var(--ast-global-color-5)","background-image":"","background-repeat":"repeat","background-position":"center center","background-size":"auto","background-attachment":"scroll","background-type":"","background-media":"","overlay-type":"","overlay-color":"","overlay-opacity":"","overlay-gradient":""},"mobile":{"background-color":"var(--ast-global-color-5)","background-image":"","background-repeat":"repeat","background-position":"center center","background-size":"auto","background-attachment":"scroll","background-type":"","background-media":"","overlay-type":"","overlay-color":"","overlay-opacity":"","overlay-gradient":""}}},"product_brand":[],"product_cat":[70],"product_tag":[139,242,241],"class_list":{"0":"post-5380","1":"product","2":"type-product","3":"status-publish","4":"has-post-thumbnail","6":"product_cat-foam-cleaner-series","7":"product_tag-foam-cleaner","8":"product_tag-shoe-cleaner","9":"product_tag-white-shoe-foam-cleaner","10":"desktop-align-center","11":"tablet-align-left","12":"mobile-align-left","13":"ast-product-gallery-layout-horizontal-slider","14":"ast-product-tabs-layout-horizontal","16":"first","17":"instock","18":"featured","19":"shipping-taxable","20":"product-type-simple"},"aioseo_notices":[],"uagb_featured_image_src":{"full":["https:\/\/williamweir.com\/wp-content\/uploads\/2024\/10\/\u767d\u978b\u6e05\u6d01\u5242-1.jpg",1000,1000,false],"thumbnail":["https:\/\/williamweir.com\/wp-content\/uploads\/2024\/10\/\u767d\u978b\u6e05\u6d01\u5242-1-300x300.jpg",300,300,true],"medium":["https:\/\/williamweir.com\/wp-content\/uploads\/2024\/10\/\u767d\u978b\u6e05\u6d01\u5242-1-600x600.jpg",600,600,true],"medium_large":["https:\/\/williamweir.com\/wp-content\/uploads\/2024\/10\/\u767d\u978b\u6e05\u6d01\u5242-1-768x768.jpg",768,768,true],"large":["https:\/\/williamweir.com\/wp-content\/uploads\/2024\/10\/\u767d\u978b\u6e05\u6d01\u5242-1.jpg",1000,1000,false],"1536x1536":["https:\/\/williamweir.com\/wp-content\/uploads\/2024\/10\/\u767d\u978b\u6e05\u6d01\u5242-1.jpg",1000,1000,false],"2048x2048":["https:\/\/williamweir.com\/wp-content\/uploads\/2024\/10\/\u767d\u978b\u6e05\u6d01\u5242-1.jpg",1000,1000,false],"trp-custom-language-flag":["https:\/\/williamweir.com\/wp-content\/uploads\/2024\/10\/\u767d\u978b\u6e05\u6d01\u5242-1-12x12.jpg",12,12,true],"woocommerce_thumbnail":["https:\/\/williamweir.com\/wp-content\/uploads\/2024\/10\/\u767d\u978b\u6e05\u6d01\u5242-1-600x600.jpg",600,600,true],"woocommerce_single":["https:\/\/williamweir.com\/wp-content\/uploads\/2024\/10\/\u767d\u978b\u6e05\u6d01\u5242-1-600x600.jpg",600,600,true],"woocommerce_gallery_thumbnail":["https:\/\/williamweir.com\/wp-content\/uploads\/2024\/10\/\u767d\u978b\u6e05\u6d01\u5242-1-100x100.jpg",100,100,true]},"uagb_author_info":{"display_name":"wlwer","author_link":"https:\/\/williamweir.com\/pt\/author\/"},"uagb_comment_info":0,"uagb_excerpt":"Our factory provides OEM\/ODM processing services, we can tailor products for you; Our MOQ is low, generally the minimum quantity is 1000 bottles can be produced; Our products are inexpensive, excellent product quality, in line with any national laws and regulations and customer needs! \u00a0 \u00a0 \u00a0 We also offer the following services \u00a0 Cross-border&hellip;","_links":{"self":[{"href":"https:\/\/williamweir.com\/pt\/wp-json\/wp\/v2\/product\/5380"}],"collection":[{"href":"https:\/\/williamweir.com\/pt\/wp-json\/wp\/v2\/product"}],"about":[{"href":"https:\/\/williamweir.com\/pt\/wp-json\/wp\/v2\/types\/product"}],"version-history":[{"count":5,"href":"https:\/\/williamweir.com\/pt\/wp-json\/wp\/v2\/product\/5380\/revisions"}],"predecessor-version":[{"id":8308,"href":"https:\/\/williamweir.com\/pt\/wp-json\/wp\/v2\/product\/5380\/revisions\/8308"}],"wp:featuredmedia":[{"embeddable":true,"href":"https:\/\/williamweir.com\/pt\/wp-json\/wp\/v2\/media\/5381"}],"wp:attachment":[{"href":"https:\/\/williamweir.com\/pt\/wp-json\/wp\/v2\/media?parent=5380"}],"wp:term":[{"taxonomy":"product_brand","embeddable":true,"href":"https:\/\/williamweir.com\/pt\/wp-json\/wp\/v2\/product_brand?post=5380"},{"taxonomy":"product_cat","embeddable":true,"href":"https:\/\/williamweir.com\/pt\/wp-json\/wp\/v2\/product_cat?post=5380"},{"taxonomy":"product_tag","embeddable":true,"href":"https:\/\/williamweir.com\/pt\/wp-json\/wp\/v2\/product_tag?post=5380"}],"curies":[{"name":"wp","href":"https:\/\/api.w.org\/{rel}","templated":true}]}}