{"id":5336,"date":"2024-10-30T06:29:04","date_gmt":"2024-10-30T06:29:04","guid":{"rendered":"https:\/\/williamweir.com\/?post_type=product&#038;p=5336"},"modified":"2025-05-24T01:45:57","modified_gmt":"2025-05-24T01:45:57","slug":"adhesive-remover","status":"publish","type":"product","link":"https:\/\/williamweir.com\/pt\/produto\/adhesive-remover\/","title":{"rendered":"Removedor de adesivos"},"content":{"rendered":"<p align=\"justify\"><strong>C\u00f3digo do produto<\/strong><strong>\uff1a<\/strong><strong>2<\/strong><strong>769<\/strong><\/p>\n<p><strong>I. Introdu\u00e7\u00e3o do produto<\/strong><\/p>\n<p>Este produto \u00e9 um produto de limpeza altamente eficaz, especialmente concebido para remover v\u00e1rios res\u00edduos de cola. Quer se trate de autocolantes ou de res\u00edduos de cola de dupla face da vida quotidiana, ou de vest\u00edgios de cola deixados na produ\u00e7\u00e3o industrial, este produto pode remov\u00ea-los r\u00e1pida e eficazmente e restaurar a superf\u00edcie dos objectos para que fiquem limpos e arrumados.<\/p>\n<p><strong>II. Carater\u00edsticas do produto<\/strong><\/p>\n<ol>\n<li>Poderosa remo\u00e7\u00e3o de adesivo: Pode penetrar rapidamente na camada adesiva e decompor a estrutura do adesivo, fazendo com que este se solte facilmente da superf\u00edcie do objeto.<\/li>\n<li>Ampla aplicabilidade: Pode ser utilizado para remover vest\u00edgios de cola nas superf\u00edcies de v\u00e1rios materiais, tais como vidro, metal, pl\u00e1stico, madeira e cer\u00e2mica, sem causar danos a estes materiais.<\/li>\n<li>Odor suave: Em compara\u00e7\u00e3o com os removedores de adesivos tradicionais, este produto tem um odor relativamente suave. Durante a utiliza\u00e7\u00e3o, n\u00e3o produzir\u00e1 um forte odor irritante e \u00e9 relativamente amigo do corpo humano e do ambiente.<\/li>\n<\/ol>\n<p><strong>III. M\u00e9todos de utiliza\u00e7\u00e3o<\/strong><\/p>\n<ol>\n<li>Em primeiro lugar, certifique-se de que a superf\u00edcie a descolar est\u00e1 limpa, seca e isenta de p\u00f3 e impurezas.<\/li>\n<li>Agite bem o removedor de adesivo, aponte o bocal para o tra\u00e7o de adesivo e pulverize o removedor de adesivo uniformemente para cobrir totalmente o tra\u00e7o de adesivo.<\/li>\n<li>Aguarde 1 a 3 minutos para permitir que o removedor de adesivo penetre completamente e decomponha o tra\u00e7o de adesivo. Para os vest\u00edgios de cola mais persistentes, o tempo de espera pode ser prolongado de forma adequada.<\/li>\n<li>Limpe ou raspe suavemente o tra\u00e7o de cola amolecido com um pano limpo, papel absorvente ou raspador. Se o tra\u00e7o de cola n\u00e3o for completamente removido, repita os passos acima.<\/li>\n<li>Depois de conclu\u00edda a remo\u00e7\u00e3o do adesivo, limpe a \u00e1rea sem adesivo com \u00e1gua limpa ou um pano h\u00famido para remover o removedor de adesivo residual.<\/li>\n<\/ol>\n<p><strong>IV. Precau\u00e7\u00f5es<\/strong><\/p>\n<ol>\n<li>Evitar o contacto com os olhos: Durante a utiliza\u00e7\u00e3o, evitar o contacto direto com os olhos. Em caso de contacto acidental, lavar imediatamente com uma grande quantidade de \u00e1gua limpa e procurar assist\u00eancia m\u00e9dica atempadamente.<\/li>\n<li>Boa ventila\u00e7\u00e3o: Quando utilizar o removedor de adesivos, assegure uma boa ventila\u00e7\u00e3o no local de utiliza\u00e7\u00e3o para reduzir a acumula\u00e7\u00e3o de odores e o impacto dos produtos qu\u00edmicos no corpo humano.<\/li>\n<li>Seguran\u00e7a das crian\u00e7as: Coloque o removedor de adesivo num local onde as crian\u00e7as n\u00e3o o possam alcan\u00e7ar facilmente para evitar que as crian\u00e7as o comam ou toquem acidentalmente.<\/li>\n<li>Teste de compatibilidade: Antes de efetuar opera\u00e7\u00f5es de remo\u00e7\u00e3o de adesivos em alguns materiais especiais ou objectos valiosos, recomenda-se que se fa\u00e7a um teste numa pequena \u00e1rea discreta, para garantir que o removedor de adesivos n\u00e3o os danifica.<\/li>\n<\/ol>","protected":false},"excerpt":{"rendered":"<p>A nossa f\u00e1brica fornece servi\u00e7os de processamento OEM\/ODM, podemos personalizar produtos para si; O nosso MOQ \u00e9 baixo, geralmente a quantidade m\u00ednima \u00e9 de 1000 garrafas que podem ser produzidas; Os nossos produtos s\u00e3o baratos, de excelente qualidade, em conformidade com quaisquer leis e regulamentos nacionais e necessidades dos clientes!<\/p>\n<h3><strong>\u00a0 \u00a0 \u00a0 Oferecemos tamb\u00e9m os seguintes servi\u00e7os<\/strong><\/h3>\n<h4><strong><img decoding=\"async\" class=\"emoji\" role=\"img\" draggable=\"false\" src=\"https:\/\/s.w.org\/images\/core\/emoji\/15.0.3\/svg\/2714.svg\" alt=\"\u2714\" \/>\u00a0 Fonte transfronteiri\u00e7a\u00a0 \u00a0 \u00a0 \u00a0 \u00a0\u00a0<img decoding=\"async\" class=\"emoji\" role=\"img\" draggable=\"false\" src=\"https:\/\/s.w.org\/images\/core\/emoji\/15.0.3\/svg\/2714.svg\" alt=\"\u2714\" \/>\u00a0 Personaliza\u00e7\u00e3o do suporte<\/strong><\/h4>\n<h4><strong><img decoding=\"async\" class=\"emoji\" role=\"img\" draggable=\"false\" src=\"https:\/\/s.w.org\/images\/core\/emoji\/15.0.3\/svg\/2714.svg\" alt=\"\u2714\" \/>\u00a0 F\u00e1brica de origem\u00a0 \u00a0 \u00a0 \u00a0 \u00a0 \u00a0 \u00a0 \u00a0 \u00a0 \u00a0 \u00a0 \u00a0<img decoding=\"async\" class=\"emoji\" role=\"img\" draggable=\"false\" src=\"https:\/\/s.w.org\/images\/core\/emoji\/15.0.3\/svg\/2714.svg\" alt=\"\u2714\" \/>\u00a0 Desenvolvimento de produtos<\/strong><\/h4>\n<h4><strong><img decoding=\"async\" class=\"emoji\" role=\"img\" draggable=\"false\" src=\"https:\/\/s.w.org\/images\/core\/emoji\/15.0.3\/svg\/2714.svg\" alt=\"\u2714\" \/>\u00a0 Adapta\u00e7\u00e3o \u00e0 amostra\u00a0 \u00a0 \u00a0 \u00a0 \u00a0 \u00a0 \u00a0 \u00a0 \u00a0 \u00a0\u00a0<img decoding=\"async\" class=\"emoji\" role=\"img\" draggable=\"false\" src=\"https:\/\/s.w.org\/images\/core\/emoji\/15.0.3\/svg\/2714.svg\" alt=\"\u2714\" \/>\u00a0 Autoriza\u00e7\u00e3o de marca<\/strong><\/h4>\n<p>&nbsp;<\/p>\n<h2 style=\"text-align: left;\"><strong>Perguntas ou coment\u00e1rios? <\/strong><\/h2>\n<h2 style=\"text-align: left;\"><strong>wlwer@williamweir.com<\/strong><\/h2>\n<h4><strong>\u00a0<\/strong><\/h4>","protected":false},"featured_media":5337,"template":"","meta":{"_uag_custom_page_level_css":"","site-sidebar-layout":"default","site-content-layout":"","ast-site-content-layout":"default","site-content-style":"default","site-sidebar-style":"default","ast-global-header-display":"","ast-banner-title-visibility":"","ast-main-header-display":"","ast-hfb-above-header-display":"","ast-hfb-below-header-display":"","ast-hfb-mobile-header-display":"","site-post-title":"","ast-breadcrumbs-content":"","ast-featured-img":"","footer-sml-layout":"","theme-transparent-header-meta":"default","adv-header-id-meta":"","stick-header-meta":"","header-above-stick-meta":"","header-main-stick-meta":"","header-below-stick-meta":"","astra-migrate-meta-layouts":"set","ast-page-background-enabled":"default","ast-page-background-meta":{"desktop":{"background-color":"","background-image":"","background-repeat":"repeat","background-position":"center center","background-size":"auto","background-attachment":"scroll","background-type":"","background-media":"","overlay-type":"","overlay-color":"","overlay-opacity":"","overlay-gradient":""},"tablet":{"background-color":"","background-image":"","background-repeat":"repeat","background-position":"center center","background-size":"auto","background-attachment":"scroll","background-type":"","background-media":"","overlay-type":"","overlay-color":"","overlay-opacity":"","overlay-gradient":""},"mobile":{"background-color":"","background-image":"","background-repeat":"repeat","background-position":"center center","background-size":"auto","background-attachment":"scroll","background-type":"","background-media":"","overlay-type":"","overlay-color":"","overlay-opacity":"","overlay-gradient":""}},"ast-content-background-meta":{"desktop":{"background-color":"var(--ast-global-color-5)","background-image":"","background-repeat":"repeat","background-position":"center center","background-size":"auto","background-attachment":"scroll","background-type":"","background-media":"","overlay-type":"","overlay-color":"","overlay-opacity":"","overlay-gradient":""},"tablet":{"background-color":"var(--ast-global-color-5)","background-image":"","background-repeat":"repeat","background-position":"center center","background-size":"auto","background-attachment":"scroll","background-type":"","background-media":"","overlay-type":"","overlay-color":"","overlay-opacity":"","overlay-gradient":""},"mobile":{"background-color":"var(--ast-global-color-5)","background-image":"","background-repeat":"repeat","background-position":"center center","background-size":"auto","background-attachment":"scroll","background-type":"","background-media":"","overlay-type":"","overlay-color":"","overlay-opacity":"","overlay-gradient":""}}},"product_brand":[],"product_cat":[81],"product_tag":[164],"class_list":{"0":"post-5336","1":"product","2":"type-product","3":"status-publish","4":"has-post-thumbnail","6":"product_cat-special-goods-cleaning-and-maintenance-series","7":"product_tag-adhesive-remover","8":"desktop-align-center","9":"tablet-align-left","10":"mobile-align-left","11":"ast-product-gallery-layout-horizontal-slider","12":"ast-product-gallery-with-no-image","13":"ast-product-tabs-layout-horizontal","15":"first","16":"instock","17":"featured","18":"shipping-taxable","19":"product-type-simple"},"aioseo_notices":[],"uagb_featured_image_src":{"full":["https:\/\/williamweir.com\/wp-content\/uploads\/2024\/10\/\u9664\u80f6\u5242.jpg",800,800,false],"thumbnail":["https:\/\/williamweir.com\/wp-content\/uploads\/2024\/10\/\u9664\u80f6\u5242-300x300.jpg",300,300,true],"medium":["https:\/\/williamweir.com\/wp-content\/uploads\/2024\/10\/\u9664\u80f6\u5242-600x600.jpg",600,600,true],"medium_large":["https:\/\/williamweir.com\/wp-content\/uploads\/2024\/10\/\u9664\u80f6\u5242-768x768.jpg",768,768,true],"large":["https:\/\/williamweir.com\/wp-content\/uploads\/2024\/10\/\u9664\u80f6\u5242.jpg",800,800,false],"1536x1536":["https:\/\/williamweir.com\/wp-content\/uploads\/2024\/10\/\u9664\u80f6\u5242.jpg",800,800,false],"2048x2048":["https:\/\/williamweir.com\/wp-content\/uploads\/2024\/10\/\u9664\u80f6\u5242.jpg",800,800,false],"trp-custom-language-flag":["https:\/\/williamweir.com\/wp-content\/uploads\/2024\/10\/\u9664\u80f6\u5242-12x12.jpg",12,12,true],"woocommerce_thumbnail":["https:\/\/williamweir.com\/wp-content\/uploads\/2024\/10\/\u9664\u80f6\u5242-600x600.jpg",600,600,true],"woocommerce_single":["https:\/\/williamweir.com\/wp-content\/uploads\/2024\/10\/\u9664\u80f6\u5242-600x600.jpg",600,600,true],"woocommerce_gallery_thumbnail":["https:\/\/williamweir.com\/wp-content\/uploads\/2024\/10\/\u9664\u80f6\u5242-100x100.jpg",100,100,true]},"uagb_author_info":{"display_name":"wlwer","author_link":"https:\/\/williamweir.com\/pt\/author\/"},"uagb_comment_info":0,"uagb_excerpt":"Our factory provides OEM\/ODM processing services, we can tailor products for you; Our MOQ is low, generally the minimum quantity is 1000 bottles can be produced; Our products are inexpensive, excellent product quality, in line with any national laws and regulations and customer needs! \u00a0 \u00a0 \u00a0 We also offer the following services \u00a0 Cross-border&hellip;","_links":{"self":[{"href":"https:\/\/williamweir.com\/pt\/wp-json\/wp\/v2\/product\/5336"}],"collection":[{"href":"https:\/\/williamweir.com\/pt\/wp-json\/wp\/v2\/product"}],"about":[{"href":"https:\/\/williamweir.com\/pt\/wp-json\/wp\/v2\/types\/product"}],"version-history":[{"count":5,"href":"https:\/\/williamweir.com\/pt\/wp-json\/wp\/v2\/product\/5336\/revisions"}],"predecessor-version":[{"id":8286,"href":"https:\/\/williamweir.com\/pt\/wp-json\/wp\/v2\/product\/5336\/revisions\/8286"}],"wp:featuredmedia":[{"embeddable":true,"href":"https:\/\/williamweir.com\/pt\/wp-json\/wp\/v2\/media\/5337"}],"wp:attachment":[{"href":"https:\/\/williamweir.com\/pt\/wp-json\/wp\/v2\/media?parent=5336"}],"wp:term":[{"taxonomy":"product_brand","embeddable":true,"href":"https:\/\/williamweir.com\/pt\/wp-json\/wp\/v2\/product_brand?post=5336"},{"taxonomy":"product_cat","embeddable":true,"href":"https:\/\/williamweir.com\/pt\/wp-json\/wp\/v2\/product_cat?post=5336"},{"taxonomy":"product_tag","embeddable":true,"href":"https:\/\/williamweir.com\/pt\/wp-json\/wp\/v2\/product_tag?post=5336"}],"curies":[{"name":"wp","href":"https:\/\/api.w.org\/{rel}","templated":true}]}}