{"id":5333,"date":"2024-10-30T06:21:15","date_gmt":"2024-10-30T06:21:15","guid":{"rendered":"https:\/\/williamweir.com\/?post_type=product&#038;p=5333"},"modified":"2025-05-24T01:46:07","modified_gmt":"2025-05-24T01:46:07","slug":"refrigerator-defrosting-and-deicing-agent","status":"publish","type":"product","link":"https:\/\/williamweir.com\/pt\/produto\/refrigerator-defrosting-and-deicing-agent\/","title":{"rendered":"Agente de descongela\u00e7\u00e3o e de degelo para frigor\u00edficos"},"content":{"rendered":"<p align=\"justify\"><strong>C\u00f3digo do produto<\/strong><strong>\uff1a<\/strong><strong>2<\/strong><strong>813<\/strong><\/p>\n<p><strong>I. Introdu\u00e7\u00e3o do produto<\/strong><\/p>\n<p>Este produto \u00e9 um produto pr\u00e1tico especialmente concebido para remover rapidamente as camadas de gelo nos frigor\u00edficos. Pode dissolver eficazmente a camada de gelo e fazer com que o frigor\u00edfico recupere rapidamente a fun\u00e7\u00e3o de refrigera\u00e7\u00e3o normal, poupando tempo e energia.<\/p>\n<p><strong>II. Carater\u00edsticas do produto<\/strong><\/p>\n<ol>\n<li>Descongelamento eficaz: A f\u00f3rmula \u00fanica pode penetrar rapidamente na camada de gelo, reduzir rapidamente o ponto de congela\u00e7\u00e3o do gelo, fazer com que a camada de gelo derreta rapidamente e encurtar consideravelmente o tempo de degelo.<\/li>\n<li>Seguro e inofensivo: Utiliza ingredientes que s\u00e3o seguros para o corpo humano e para os materiais internos do frigor\u00edfico. N\u00e3o causa danos aos alimentos, \u00e0 parede interior do frigor\u00edfico e a outros componentes, podendo ser utilizado com confian\u00e7a.<\/li>\n<li>Cheiro fresco: Tem um leve cheiro fresco. Durante o processo de degelo, n\u00e3o produzir\u00e1 um cheiro pungente e desagrad\u00e1vel, proporcionando-lhe uma boa experi\u00eancia de utiliza\u00e7\u00e3o.<\/li>\n<li>Pr\u00e1tico de utilizar: Design de pulveriza\u00e7\u00e3o, funcionamento simples e c\u00f3modo. Basta pulverizar o spray uniformemente sobre a camada de gelo, apontando para ela, e depois iniciar o trabalho de degelo.<\/li>\n<\/ol>\n<p><strong>III. M\u00e9todos de utiliza\u00e7\u00e3o<\/strong><\/p>\n<ol>\n<li>Em primeiro lugar, retire os alimentos do frigor\u00edfico, guarde-os corretamente e desligue a corrente do frigor\u00edfico.<\/li>\n<li>Segure o spray de degelo, mantenha o corpo da garrafa na vertical e pulverize-o uniformemente na superf\u00edcie da camada de gelo a uma dist\u00e2ncia de cerca de 15 a 20 cent\u00edmetros da camada de gelo para garantir a cobertura total da camada de gelo.<\/li>\n<li>Aguarde alguns minutos para que o spray de degelo desempenhe plenamente o seu papel e a camada de gelo comece a derreter gradualmente.<\/li>\n<li>Para camadas de gelo mais espessas, pode pulverizar o spray de degelo v\u00e1rias vezes e remover cuidadosamente os blocos de gelo soltos com um raspador de pl\u00e1stico ou uma ferramenta macia, mas tenha cuidado para n\u00e3o riscar a parede interior do frigor\u00edfico.<\/li>\n<li>Quando a camada de gelo estiver completamente removida, limpe o interior do frigor\u00edfico com um pano limpo e h\u00famido para remover a humidade residual e o spray de degelo e, em seguida, seque-o com um pano seco.<\/li>\n<\/ol>\n<p><strong>IV. Precau\u00e7\u00f5es<\/strong><\/p>\n<ol>\n<li>Evitar o contacto com os olhos: Se a pulveriza\u00e7\u00e3o de degelo entrar acidentalmente em contacto com os olhos, lavar imediatamente com uma grande quantidade de \u00e1gua limpa e procurar assist\u00eancia m\u00e9dica atempadamente.<\/li>\n<li>Manter afastado das crian\u00e7as: Coloque o spray de degelo num local onde as crian\u00e7as n\u00e3o o possam alcan\u00e7ar, para evitar que as crian\u00e7as o apanhem por engano e o utilizem incorretamente.<\/li>\n<li>Evitar a ingest\u00e3o acidental: O spray de degelo n\u00e3o \u00e9 comest\u00edvel e deve evitar-se a sua ingest\u00e3o acidental.<\/li>\n<li>Evitar temperaturas elevadas e fontes de fogo: A pulveriza\u00e7\u00e3o de degelo deve ser armazenada num local fresco e seco, longe de temperaturas elevadas e de fontes de fogo, para evitar qualquer perigo.<br \/>\nN\u00e3o utilizar quando o frigor\u00edfico estiver a funcionar: Em primeiro lugar, \u00e9 necess\u00e1rio desligar a alimenta\u00e7\u00e3o do frigor\u00edfico. Depois de o degelo estar conclu\u00eddo e limpo, volte a ligar a alimenta\u00e7\u00e3o do frigor\u00edfico.<\/li>\n<\/ol>\n<p>&nbsp;<\/p>","protected":false},"excerpt":{"rendered":"<p>A nossa f\u00e1brica fornece servi\u00e7os de processamento OEM\/ODM, podemos personalizar produtos para si; O nosso MOQ \u00e9 baixo, geralmente a quantidade m\u00ednima \u00e9 de 1000 garrafas que podem ser produzidas; Os nossos produtos s\u00e3o baratos, de excelente qualidade, em conformidade com quaisquer leis e regulamentos nacionais e necessidades dos clientes!<\/p>\n<h3><strong>\u00a0 \u00a0 \u00a0 Oferecemos tamb\u00e9m os seguintes servi\u00e7os<\/strong><\/h3>\n<h4><strong><img decoding=\"async\" class=\"emoji\" role=\"img\" draggable=\"false\" src=\"https:\/\/s.w.org\/images\/core\/emoji\/15.0.3\/svg\/2714.svg\" alt=\"\u2714\" \/>\u00a0 Fonte transfronteiri\u00e7a\u00a0 \u00a0 \u00a0 \u00a0 \u00a0\u00a0<img decoding=\"async\" class=\"emoji\" role=\"img\" draggable=\"false\" src=\"https:\/\/s.w.org\/images\/core\/emoji\/15.0.3\/svg\/2714.svg\" alt=\"\u2714\" \/>\u00a0 Personaliza\u00e7\u00e3o do suporte<\/strong><\/h4>\n<h4><strong><img decoding=\"async\" class=\"emoji\" role=\"img\" draggable=\"false\" src=\"https:\/\/s.w.org\/images\/core\/emoji\/15.0.3\/svg\/2714.svg\" alt=\"\u2714\" \/>\u00a0 F\u00e1brica de origem\u00a0 \u00a0 \u00a0 \u00a0 \u00a0 \u00a0 \u00a0 \u00a0 \u00a0 \u00a0 \u00a0 \u00a0<img decoding=\"async\" class=\"emoji\" role=\"img\" draggable=\"false\" src=\"https:\/\/s.w.org\/images\/core\/emoji\/15.0.3\/svg\/2714.svg\" alt=\"\u2714\" \/>\u00a0 Desenvolvimento de produtos<\/strong><\/h4>\n<h4><strong><img decoding=\"async\" class=\"emoji\" role=\"img\" draggable=\"false\" src=\"https:\/\/s.w.org\/images\/core\/emoji\/15.0.3\/svg\/2714.svg\" alt=\"\u2714\" \/>\u00a0 Adapta\u00e7\u00e3o \u00e0 amostra\u00a0 \u00a0 \u00a0 \u00a0 \u00a0 \u00a0 \u00a0 \u00a0 \u00a0 \u00a0\u00a0<img decoding=\"async\" class=\"emoji\" role=\"img\" draggable=\"false\" src=\"https:\/\/s.w.org\/images\/core\/emoji\/15.0.3\/svg\/2714.svg\" alt=\"\u2714\" \/>\u00a0 Autoriza\u00e7\u00e3o de marca<\/p>\n<p><\/strong><\/h4>\n<h2 style=\"text-align: left;\"><strong>Perguntas ou coment\u00e1rios? <\/strong><\/h2>\n<h2 style=\"text-align: left;\"><strong>wlwer@williamweir.com<\/strong><\/h2>\n<h4><strong>\u00a0<\/strong><\/h4>","protected":false},"featured_media":5334,"template":"","meta":{"_uag_custom_page_level_css":"","site-sidebar-layout":"default","site-content-layout":"","ast-site-content-layout":"default","site-content-style":"default","site-sidebar-style":"default","ast-global-header-display":"","ast-banner-title-visibility":"","ast-main-header-display":"","ast-hfb-above-header-display":"","ast-hfb-below-header-display":"","ast-hfb-mobile-header-display":"","site-post-title":"","ast-breadcrumbs-content":"","ast-featured-img":"","footer-sml-layout":"","theme-transparent-header-meta":"default","adv-header-id-meta":"","stick-header-meta":"","header-above-stick-meta":"","header-main-stick-meta":"","header-below-stick-meta":"","astra-migrate-meta-layouts":"set","ast-page-background-enabled":"default","ast-page-background-meta":{"desktop":{"background-color":"","background-image":"","background-repeat":"repeat","background-position":"center center","background-size":"auto","background-attachment":"scroll","background-type":"","background-media":"","overlay-type":"","overlay-color":"","overlay-opacity":"","overlay-gradient":""},"tablet":{"background-color":"","background-image":"","background-repeat":"repeat","background-position":"center center","background-size":"auto","background-attachment":"scroll","background-type":"","background-media":"","overlay-type":"","overlay-color":"","overlay-opacity":"","overlay-gradient":""},"mobile":{"background-color":"","background-image":"","background-repeat":"repeat","background-position":"center center","background-size":"auto","background-attachment":"scroll","background-type":"","background-media":"","overlay-type":"","overlay-color":"","overlay-opacity":"","overlay-gradient":""}},"ast-content-background-meta":{"desktop":{"background-color":"var(--ast-global-color-5)","background-image":"","background-repeat":"repeat","background-position":"center center","background-size":"auto","background-attachment":"scroll","background-type":"","background-media":"","overlay-type":"","overlay-color":"","overlay-opacity":"","overlay-gradient":""},"tablet":{"background-color":"var(--ast-global-color-5)","background-image":"","background-repeat":"repeat","background-position":"center center","background-size":"auto","background-attachment":"scroll","background-type":"","background-media":"","overlay-type":"","overlay-color":"","overlay-opacity":"","overlay-gradient":""},"mobile":{"background-color":"var(--ast-global-color-5)","background-image":"","background-repeat":"repeat","background-position":"center center","background-size":"auto","background-attachment":"scroll","background-type":"","background-media":"","overlay-type":"","overlay-color":"","overlay-opacity":"","overlay-gradient":""}}},"product_brand":[],"product_cat":[80],"product_tag":[161,162,163],"class_list":{"0":"post-5333","1":"product","2":"type-product","3":"status-publish","4":"has-post-thumbnail","6":"product_cat-snow-melting-and-deicing-agent","7":"product_tag-deicing-agent","8":"product_tag-refrigerator-deicing-agent","9":"product_tag-snow-melting-agent","10":"desktop-align-center","11":"tablet-align-left","12":"mobile-align-left","13":"ast-product-gallery-layout-horizontal-slider","14":"ast-product-gallery-with-no-image","15":"ast-product-tabs-layout-horizontal","17":"first","18":"instock","19":"shipping-taxable","20":"product-type-simple"},"aioseo_notices":[],"uagb_featured_image_src":{"full":["https:\/\/williamweir.com\/wp-content\/uploads\/2024\/10\/120ml\u51b0\u7bb1\u9664\u971c\u9664\u51b0\u5242.jpg",800,800,false],"thumbnail":["https:\/\/williamweir.com\/wp-content\/uploads\/2024\/10\/120ml\u51b0\u7bb1\u9664\u971c\u9664\u51b0\u5242-300x300.jpg",300,300,true],"medium":["https:\/\/williamweir.com\/wp-content\/uploads\/2024\/10\/120ml\u51b0\u7bb1\u9664\u971c\u9664\u51b0\u5242-600x600.jpg",600,600,true],"medium_large":["https:\/\/williamweir.com\/wp-content\/uploads\/2024\/10\/120ml\u51b0\u7bb1\u9664\u971c\u9664\u51b0\u5242-768x768.jpg",768,768,true],"large":["https:\/\/williamweir.com\/wp-content\/uploads\/2024\/10\/120ml\u51b0\u7bb1\u9664\u971c\u9664\u51b0\u5242.jpg",800,800,false],"1536x1536":["https:\/\/williamweir.com\/wp-content\/uploads\/2024\/10\/120ml\u51b0\u7bb1\u9664\u971c\u9664\u51b0\u5242.jpg",800,800,false],"2048x2048":["https:\/\/williamweir.com\/wp-content\/uploads\/2024\/10\/120ml\u51b0\u7bb1\u9664\u971c\u9664\u51b0\u5242.jpg",800,800,false],"trp-custom-language-flag":["https:\/\/williamweir.com\/wp-content\/uploads\/2024\/10\/120ml\u51b0\u7bb1\u9664\u971c\u9664\u51b0\u5242-12x12.jpg",12,12,true],"woocommerce_thumbnail":["https:\/\/williamweir.com\/wp-content\/uploads\/2024\/10\/120ml\u51b0\u7bb1\u9664\u971c\u9664\u51b0\u5242-600x600.jpg",600,600,true],"woocommerce_single":["https:\/\/williamweir.com\/wp-content\/uploads\/2024\/10\/120ml\u51b0\u7bb1\u9664\u971c\u9664\u51b0\u5242-600x600.jpg",600,600,true],"woocommerce_gallery_thumbnail":["https:\/\/williamweir.com\/wp-content\/uploads\/2024\/10\/120ml\u51b0\u7bb1\u9664\u971c\u9664\u51b0\u5242-100x100.jpg",100,100,true]},"uagb_author_info":{"display_name":"wlwer","author_link":"https:\/\/williamweir.com\/pt\/author\/"},"uagb_comment_info":0,"uagb_excerpt":"Our factory provides OEM\/ODM processing services, we can tailor products for you; Our MOQ is low, generally the minimum quantity is 1000 bottles can be produced; Our products are inexpensive, excellent product quality, in line with any national laws and regulations and customer needs! \u00a0 \u00a0 \u00a0 We also offer the following services \u00a0 Cross-border&hellip;","_links":{"self":[{"href":"https:\/\/williamweir.com\/pt\/wp-json\/wp\/v2\/product\/5333"}],"collection":[{"href":"https:\/\/williamweir.com\/pt\/wp-json\/wp\/v2\/product"}],"about":[{"href":"https:\/\/williamweir.com\/pt\/wp-json\/wp\/v2\/types\/product"}],"version-history":[{"count":5,"href":"https:\/\/williamweir.com\/pt\/wp-json\/wp\/v2\/product\/5333\/revisions"}],"predecessor-version":[{"id":8287,"href":"https:\/\/williamweir.com\/pt\/wp-json\/wp\/v2\/product\/5333\/revisions\/8287"}],"wp:featuredmedia":[{"embeddable":true,"href":"https:\/\/williamweir.com\/pt\/wp-json\/wp\/v2\/media\/5334"}],"wp:attachment":[{"href":"https:\/\/williamweir.com\/pt\/wp-json\/wp\/v2\/media?parent=5333"}],"wp:term":[{"taxonomy":"product_brand","embeddable":true,"href":"https:\/\/williamweir.com\/pt\/wp-json\/wp\/v2\/product_brand?post=5333"},{"taxonomy":"product_cat","embeddable":true,"href":"https:\/\/williamweir.com\/pt\/wp-json\/wp\/v2\/product_cat?post=5333"},{"taxonomy":"product_tag","embeddable":true,"href":"https:\/\/williamweir.com\/pt\/wp-json\/wp\/v2\/product_tag?post=5333"}],"curies":[{"name":"wp","href":"https:\/\/api.w.org\/{rel}","templated":true}]}}