{"id":5311,"date":"2024-10-30T05:27:04","date_gmt":"2024-10-30T05:27:04","guid":{"rendered":"https:\/\/williamweir.com\/?post_type=product&#038;p=5311"},"modified":"2025-05-24T01:47:43","modified_gmt":"2025-05-24T01:47:43","slug":"fishing-rod-care-oil","status":"publish","type":"product","link":"https:\/\/williamweir.com\/pt\/produto\/fishing-rod-care-oil\/","title":{"rendered":"\u00d3leo de manuten\u00e7\u00e3o para canas de pesca"},"content":{"rendered":"<p align=\"justify\"><strong>C\u00f3digo do produto<\/strong><strong>\uff1a<\/strong><strong>2455<\/strong><\/p>\n<p><strong>I. Introdu\u00e7\u00e3o do produto<\/strong><\/p>\n<p>Este produto \u00e9 um produto de conserva\u00e7\u00e3o de alta qualidade especialmente concebido para os entusiastas da pesca. \u00c9 utilizado para a manuten\u00e7\u00e3o e repara\u00e7\u00e3o de canas de pesca, a fim de as manter em bom estado de funcionamento e de apar\u00eancia.<\/p>\n<p><strong>II. Carater\u00edsticas do produto<\/strong><\/p>\n<ol>\n<li>Anti-corros\u00e3o: Evita eficazmente que as canas de pesca sejam corro\u00eddas pela humidade, sal e outras subst\u00e2ncias corrosivas e prolonga a vida \u00fatil das canas de pesca.<\/li>\n<li>Lubrificar as articula\u00e7\u00f5es: As articula\u00e7\u00f5es das canas de pesca rodam mais suavemente e reduzem o desgaste e o encravamento.<\/li>\n<li>Proteger a superf\u00edcie da pintura: Formar uma pel\u00edcula protetora na superf\u00edcie das canas de pesca para evitar riscos e o desbotamento da superf\u00edcie da pintura.<\/li>\n<li>Melhorar a resist\u00eancia: Ajuda a manter a elasticidade e a dureza das canas de pesca e melhora a resist\u00eancia e a durabilidade das canas de pesca.<\/li>\n<li>Amigo do ambiente e seguro: Fabricado com materiais amigos do ambiente, inofensivos para o corpo humano e para o ambiente.<\/li>\n<\/ol>\n<p><strong>III. M\u00e9todos de utiliza\u00e7\u00e3o<\/strong><\/p>\n<ol>\n<li>Antes de utilizar a cana de pesca, aplicar uniformemente o \u00f3leo de conserva\u00e7\u00e3o na superf\u00edcie da cana de pesca, especialmente nas articula\u00e7\u00f5es e nos locais de f\u00e1cil desgaste.<\/li>\n<li>Limpar suavemente com um pano limpo para que o \u00f3leo de conserva\u00e7\u00e3o penetre completamente no material da cana de pesca.<\/li>\n<li>Para canas de pesca que n\u00e3o tenham sido utilizadas durante muito tempo, pode aplicar novamente o \u00f3leo de conserva\u00e7\u00e3o antes de as utilizar para garantir o bom estado da cana de pesca.<\/li>\n<li>Ap\u00f3s cada pesca, lavar a cana de pesca com \u00e1gua limpa para remover o sal e a sujidade, depois sec\u00e1-la e aplicar \u00f3leo de manuten\u00e7\u00e3o.<\/li>\n<\/ol>\n<p><strong>IV. Precau\u00e7\u00f5es<\/strong><\/p>\n<ol>\n<li>Evitar o contacto do \u00f3leo de tratamento com os olhos. Em caso de contacto acidental, lavar imediatamente com \u00e1gua limpa.<\/li>\n<li>Armazenar num local fresco e seco, evitando a luz solar direta e ambientes com temperaturas elevadas.<\/li>\n<li>N\u00e3o deixar que as crian\u00e7as entrem em contacto com o \u00f3leo de cuidado para evitar acidentes.<\/li>\n<li>Quando utilizar, siga as instru\u00e7\u00f5es e n\u00e3o utilize \u00f3leo em excesso para evitar afetar o desempenho da cana de pesca.<\/li>\n<\/ol>","protected":false},"excerpt":{"rendered":"<p>A nossa f\u00e1brica fornece servi\u00e7os de processamento OEM\/ODM, podemos personalizar produtos para si; O nosso MOQ \u00e9 baixo, geralmente a quantidade m\u00ednima \u00e9 de 1000 garrafas que podem ser produzidas; Os nossos produtos s\u00e3o baratos, de excelente qualidade, em conformidade com quaisquer leis e regulamentos nacionais e necessidades dos clientes!<\/p>\n<p>Oferecemos tamb\u00e9m os seguintes servi\u00e7os<br \/>\n\u2714 Fonte transfronteiri\u00e7a \u2714 Personaliza\u00e7\u00e3o do suporte<br \/>\n\u2714 F\u00e1brica de origem \u2714 Desenvolvimento de produtos<br \/>\nAutoriza\u00e7\u00e3o da marca \u2714 Autoriza\u00e7\u00e3o da marca \u2714 Autoriza\u00e7\u00e3o da marca<\/p>\n<h2 style=\"text-align: left;\"><strong>Perguntas ou coment\u00e1rios? <\/strong><\/h2>\n<h2 style=\"text-align: left;\"><strong>wlwer@williamweir.com<\/strong><\/h2>","protected":false},"featured_media":5312,"template":"","meta":{"_uag_custom_page_level_css":"","site-sidebar-layout":"default","site-content-layout":"","ast-site-content-layout":"default","site-content-style":"default","site-sidebar-style":"default","ast-global-header-display":"","ast-banner-title-visibility":"","ast-main-header-display":"","ast-hfb-above-header-display":"","ast-hfb-below-header-display":"","ast-hfb-mobile-header-display":"","site-post-title":"","ast-breadcrumbs-content":"","ast-featured-img":"","footer-sml-layout":"","theme-transparent-header-meta":"default","adv-header-id-meta":"","stick-header-meta":"","header-above-stick-meta":"","header-main-stick-meta":"","header-below-stick-meta":"","astra-migrate-meta-layouts":"set","ast-page-background-enabled":"default","ast-page-background-meta":{"desktop":{"background-color":"","background-image":"","background-repeat":"repeat","background-position":"center center","background-size":"auto","background-attachment":"scroll","background-type":"","background-media":"","overlay-type":"","overlay-color":"","overlay-opacity":"","overlay-gradient":""},"tablet":{"background-color":"","background-image":"","background-repeat":"repeat","background-position":"center center","background-size":"auto","background-attachment":"scroll","background-type":"","background-media":"","overlay-type":"","overlay-color":"","overlay-opacity":"","overlay-gradient":""},"mobile":{"background-color":"","background-image":"","background-repeat":"repeat","background-position":"center center","background-size":"auto","background-attachment":"scroll","background-type":"","background-media":"","overlay-type":"","overlay-color":"","overlay-opacity":"","overlay-gradient":""}},"ast-content-background-meta":{"desktop":{"background-color":"var(--ast-global-color-5)","background-image":"","background-repeat":"repeat","background-position":"center center","background-size":"auto","background-attachment":"scroll","background-type":"","background-media":"","overlay-type":"","overlay-color":"","overlay-opacity":"","overlay-gradient":""},"tablet":{"background-color":"var(--ast-global-color-5)","background-image":"","background-repeat":"repeat","background-position":"center center","background-size":"auto","background-attachment":"scroll","background-type":"","background-media":"","overlay-type":"","overlay-color":"","overlay-opacity":"","overlay-gradient":""},"mobile":{"background-color":"var(--ast-global-color-5)","background-image":"","background-repeat":"repeat","background-position":"center center","background-size":"auto","background-attachment":"scroll","background-type":"","background-media":"","overlay-type":"","overlay-color":"","overlay-opacity":"","overlay-gradient":""}}},"product_brand":[],"product_cat":[78],"product_tag":[148,151,145],"class_list":{"0":"post-5311","1":"product","2":"type-product","3":"status-publish","4":"has-post-thumbnail","6":"product_cat-lubricating-oil-care-oil-series","7":"product_tag-care-oil","8":"product_tag-fishing-rod-care-oil","9":"product_tag-maintenance-oil","10":"desktop-align-center","11":"tablet-align-left","12":"mobile-align-left","13":"ast-product-gallery-layout-horizontal-slider","14":"ast-product-gallery-with-no-image","15":"ast-product-tabs-layout-horizontal","17":"first","18":"instock","19":"shipping-taxable","20":"product-type-simple"},"aioseo_notices":[],"uagb_featured_image_src":{"full":["https:\/\/williamweir.com\/wp-content\/uploads\/2024\/10\/\u9c7c\u7aff\u4fdd\u517b\u6cb9.jpg",800,800,false],"thumbnail":["https:\/\/williamweir.com\/wp-content\/uploads\/2024\/10\/\u9c7c\u7aff\u4fdd\u517b\u6cb9-300x300.jpg",300,300,true],"medium":["https:\/\/williamweir.com\/wp-content\/uploads\/2024\/10\/\u9c7c\u7aff\u4fdd\u517b\u6cb9-600x600.jpg",600,600,true],"medium_large":["https:\/\/williamweir.com\/wp-content\/uploads\/2024\/10\/\u9c7c\u7aff\u4fdd\u517b\u6cb9-768x768.jpg",768,768,true],"large":["https:\/\/williamweir.com\/wp-content\/uploads\/2024\/10\/\u9c7c\u7aff\u4fdd\u517b\u6cb9.jpg",800,800,false],"1536x1536":["https:\/\/williamweir.com\/wp-content\/uploads\/2024\/10\/\u9c7c\u7aff\u4fdd\u517b\u6cb9.jpg",800,800,false],"2048x2048":["https:\/\/williamweir.com\/wp-content\/uploads\/2024\/10\/\u9c7c\u7aff\u4fdd\u517b\u6cb9.jpg",800,800,false],"trp-custom-language-flag":["https:\/\/williamweir.com\/wp-content\/uploads\/2024\/10\/\u9c7c\u7aff\u4fdd\u517b\u6cb9-12x12.jpg",12,12,true],"woocommerce_thumbnail":["https:\/\/williamweir.com\/wp-content\/uploads\/2024\/10\/\u9c7c\u7aff\u4fdd\u517b\u6cb9-600x600.jpg",600,600,true],"woocommerce_single":["https:\/\/williamweir.com\/wp-content\/uploads\/2024\/10\/\u9c7c\u7aff\u4fdd\u517b\u6cb9-600x600.jpg",600,600,true],"woocommerce_gallery_thumbnail":["https:\/\/williamweir.com\/wp-content\/uploads\/2024\/10\/\u9c7c\u7aff\u4fdd\u517b\u6cb9-100x100.jpg",100,100,true]},"uagb_author_info":{"display_name":"wlwer","author_link":"https:\/\/williamweir.com\/pt\/author\/"},"uagb_comment_info":0,"uagb_excerpt":"Our factory provides OEM\/ODM processing services, we can tailor products for you; Our MOQ is low, generally the minimum quantity is 1000 bottles can be produced; Our products are inexpensive, excellent product quality, in line with any national laws and regulations and customer needs! We also offer the following services \u2714\u00a0 Cross-border source\u00a0 \u00a0 \u00a0&hellip;","_links":{"self":[{"href":"https:\/\/williamweir.com\/pt\/wp-json\/wp\/v2\/product\/5311"}],"collection":[{"href":"https:\/\/williamweir.com\/pt\/wp-json\/wp\/v2\/product"}],"about":[{"href":"https:\/\/williamweir.com\/pt\/wp-json\/wp\/v2\/types\/product"}],"version-history":[{"count":5,"href":"https:\/\/williamweir.com\/pt\/wp-json\/wp\/v2\/product\/5311\/revisions"}],"predecessor-version":[{"id":8293,"href":"https:\/\/williamweir.com\/pt\/wp-json\/wp\/v2\/product\/5311\/revisions\/8293"}],"wp:featuredmedia":[{"embeddable":true,"href":"https:\/\/williamweir.com\/pt\/wp-json\/wp\/v2\/media\/5312"}],"wp:attachment":[{"href":"https:\/\/williamweir.com\/pt\/wp-json\/wp\/v2\/media?parent=5311"}],"wp:term":[{"taxonomy":"product_brand","embeddable":true,"href":"https:\/\/williamweir.com\/pt\/wp-json\/wp\/v2\/product_brand?post=5311"},{"taxonomy":"product_cat","embeddable":true,"href":"https:\/\/williamweir.com\/pt\/wp-json\/wp\/v2\/product_cat?post=5311"},{"taxonomy":"product_tag","embeddable":true,"href":"https:\/\/williamweir.com\/pt\/wp-json\/wp\/v2\/product_tag?post=5311"}],"curies":[{"name":"wp","href":"https:\/\/api.w.org\/{rel}","templated":true}]}}