{"id":5308,"date":"2024-10-30T05:18:55","date_gmt":"2024-10-30T05:18:55","guid":{"rendered":"https:\/\/williamweir.com\/?post_type=product&#038;p=5308"},"modified":"2025-05-24T01:48:13","modified_gmt":"2025-05-24T01:48:13","slug":"hardware-lubricating-oil","status":"publish","type":"product","link":"https:\/\/williamweir.com\/pt\/produto\/hardware-lubricating-oil\/","title":{"rendered":"Hardware \u00d3leo lubrificante"},"content":{"rendered":"<p align=\"justify\"><strong>C\u00f3digo do produto<\/strong><strong>\uff1a<\/strong><strong>2486<\/strong><\/p>\n<p><strong>I. Introdu\u00e7\u00e3o do produto<\/strong><\/p>\n<p>Este produto \u00e9 um produto de prote\u00e7\u00e3o de alto desempenho especialmente concebido para evitar que as superf\u00edcies met\u00e1licas enferrujem e proporcionar uma lubrifica\u00e7\u00e3o duradoura. \u00c9 adequado para v\u00e1rios produtos met\u00e1licos, tais como equipamento mec\u00e2nico, ferramentas e pe\u00e7as de autom\u00f3vel, e pode proteger eficazmente os metais da humidade, oxig\u00e9nio e outros factores corrosivos.<\/p>\n<p><strong>II. Carater\u00edsticas do produto<\/strong><\/p>\n<ol>\n<li>Excelente desempenho na preven\u00e7\u00e3o da ferrugem: Cont\u00e9m aditivos especiais de preven\u00e7\u00e3o da ferrugem que podem formar uma forte pel\u00edcula protetora na superf\u00edcie do metal, impedindo o contacto da humidade, oxig\u00e9nio e outras subst\u00e2ncias corrosivas e impedindo eficazmente o enferrujamento do metal.<\/li>\n<li>Bom desempenho de lubrifica\u00e7\u00e3o: Proporciona um excelente efeito de lubrifica\u00e7\u00e3o, reduz a fric\u00e7\u00e3o e o desgaste entre as pe\u00e7as met\u00e1licas e prolonga a vida \u00fatil do equipamento.<\/li>\n<li>Resist\u00eancia a altas temperaturas: Pode manter um desempenho est\u00e1vel em ambientes de alta temperatura e n\u00e3o falhar\u00e1 ou perder\u00e1 devido \u00e0 alta temperatura.<\/li>\n<li>Forte compatibilidade: Compat\u00edvel com a maioria dos materiais e revestimentos met\u00e1licos, n\u00e3o causando danos na superf\u00edcie met\u00e1lica nem afectando o seu aspeto.<\/li>\n<\/ol>\n<p><strong>III. M\u00e9todos de utiliza\u00e7\u00e3o<\/strong><\/p>\n<ol>\n<li>Antes de utilizar, certifique-se de que a superf\u00edcie met\u00e1lica est\u00e1 limpa e seca, sem manchas de \u00f3leo, p\u00f3 e outras impurezas.<\/li>\n<li>Pulverizar ou aplicar uniformemente o \u00f3leo lubrificante anti-ferrugem sobre a superf\u00edcie met\u00e1lica. Podem ser utilizadas ferramentas como pulverizadores, escovas ou panos.<\/li>\n<li>Para produtos met\u00e1licos que requerem preven\u00e7\u00e3o de ferrugem a longo prazo, a espessura do revestimento pode ser adequadamente aumentada.<\/li>\n<li>Durante a utiliza\u00e7\u00e3o, se for necess\u00e1rio reaplicar \u00f3leo lubrificante anti-ferrugem, o revestimento antigo pode ser removido primeiro e depois reaplicado.<\/li>\n<\/ol>\n<p><strong>IV. Precau\u00e7\u00f5es<\/strong><\/p>\n<ol>\n<li>Evitar o contacto com os olhos e a pele. Em caso de contacto acidental, lavar imediatamente com \u00e1gua limpa.<\/li>\n<li>Armazenar num local fresco, seco e bem ventilado, afastado de fontes de fogo e de calor.<\/li>\n<li>N\u00e3o misturar o \u00f3leo lubrificante anti-ferrugem com outros produtos qu\u00edmicos para n\u00e3o afetar o seu desempenho.<\/li>\n<li>Ap\u00f3s a utiliza\u00e7\u00e3o, selar o recipiente atempadamente para evitar a volatiliza\u00e7\u00e3o e a polui\u00e7\u00e3o.<\/li>\n<li>Durante a utiliza\u00e7\u00e3o, se ocorrerem condi\u00e7\u00f5es anormais, como descolora\u00e7\u00e3o e forma\u00e7\u00e3o de bolhas na superf\u00edcie met\u00e1lica, interromper imediatamente a utiliza\u00e7\u00e3o e adotar as medidas de tratamento correspondentes.<\/li>\n<\/ol>\n<p>&nbsp;<\/p>","protected":false},"excerpt":{"rendered":"<p>A nossa f\u00e1brica fornece servi\u00e7os de processamento OEM\/ODM, podemos personalizar produtos para si; O nosso MOQ \u00e9 baixo, geralmente a quantidade m\u00ednima \u00e9 de 1000 garrafas que podem ser produzidas; Os nossos produtos s\u00e3o baratos, de excelente qualidade, em conformidade com quaisquer leis e regulamentos nacionais e necessidades dos clientes!<\/p>\n<p>Oferecemos tamb\u00e9m os seguintes servi\u00e7os<br \/>\n\u2714 Fonte transfronteiri\u00e7a \u2714 Personaliza\u00e7\u00e3o do suporte<br \/>\n\u2714 F\u00e1brica de origem \u2714 Desenvolvimento de produtos<br \/>\nAutoriza\u00e7\u00e3o da marca \u2714 Autoriza\u00e7\u00e3o da marca \u2714 Autoriza\u00e7\u00e3o da marca<\/p>\n<h2 style=\"text-align: left;\"><strong>Perguntas ou coment\u00e1rios? <\/strong><\/h2>\n<h2 style=\"text-align: left;\"><strong>wlwer@williamweir.com<\/strong><\/h2>","protected":false},"featured_media":5309,"template":"","meta":{"_uag_custom_page_level_css":"","site-sidebar-layout":"default","site-content-layout":"","ast-site-content-layout":"default","site-content-style":"default","site-sidebar-style":"default","ast-global-header-display":"","ast-banner-title-visibility":"","ast-main-header-display":"","ast-hfb-above-header-display":"","ast-hfb-below-header-display":"","ast-hfb-mobile-header-display":"","site-post-title":"","ast-breadcrumbs-content":"","ast-featured-img":"","footer-sml-layout":"","theme-transparent-header-meta":"default","adv-header-id-meta":"","stick-header-meta":"","header-above-stick-meta":"","header-main-stick-meta":"","header-below-stick-meta":"","astra-migrate-meta-layouts":"set","ast-page-background-enabled":"default","ast-page-background-meta":{"desktop":{"background-color":"","background-image":"","background-repeat":"repeat","background-position":"center center","background-size":"auto","background-attachment":"scroll","background-type":"","background-media":"","overlay-type":"","overlay-color":"","overlay-opacity":"","overlay-gradient":""},"tablet":{"background-color":"","background-image":"","background-repeat":"repeat","background-position":"center center","background-size":"auto","background-attachment":"scroll","background-type":"","background-media":"","overlay-type":"","overlay-color":"","overlay-opacity":"","overlay-gradient":""},"mobile":{"background-color":"","background-image":"","background-repeat":"repeat","background-position":"center center","background-size":"auto","background-attachment":"scroll","background-type":"","background-media":"","overlay-type":"","overlay-color":"","overlay-opacity":"","overlay-gradient":""}},"ast-content-background-meta":{"desktop":{"background-color":"var(--ast-global-color-5)","background-image":"","background-repeat":"repeat","background-position":"center center","background-size":"auto","background-attachment":"scroll","background-type":"","background-media":"","overlay-type":"","overlay-color":"","overlay-opacity":"","overlay-gradient":""},"tablet":{"background-color":"var(--ast-global-color-5)","background-image":"","background-repeat":"repeat","background-position":"center center","background-size":"auto","background-attachment":"scroll","background-type":"","background-media":"","overlay-type":"","overlay-color":"","overlay-opacity":"","overlay-gradient":""},"mobile":{"background-color":"var(--ast-global-color-5)","background-image":"","background-repeat":"repeat","background-position":"center center","background-size":"auto","background-attachment":"scroll","background-type":"","background-media":"","overlay-type":"","overlay-color":"","overlay-opacity":"","overlay-gradient":""}}},"product_brand":[],"product_cat":[78],"product_tag":[148,150,145],"class_list":{"0":"post-5308","1":"product","2":"type-product","3":"status-publish","4":"has-post-thumbnail","6":"product_cat-lubricating-oil-care-oil-series","7":"product_tag-care-oil","8":"product_tag-lubricating-oil","9":"product_tag-maintenance-oil","10":"desktop-align-center","11":"tablet-align-left","12":"mobile-align-left","13":"ast-product-gallery-layout-horizontal-slider","14":"ast-product-gallery-with-no-image","15":"ast-product-tabs-layout-horizontal","17":"first","18":"instock","19":"shipping-taxable","20":"product-type-simple"},"aioseo_notices":[],"uagb_featured_image_src":{"full":["https:\/\/williamweir.com\/wp-content\/uploads\/2024\/10\/\u4e94\u91d1\u9632\u9508\u6da6\u6ed1\u6cb9.jpg",800,800,false],"thumbnail":["https:\/\/williamweir.com\/wp-content\/uploads\/2024\/10\/\u4e94\u91d1\u9632\u9508\u6da6\u6ed1\u6cb9-300x300.jpg",300,300,true],"medium":["https:\/\/williamweir.com\/wp-content\/uploads\/2024\/10\/\u4e94\u91d1\u9632\u9508\u6da6\u6ed1\u6cb9-600x600.jpg",600,600,true],"medium_large":["https:\/\/williamweir.com\/wp-content\/uploads\/2024\/10\/\u4e94\u91d1\u9632\u9508\u6da6\u6ed1\u6cb9-768x768.jpg",768,768,true],"large":["https:\/\/williamweir.com\/wp-content\/uploads\/2024\/10\/\u4e94\u91d1\u9632\u9508\u6da6\u6ed1\u6cb9.jpg",800,800,false],"1536x1536":["https:\/\/williamweir.com\/wp-content\/uploads\/2024\/10\/\u4e94\u91d1\u9632\u9508\u6da6\u6ed1\u6cb9.jpg",800,800,false],"2048x2048":["https:\/\/williamweir.com\/wp-content\/uploads\/2024\/10\/\u4e94\u91d1\u9632\u9508\u6da6\u6ed1\u6cb9.jpg",800,800,false],"trp-custom-language-flag":["https:\/\/williamweir.com\/wp-content\/uploads\/2024\/10\/\u4e94\u91d1\u9632\u9508\u6da6\u6ed1\u6cb9-12x12.jpg",12,12,true],"woocommerce_thumbnail":["https:\/\/williamweir.com\/wp-content\/uploads\/2024\/10\/\u4e94\u91d1\u9632\u9508\u6da6\u6ed1\u6cb9-600x600.jpg",600,600,true],"woocommerce_single":["https:\/\/williamweir.com\/wp-content\/uploads\/2024\/10\/\u4e94\u91d1\u9632\u9508\u6da6\u6ed1\u6cb9-600x600.jpg",600,600,true],"woocommerce_gallery_thumbnail":["https:\/\/williamweir.com\/wp-content\/uploads\/2024\/10\/\u4e94\u91d1\u9632\u9508\u6da6\u6ed1\u6cb9-100x100.jpg",100,100,true]},"uagb_author_info":{"display_name":"wlwer","author_link":"https:\/\/williamweir.com\/pt\/author\/"},"uagb_comment_info":0,"uagb_excerpt":"Our factory provides OEM\/ODM processing services, we can tailor products for you; Our MOQ is low, generally the minimum quantity is 1000 bottles can be produced; Our products are inexpensive, excellent product quality, in line with any national laws and regulations and customer needs! We also offer the following services \u2714\u00a0 Cross-border source\u00a0 \u00a0 \u00a0&hellip;","_links":{"self":[{"href":"https:\/\/williamweir.com\/pt\/wp-json\/wp\/v2\/product\/5308"}],"collection":[{"href":"https:\/\/williamweir.com\/pt\/wp-json\/wp\/v2\/product"}],"about":[{"href":"https:\/\/williamweir.com\/pt\/wp-json\/wp\/v2\/types\/product"}],"version-history":[{"count":5,"href":"https:\/\/williamweir.com\/pt\/wp-json\/wp\/v2\/product\/5308\/revisions"}],"predecessor-version":[{"id":8294,"href":"https:\/\/williamweir.com\/pt\/wp-json\/wp\/v2\/product\/5308\/revisions\/8294"}],"wp:featuredmedia":[{"embeddable":true,"href":"https:\/\/williamweir.com\/pt\/wp-json\/wp\/v2\/media\/5309"}],"wp:attachment":[{"href":"https:\/\/williamweir.com\/pt\/wp-json\/wp\/v2\/media?parent=5308"}],"wp:term":[{"taxonomy":"product_brand","embeddable":true,"href":"https:\/\/williamweir.com\/pt\/wp-json\/wp\/v2\/product_brand?post=5308"},{"taxonomy":"product_cat","embeddable":true,"href":"https:\/\/williamweir.com\/pt\/wp-json\/wp\/v2\/product_cat?post=5308"},{"taxonomy":"product_tag","embeddable":true,"href":"https:\/\/williamweir.com\/pt\/wp-json\/wp\/v2\/product_tag?post=5308"}],"curies":[{"name":"wp","href":"https:\/\/api.w.org\/{rel}","templated":true}]}}