{"id":5305,"date":"2024-10-30T05:15:43","date_gmt":"2024-10-30T05:15:43","guid":{"rendered":"https:\/\/williamweir.com\/?post_type=product&#038;p=5305"},"modified":"2025-05-24T01:48:18","modified_gmt":"2025-05-24T01:48:18","slug":"treadmill-lubricating-oil","status":"publish","type":"product","link":"https:\/\/williamweir.com\/pt\/produto\/treadmill-lubricating-oil\/","title":{"rendered":"\u00d3leo lubrificante para passadeiras de corrida"},"content":{"rendered":"<p align=\"justify\"><strong>C\u00f3digo do produto<\/strong><strong>\uff1a<\/strong><strong>2479<\/strong><\/p>\n<p><strong>I. Introdu\u00e7\u00e3o do produto<\/strong><\/p>\n<p>Este produto \u00e9 um \u00f3leo lubrificante de alta qualidade especialmente concebido para passadeiras. O seu objetivo \u00e9 assegurar o bom funcionamento das passadeiras, reduzir o desgaste e prolongar a vida \u00fatil das passadeiras.<\/p>\n<p><strong>II. Carater\u00edsticas do produto<\/strong><\/p>\n<ol>\n<li>Lubrifica\u00e7\u00e3o de alta efici\u00eancia: Cont\u00e9m ingredientes lubrificantes especiais que podem formar uma pel\u00edcula de \u00f3leo uniforme entre a correia de corrida e o tapete rolante da passadeira, reduzindo eficazmente o coeficiente de fric\u00e7\u00e3o e tornando o processo de corrida mais suave.<\/li>\n<li>Anti-desgaste: Reduzir o desgaste entre o tapete rolante e o tampo de rolamento, proteger os principais componentes da passadeira e prolongar a vida \u00fatil da passadeira.<\/li>\n<li>Resist\u00eancia a altas temperaturas: No ambiente de alta temperatura gerado durante o funcionamento da passadeira, pode ainda manter um desempenho de lubrifica\u00e7\u00e3o est\u00e1vel e n\u00e3o falhar\u00e1 devido \u00e0 alta temperatura.<\/li>\n<li>Forte compatibilidade: Adequado para v\u00e1rios tipos de passadeiras, incluindo passadeiras dom\u00e9sticas e comerciais.<\/li>\n<\/ol>\n<p><strong>III. M\u00e9todos de utiliza\u00e7\u00e3o<\/strong><\/p>\n<ol>\n<li>Desligue a alimenta\u00e7\u00e3o da passadeira para se certificar de que a passadeira est\u00e1 parada.<\/li>\n<li>Limpe a superf\u00edcie do tapete de corrida e do estribo com um pano limpo para remover o p\u00f3 e os detritos.<\/li>\n<li>Deite uma quantidade adequada de \u00f3leo lubrificante para passadeiras de forma uniforme no centro do tapete de corrida.<\/li>\n<li>Ligue a passadeira, coloque-a no modo de funcionamento a baixa velocidade e deixe o tapete de corrida funcionar durante alguns minutos para distribuir uniformemente o \u00f3leo lubrificante entre o tapete de corrida e o tampo de corrida.<\/li>\n<li>Desligue a passadeira e limpe novamente a superf\u00edcie do tapete de corrida com um pano limpo para retirar o excesso de \u00f3leo lubrificante.<\/li>\n<\/ol>\n<p><strong>IV. Precau\u00e7\u00f5es<\/strong><\/p>\n<ol>\n<li>Leia atentamente o manual do produto antes de o utilizar e utilize o \u00f3leo lubrificante da forma correta.<\/li>\n<li>N\u00e3o utilizar \u00f3leo lubrificante em excesso para n\u00e3o provocar o deslizamento da correia de transmiss\u00e3o.<\/li>\n<li>Guarde-o num local onde as crian\u00e7as n\u00e3o o possam alcan\u00e7ar facilmente para evitar a ingest\u00e3o acidental.<\/li>\n<\/ol>","protected":false},"excerpt":{"rendered":"<p>A nossa f\u00e1brica fornece servi\u00e7os de processamento OEM\/ODM, podemos personalizar produtos para si; O nosso MOQ \u00e9 baixo, geralmente a quantidade m\u00ednima \u00e9 de 1000 garrafas que podem ser produzidas; Os nossos produtos s\u00e3o baratos, de excelente qualidade, em conformidade com quaisquer leis e regulamentos nacionais e necessidades dos clientes!<\/p>\n<p>Oferecemos tamb\u00e9m os seguintes servi\u00e7os<br \/>\n\u2714 Fonte transfronteiri\u00e7a \u2714 Personaliza\u00e7\u00e3o do suporte<br \/>\n\u2714 F\u00e1brica de origem \u2714 Desenvolvimento de produtos<br \/>\nAutoriza\u00e7\u00e3o da marca \u2714 Autoriza\u00e7\u00e3o da marca \u2714 Autoriza\u00e7\u00e3o da marca<\/p>\n<h2 style=\"text-align: left;\"><strong>Perguntas ou coment\u00e1rios? <\/strong><\/h2>\n<h2 style=\"text-align: left;\"><strong>wlwer@williamweir.com<\/strong><\/h2>","protected":false},"featured_media":5306,"template":"","meta":{"_uag_custom_page_level_css":"","site-sidebar-layout":"default","site-content-layout":"","ast-site-content-layout":"default","site-content-style":"default","site-sidebar-style":"default","ast-global-header-display":"","ast-banner-title-visibility":"","ast-main-header-display":"","ast-hfb-above-header-display":"","ast-hfb-below-header-display":"","ast-hfb-mobile-header-display":"","site-post-title":"","ast-breadcrumbs-content":"","ast-featured-img":"","footer-sml-layout":"","theme-transparent-header-meta":"default","adv-header-id-meta":"","stick-header-meta":"","header-above-stick-meta":"","header-main-stick-meta":"","header-below-stick-meta":"","astra-migrate-meta-layouts":"set","ast-page-background-enabled":"default","ast-page-background-meta":{"desktop":{"background-color":"","background-image":"","background-repeat":"repeat","background-position":"center center","background-size":"auto","background-attachment":"scroll","background-type":"","background-media":"","overlay-type":"","overlay-color":"","overlay-opacity":"","overlay-gradient":""},"tablet":{"background-color":"","background-image":"","background-repeat":"repeat","background-position":"center center","background-size":"auto","background-attachment":"scroll","background-type":"","background-media":"","overlay-type":"","overlay-color":"","overlay-opacity":"","overlay-gradient":""},"mobile":{"background-color":"","background-image":"","background-repeat":"repeat","background-position":"center center","background-size":"auto","background-attachment":"scroll","background-type":"","background-media":"","overlay-type":"","overlay-color":"","overlay-opacity":"","overlay-gradient":""}},"ast-content-background-meta":{"desktop":{"background-color":"var(--ast-global-color-5)","background-image":"","background-repeat":"repeat","background-position":"center center","background-size":"auto","background-attachment":"scroll","background-type":"","background-media":"","overlay-type":"","overlay-color":"","overlay-opacity":"","overlay-gradient":""},"tablet":{"background-color":"var(--ast-global-color-5)","background-image":"","background-repeat":"repeat","background-position":"center center","background-size":"auto","background-attachment":"scroll","background-type":"","background-media":"","overlay-type":"","overlay-color":"","overlay-opacity":"","overlay-gradient":""},"mobile":{"background-color":"var(--ast-global-color-5)","background-image":"","background-repeat":"repeat","background-position":"center center","background-size":"auto","background-attachment":"scroll","background-type":"","background-media":"","overlay-type":"","overlay-color":"","overlay-opacity":"","overlay-gradient":""}}},"product_brand":[],"product_cat":[78],"product_tag":[148,150,145],"class_list":{"0":"post-5305","1":"product","2":"type-product","3":"status-publish","4":"has-post-thumbnail","6":"product_cat-lubricating-oil-care-oil-series","7":"product_tag-care-oil","8":"product_tag-lubricating-oil","9":"product_tag-maintenance-oil","10":"desktop-align-center","11":"tablet-align-left","12":"mobile-align-left","13":"ast-product-gallery-layout-horizontal-slider","14":"ast-product-gallery-with-no-image","15":"ast-product-tabs-layout-horizontal","17":"first","18":"instock","19":"shipping-taxable","20":"product-type-simple"},"aioseo_notices":[],"uagb_featured_image_src":{"full":["https:\/\/williamweir.com\/wp-content\/uploads\/2024\/10\/\u8dd1\u6b65\u673a\u6da6\u6ed1\u6cb9.jpg",800,800,false],"thumbnail":["https:\/\/williamweir.com\/wp-content\/uploads\/2024\/10\/\u8dd1\u6b65\u673a\u6da6\u6ed1\u6cb9-300x300.jpg",300,300,true],"medium":["https:\/\/williamweir.com\/wp-content\/uploads\/2024\/10\/\u8dd1\u6b65\u673a\u6da6\u6ed1\u6cb9-600x600.jpg",600,600,true],"medium_large":["https:\/\/williamweir.com\/wp-content\/uploads\/2024\/10\/\u8dd1\u6b65\u673a\u6da6\u6ed1\u6cb9-768x768.jpg",768,768,true],"large":["https:\/\/williamweir.com\/wp-content\/uploads\/2024\/10\/\u8dd1\u6b65\u673a\u6da6\u6ed1\u6cb9.jpg",800,800,false],"1536x1536":["https:\/\/williamweir.com\/wp-content\/uploads\/2024\/10\/\u8dd1\u6b65\u673a\u6da6\u6ed1\u6cb9.jpg",800,800,false],"2048x2048":["https:\/\/williamweir.com\/wp-content\/uploads\/2024\/10\/\u8dd1\u6b65\u673a\u6da6\u6ed1\u6cb9.jpg",800,800,false],"trp-custom-language-flag":["https:\/\/williamweir.com\/wp-content\/uploads\/2024\/10\/\u8dd1\u6b65\u673a\u6da6\u6ed1\u6cb9-12x12.jpg",12,12,true],"woocommerce_thumbnail":["https:\/\/williamweir.com\/wp-content\/uploads\/2024\/10\/\u8dd1\u6b65\u673a\u6da6\u6ed1\u6cb9-600x600.jpg",600,600,true],"woocommerce_single":["https:\/\/williamweir.com\/wp-content\/uploads\/2024\/10\/\u8dd1\u6b65\u673a\u6da6\u6ed1\u6cb9-600x600.jpg",600,600,true],"woocommerce_gallery_thumbnail":["https:\/\/williamweir.com\/wp-content\/uploads\/2024\/10\/\u8dd1\u6b65\u673a\u6da6\u6ed1\u6cb9-100x100.jpg",100,100,true]},"uagb_author_info":{"display_name":"wlwer","author_link":"https:\/\/williamweir.com\/pt\/author\/"},"uagb_comment_info":0,"uagb_excerpt":"Our factory provides OEM\/ODM processing services, we can tailor products for you; Our MOQ is low, generally the minimum quantity is 1000 bottles can be produced; Our products are inexpensive, excellent product quality, in line with any national laws and regulations and customer needs! We also offer the following services \u2714\u00a0 Cross-border source\u00a0 \u00a0 \u00a0&hellip;","_links":{"self":[{"href":"https:\/\/williamweir.com\/pt\/wp-json\/wp\/v2\/product\/5305"}],"collection":[{"href":"https:\/\/williamweir.com\/pt\/wp-json\/wp\/v2\/product"}],"about":[{"href":"https:\/\/williamweir.com\/pt\/wp-json\/wp\/v2\/types\/product"}],"version-history":[{"count":4,"href":"https:\/\/williamweir.com\/pt\/wp-json\/wp\/v2\/product\/5305\/revisions"}],"predecessor-version":[{"id":8295,"href":"https:\/\/williamweir.com\/pt\/wp-json\/wp\/v2\/product\/5305\/revisions\/8295"}],"wp:featuredmedia":[{"embeddable":true,"href":"https:\/\/williamweir.com\/pt\/wp-json\/wp\/v2\/media\/5306"}],"wp:attachment":[{"href":"https:\/\/williamweir.com\/pt\/wp-json\/wp\/v2\/media?parent=5305"}],"wp:term":[{"taxonomy":"product_brand","embeddable":true,"href":"https:\/\/williamweir.com\/pt\/wp-json\/wp\/v2\/product_brand?post=5305"},{"taxonomy":"product_cat","embeddable":true,"href":"https:\/\/williamweir.com\/pt\/wp-json\/wp\/v2\/product_cat?post=5305"},{"taxonomy":"product_tag","embeddable":true,"href":"https:\/\/williamweir.com\/pt\/wp-json\/wp\/v2\/product_tag?post=5305"}],"curies":[{"name":"wp","href":"https:\/\/api.w.org\/{rel}","templated":true}]}}