{"id":5299,"date":"2024-10-30T05:07:10","date_gmt":"2024-10-30T05:07:10","guid":{"rendered":"https:\/\/williamweir.com\/?post_type=product&#038;p=5299"},"modified":"2025-05-24T01:48:32","modified_gmt":"2025-05-24T01:48:32","slug":"sewing-machine-oil","status":"publish","type":"product","link":"https:\/\/williamweir.com\/pt\/produto\/sewing-machine-oil\/","title":{"rendered":"\u00d3leo para m\u00e1quinas de costura"},"content":{"rendered":"<p align=\"justify\"><strong>C\u00f3digo do produto<\/strong><strong>\uff1a<\/strong><strong>2448<\/strong><\/p>\n<p><strong>I. Introdu\u00e7\u00e3o do produto<\/strong><\/p>\n<p>Este produto \u00e9 um \u00f3leo lubrificante de alta qualidade especialmente concebido para m\u00e1quinas de costura, com o objetivo de assegurar o bom funcionamento das m\u00e1quinas de costura e prolongar a sua vida \u00fatil.<\/p>\n<p><strong>II. Carater\u00edsticas do produto<\/strong><\/p>\n<ol>\n<li>Bom desempenho de lubrifica\u00e7\u00e3o: Pode formar uma pel\u00edcula de \u00f3leo uniforme entre as v\u00e1rias partes m\u00f3veis da m\u00e1quina de costura, reduzir a fric\u00e7\u00e3o e o desgaste, e fazer com que a m\u00e1quina de costura funcione de forma mais suave e silenciosa.<\/li>\n<li>Propriedade antioxidante: Tem um bom desempenho antioxidante, que pode evitar a deteriora\u00e7\u00e3o do \u00f3leo lubrificante durante a utiliza\u00e7\u00e3o e manter a durabilidade do seu efeito lubrificante.<\/li>\n<li>Prote\u00e7\u00e3o contra a ferrugem: Evita eficazmente o enferrujamento e a corros\u00e3o das partes met\u00e1licas da m\u00e1quina de costura e protege a precis\u00e3o e o desempenho da m\u00e1quina.<\/li>\n<li>Fluidez a baixa temperatura: Pode manter uma boa fluidez em ambientes de baixa temperatura, assegurando que a m\u00e1quina de costura pode arrancar e funcionar normalmente em diferentes condi\u00e7\u00f5es de temperatura.<\/li>\n<li>Forte compatibilidade: \u00c9 compat\u00edvel com v\u00e1rios materiais e pe\u00e7as da m\u00e1quina de costura e n\u00e3o ter\u00e1 efeitos adversos na borracha, pl\u00e1stico e outras pe\u00e7as.<\/li>\n<\/ol>\n<p><strong>III. M\u00e9todos de utiliza\u00e7\u00e3o<\/strong><\/p>\n<ol>\n<li>Antes de utilizar a m\u00e1quina de costura, desligar primeiro a corrente el\u00e9ctrica para garantir que a m\u00e1quina se encontra num estado estacion\u00e1rio.<\/li>\n<li>Limpar o p\u00f3 e os detritos na superf\u00edcie da m\u00e1quina de costura para evitar que as impurezas se misturem no \u00f3leo lubrificante.<\/li>\n<li>Abrir o orif\u00edcio de enchimento de \u00f3leo ou a ranhura de \u00f3leo da m\u00e1quina de costura e deitar lentamente uma quantidade adequada de \u00f3leo lubrificante. Ter o cuidado de n\u00e3o encher demasiado para evitar derrames de \u00f3leo.<\/li>\n<li>Rodar manualmente o volante da m\u00e1quina de costura para distribuir uniformemente o \u00f3leo lubrificante por cada pe\u00e7a m\u00f3vel.<\/li>\n<li>Limpar o excesso de \u00f3leo lubrificante com um pano limpo para manter a superf\u00edcie da m\u00e1quina de costura limpa.<\/li>\n<\/ol>\n<p><strong>IV. Precau\u00e7\u00f5es<\/strong><\/p>\n<ol>\n<li>Guarde-o num local onde as crian\u00e7as e os animais dom\u00e9sticos n\u00e3o o possam alcan\u00e7ar facilmente para evitar a ingest\u00e3o acidental.<\/li>\n<li>Manter afastado de fontes de fogo e de ambientes com temperaturas elevadas para evitar a combust\u00e3o ou a deteriora\u00e7\u00e3o do \u00f3leo lubrificante.<\/li>\n<li>Verificar regularmente a quantidade de \u00f3leo lubrificante na m\u00e1quina de costura e reabastecer ou substituir o \u00f3leo lubrificante a tempo, de acordo com a situa\u00e7\u00e3o de utiliza\u00e7\u00e3o.<\/li>\n<\/ol>","protected":false},"excerpt":{"rendered":"<p>A nossa f\u00e1brica fornece servi\u00e7os de processamento OEM\/ODM, podemos personalizar produtos para si; O nosso MOQ \u00e9 baixo, geralmente a quantidade m\u00ednima \u00e9 de 1000 garrafas que podem ser produzidas; Os nossos produtos s\u00e3o baratos, de excelente qualidade, em conformidade com quaisquer leis e regulamentos nacionais e necessidades dos clientes!<\/p>\n<p>Oferecemos tamb\u00e9m os seguintes servi\u00e7os<br \/>\n\u2714 Fonte transfronteiri\u00e7a \u2714 Personaliza\u00e7\u00e3o do suporte<br \/>\n\u2714 F\u00e1brica de origem \u2714 Desenvolvimento de produtos<br \/>\nAutoriza\u00e7\u00e3o da marca \u2714 Autoriza\u00e7\u00e3o da marca \u2714 Autoriza\u00e7\u00e3o da marca<\/p>\n<h2 style=\"text-align: left;\"><strong>Perguntas ou coment\u00e1rios? <\/strong><\/h2>\n<h2 style=\"text-align: left;\"><strong>wlwer@williamweir.com<\/strong><\/h2>","protected":false},"featured_media":5300,"template":"","meta":{"_uag_custom_page_level_css":"","site-sidebar-layout":"default","site-content-layout":"","ast-site-content-layout":"default","site-content-style":"default","site-sidebar-style":"default","ast-global-header-display":"","ast-banner-title-visibility":"","ast-main-header-display":"","ast-hfb-above-header-display":"","ast-hfb-below-header-display":"","ast-hfb-mobile-header-display":"","site-post-title":"","ast-breadcrumbs-content":"","ast-featured-img":"","footer-sml-layout":"","theme-transparent-header-meta":"default","adv-header-id-meta":"","stick-header-meta":"","header-above-stick-meta":"","header-main-stick-meta":"","header-below-stick-meta":"","astra-migrate-meta-layouts":"set","ast-page-background-enabled":"default","ast-page-background-meta":{"desktop":{"background-color":"","background-image":"","background-repeat":"repeat","background-position":"center center","background-size":"auto","background-attachment":"scroll","background-type":"","background-media":"","overlay-type":"","overlay-color":"","overlay-opacity":"","overlay-gradient":""},"tablet":{"background-color":"","background-image":"","background-repeat":"repeat","background-position":"center center","background-size":"auto","background-attachment":"scroll","background-type":"","background-media":"","overlay-type":"","overlay-color":"","overlay-opacity":"","overlay-gradient":""},"mobile":{"background-color":"","background-image":"","background-repeat":"repeat","background-position":"center center","background-size":"auto","background-attachment":"scroll","background-type":"","background-media":"","overlay-type":"","overlay-color":"","overlay-opacity":"","overlay-gradient":""}},"ast-content-background-meta":{"desktop":{"background-color":"var(--ast-global-color-5)","background-image":"","background-repeat":"repeat","background-position":"center center","background-size":"auto","background-attachment":"scroll","background-type":"","background-media":"","overlay-type":"","overlay-color":"","overlay-opacity":"","overlay-gradient":""},"tablet":{"background-color":"var(--ast-global-color-5)","background-image":"","background-repeat":"repeat","background-position":"center center","background-size":"auto","background-attachment":"scroll","background-type":"","background-media":"","overlay-type":"","overlay-color":"","overlay-opacity":"","overlay-gradient":""},"mobile":{"background-color":"var(--ast-global-color-5)","background-image":"","background-repeat":"repeat","background-position":"center center","background-size":"auto","background-attachment":"scroll","background-type":"","background-media":"","overlay-type":"","overlay-color":"","overlay-opacity":"","overlay-gradient":""}}},"product_brand":[],"product_cat":[78],"product_tag":[150,145],"class_list":{"0":"post-5299","1":"product","2":"type-product","3":"status-publish","4":"has-post-thumbnail","6":"product_cat-lubricating-oil-care-oil-series","7":"product_tag-lubricating-oil","8":"product_tag-maintenance-oil","9":"desktop-align-center","10":"tablet-align-left","11":"mobile-align-left","12":"ast-product-gallery-layout-horizontal-slider","13":"ast-product-gallery-with-no-image","14":"ast-product-tabs-layout-horizontal","16":"first","17":"instock","18":"shipping-taxable","19":"product-type-simple"},"aioseo_notices":[],"uagb_featured_image_src":{"full":["https:\/\/williamweir.com\/wp-content\/uploads\/2024\/10\/\u7f1d\u7eab\u673a\u6da6\u6ed1\u6cb91.jpg",800,800,false],"thumbnail":["https:\/\/williamweir.com\/wp-content\/uploads\/2024\/10\/\u7f1d\u7eab\u673a\u6da6\u6ed1\u6cb91-300x300.jpg",300,300,true],"medium":["https:\/\/williamweir.com\/wp-content\/uploads\/2024\/10\/\u7f1d\u7eab\u673a\u6da6\u6ed1\u6cb91-600x600.jpg",600,600,true],"medium_large":["https:\/\/williamweir.com\/wp-content\/uploads\/2024\/10\/\u7f1d\u7eab\u673a\u6da6\u6ed1\u6cb91-768x768.jpg",768,768,true],"large":["https:\/\/williamweir.com\/wp-content\/uploads\/2024\/10\/\u7f1d\u7eab\u673a\u6da6\u6ed1\u6cb91.jpg",800,800,false],"1536x1536":["https:\/\/williamweir.com\/wp-content\/uploads\/2024\/10\/\u7f1d\u7eab\u673a\u6da6\u6ed1\u6cb91.jpg",800,800,false],"2048x2048":["https:\/\/williamweir.com\/wp-content\/uploads\/2024\/10\/\u7f1d\u7eab\u673a\u6da6\u6ed1\u6cb91.jpg",800,800,false],"trp-custom-language-flag":["https:\/\/williamweir.com\/wp-content\/uploads\/2024\/10\/\u7f1d\u7eab\u673a\u6da6\u6ed1\u6cb91-12x12.jpg",12,12,true],"woocommerce_thumbnail":["https:\/\/williamweir.com\/wp-content\/uploads\/2024\/10\/\u7f1d\u7eab\u673a\u6da6\u6ed1\u6cb91-600x600.jpg",600,600,true],"woocommerce_single":["https:\/\/williamweir.com\/wp-content\/uploads\/2024\/10\/\u7f1d\u7eab\u673a\u6da6\u6ed1\u6cb91-600x600.jpg",600,600,true],"woocommerce_gallery_thumbnail":["https:\/\/williamweir.com\/wp-content\/uploads\/2024\/10\/\u7f1d\u7eab\u673a\u6da6\u6ed1\u6cb91-100x100.jpg",100,100,true]},"uagb_author_info":{"display_name":"wlwer","author_link":"https:\/\/williamweir.com\/pt\/author\/"},"uagb_comment_info":0,"uagb_excerpt":"Our factory provides OEM\/ODM processing services, we can tailor products for you; Our MOQ is low, generally the minimum quantity is 1000 bottles can be produced; Our products are inexpensive, excellent product quality, in line with any national laws and regulations and customer needs! We also offer the following services \u2714\u00a0 Cross-border source\u00a0 \u00a0 \u00a0&hellip;","_links":{"self":[{"href":"https:\/\/williamweir.com\/pt\/wp-json\/wp\/v2\/product\/5299"}],"collection":[{"href":"https:\/\/williamweir.com\/pt\/wp-json\/wp\/v2\/product"}],"about":[{"href":"https:\/\/williamweir.com\/pt\/wp-json\/wp\/v2\/types\/product"}],"version-history":[{"count":4,"href":"https:\/\/williamweir.com\/pt\/wp-json\/wp\/v2\/product\/5299\/revisions"}],"predecessor-version":[{"id":8297,"href":"https:\/\/williamweir.com\/pt\/wp-json\/wp\/v2\/product\/5299\/revisions\/8297"}],"wp:featuredmedia":[{"embeddable":true,"href":"https:\/\/williamweir.com\/pt\/wp-json\/wp\/v2\/media\/5300"}],"wp:attachment":[{"href":"https:\/\/williamweir.com\/pt\/wp-json\/wp\/v2\/media?parent=5299"}],"wp:term":[{"taxonomy":"product_brand","embeddable":true,"href":"https:\/\/williamweir.com\/pt\/wp-json\/wp\/v2\/product_brand?post=5299"},{"taxonomy":"product_cat","embeddable":true,"href":"https:\/\/williamweir.com\/pt\/wp-json\/wp\/v2\/product_cat?post=5299"},{"taxonomy":"product_tag","embeddable":true,"href":"https:\/\/williamweir.com\/pt\/wp-json\/wp\/v2\/product_tag?post=5299"}],"curies":[{"name":"wp","href":"https:\/\/api.w.org\/{rel}","templated":true}]}}