{"id":5289,"date":"2024-10-30T04:52:59","date_gmt":"2024-10-30T04:52:59","guid":{"rendered":"https:\/\/williamweir.com\/?post_type=product&#038;p=5289"},"modified":"2025-05-24T01:48:49","modified_gmt":"2025-05-24T01:48:49","slug":"car-glass-oil-film-cleaner","status":"publish","type":"product","link":"https:\/\/williamweir.com\/pt\/produto\/car-glass-oil-film-cleaner\/","title":{"rendered":"Limpador da pel\u00edcula de \u00f3leo do vidro do autom\u00f3vel"},"content":{"rendered":"<p align=\"justify\"><strong>C\u00f3digo do produto<\/strong><strong>\uff1a<\/strong><strong>2424<\/strong><\/p>\n<p><strong>I. Introdu\u00e7\u00e3o do produto<\/strong><\/p>\n<p>Este produto \u00e9 um produto de limpeza altamente eficaz, especialmente concebido para remover a pel\u00edcula de \u00f3leo do vidro do autom\u00f3vel. Pode remover eficazmente as impurezas, tais como manchas de \u00f3leo, manchas de \u00e1gua e p\u00f3 na superf\u00edcie do vidro, restaurar a clareza e a transpar\u00eancia do vidro do autom\u00f3vel e melhorar a clareza e a seguran\u00e7a da vis\u00e3o de condu\u00e7\u00e3o.<\/p>\n<p><strong>II. Carater\u00edsticas do produto<\/strong><\/p>\n<ol>\n<li>Poderosa remo\u00e7\u00e3o de pel\u00edculas de \u00f3leo: Cont\u00e9m uma f\u00f3rmula de limpeza \u00fanica que pode decompor e remover rapidamente as pel\u00edculas de \u00f3leo persistentes no vidro do autom\u00f3vel. Quer se trate de uma pel\u00edcula de \u00f3leo proveniente de emiss\u00f5es de gases de escape, de manchas de \u00f3leo salpicadas ou de outras fontes de polui\u00e7\u00e3o, pode ser facilmente eliminada.<\/li>\n<li>Limpeza profunda: Pode n\u00e3o s\u00f3 remover a pel\u00edcula de \u00f3leo na superf\u00edcie, mas tamb\u00e9m limpar profundamente a sujidade nos poros do vidro, tornando a superf\u00edcie do vidro mais limpa e suave.<\/li>\n<li>Seguro e inofensivo: Adopta uma f\u00f3rmula suave e amiga do ambiente, que n\u00e3o \u00e9 corrosiva para o vidro do autom\u00f3vel e \u00e9 inofensiva para o corpo humano e para o ambiente. Utilize-o com confian\u00e7a.<\/li>\n<li>F\u00e1cil de utilizar: Funcionamento c\u00f3modo, sem necessidade de compet\u00eancias profissionais. Os propriet\u00e1rios de autom\u00f3veis normais podem efetuar facilmente o trabalho de limpeza.<\/li>\n<\/ol>\n<p><strong>III. M\u00e9todos de utiliza\u00e7\u00e3o<\/strong><\/p>\n<ol>\n<li>Agite o frasco do produto de limpeza para o misturar completamente. Pulverizar uma quantidade adequada de produto de limpeza uniformemente sobre a superf\u00edcie do vidro do autom\u00f3vel.<\/li>\n<li>Limpar suavemente a superf\u00edcie do vidro com uma esponja limpa ou um pano macio, em movimentos circulares, para garantir que o produto de limpeza entre em contacto com a pel\u00edcula de \u00f3leo e actue sobre ela. Para pel\u00edculas de \u00f3leo persistentes, pode aumentar adequadamente a for\u00e7a e o tempo de limpeza.<\/li>\n<li>Depois de limpar, enxaguar a superf\u00edcie do vidro com \u00e1gua limpa para eliminar completamente o produto de limpeza residual e a sujidade.<\/li>\n<li>Por fim, secar a superf\u00edcie do vidro com um pano limpo e seco para lhe devolver a secura e a transpar\u00eancia.<\/li>\n<\/ol>\n<p><strong>IV. Precau\u00e7\u00f5es<\/strong><\/p>\n<ol>\n<li>Antes da utiliza\u00e7\u00e3o, recomenda-se a realiza\u00e7\u00e3o de um teste local num pequeno canto do vidro do autom\u00f3vel para observar se existem reac\u00e7\u00f5es adversas, tais como descolora\u00e7\u00e3o e riscos.<\/li>\n<li>Evitar a utiliza\u00e7\u00e3o sob luz solar direta ou em ambientes com temperaturas elevadas para evitar que o produto de limpeza se evapore rapidamente e afecte o efeito de limpeza.<\/li>\n<li>Ap\u00f3s a utiliza\u00e7\u00e3o, feche o frasco do produto de limpeza e guarde-o num local fresco e seco, fora do alcance das crian\u00e7as.<\/li>\n<\/ol>","protected":false},"excerpt":{"rendered":"<p>A nossa f\u00e1brica fornece servi\u00e7os de processamento OEM\/ODM, podemos personalizar produtos para si; O nosso MOQ \u00e9 baixo, geralmente a quantidade m\u00ednima \u00e9 de 1000 garrafas que podem ser produzidas; Os nossos produtos s\u00e3o baratos, de excelente qualidade, em conformidade com quaisquer leis e regulamentos nacionais e necessidades dos clientes!<\/p>\n<p>Oferecemos tamb\u00e9m os seguintes servi\u00e7os<br \/>\n\u2714 Fonte transfronteiri\u00e7a \u2714 Personaliza\u00e7\u00e3o do suporte<br \/>\n\u2714 F\u00e1brica de origem \u2714 Desenvolvimento de produtos<br \/>\nAutoriza\u00e7\u00e3o da marca \u2714 Autoriza\u00e7\u00e3o da marca \u2714 Autoriza\u00e7\u00e3o da marca<\/p>\n<h2 style=\"text-align: left;\"><strong>Perguntas ou coment\u00e1rios? <\/strong><\/h2>\n<h2 style=\"text-align: left;\"><strong>wlwer@williamweir.com<\/strong><\/h2>","protected":false},"featured_media":5290,"template":"","meta":{"_uag_custom_page_level_css":"","site-sidebar-layout":"default","site-content-layout":"","ast-site-content-layout":"default","site-content-style":"default","site-sidebar-style":"default","ast-global-header-display":"","ast-banner-title-visibility":"","ast-main-header-display":"","ast-hfb-above-header-display":"","ast-hfb-below-header-display":"","ast-hfb-mobile-header-display":"","site-post-title":"","ast-breadcrumbs-content":"","ast-featured-img":"","footer-sml-layout":"","theme-transparent-header-meta":"default","adv-header-id-meta":"","stick-header-meta":"","header-above-stick-meta":"","header-main-stick-meta":"","header-below-stick-meta":"","astra-migrate-meta-layouts":"set","ast-page-background-enabled":"default","ast-page-background-meta":{"desktop":{"background-color":"","background-image":"","background-repeat":"repeat","background-position":"center center","background-size":"auto","background-attachment":"scroll","background-type":"","background-media":"","overlay-type":"","overlay-color":"","overlay-opacity":"","overlay-gradient":""},"tablet":{"background-color":"","background-image":"","background-repeat":"repeat","background-position":"center center","background-size":"auto","background-attachment":"scroll","background-type":"","background-media":"","overlay-type":"","overlay-color":"","overlay-opacity":"","overlay-gradient":""},"mobile":{"background-color":"","background-image":"","background-repeat":"repeat","background-position":"center center","background-size":"auto","background-attachment":"scroll","background-type":"","background-media":"","overlay-type":"","overlay-color":"","overlay-opacity":"","overlay-gradient":""}},"ast-content-background-meta":{"desktop":{"background-color":"var(--ast-global-color-5)","background-image":"","background-repeat":"repeat","background-position":"center center","background-size":"auto","background-attachment":"scroll","background-type":"","background-media":"","overlay-type":"","overlay-color":"","overlay-opacity":"","overlay-gradient":""},"tablet":{"background-color":"var(--ast-global-color-5)","background-image":"","background-repeat":"repeat","background-position":"center center","background-size":"auto","background-attachment":"scroll","background-type":"","background-media":"","overlay-type":"","overlay-color":"","overlay-opacity":"","overlay-gradient":""},"mobile":{"background-color":"var(--ast-global-color-5)","background-image":"","background-repeat":"repeat","background-position":"center center","background-size":"auto","background-attachment":"scroll","background-type":"","background-media":"","overlay-type":"","overlay-color":"","overlay-opacity":"","overlay-gradient":""}}},"product_brand":[],"product_cat":[77],"product_tag":[141,142],"class_list":{"0":"post-5289","1":"product","2":"type-product","3":"status-publish","4":"has-post-thumbnail","6":"product_cat-car-cleaning-and-maintenance","7":"product_tag-glass-cleaner","8":"product_tag-oil-film-cleaner","9":"desktop-align-center","10":"tablet-align-left","11":"mobile-align-left","12":"ast-product-gallery-layout-horizontal-slider","13":"ast-product-gallery-with-no-image","14":"ast-product-tabs-layout-horizontal","16":"first","17":"instock","18":"shipping-taxable","19":"product-type-simple"},"aioseo_notices":[],"uagb_featured_image_src":{"full":["https:\/\/williamweir.com\/wp-content\/uploads\/2024\/10\/\u73bb\u7483\u6cb9\u819c\u6e05\u6d01\u52425.jpg",800,800,false],"thumbnail":["https:\/\/williamweir.com\/wp-content\/uploads\/2024\/10\/\u73bb\u7483\u6cb9\u819c\u6e05\u6d01\u52425-300x300.jpg",300,300,true],"medium":["https:\/\/williamweir.com\/wp-content\/uploads\/2024\/10\/\u73bb\u7483\u6cb9\u819c\u6e05\u6d01\u52425-600x600.jpg",600,600,true],"medium_large":["https:\/\/williamweir.com\/wp-content\/uploads\/2024\/10\/\u73bb\u7483\u6cb9\u819c\u6e05\u6d01\u52425-768x768.jpg",768,768,true],"large":["https:\/\/williamweir.com\/wp-content\/uploads\/2024\/10\/\u73bb\u7483\u6cb9\u819c\u6e05\u6d01\u52425.jpg",800,800,false],"1536x1536":["https:\/\/williamweir.com\/wp-content\/uploads\/2024\/10\/\u73bb\u7483\u6cb9\u819c\u6e05\u6d01\u52425.jpg",800,800,false],"2048x2048":["https:\/\/williamweir.com\/wp-content\/uploads\/2024\/10\/\u73bb\u7483\u6cb9\u819c\u6e05\u6d01\u52425.jpg",800,800,false],"trp-custom-language-flag":["https:\/\/williamweir.com\/wp-content\/uploads\/2024\/10\/\u73bb\u7483\u6cb9\u819c\u6e05\u6d01\u52425-12x12.jpg",12,12,true],"woocommerce_thumbnail":["https:\/\/williamweir.com\/wp-content\/uploads\/2024\/10\/\u73bb\u7483\u6cb9\u819c\u6e05\u6d01\u52425-600x600.jpg",600,600,true],"woocommerce_single":["https:\/\/williamweir.com\/wp-content\/uploads\/2024\/10\/\u73bb\u7483\u6cb9\u819c\u6e05\u6d01\u52425-600x600.jpg",600,600,true],"woocommerce_gallery_thumbnail":["https:\/\/williamweir.com\/wp-content\/uploads\/2024\/10\/\u73bb\u7483\u6cb9\u819c\u6e05\u6d01\u52425-100x100.jpg",100,100,true]},"uagb_author_info":{"display_name":"wlwer","author_link":"https:\/\/williamweir.com\/pt\/author\/"},"uagb_comment_info":0,"uagb_excerpt":"Our factory provides OEM\/ODM processing services, we can tailor products for you; Our MOQ is low, generally the minimum quantity is 1000 bottles can be produced; Our products are inexpensive, excellent product quality, in line with any national laws and regulations and customer needs! We also offer the following services \u2714\u00a0 Cross-border source\u00a0 \u00a0 \u00a0&hellip;","_links":{"self":[{"href":"https:\/\/williamweir.com\/pt\/wp-json\/wp\/v2\/product\/5289"}],"collection":[{"href":"https:\/\/williamweir.com\/pt\/wp-json\/wp\/v2\/product"}],"about":[{"href":"https:\/\/williamweir.com\/pt\/wp-json\/wp\/v2\/types\/product"}],"version-history":[{"count":5,"href":"https:\/\/williamweir.com\/pt\/wp-json\/wp\/v2\/product\/5289\/revisions"}],"predecessor-version":[{"id":8300,"href":"https:\/\/williamweir.com\/pt\/wp-json\/wp\/v2\/product\/5289\/revisions\/8300"}],"wp:featuredmedia":[{"embeddable":true,"href":"https:\/\/williamweir.com\/pt\/wp-json\/wp\/v2\/media\/5290"}],"wp:attachment":[{"href":"https:\/\/williamweir.com\/pt\/wp-json\/wp\/v2\/media?parent=5289"}],"wp:term":[{"taxonomy":"product_brand","embeddable":true,"href":"https:\/\/williamweir.com\/pt\/wp-json\/wp\/v2\/product_brand?post=5289"},{"taxonomy":"product_cat","embeddable":true,"href":"https:\/\/williamweir.com\/pt\/wp-json\/wp\/v2\/product_cat?post=5289"},{"taxonomy":"product_tag","embeddable":true,"href":"https:\/\/williamweir.com\/pt\/wp-json\/wp\/v2\/product_tag?post=5289"}],"curies":[{"name":"wp","href":"https:\/\/api.w.org\/{rel}","templated":true}]}}