{"id":5280,"date":"2024-10-30T04:34:04","date_gmt":"2024-10-30T04:34:04","guid":{"rendered":"https:\/\/williamweir.com\/?post_type=product&#038;p=5280"},"modified":"2025-05-24T01:49:05","modified_gmt":"2025-05-24T01:49:05","slug":"wood-care-beeswax","status":"publish","type":"product","link":"https:\/\/williamweir.com\/pt\/produto\/wood-care-beeswax\/","title":{"rendered":"Cera de abelha para tratamento de madeira"},"content":{"rendered":"<p><strong><span class=\"15\">C\u00f3digo do produto\uff1a<\/span><\/strong><strong><span class=\"15\">0048<\/span><\/strong><\/p>\n<p><strong>I. Introdu\u00e7\u00e3o do produto<\/strong><\/p>\n<p>Este produto \u00e9 um produto de cuidado de alta qualidade cuidadosamente desenvolvido para todos os tipos de mobili\u00e1rio e produtos de madeira. A cera de abelha natural selecionada, combinada com tecnologia avan\u00e7ada, dedica-se a proporcionar uma excelente prote\u00e7\u00e3o e nutri\u00e7\u00e3o \u00e0 superf\u00edcie da madeira, mostrando a beleza natural e o encanto duradouro da madeira.<\/p>\n<p><strong>II. Carater\u00edsticas do produto<\/strong><\/p>\n<ol>\n<li>Nutri\u00e7\u00e3o profunda: A cera de abelha natural pode penetrar profundamente nas fibras da madeira, complementar o \u00f3leo e fixar a humidade na madeira, evitar que a madeira seque e rache e manter a flexibilidade da madeira.<\/li>\n<li>Aumentar o brilho: Dar aos m\u00f3veis de madeira um brilho quente e natural, real\u00e7ar a textura e a cor da madeira e tornar os m\u00f3veis mais bonitos e comoventes.<\/li>\n<li>Imperme\u00e1vel e \u00e0 prova de humidade: Forma uma pel\u00edcula protetora na superf\u00edcie da madeira para bloquear eficazmente a invas\u00e3o de humidade e reduzir os danos na madeira causados por um ambiente h\u00famido.<\/li>\n<li>Anti-incrustantes e resistentes ao desgaste: melhoram a capacidade anti-incrustante da madeira, n\u00e3o \u00e9 f\u00e1cil de ser contaminada com p\u00f3 e manchas e, ao mesmo tempo, melhoram a resist\u00eancia ao desgaste da madeira e prolongam a vida \u00fatil do mobili\u00e1rio.<\/li>\n<li>Seguro e amigo do ambiente: Feito de cera de abelha natural, n\u00e3o \u00e9 t\u00f3xico, inodoro e n\u00e3o \u00e9 irritante, \u00e9 amigo do corpo humano e do ambiente e pode ser utilizado com confian\u00e7a.<\/li>\n<li>Amplamente aplic\u00e1vel: Aplic\u00e1vel a v\u00e1rios m\u00f3veis de madeira maci\u00e7a, soalhos de madeira, artesanato de madeira, etc.<\/li>\n<\/ol>\n<p><strong>III. M\u00e9todos de utiliza\u00e7\u00e3o<\/strong><\/p>\n<ol>\n<li>Limpar a superf\u00edcie: Antes de utilizar, certifique-se de que a superf\u00edcie de madeira est\u00e1 limpa e seca, sem impurezas como p\u00f3 e manchas de \u00f3leo. Pode limp\u00e1-la suavemente com um pano seco e macio.<\/li>\n<li>Aplicar a cera de abelha: Pegue numa quantidade adequada de cera de abelha e aplique-a uniformemente na superf\u00edcie da madeira. Pode utilizar um pano macio ou uma esponja para aplicar a cera de abelha, de modo a garantir que esta fica uniformemente coberta.<\/li>\n<li>Limpar e polir: Depois de a cera de abelha estar ligeiramente seca, limpe suavemente a superf\u00edcie da madeira com um pano macio e limpo para o tratamento de polimento, de modo a que a madeira apresente um efeito suave e brilhante.<\/li>\n<\/ol>\n<p><strong>IV. Precau\u00e7\u00f5es<\/strong><\/p>\n<ol>\n<li>Evite utilizar este produto num ambiente h\u00famido ou com temperaturas elevadas para n\u00e3o afetar o efeito de conserva\u00e7\u00e3o.<\/li>\n<li>N\u00e3o aplicar a cera de abelha em superf\u00edcies que n\u00e3o sejam de madeira para evitar a polui\u00e7\u00e3o.<\/li>\n<li>Em caso de contacto acidental com os olhos ou a pele durante a utiliza\u00e7\u00e3o, lavar imediatamente com \u00e1gua limpa e procurar assist\u00eancia m\u00e9dica em tempo \u00fatil.<\/li>\n<li>Guardar este produto num local fresco e seco, longe de fontes de fogo e de crian\u00e7as.<\/li>\n<\/ol>\n<p>&nbsp;<\/p>","protected":false},"excerpt":{"rendered":"<p>A nossa f\u00e1brica fornece servi\u00e7os de processamento OEM\/ODM, podemos personalizar produtos para si; O nosso MOQ \u00e9 baixo, geralmente a quantidade m\u00ednima \u00e9 de 1000 garrafas que podem ser produzidas; Os nossos produtos s\u00e3o baratos, de excelente qualidade, em conformidade com quaisquer leis e regulamentos nacionais e necessidades dos clientes!<\/p>\n<p>Oferecemos tamb\u00e9m os seguintes servi\u00e7os<br \/>\n\u2714 Fonte transfronteiri\u00e7a \u2714 Personaliza\u00e7\u00e3o do suporte<br \/>\n\u2714 F\u00e1brica de origem \u2714 Desenvolvimento de produtos<br \/>\nAutoriza\u00e7\u00e3o da marca \u2714 Autoriza\u00e7\u00e3o da marca \u2714 Autoriza\u00e7\u00e3o da marca<\/p>\n<h2 style=\"text-align: left;\"><strong>Perguntas ou coment\u00e1rios? <\/strong><\/h2>\n<h2 style=\"text-align: left;\"><strong>wlwer@williamweir.com<\/strong><\/h2>\n<p>&nbsp;<\/p>","protected":false},"featured_media":5281,"template":"","meta":{"_uag_custom_page_level_css":"","site-sidebar-layout":"default","site-content-layout":"","ast-site-content-layout":"default","site-content-style":"default","site-sidebar-style":"default","ast-global-header-display":"","ast-banner-title-visibility":"","ast-main-header-display":"","ast-hfb-above-header-display":"","ast-hfb-below-header-display":"","ast-hfb-mobile-header-display":"","site-post-title":"","ast-breadcrumbs-content":"","ast-featured-img":"","footer-sml-layout":"","theme-transparent-header-meta":"default","adv-header-id-meta":"","stick-header-meta":"","header-above-stick-meta":"","header-main-stick-meta":"","header-below-stick-meta":"","astra-migrate-meta-layouts":"set","ast-page-background-enabled":"default","ast-page-background-meta":{"desktop":{"background-color":"","background-image":"","background-repeat":"repeat","background-position":"center center","background-size":"auto","background-attachment":"scroll","background-type":"","background-media":"","overlay-type":"","overlay-color":"","overlay-opacity":"","overlay-gradient":""},"tablet":{"background-color":"","background-image":"","background-repeat":"repeat","background-position":"center center","background-size":"auto","background-attachment":"scroll","background-type":"","background-media":"","overlay-type":"","overlay-color":"","overlay-opacity":"","overlay-gradient":""},"mobile":{"background-color":"","background-image":"","background-repeat":"repeat","background-position":"center center","background-size":"auto","background-attachment":"scroll","background-type":"","background-media":"","overlay-type":"","overlay-color":"","overlay-opacity":"","overlay-gradient":""}},"ast-content-background-meta":{"desktop":{"background-color":"var(--ast-global-color-5)","background-image":"","background-repeat":"repeat","background-position":"center center","background-size":"auto","background-attachment":"scroll","background-type":"","background-media":"","overlay-type":"","overlay-color":"","overlay-opacity":"","overlay-gradient":""},"tablet":{"background-color":"var(--ast-global-color-5)","background-image":"","background-repeat":"repeat","background-position":"center center","background-size":"auto","background-attachment":"scroll","background-type":"","background-media":"","overlay-type":"","overlay-color":"","overlay-opacity":"","overlay-gradient":""},"mobile":{"background-color":"var(--ast-global-color-5)","background-image":"","background-repeat":"repeat","background-position":"center center","background-size":"auto","background-attachment":"scroll","background-type":"","background-media":"","overlay-type":"","overlay-color":"","overlay-opacity":"","overlay-gradient":""}}},"product_brand":[],"product_cat":[71],"product_tag":[85,86,84],"class_list":{"0":"post-5280","1":"product","2":"type-product","3":"status-publish","4":"has-post-thumbnail","6":"product_cat-maintenance-polishing-of-wood-products","7":"product_tag-furniture-care","8":"product_tag-natural-beeswax","9":"product_tag-wood-care","10":"desktop-align-center","11":"tablet-align-left","12":"mobile-align-left","13":"ast-product-gallery-layout-horizontal-slider","14":"ast-product-gallery-with-no-image","15":"ast-product-tabs-layout-horizontal","17":"first","18":"instock","19":"shipping-taxable","20":"product-type-simple"},"aioseo_notices":[],"uagb_featured_image_src":{"full":["https:\/\/williamweir.com\/wp-content\/uploads\/2024\/10\/\u77e5\u5fae\u7f8e\u65b0\u680780g\u8702\u87211-e1730262459574.jpg",706,706,false],"thumbnail":["https:\/\/williamweir.com\/wp-content\/uploads\/2024\/10\/\u77e5\u5fae\u7f8e\u65b0\u680780g\u8702\u87211-e1730262459574-300x300.jpg",300,300,true],"medium":["https:\/\/williamweir.com\/wp-content\/uploads\/2024\/10\/\u77e5\u5fae\u7f8e\u65b0\u680780g\u8702\u87211-e1730262459574-600x600.jpg",600,600,true],"medium_large":["https:\/\/williamweir.com\/wp-content\/uploads\/2024\/10\/\u77e5\u5fae\u7f8e\u65b0\u680780g\u8702\u87211-768x768.jpg",768,768,true],"large":["https:\/\/williamweir.com\/wp-content\/uploads\/2024\/10\/\u77e5\u5fae\u7f8e\u65b0\u680780g\u8702\u87211-e1730262459574.jpg",706,706,false],"1536x1536":["https:\/\/williamweir.com\/wp-content\/uploads\/2024\/10\/\u77e5\u5fae\u7f8e\u65b0\u680780g\u8702\u87211-e1730262459574.jpg",706,706,false],"2048x2048":["https:\/\/williamweir.com\/wp-content\/uploads\/2024\/10\/\u77e5\u5fae\u7f8e\u65b0\u680780g\u8702\u87211-e1730262459574.jpg",706,706,false],"trp-custom-language-flag":["https:\/\/williamweir.com\/wp-content\/uploads\/2024\/10\/\u77e5\u5fae\u7f8e\u65b0\u680780g\u8702\u87211-e1730262459574-12x12.jpg",12,12,true],"woocommerce_thumbnail":["https:\/\/williamweir.com\/wp-content\/uploads\/2024\/10\/\u77e5\u5fae\u7f8e\u65b0\u680780g\u8702\u87211-e1730262459574-600x600.jpg",600,600,true],"woocommerce_single":["https:\/\/williamweir.com\/wp-content\/uploads\/2024\/10\/\u77e5\u5fae\u7f8e\u65b0\u680780g\u8702\u87211-e1730262459574-600x600.jpg",600,600,true],"woocommerce_gallery_thumbnail":["https:\/\/williamweir.com\/wp-content\/uploads\/2024\/10\/\u77e5\u5fae\u7f8e\u65b0\u680780g\u8702\u87211-e1730262459574-100x100.jpg",100,100,true]},"uagb_author_info":{"display_name":"wlwer","author_link":"https:\/\/williamweir.com\/pt\/author\/"},"uagb_comment_info":0,"uagb_excerpt":"Our factory provides OEM\/ODM processing services, we can tailor products for you; Our MOQ is low, generally the minimum quantity is 1000 bottles can be produced; Our products are inexpensive, excellent product quality, in line with any national laws and regulations and customer needs! We also offer the following services \u2714\u00a0 Cross-border source\u00a0 \u00a0 \u00a0&hellip;","_links":{"self":[{"href":"https:\/\/williamweir.com\/pt\/wp-json\/wp\/v2\/product\/5280"}],"collection":[{"href":"https:\/\/williamweir.com\/pt\/wp-json\/wp\/v2\/product"}],"about":[{"href":"https:\/\/williamweir.com\/pt\/wp-json\/wp\/v2\/types\/product"}],"version-history":[{"count":4,"href":"https:\/\/williamweir.com\/pt\/wp-json\/wp\/v2\/product\/5280\/revisions"}],"predecessor-version":[{"id":8303,"href":"https:\/\/williamweir.com\/pt\/wp-json\/wp\/v2\/product\/5280\/revisions\/8303"}],"wp:featuredmedia":[{"embeddable":true,"href":"https:\/\/williamweir.com\/pt\/wp-json\/wp\/v2\/media\/5281"}],"wp:attachment":[{"href":"https:\/\/williamweir.com\/pt\/wp-json\/wp\/v2\/media?parent=5280"}],"wp:term":[{"taxonomy":"product_brand","embeddable":true,"href":"https:\/\/williamweir.com\/pt\/wp-json\/wp\/v2\/product_brand?post=5280"},{"taxonomy":"product_cat","embeddable":true,"href":"https:\/\/williamweir.com\/pt\/wp-json\/wp\/v2\/product_cat?post=5280"},{"taxonomy":"product_tag","embeddable":true,"href":"https:\/\/williamweir.com\/pt\/wp-json\/wp\/v2\/product_tag?post=5280"}],"curies":[{"name":"wp","href":"https:\/\/api.w.org\/{rel}","templated":true}]}}