{"id":14816,"date":"2026-04-13T06:44:10","date_gmt":"2026-04-13T06:44:10","guid":{"rendered":"https:\/\/williamweir.com\/?post_type=product&#038;p=14816"},"modified":"2026-04-13T06:44:10","modified_gmt":"2026-04-13T06:44:10","slug":"car-interior-cleaner-2","status":"publish","type":"product","link":"https:\/\/williamweir.com\/pt\/produto\/car-interior-cleaner-2\/","title":{"rendered":"Limpador de interiores de autom\u00f3veis"},"content":{"rendered":"<p>Features:It quickly cleans stains such as dust, fingerprints, sweat stains and food residues from car interiors, gently nourishes the materials to prevent dryness and cracking, forms a protective film to reduce stain adhesion, and its fresh scent improves unpleasant odors inside the car.<\/p>\n<p>Main ingredients: Surfactants, orange peel extract, corrosion inhibitors, purified water, etc.<\/p>\n<p>Use method\uff1aEvenly spray the cleaner onto the stained surface, wait for 1-2 minutes (to allow the cleaner to fully penetrate the stain), then gently scrub along the texture of the material with a soft-bristled brush. Finally, use a clean damp towel to absorb the moisture and let it air dry naturally.<\/p>\n<p>Scope of application\uff1aLeather (seats \/ steering wheels), fabrics (seat covers \/ ceiling fabrics), plastics (instrument panels \/ central control panels).<\/p>\n<p>Matters needing attention\uff1aBefore first use, conduct a small-scale test in a concealed area. Only use if there is no fading or deformation. Avoid contact with eyes. If it gets into eyes, rinse with clean water for 15 minutes. Do not spray directly on electronic components. Do not over-spray on fabrics. Do not mix with other cleaning agents. For rare leather, consult a professional. For printed fabrics, gently wipe to prevent patterns from peeling off.<\/p>","protected":false},"excerpt":{"rendered":"<p>A nossa f\u00e1brica fornece servi\u00e7os de processamento OEM\/ODM, podemos personalizar produtos para si; O nosso MOQ \u00e9 baixo, geralmente a quantidade m\u00ednima \u00e9 de 1000 garrafas que podem ser produzidas; Os nossos produtos s\u00e3o baratos, de excelente qualidade, em conformidade com quaisquer leis e regulamentos nacionais e necessidades dos clientes!<\/p>\n<h3><strong>\u00a0 \u00a0 \u00a0 Oferecemos tamb\u00e9m os seguintes servi\u00e7os<\/strong><\/h3>\n<h4><strong><img decoding=\"async\" class=\"emoji\" role=\"img\" draggable=\"false\" src=\"https:\/\/s.w.org\/images\/core\/emoji\/15.0.3\/svg\/2714.svg\" alt=\"\u2714\" \/>\u00a0 Fonte transfronteiri\u00e7a\u00a0 \u00a0 \u00a0 \u00a0 \u00a0\u00a0<img decoding=\"async\" class=\"emoji\" role=\"img\" draggable=\"false\" src=\"https:\/\/s.w.org\/images\/core\/emoji\/15.0.3\/svg\/2714.svg\" alt=\"\u2714\" \/>\u00a0 Personaliza\u00e7\u00e3o do suporte<\/strong><\/h4>\n<h4><strong><img decoding=\"async\" class=\"emoji\" role=\"img\" draggable=\"false\" src=\"https:\/\/s.w.org\/images\/core\/emoji\/15.0.3\/svg\/2714.svg\" alt=\"\u2714\" \/>\u00a0 F\u00e1brica de origem\u00a0 \u00a0 \u00a0 \u00a0 \u00a0 \u00a0 \u00a0 \u00a0 \u00a0 \u00a0 \u00a0 \u00a0<img decoding=\"async\" class=\"emoji\" role=\"img\" draggable=\"false\" src=\"https:\/\/s.w.org\/images\/core\/emoji\/15.0.3\/svg\/2714.svg\" alt=\"\u2714\" \/>\u00a0 Desenvolvimento de produtos<\/strong><\/h4>\n<h4><strong><img decoding=\"async\" class=\"emoji\" role=\"img\" draggable=\"false\" src=\"https:\/\/s.w.org\/images\/core\/emoji\/15.0.3\/svg\/2714.svg\" alt=\"\u2714\" \/>\u00a0 Adapta\u00e7\u00e3o \u00e0 amostra\u00a0 \u00a0 \u00a0 \u00a0 \u00a0 \u00a0 \u00a0 \u00a0 \u00a0 \u00a0\u00a0<img decoding=\"async\" class=\"emoji\" role=\"img\" draggable=\"false\" src=\"https:\/\/s.w.org\/images\/core\/emoji\/15.0.3\/svg\/2714.svg\" alt=\"\u2714\" \/>\u00a0 Autoriza\u00e7\u00e3o de marca<\/strong><\/h4>\n<p>&nbsp;<\/p>\n<h2><strong>Perguntas ou coment\u00e1rios?<\/strong><\/h2>\n<h2><strong>wlwer@williamweir.com<\/strong><\/h2>","protected":false},"featured_media":14817,"template":"","meta":{"_uag_custom_page_level_css":"","site-sidebar-layout":"default","site-content-layout":"","ast-site-content-layout":"default","site-content-style":"default","site-sidebar-style":"default","ast-global-header-display":"","ast-banner-title-visibility":"","ast-main-header-display":"","ast-hfb-above-header-display":"","ast-hfb-below-header-display":"","ast-hfb-mobile-header-display":"","site-post-title":"","ast-breadcrumbs-content":"","ast-featured-img":"","footer-sml-layout":"","theme-transparent-header-meta":"default","adv-header-id-meta":"","stick-header-meta":"","header-above-stick-meta":"","header-main-stick-meta":"","header-below-stick-meta":"","astra-migrate-meta-layouts":"set","ast-page-background-enabled":"default","ast-page-background-meta":{"desktop":{"background-color":"","background-image":"","background-repeat":"repeat","background-position":"center center","background-size":"auto","background-attachment":"scroll","background-type":"","background-media":"","overlay-type":"","overlay-color":"","overlay-opacity":"","overlay-gradient":""},"tablet":{"background-color":"","background-image":"","background-repeat":"repeat","background-position":"center center","background-size":"auto","background-attachment":"scroll","background-type":"","background-media":"","overlay-type":"","overlay-color":"","overlay-opacity":"","overlay-gradient":""},"mobile":{"background-color":"","background-image":"","background-repeat":"repeat","background-position":"center center","background-size":"auto","background-attachment":"scroll","background-type":"","background-media":"","overlay-type":"","overlay-color":"","overlay-opacity":"","overlay-gradient":""}},"ast-content-background-meta":{"desktop":{"background-color":"var(--ast-global-color-5)","background-image":"","background-repeat":"repeat","background-position":"center center","background-size":"auto","background-attachment":"scroll","background-type":"","background-media":"","overlay-type":"","overlay-color":"","overlay-opacity":"","overlay-gradient":""},"tablet":{"background-color":"var(--ast-global-color-5)","background-image":"","background-repeat":"repeat","background-position":"center center","background-size":"auto","background-attachment":"scroll","background-type":"","background-media":"","overlay-type":"","overlay-color":"","overlay-opacity":"","overlay-gradient":""},"mobile":{"background-color":"var(--ast-global-color-5)","background-image":"","background-repeat":"repeat","background-position":"center center","background-size":"auto","background-attachment":"scroll","background-type":"","background-media":"","overlay-type":"","overlay-color":"","overlay-opacity":"","overlay-gradient":""}}},"product_brand":[],"product_cat":[83],"product_tag":[],"class_list":{"0":"post-14816","1":"product","2":"type-product","3":"status-publish","4":"has-post-thumbnail","6":"product_cat-all-products","7":"desktop-align-center","8":"tablet-align-left","9":"mobile-align-left","10":"ast-product-gallery-layout-horizontal-slider","11":"ast-product-gallery-with-no-image","12":"ast-product-tabs-layout-horizontal","14":"first","15":"instock","16":"shipping-taxable","17":"product-type-simple"},"aioseo_notices":[],"uagb_featured_image_src":{"full":["https:\/\/williamweir.com\/wp-content\/uploads\/2026\/04\/\u5185\u9970\u6e05\u6d01\u5242.png",2094,2094,false],"thumbnail":["https:\/\/williamweir.com\/wp-content\/uploads\/2026\/04\/\u5185\u9970\u6e05\u6d01\u5242-300x300.png",300,300,true],"medium":["https:\/\/williamweir.com\/wp-content\/uploads\/2026\/04\/\u5185\u9970\u6e05\u6d01\u5242-600x600.png",600,600,true],"medium_large":["https:\/\/williamweir.com\/wp-content\/uploads\/2026\/04\/\u5185\u9970\u6e05\u6d01\u5242-768x768.png",768,768,true],"large":["https:\/\/williamweir.com\/wp-content\/uploads\/2026\/04\/\u5185\u9970\u6e05\u6d01\u5242-1024x1024.png",1024,1024,true],"1536x1536":["https:\/\/williamweir.com\/wp-content\/uploads\/2026\/04\/\u5185\u9970\u6e05\u6d01\u5242-1536x1536.png",1536,1536,true],"2048x2048":["https:\/\/williamweir.com\/wp-content\/uploads\/2026\/04\/\u5185\u9970\u6e05\u6d01\u5242-2048x2048.png",2048,2048,true],"trp-custom-language-flag":["https:\/\/williamweir.com\/wp-content\/uploads\/2026\/04\/\u5185\u9970\u6e05\u6d01\u5242-12x12.png",12,12,true],"woocommerce_thumbnail":["https:\/\/williamweir.com\/wp-content\/uploads\/2026\/04\/\u5185\u9970\u6e05\u6d01\u5242-600x600.png",600,600,true],"woocommerce_single":["https:\/\/williamweir.com\/wp-content\/uploads\/2026\/04\/\u5185\u9970\u6e05\u6d01\u5242-600x600.png",600,600,true],"woocommerce_gallery_thumbnail":["https:\/\/williamweir.com\/wp-content\/uploads\/2026\/04\/\u5185\u9970\u6e05\u6d01\u5242-100x100.png",100,100,true]},"uagb_author_info":{"display_name":"wlwer","author_link":"https:\/\/williamweir.com\/pt\/author\/"},"uagb_comment_info":0,"uagb_excerpt":"Our factory provides OEM\/ODM processing services, we can tailor products for you; Our MOQ is low, generally the minimum quantity is 1000 bottles can be produced; Our products are inexpensive, excellent product quality, in line with any national laws and regulations and customer needs! \u00a0 \u00a0 \u00a0 We also offer the following services \u00a0 Cross-border&hellip;","_links":{"self":[{"href":"https:\/\/williamweir.com\/pt\/wp-json\/wp\/v2\/product\/14816"}],"collection":[{"href":"https:\/\/williamweir.com\/pt\/wp-json\/wp\/v2\/product"}],"about":[{"href":"https:\/\/williamweir.com\/pt\/wp-json\/wp\/v2\/types\/product"}],"version-history":[{"count":1,"href":"https:\/\/williamweir.com\/pt\/wp-json\/wp\/v2\/product\/14816\/revisions"}],"predecessor-version":[{"id":14818,"href":"https:\/\/williamweir.com\/pt\/wp-json\/wp\/v2\/product\/14816\/revisions\/14818"}],"wp:featuredmedia":[{"embeddable":true,"href":"https:\/\/williamweir.com\/pt\/wp-json\/wp\/v2\/media\/14817"}],"wp:attachment":[{"href":"https:\/\/williamweir.com\/pt\/wp-json\/wp\/v2\/media?parent=14816"}],"wp:term":[{"taxonomy":"product_brand","embeddable":true,"href":"https:\/\/williamweir.com\/pt\/wp-json\/wp\/v2\/product_brand?post=14816"},{"taxonomy":"product_cat","embeddable":true,"href":"https:\/\/williamweir.com\/pt\/wp-json\/wp\/v2\/product_cat?post=14816"},{"taxonomy":"product_tag","embeddable":true,"href":"https:\/\/williamweir.com\/pt\/wp-json\/wp\/v2\/product_tag?post=14816"}],"curies":[{"name":"wp","href":"https:\/\/api.w.org\/{rel}","templated":true}]}}