{"id":14798,"date":"2026-04-13T06:14:53","date_gmt":"2026-04-13T06:14:53","guid":{"rendered":"https:\/\/williamweir.com\/?post_type=product&#038;p=14798"},"modified":"2026-04-13T06:14:53","modified_gmt":"2026-04-13T06:14:53","slug":"car-engine-oil-stain-cleaner","status":"publish","type":"product","link":"https:\/\/williamweir.com\/pt\/produto\/car-engine-oil-stain-cleaner\/","title":{"rendered":"Car Engine Oil Stain Cleaner"},"content":{"rendered":"<p>Features:This is a high-performance product, specially designed for cleaning grease, dirt and deposits on the exterior of engines. It adopts an advanced formula, which can remove stubborn stains, keep the engine in good operating condition and extend its service life.<\/p>\n<p>Main ingredients: Surfactants, chelating agents, corrosion inhibitors, deionized water, etc.<\/p>\n<p>Use method\uff1aWipe off the surface dust with a dry cloth, shake the cleaner well, and spray it evenly on the oil-stained areas. Let it sit for 5-15 minutes\u2014do not leave it on for too long. Rinse from &#8220;top to bottom&#8221; with a low-pressure water gun, following the direction of the engine case down to the chassis. For stubborn oil stains, you can re-spray the cleaner. After rinsing, dry the surface with a low-pressure air gun; once dried, check again with a dry cloth to see if there is any residue left.<\/p>\n<p>Scope of application\uff1aIt is suitable for cleaning and removing dirt from the surface of all engines available on the market.<\/p>\n<p>Matters needing attention\uff1aIt must be used after the engine has completely cooled down. If it gets into the eyes, immediately rinse with plenty of water and seek medical attention. Store it in a cool and dry place, away from children and sources of ignition, and avoid direct sunlight. Do not mix it with other types of cleaning agents, as this may cause chemical reactions that affect the cleaning effect or produce harmful substances.<\/p>","protected":false},"excerpt":{"rendered":"<div class=\"woocommerce-product-details__short-description\">\n<p>A nossa f\u00e1brica fornece servi\u00e7os de processamento OEM\/ODM, podemos personalizar produtos para si; O nosso MOQ \u00e9 baixo, geralmente a quantidade m\u00ednima \u00e9 de 1000 garrafas que podem ser produzidas; Os nossos produtos s\u00e3o baratos, de excelente qualidade, em conformidade com quaisquer leis e regulamentos nacionais e necessidades dos clientes!<\/p>\n<h3><strong>\u00a0 \u00a0 \u00a0 Oferecemos tamb\u00e9m os seguintes servi\u00e7os<\/strong><\/h3>\n<h4><strong><img decoding=\"async\" class=\"emoji\" role=\"img\" draggable=\"false\" src=\"https:\/\/s.w.org\/images\/core\/emoji\/15.0.3\/svg\/2714.svg\" alt=\"\u2714\" \/>\u00a0 Fonte transfronteiri\u00e7a\u00a0 \u00a0 \u00a0 \u00a0 \u00a0\u00a0<img decoding=\"async\" class=\"emoji\" role=\"img\" draggable=\"false\" src=\"https:\/\/s.w.org\/images\/core\/emoji\/15.0.3\/svg\/2714.svg\" alt=\"\u2714\" \/>\u00a0 Personaliza\u00e7\u00e3o do suporte<\/strong><\/h4>\n<h4><strong><img decoding=\"async\" class=\"emoji\" role=\"img\" draggable=\"false\" src=\"https:\/\/s.w.org\/images\/core\/emoji\/15.0.3\/svg\/2714.svg\" alt=\"\u2714\" \/>\u00a0 F\u00e1brica de origem\u00a0 \u00a0 \u00a0 \u00a0 \u00a0 \u00a0 \u00a0 \u00a0 \u00a0 \u00a0 \u00a0 \u00a0<img decoding=\"async\" class=\"emoji\" role=\"img\" draggable=\"false\" src=\"https:\/\/s.w.org\/images\/core\/emoji\/15.0.3\/svg\/2714.svg\" alt=\"\u2714\" \/>\u00a0 Desenvolvimento de produtos<\/strong><\/h4>\n<h4><strong><img decoding=\"async\" class=\"emoji\" role=\"img\" draggable=\"false\" src=\"https:\/\/s.w.org\/images\/core\/emoji\/15.0.3\/svg\/2714.svg\" alt=\"\u2714\" \/>\u00a0 Adapta\u00e7\u00e3o \u00e0 amostra\u00a0 \u00a0 \u00a0 \u00a0 \u00a0 \u00a0 \u00a0 \u00a0 \u00a0 \u00a0\u00a0<img decoding=\"async\" class=\"emoji\" role=\"img\" draggable=\"false\" src=\"https:\/\/s.w.org\/images\/core\/emoji\/15.0.3\/svg\/2714.svg\" alt=\"\u2714\" \/>\u00a0 Autoriza\u00e7\u00e3o de marca<\/strong><\/h4>\n<p>&nbsp;<\/p>\n<h2><strong>Perguntas ou coment\u00e1rios?<\/strong><\/h2>\n<h2><strong>wlwer@williamweir.com<\/strong><\/h2>\n<\/div>\n<p class=\"price\">","protected":false},"featured_media":14799,"template":"","meta":{"_uag_custom_page_level_css":"","site-sidebar-layout":"default","site-content-layout":"","ast-site-content-layout":"default","site-content-style":"default","site-sidebar-style":"default","ast-global-header-display":"","ast-banner-title-visibility":"","ast-main-header-display":"","ast-hfb-above-header-display":"","ast-hfb-below-header-display":"","ast-hfb-mobile-header-display":"","site-post-title":"","ast-breadcrumbs-content":"","ast-featured-img":"","footer-sml-layout":"","theme-transparent-header-meta":"default","adv-header-id-meta":"","stick-header-meta":"","header-above-stick-meta":"","header-main-stick-meta":"","header-below-stick-meta":"","astra-migrate-meta-layouts":"set","ast-page-background-enabled":"default","ast-page-background-meta":{"desktop":{"background-color":"","background-image":"","background-repeat":"repeat","background-position":"center center","background-size":"auto","background-attachment":"scroll","background-type":"","background-media":"","overlay-type":"","overlay-color":"","overlay-opacity":"","overlay-gradient":""},"tablet":{"background-color":"","background-image":"","background-repeat":"repeat","background-position":"center center","background-size":"auto","background-attachment":"scroll","background-type":"","background-media":"","overlay-type":"","overlay-color":"","overlay-opacity":"","overlay-gradient":""},"mobile":{"background-color":"","background-image":"","background-repeat":"repeat","background-position":"center center","background-size":"auto","background-attachment":"scroll","background-type":"","background-media":"","overlay-type":"","overlay-color":"","overlay-opacity":"","overlay-gradient":""}},"ast-content-background-meta":{"desktop":{"background-color":"var(--ast-global-color-5)","background-image":"","background-repeat":"repeat","background-position":"center center","background-size":"auto","background-attachment":"scroll","background-type":"","background-media":"","overlay-type":"","overlay-color":"","overlay-opacity":"","overlay-gradient":""},"tablet":{"background-color":"var(--ast-global-color-5)","background-image":"","background-repeat":"repeat","background-position":"center center","background-size":"auto","background-attachment":"scroll","background-type":"","background-media":"","overlay-type":"","overlay-color":"","overlay-opacity":"","overlay-gradient":""},"mobile":{"background-color":"var(--ast-global-color-5)","background-image":"","background-repeat":"repeat","background-position":"center center","background-size":"auto","background-attachment":"scroll","background-type":"","background-media":"","overlay-type":"","overlay-color":"","overlay-opacity":"","overlay-gradient":""}}},"product_brand":[],"product_cat":[83],"product_tag":[],"class_list":{"0":"post-14798","1":"product","2":"type-product","3":"status-publish","4":"has-post-thumbnail","6":"product_cat-all-products","7":"desktop-align-center","8":"tablet-align-left","9":"mobile-align-left","10":"ast-product-gallery-layout-horizontal-slider","11":"ast-product-gallery-with-no-image","12":"ast-product-tabs-layout-horizontal","14":"first","15":"instock","16":"shipping-taxable","17":"product-type-simple"},"aioseo_notices":[],"uagb_featured_image_src":{"full":["https:\/\/williamweir.com\/wp-content\/uploads\/2026\/04\/\u53d1\u52a8\u673a\u6cb9\u8102\u6e05\u6d01\u5242.png",2094,2094,false],"thumbnail":["https:\/\/williamweir.com\/wp-content\/uploads\/2026\/04\/\u53d1\u52a8\u673a\u6cb9\u8102\u6e05\u6d01\u5242-300x300.png",300,300,true],"medium":["https:\/\/williamweir.com\/wp-content\/uploads\/2026\/04\/\u53d1\u52a8\u673a\u6cb9\u8102\u6e05\u6d01\u5242-600x600.png",600,600,true],"medium_large":["https:\/\/williamweir.com\/wp-content\/uploads\/2026\/04\/\u53d1\u52a8\u673a\u6cb9\u8102\u6e05\u6d01\u5242-768x768.png",768,768,true],"large":["https:\/\/williamweir.com\/wp-content\/uploads\/2026\/04\/\u53d1\u52a8\u673a\u6cb9\u8102\u6e05\u6d01\u5242-1024x1024.png",1024,1024,true],"1536x1536":["https:\/\/williamweir.com\/wp-content\/uploads\/2026\/04\/\u53d1\u52a8\u673a\u6cb9\u8102\u6e05\u6d01\u5242-1536x1536.png",1536,1536,true],"2048x2048":["https:\/\/williamweir.com\/wp-content\/uploads\/2026\/04\/\u53d1\u52a8\u673a\u6cb9\u8102\u6e05\u6d01\u5242-2048x2048.png",2048,2048,true],"trp-custom-language-flag":["https:\/\/williamweir.com\/wp-content\/uploads\/2026\/04\/\u53d1\u52a8\u673a\u6cb9\u8102\u6e05\u6d01\u5242-12x12.png",12,12,true],"woocommerce_thumbnail":["https:\/\/williamweir.com\/wp-content\/uploads\/2026\/04\/\u53d1\u52a8\u673a\u6cb9\u8102\u6e05\u6d01\u5242-600x600.png",600,600,true],"woocommerce_single":["https:\/\/williamweir.com\/wp-content\/uploads\/2026\/04\/\u53d1\u52a8\u673a\u6cb9\u8102\u6e05\u6d01\u5242-600x600.png",600,600,true],"woocommerce_gallery_thumbnail":["https:\/\/williamweir.com\/wp-content\/uploads\/2026\/04\/\u53d1\u52a8\u673a\u6cb9\u8102\u6e05\u6d01\u5242-100x100.png",100,100,true]},"uagb_author_info":{"display_name":"wlwer","author_link":"https:\/\/williamweir.com\/pt\/author\/"},"uagb_comment_info":0,"uagb_excerpt":"Our factory provides OEM\/ODM processing services, we can tailor products for you; Our MOQ is low, generally the minimum quantity is 1000 bottles can be produced; Our products are inexpensive, excellent product quality, in line with any national laws and regulations and customer needs! \u00a0 \u00a0 \u00a0 We also offer the following services \u00a0 Cross-border&hellip;","_links":{"self":[{"href":"https:\/\/williamweir.com\/pt\/wp-json\/wp\/v2\/product\/14798"}],"collection":[{"href":"https:\/\/williamweir.com\/pt\/wp-json\/wp\/v2\/product"}],"about":[{"href":"https:\/\/williamweir.com\/pt\/wp-json\/wp\/v2\/types\/product"}],"version-history":[{"count":1,"href":"https:\/\/williamweir.com\/pt\/wp-json\/wp\/v2\/product\/14798\/revisions"}],"predecessor-version":[{"id":14800,"href":"https:\/\/williamweir.com\/pt\/wp-json\/wp\/v2\/product\/14798\/revisions\/14800"}],"wp:featuredmedia":[{"embeddable":true,"href":"https:\/\/williamweir.com\/pt\/wp-json\/wp\/v2\/media\/14799"}],"wp:attachment":[{"href":"https:\/\/williamweir.com\/pt\/wp-json\/wp\/v2\/media?parent=14798"}],"wp:term":[{"taxonomy":"product_brand","embeddable":true,"href":"https:\/\/williamweir.com\/pt\/wp-json\/wp\/v2\/product_brand?post=14798"},{"taxonomy":"product_cat","embeddable":true,"href":"https:\/\/williamweir.com\/pt\/wp-json\/wp\/v2\/product_cat?post=14798"},{"taxonomy":"product_tag","embeddable":true,"href":"https:\/\/williamweir.com\/pt\/wp-json\/wp\/v2\/product_tag?post=14798"}],"curies":[{"name":"wp","href":"https:\/\/api.w.org\/{rel}","templated":true}]}}