{"id":14761,"date":"2025-11-27T08:26:03","date_gmt":"2025-11-27T08:26:03","guid":{"rendered":"https:\/\/williamweir.com\/?post_type=product&#038;p=14761"},"modified":"2025-11-27T08:40:57","modified_gmt":"2025-11-27T08:40:57","slug":"14761","status":"publish","type":"product","link":"https:\/\/williamweir.com\/pt\/produto\/14761\/","title":{"rendered":"Chain lubricant For bicycle"},"content":{"rendered":"<p><strong>C\u00f3digo do produto<\/strong><strong>\uff1a<\/strong><strong>3553<\/strong><\/p>\n<p><strong><b>\u00a0<\/b><\/strong><\/p>\n<ol>\n<li><strong><b> Introdu\u00e7\u00e3o ao produto<\/b><\/strong><\/li>\n<\/ol>\n<p>&nbsp;<\/p>\n<p>Este produto \u00e9 um produto de manuten\u00e7\u00e3o de alto desempenho especialmente concebido para bicicletas. O seu objetivo \u00e9 proporcionar uma prote\u00e7\u00e3o e lubrifica\u00e7\u00e3o abrangentes a v\u00e1rias partes das bicicletas para garantir um funcionamento suave e uma utiliza\u00e7\u00e3o a longo prazo.<\/p>\n<p>&nbsp;<\/p>\n<ol>\n<li><strong><b> Product Features<\/b><\/strong><\/li>\n<\/ol>\n<p>&nbsp;<\/p>\n<ol>\n<li>Excelente desempenho de lubrifica\u00e7\u00e3o: Cont\u00e9m ingredientes lubrificantes especiais que podem formar uma pel\u00edcula de \u00f3leo uniforme em pe\u00e7as-chave como correntes, engrenagens e rolamentos de bicicletas, reduzindo eficazmente o coeficiente de fric\u00e7\u00e3o e o desgaste e tornando o ciclismo mais f\u00e1cil e suave.<\/li>\n<li>Preven\u00e7\u00e3o da ferrugem e da corros\u00e3o: Pode formar uma pel\u00edcula protetora na superf\u00edcie do metal para evitar a eros\u00e3o da humidade, do oxig\u00e9nio e de outras subst\u00e2ncias corrosivas e prolongar a vida \u00fatil das pe\u00e7as da bicicleta.<\/li>\n<li>Resist\u00eancia a altas e baixas temperaturas: Pode manter um desempenho est\u00e1vel em diferentes ambientes de temperatura. Quer seja no ver\u00e3o quente ou no inverno frio, pode proporcionar uma prote\u00e7\u00e3o fi\u00e1vel para as bicicletas.<\/li>\n<li>Amigo do ambiente e seguro: Adopta uma f\u00f3rmula amiga do ambiente, n\u00e3o t\u00f3xica e inodora, e inofensiva para o corpo humano e para o ambiente.<\/li>\n<\/ol>\n<p>&nbsp;<\/p>\n<p><strong><b>III. M\u00e9todos de utiliza\u00e7\u00e3o<\/b><\/strong><\/p>\n<p>&nbsp;<\/p>\n<ol>\n<li>Antes de utilizar a bicicleta, limpe primeiro o p\u00f3 e a sujidade da superf\u00edcie da bicicleta. Pode limp\u00e1-la com um pano h\u00famido ou esfreg\u00e1-la suavemente com uma escova.<\/li>\n<li>Pulverize ou pingue o \u00f3leo de manuten\u00e7\u00e3o uniformemente nas partes da bicicleta que necessitam de lubrifica\u00e7\u00e3o, tais como correntes, engrenagens e rolamentos.<\/li>\n<li>Para a corrente, pode rodar o pedal com a m\u00e3o para fazer com que a corrente entre em contacto total com o \u00f3leo de manuten\u00e7\u00e3o para garantir que cada elo \u00e9 lubrificado.<\/li>\n<li>Aguardar alguns minutos para permitir que o \u00f3leo de manuten\u00e7\u00e3o penetre completamente e funcione.<\/li>\n<li>Limpe o excesso de \u00f3leo de manuten\u00e7\u00e3o com um pano limpo para manter a superf\u00edcie da bicicleta limpa.<\/li>\n<\/ol>\n<p>&nbsp;<\/p>\n<ol>\n<li><strong><b> Precau\u00e7\u00f5es<\/b><\/strong><\/li>\n<\/ol>\n<p>&nbsp;<\/p>\n<ol>\n<li>Evitar o contacto do \u00f3leo de manuten\u00e7\u00e3o com os olhos. Em caso de contacto acidental, lavar imediatamente com \u00e1gua limpa.<\/li>\n<li>Guarde-o num local onde as crian\u00e7as n\u00e3o o possam alcan\u00e7ar facilmente para evitar a ingest\u00e3o acidental.<\/li>\n<li>Prestar aten\u00e7\u00e3o \u00e0 quantidade adequada aquando da utiliza\u00e7\u00e3o para evitar uma utiliza\u00e7\u00e3o excessiva que resulte em manchas de \u00f3leo excessivas.<\/li>\n<li>Verifique regularmente o estado de lubrifica\u00e7\u00e3o da bicicleta e reponha o \u00f3leo de manuten\u00e7\u00e3o atempadamente, se necess\u00e1rio.<\/li>\n<\/ol>\n<p>&nbsp;<\/p>","protected":false},"excerpt":{"rendered":"<p>A nossa f\u00e1brica fornece servi\u00e7os de processamento OEM\/ODM, podemos personalizar produtos para si; O nosso MOQ \u00e9 baixo, geralmente a quantidade m\u00ednima \u00e9 de 1000 garrafas que podem ser produzidas; Os nossos produtos s\u00e3o baratos, de excelente qualidade, em conformidade com quaisquer leis e regulamentos nacionais e necessidades dos clientes!<\/p>\n<h3><strong>\u00a0 \u00a0 \u00a0 Oferecemos tamb\u00e9m os seguintes servi\u00e7os<\/strong><\/h3>\n<h4><strong><img decoding=\"async\" class=\"emoji\" role=\"img\" draggable=\"false\" src=\"https:\/\/s.w.org\/images\/core\/emoji\/15.0.3\/svg\/2714.svg\" alt=\"\u2714\" \/>\u00a0 Fonte transfronteiri\u00e7a\u00a0 \u00a0 \u00a0 \u00a0 \u00a0\u00a0<img decoding=\"async\" class=\"emoji\" role=\"img\" draggable=\"false\" src=\"https:\/\/s.w.org\/images\/core\/emoji\/15.0.3\/svg\/2714.svg\" alt=\"\u2714\" \/>\u00a0 Personaliza\u00e7\u00e3o do suporte<\/strong><\/h4>\n<h4><strong><img decoding=\"async\" class=\"emoji\" role=\"img\" draggable=\"false\" src=\"https:\/\/s.w.org\/images\/core\/emoji\/15.0.3\/svg\/2714.svg\" alt=\"\u2714\" \/>\u00a0 F\u00e1brica de origem\u00a0 \u00a0 \u00a0 \u00a0 \u00a0 \u00a0 \u00a0 \u00a0 \u00a0 \u00a0 \u00a0 \u00a0<img decoding=\"async\" class=\"emoji\" role=\"img\" draggable=\"false\" src=\"https:\/\/s.w.org\/images\/core\/emoji\/15.0.3\/svg\/2714.svg\" alt=\"\u2714\" \/>\u00a0 Desenvolvimento de produtos<\/strong><\/h4>\n<h4><strong><img decoding=\"async\" class=\"emoji\" role=\"img\" draggable=\"false\" src=\"https:\/\/s.w.org\/images\/core\/emoji\/15.0.3\/svg\/2714.svg\" alt=\"\u2714\" \/>\u00a0 Adapta\u00e7\u00e3o \u00e0 amostra\u00a0 \u00a0 \u00a0 \u00a0 \u00a0 \u00a0 \u00a0 \u00a0 \u00a0 \u00a0\u00a0<img decoding=\"async\" class=\"emoji\" role=\"img\" draggable=\"false\" src=\"https:\/\/s.w.org\/images\/core\/emoji\/15.0.3\/svg\/2714.svg\" alt=\"\u2714\" \/>\u00a0 Autoriza\u00e7\u00e3o de marca<\/strong><\/h4>\n<p>&nbsp;<\/p>\n<h2><strong>Perguntas ou coment\u00e1rios?<\/strong><\/h2>\n<h2><strong>wlwer@williamweir.com<\/strong><\/h2>","protected":false},"featured_media":14763,"template":"","meta":{"_uag_custom_page_level_css":"","site-sidebar-layout":"default","site-content-layout":"","ast-site-content-layout":"default","site-content-style":"default","site-sidebar-style":"default","ast-global-header-display":"","ast-banner-title-visibility":"","ast-main-header-display":"","ast-hfb-above-header-display":"","ast-hfb-below-header-display":"","ast-hfb-mobile-header-display":"","site-post-title":"","ast-breadcrumbs-content":"","ast-featured-img":"","footer-sml-layout":"","theme-transparent-header-meta":"default","adv-header-id-meta":"","stick-header-meta":"","header-above-stick-meta":"","header-main-stick-meta":"","header-below-stick-meta":"","astra-migrate-meta-layouts":"set","ast-page-background-enabled":"default","ast-page-background-meta":{"desktop":{"background-color":"","background-image":"","background-repeat":"repeat","background-position":"center center","background-size":"auto","background-attachment":"scroll","background-type":"","background-media":"","overlay-type":"","overlay-color":"","overlay-opacity":"","overlay-gradient":""},"tablet":{"background-color":"","background-image":"","background-repeat":"repeat","background-position":"center center","background-size":"auto","background-attachment":"scroll","background-type":"","background-media":"","overlay-type":"","overlay-color":"","overlay-opacity":"","overlay-gradient":""},"mobile":{"background-color":"","background-image":"","background-repeat":"repeat","background-position":"center center","background-size":"auto","background-attachment":"scroll","background-type":"","background-media":"","overlay-type":"","overlay-color":"","overlay-opacity":"","overlay-gradient":""}},"ast-content-background-meta":{"desktop":{"background-color":"var(--ast-global-color-5)","background-image":"","background-repeat":"repeat","background-position":"center center","background-size":"auto","background-attachment":"scroll","background-type":"","background-media":"","overlay-type":"","overlay-color":"","overlay-opacity":"","overlay-gradient":""},"tablet":{"background-color":"var(--ast-global-color-5)","background-image":"","background-repeat":"repeat","background-position":"center center","background-size":"auto","background-attachment":"scroll","background-type":"","background-media":"","overlay-type":"","overlay-color":"","overlay-opacity":"","overlay-gradient":""},"mobile":{"background-color":"var(--ast-global-color-5)","background-image":"","background-repeat":"repeat","background-position":"center center","background-size":"auto","background-attachment":"scroll","background-type":"","background-media":"","overlay-type":"","overlay-color":"","overlay-opacity":"","overlay-gradient":""}}},"product_brand":[],"product_cat":[83],"product_tag":[],"class_list":{"0":"post-14761","1":"product","2":"type-product","3":"status-publish","4":"has-post-thumbnail","6":"product_cat-all-products","7":"desktop-align-center","8":"tablet-align-left","9":"mobile-align-left","10":"ast-product-gallery-layout-horizontal-slider","11":"ast-product-gallery-with-no-image","12":"ast-product-tabs-layout-horizontal","14":"first","15":"instock","16":"shipping-taxable","17":"product-type-simple"},"aioseo_notices":[],"uagb_featured_image_src":{"full":["https:\/\/williamweir.com\/wp-content\/uploads\/2025\/11\/\u81ea\u884c\u8f66\u94fe\u6761\u6da6\u6ed1\u6cb9.png",800,800,false],"thumbnail":["https:\/\/williamweir.com\/wp-content\/uploads\/2025\/11\/\u81ea\u884c\u8f66\u94fe\u6761\u6da6\u6ed1\u6cb9-300x300.png",300,300,true],"medium":["https:\/\/williamweir.com\/wp-content\/uploads\/2025\/11\/\u81ea\u884c\u8f66\u94fe\u6761\u6da6\u6ed1\u6cb9-600x600.png",600,600,true],"medium_large":["https:\/\/williamweir.com\/wp-content\/uploads\/2025\/11\/\u81ea\u884c\u8f66\u94fe\u6761\u6da6\u6ed1\u6cb9-768x768.png",768,768,true],"large":["https:\/\/williamweir.com\/wp-content\/uploads\/2025\/11\/\u81ea\u884c\u8f66\u94fe\u6761\u6da6\u6ed1\u6cb9.png",800,800,false],"1536x1536":["https:\/\/williamweir.com\/wp-content\/uploads\/2025\/11\/\u81ea\u884c\u8f66\u94fe\u6761\u6da6\u6ed1\u6cb9.png",800,800,false],"2048x2048":["https:\/\/williamweir.com\/wp-content\/uploads\/2025\/11\/\u81ea\u884c\u8f66\u94fe\u6761\u6da6\u6ed1\u6cb9.png",800,800,false],"trp-custom-language-flag":["https:\/\/williamweir.com\/wp-content\/uploads\/2025\/11\/\u81ea\u884c\u8f66\u94fe\u6761\u6da6\u6ed1\u6cb9-12x12.png",12,12,true],"woocommerce_thumbnail":["https:\/\/williamweir.com\/wp-content\/uploads\/2025\/11\/\u81ea\u884c\u8f66\u94fe\u6761\u6da6\u6ed1\u6cb9-600x600.png",600,600,true],"woocommerce_single":["https:\/\/williamweir.com\/wp-content\/uploads\/2025\/11\/\u81ea\u884c\u8f66\u94fe\u6761\u6da6\u6ed1\u6cb9-600x600.png",600,600,true],"woocommerce_gallery_thumbnail":["https:\/\/williamweir.com\/wp-content\/uploads\/2025\/11\/\u81ea\u884c\u8f66\u94fe\u6761\u6da6\u6ed1\u6cb9-100x100.png",100,100,true]},"uagb_author_info":{"display_name":"wlwer","author_link":"https:\/\/williamweir.com\/pt\/author\/"},"uagb_comment_info":0,"uagb_excerpt":"Our factory provides OEM\/ODM processing services, we can tailor products for you; Our MOQ is low, generally the minimum quantity is 1000 bottles can be produced; Our products are inexpensive, excellent product quality, in line with any national laws and regulations and customer needs! \u00a0 \u00a0 \u00a0 We also offer the following services \u00a0 Cross-border&hellip;","_links":{"self":[{"href":"https:\/\/williamweir.com\/pt\/wp-json\/wp\/v2\/product\/14761"}],"collection":[{"href":"https:\/\/williamweir.com\/pt\/wp-json\/wp\/v2\/product"}],"about":[{"href":"https:\/\/williamweir.com\/pt\/wp-json\/wp\/v2\/types\/product"}],"version-history":[{"count":3,"href":"https:\/\/williamweir.com\/pt\/wp-json\/wp\/v2\/product\/14761\/revisions"}],"predecessor-version":[{"id":14770,"href":"https:\/\/williamweir.com\/pt\/wp-json\/wp\/v2\/product\/14761\/revisions\/14770"}],"wp:featuredmedia":[{"embeddable":true,"href":"https:\/\/williamweir.com\/pt\/wp-json\/wp\/v2\/media\/14763"}],"wp:attachment":[{"href":"https:\/\/williamweir.com\/pt\/wp-json\/wp\/v2\/media?parent=14761"}],"wp:term":[{"taxonomy":"product_brand","embeddable":true,"href":"https:\/\/williamweir.com\/pt\/wp-json\/wp\/v2\/product_brand?post=14761"},{"taxonomy":"product_cat","embeddable":true,"href":"https:\/\/williamweir.com\/pt\/wp-json\/wp\/v2\/product_cat?post=14761"},{"taxonomy":"product_tag","embeddable":true,"href":"https:\/\/williamweir.com\/pt\/wp-json\/wp\/v2\/product_tag?post=14761"}],"curies":[{"name":"wp","href":"https:\/\/api.w.org\/{rel}","templated":true}]}}