{"id":14755,"date":"2025-11-27T07:50:00","date_gmt":"2025-11-27T07:50:00","guid":{"rendered":"https:\/\/williamweir.com\/?post_type=product&#038;p=14755"},"modified":"2025-11-27T07:50:00","modified_gmt":"2025-11-27T07:50:00","slug":"wood-wax-oil-4","status":"publish","type":"product","link":"https:\/\/williamweir.com\/pt\/produto\/wood-wax-oil-4\/","title":{"rendered":"\u00d3leo de cera para madeira"},"content":{"rendered":"<p><strong>C\u00f3digo do produto\uff1a<\/strong><strong>3186<\/strong><\/p>\n<ol>\n<li><strong><b> Vis\u00e3o geral do produto<\/b><\/strong><\/li>\n<\/ol>\n<p>&nbsp;<\/p>\n<p>This product is of food contact grade and is specially designed as a maintenance item for wooden furniture and wood products. It can effectively nourish and protect wood, keeping it naturally beautiful and in good condition.<\/p>\n<ol>\n<li><strong><b> Main Components<\/b><\/strong><\/li>\n<\/ol>\n<p>&nbsp;<\/p>\n<p>Food-grade beeswax, microcrystalline wax, natural oils, etc.<\/p>\n<p><strong><b>III. Carater\u00edsticas do produto<\/b><\/strong><\/p>\n<p>&nbsp;<\/p>\n<ol>\n<li>Nutrir a madeira: Penetra profundamente nas fibras da madeira para nutrir a madeira e prevenir a secagem e a fissura\u00e7\u00e3o.<\/li>\n<li>Prote\u00e7\u00e3o da superf\u00edcie: Forma uma pel\u00edcula protetora sobre a superf\u00edcie da madeira para resistir eficazmente \u00e0 humidade, \u00e0s manchas e \u00e0 abras\u00e3o.<\/li>\n<li>Real\u00e7ar o brilho: Faz com que a superf\u00edcie da madeira apresente um brilho natural e suave e real\u00e7a a beleza dos produtos de madeira.<\/li>\n<li>Amigo do ambiente e seguro: Adoptando ingredientes naturais, n\u00e3o cont\u00e9m subst\u00e2ncias nocivas e \u00e9 inofensivo para o corpo humano e para o ambiente.<\/li>\n<li>F\u00e1cil de utilizar: O funcionamento \u00e9 simples e pode ser aplicado com um pano ou com uma esponja.<\/li>\n<\/ol>\n<p>&nbsp;<\/p>\n<ol>\n<li><strong><b> \u00c2mbito de aplica\u00e7\u00e3o<\/b><\/strong><\/li>\n<\/ol>\n<p>&nbsp;<\/p>\n<p>Adequado para v\u00e1rios produtos de madeira, tais como mobili\u00e1rio de madeira maci\u00e7a, soalhos de madeira e artesanato de madeira.<\/p>\n<p>&nbsp;<\/p>\n<ol>\n<li><strong><b> M\u00e9todo de utiliza\u00e7\u00e3o<\/b><\/strong><\/li>\n<\/ol>\n<p>&nbsp;<\/p>\n<ol>\n<li>Limpar primeiro a superf\u00edcie dos produtos de madeira para remover o p\u00f3 e as manchas.<\/li>\n<li>Mergulhe uma quantidade adequada de \u00f3leo de cera num pano macio ou numa esponja limpa e espalhe-o uniformemente na superf\u00edcie dos produtos de madeira.<\/li>\n<li>Esperar alguns minutos para que o \u00f3leo de cera penetre completamente na madeira.<\/li>\n<li>Limpar e polir suavemente a superf\u00edcie dos produtos de madeira com um pano macio e limpo para remover o excesso de \u00f3leo de cera e tornar o brilho mais uniforme.<\/li>\n<\/ol>\n<p>&nbsp;<\/p>\n<ol>\n<li><strong><b> Precau\u00e7\u00f5es<\/b><\/strong><\/li>\n<\/ol>\n<p>&nbsp;<\/p>\n<ol>\n<li>Testar numa \u00e1rea discreta antes de utilizar para garantir que n\u00e3o existem reac\u00e7\u00f5es adversas.<\/li>\n<li>Evitar a utiliza\u00e7\u00e3o em ambientes com temperaturas elevadas, h\u00famidos ou com luz solar direta.<\/li>\n<li>Se entrar acidentalmente em contacto com os olhos, lavar imediatamente com \u00e1gua limpa.<\/li>\n<li>Guardar o produto fechado num local fresco e seco, fora do alcance das crian\u00e7as.<\/li>\n<\/ol>\n<p>&nbsp;<\/p>","protected":false},"excerpt":{"rendered":"<p>A nossa f\u00e1brica fornece servi\u00e7os de processamento OEM\/ODM, podemos personalizar produtos para si; O nosso MOQ \u00e9 baixo, geralmente a quantidade m\u00ednima \u00e9 de 1000 garrafas que podem ser produzidas; Os nossos produtos s\u00e3o baratos, de excelente qualidade, em conformidade com quaisquer leis e regulamentos nacionais e necessidades dos clientes!<\/p>\n<h3><strong>\u00a0 \u00a0 \u00a0 Oferecemos tamb\u00e9m os seguintes servi\u00e7os<\/strong><\/h3>\n<h4><strong><img decoding=\"async\" class=\"emoji\" role=\"img\" draggable=\"false\" src=\"https:\/\/s.w.org\/images\/core\/emoji\/15.0.3\/svg\/2714.svg\" alt=\"\u2714\" \/>\u00a0 Fonte transfronteiri\u00e7a\u00a0 \u00a0 \u00a0 \u00a0 \u00a0\u00a0<img decoding=\"async\" class=\"emoji\" role=\"img\" draggable=\"false\" src=\"https:\/\/s.w.org\/images\/core\/emoji\/15.0.3\/svg\/2714.svg\" alt=\"\u2714\" \/>\u00a0 Personaliza\u00e7\u00e3o do suporte<\/strong><\/h4>\n<h4><strong><img decoding=\"async\" class=\"emoji\" role=\"img\" draggable=\"false\" src=\"https:\/\/s.w.org\/images\/core\/emoji\/15.0.3\/svg\/2714.svg\" alt=\"\u2714\" \/>\u00a0 F\u00e1brica de origem\u00a0 \u00a0 \u00a0 \u00a0 \u00a0 \u00a0 \u00a0 \u00a0 \u00a0 \u00a0 \u00a0 \u00a0<img decoding=\"async\" class=\"emoji\" role=\"img\" draggable=\"false\" src=\"https:\/\/s.w.org\/images\/core\/emoji\/15.0.3\/svg\/2714.svg\" alt=\"\u2714\" \/>\u00a0 Desenvolvimento de produtos<\/strong><\/h4>\n<h4><strong><img decoding=\"async\" class=\"emoji\" role=\"img\" draggable=\"false\" src=\"https:\/\/s.w.org\/images\/core\/emoji\/15.0.3\/svg\/2714.svg\" alt=\"\u2714\" \/>\u00a0 Adapta\u00e7\u00e3o \u00e0 amostra\u00a0 \u00a0 \u00a0 \u00a0 \u00a0 \u00a0 \u00a0 \u00a0 \u00a0 \u00a0\u00a0<img decoding=\"async\" class=\"emoji\" role=\"img\" draggable=\"false\" src=\"https:\/\/s.w.org\/images\/core\/emoji\/15.0.3\/svg\/2714.svg\" alt=\"\u2714\" \/>\u00a0 Autoriza\u00e7\u00e3o de marca<\/strong><\/h4>\n<p>&nbsp;<\/p>\n<h2><strong>Perguntas ou coment\u00e1rios?<\/strong><\/h2>\n<h2><strong>wlwer@williamweir.com<\/strong><\/h2>","protected":false},"featured_media":14756,"template":"","meta":{"_uag_custom_page_level_css":"","site-sidebar-layout":"default","site-content-layout":"","ast-site-content-layout":"default","site-content-style":"default","site-sidebar-style":"default","ast-global-header-display":"","ast-banner-title-visibility":"","ast-main-header-display":"","ast-hfb-above-header-display":"","ast-hfb-below-header-display":"","ast-hfb-mobile-header-display":"","site-post-title":"","ast-breadcrumbs-content":"","ast-featured-img":"","footer-sml-layout":"","theme-transparent-header-meta":"default","adv-header-id-meta":"","stick-header-meta":"","header-above-stick-meta":"","header-main-stick-meta":"","header-below-stick-meta":"","astra-migrate-meta-layouts":"set","ast-page-background-enabled":"default","ast-page-background-meta":{"desktop":{"background-color":"","background-image":"","background-repeat":"repeat","background-position":"center center","background-size":"auto","background-attachment":"scroll","background-type":"","background-media":"","overlay-type":"","overlay-color":"","overlay-opacity":"","overlay-gradient":""},"tablet":{"background-color":"","background-image":"","background-repeat":"repeat","background-position":"center center","background-size":"auto","background-attachment":"scroll","background-type":"","background-media":"","overlay-type":"","overlay-color":"","overlay-opacity":"","overlay-gradient":""},"mobile":{"background-color":"","background-image":"","background-repeat":"repeat","background-position":"center center","background-size":"auto","background-attachment":"scroll","background-type":"","background-media":"","overlay-type":"","overlay-color":"","overlay-opacity":"","overlay-gradient":""}},"ast-content-background-meta":{"desktop":{"background-color":"var(--ast-global-color-5)","background-image":"","background-repeat":"repeat","background-position":"center center","background-size":"auto","background-attachment":"scroll","background-type":"","background-media":"","overlay-type":"","overlay-color":"","overlay-opacity":"","overlay-gradient":""},"tablet":{"background-color":"var(--ast-global-color-5)","background-image":"","background-repeat":"repeat","background-position":"center center","background-size":"auto","background-attachment":"scroll","background-type":"","background-media":"","overlay-type":"","overlay-color":"","overlay-opacity":"","overlay-gradient":""},"mobile":{"background-color":"var(--ast-global-color-5)","background-image":"","background-repeat":"repeat","background-position":"center center","background-size":"auto","background-attachment":"scroll","background-type":"","background-media":"","overlay-type":"","overlay-color":"","overlay-opacity":"","overlay-gradient":""}}},"product_brand":[],"product_cat":[83],"product_tag":[],"class_list":{"0":"post-14755","1":"product","2":"type-product","3":"status-publish","4":"has-post-thumbnail","6":"product_cat-all-products","7":"desktop-align-center","8":"tablet-align-left","9":"mobile-align-left","10":"ast-product-gallery-layout-horizontal-slider","11":"ast-product-gallery-with-no-image","12":"ast-product-tabs-layout-horizontal","14":"first","15":"instock","16":"shipping-taxable","17":"product-type-simple"},"aioseo_notices":[],"uagb_featured_image_src":{"full":["https:\/\/williamweir.com\/wp-content\/uploads\/2025\/11\/\u98df\u54c1\u7ea7\u6728\u8721\u6cb9.jpg",800,800,false],"thumbnail":["https:\/\/williamweir.com\/wp-content\/uploads\/2025\/11\/\u98df\u54c1\u7ea7\u6728\u8721\u6cb9-300x300.jpg",300,300,true],"medium":["https:\/\/williamweir.com\/wp-content\/uploads\/2025\/11\/\u98df\u54c1\u7ea7\u6728\u8721\u6cb9-600x600.jpg",600,600,true],"medium_large":["https:\/\/williamweir.com\/wp-content\/uploads\/2025\/11\/\u98df\u54c1\u7ea7\u6728\u8721\u6cb9-768x768.jpg",768,768,true],"large":["https:\/\/williamweir.com\/wp-content\/uploads\/2025\/11\/\u98df\u54c1\u7ea7\u6728\u8721\u6cb9.jpg",800,800,false],"1536x1536":["https:\/\/williamweir.com\/wp-content\/uploads\/2025\/11\/\u98df\u54c1\u7ea7\u6728\u8721\u6cb9.jpg",800,800,false],"2048x2048":["https:\/\/williamweir.com\/wp-content\/uploads\/2025\/11\/\u98df\u54c1\u7ea7\u6728\u8721\u6cb9.jpg",800,800,false],"trp-custom-language-flag":["https:\/\/williamweir.com\/wp-content\/uploads\/2025\/11\/\u98df\u54c1\u7ea7\u6728\u8721\u6cb9-12x12.jpg",12,12,true],"woocommerce_thumbnail":["https:\/\/williamweir.com\/wp-content\/uploads\/2025\/11\/\u98df\u54c1\u7ea7\u6728\u8721\u6cb9-600x600.jpg",600,600,true],"woocommerce_single":["https:\/\/williamweir.com\/wp-content\/uploads\/2025\/11\/\u98df\u54c1\u7ea7\u6728\u8721\u6cb9-600x600.jpg",600,600,true],"woocommerce_gallery_thumbnail":["https:\/\/williamweir.com\/wp-content\/uploads\/2025\/11\/\u98df\u54c1\u7ea7\u6728\u8721\u6cb9-100x100.jpg",100,100,true]},"uagb_author_info":{"display_name":"wlwer","author_link":"https:\/\/williamweir.com\/pt\/author\/"},"uagb_comment_info":0,"uagb_excerpt":"Our factory provides OEM\/ODM processing services, we can tailor products for you; Our MOQ is low, generally the minimum quantity is 1000 bottles can be produced; Our products are inexpensive, excellent product quality, in line with any national laws and regulations and customer needs! \u00a0 \u00a0 \u00a0 We also offer the following services \u00a0 Cross-border&hellip;","_links":{"self":[{"href":"https:\/\/williamweir.com\/pt\/wp-json\/wp\/v2\/product\/14755"}],"collection":[{"href":"https:\/\/williamweir.com\/pt\/wp-json\/wp\/v2\/product"}],"about":[{"href":"https:\/\/williamweir.com\/pt\/wp-json\/wp\/v2\/types\/product"}],"version-history":[{"count":1,"href":"https:\/\/williamweir.com\/pt\/wp-json\/wp\/v2\/product\/14755\/revisions"}],"predecessor-version":[{"id":14757,"href":"https:\/\/williamweir.com\/pt\/wp-json\/wp\/v2\/product\/14755\/revisions\/14757"}],"wp:featuredmedia":[{"embeddable":true,"href":"https:\/\/williamweir.com\/pt\/wp-json\/wp\/v2\/media\/14756"}],"wp:attachment":[{"href":"https:\/\/williamweir.com\/pt\/wp-json\/wp\/v2\/media?parent=14755"}],"wp:term":[{"taxonomy":"product_brand","embeddable":true,"href":"https:\/\/williamweir.com\/pt\/wp-json\/wp\/v2\/product_brand?post=14755"},{"taxonomy":"product_cat","embeddable":true,"href":"https:\/\/williamweir.com\/pt\/wp-json\/wp\/v2\/product_cat?post=14755"},{"taxonomy":"product_tag","embeddable":true,"href":"https:\/\/williamweir.com\/pt\/wp-json\/wp\/v2\/product_tag?post=14755"}],"curies":[{"name":"wp","href":"https:\/\/api.w.org\/{rel}","templated":true}]}}