{"id":14582,"date":"2025-07-30T05:38:42","date_gmt":"2025-07-30T05:38:42","guid":{"rendered":"https:\/\/williamweir.com\/?post_type=product&#038;p=14582"},"modified":"2025-07-30T05:39:08","modified_gmt":"2025-07-30T05:39:08","slug":"formaldehyde-remover-4","status":"publish","type":"product","link":"https:\/\/williamweir.com\/pt\/produto\/formaldehyde-remover-4\/","title":{"rendered":"Removedor de Formalde\u00eddo"},"content":{"rendered":"<h3><strong>Commodity code: 2196<\/strong><\/h3>\n<p><strong><b>Introdu\u00e7\u00e3o ao produto<\/b><\/strong><\/p>\n<p>Este produto \u00e9 um produto amigo do ambiente, especialmente utilizado para eliminar a polui\u00e7\u00e3o interior por formalde\u00eddo. Ap\u00f3s investiga\u00e7\u00e3o e desenvolvimento cient\u00edficos e testes rigorosos, pode reduzir eficazmente o teor de formalde\u00eddo no interior e criar um ambiente de vida saud\u00e1vel e seguro para si e para a sua fam\u00edlia.<\/p>\n<p><strong><b>Product Features<\/b><\/strong><\/p>\n<ol>\n<li>Remo\u00e7\u00e3o de formalde\u00eddo de alta efici\u00eancia: Adoptando uma tecnologia avan\u00e7ada de remo\u00e7\u00e3o de formalde\u00eddo, pode reagir rapidamente com o formalde\u00eddo e remover eficazmente o formalde\u00eddo no ar e na superf\u00edcie dos objectos, com uma elevada taxa de remo\u00e7\u00e3o de formalde\u00eddo.<\/li>\n<li>Seguro e amigo do ambiente: Os principais componentes do produto s\u00e3o extractos naturais de plantas, n\u00e3o t\u00f3xicos, inofensivos e n\u00e3o irritantes, amigos do corpo humano e do ambiente.<\/li>\n<li>Vasta gama de aplica\u00e7\u00f5es: \u00c9 adequado para v\u00e1rios espa\u00e7os interiores, tais como casas, escrit\u00f3rios, escolas, hospitais, hot\u00e9is, etc. Tamb\u00e9m pode ser utilizado para a remo\u00e7\u00e3o de formalde\u00eddo de materiais de decora\u00e7\u00e3o, tais como mobili\u00e1rio, pain\u00e9is, pap\u00e9is de parede e alcatifas.<\/li>\n<li>Duradouro e eficaz: Tem uma boa estabilidade e durabilidade. Ap\u00f3s uma utiliza\u00e7\u00e3o, pode desempenhar continuamente um papel na remo\u00e7\u00e3o do formalde\u00eddo e reduzir eficazmente o ressalto do formalde\u00eddo.<\/li>\n<li>F\u00e1cil de utilizar: O produto est\u00e1 na forma l\u00edquida e pode ser utilizado por pulveriza\u00e7\u00e3o, escovagem, etc. A opera\u00e7\u00e3o \u00e9 simples e f\u00e1cil de construir.<\/li>\n<\/ol>\n<p><strong><b>Usage Methods<\/b><\/strong><\/p>\n<ol>\n<li>Purifica\u00e7\u00e3o do ar: Pulverizar este produto uniformemente no ar interior. A quantidade de utiliza\u00e7\u00e3o pode ser aumentada ou diminu\u00edda de acordo com o grau de polui\u00e7\u00e3o interior por formalde\u00eddo. Ap\u00f3s a pulveriza\u00e7\u00e3o, manter a ventila\u00e7\u00e3o interior para permitir que o produto desempenhe plenamente o seu papel.<\/li>\n<li>Remo\u00e7\u00e3o de formalde\u00eddo para m\u00f3veis: Antes da utiliza\u00e7\u00e3o, limpar o p\u00f3 e as manchas na superf\u00edcie do m\u00f3vel. Em seguida, pulverizar ou escovar este produto uniformemente sobre a superf\u00edcie do m\u00f3vel, especialmente nas juntas e orif\u00edcios dos pain\u00e9is e outras fontes de liberta\u00e7\u00e3o de formalde\u00eddo, e deixar o produto secar naturalmente.<\/li>\n<li>Pulveriza\u00e7\u00e3o de reposi\u00e7\u00e3o regular: Uma vez que a liberta\u00e7\u00e3o de formalde\u00eddo \u00e9 um processo a longo prazo, recomenda-se a utiliza\u00e7\u00e3o regular deste produto para a pulveriza\u00e7\u00e3o de reposi\u00e7\u00e3o, de modo a manter um bom efeito de remo\u00e7\u00e3o de formalde\u00eddo.<\/li>\n<\/ol>\n<p><strong><b>Precau\u00e7\u00f5es<\/b><\/strong><\/p>\n<ol>\n<li>Antes de utilizar, fa\u00e7a primeiro um teste numa pequena \u00e1rea para observar se existem reac\u00e7\u00f5es adversas, como alergias e corros\u00e3o. Se houver alguma anomalia, pare imediatamente de o utilizar e consulte um profissional.<\/li>\n<li>Este produto deve ser armazenado num local fresco, seco e ventilado, evitando a luz solar direta e ambientes com temperaturas elevadas.<\/li>\n<li>Colocar este produto num local onde as crian\u00e7as n\u00e3o o possam alcan\u00e7ar facilmente para evitar a sua ingest\u00e3o acidental.<\/li>\n<li>Durante a utiliza\u00e7\u00e3o, se o produto salpicar acidentalmente para os olhos ou para a pele, lavar imediatamente com uma grande quantidade de \u00e1gua limpa e procurar assist\u00eancia m\u00e9dica atempadamente.<\/li>\n<li>Este produto n\u00e3o deve ser misturado com outras subst\u00e2ncias qu\u00edmicas para evitar afetar o efeito de remo\u00e7\u00e3o do formalde\u00eddo ou provocar reac\u00e7\u00f5es adversas.<\/li>\n<\/ol>","protected":false},"excerpt":{"rendered":"<p>A nossa f\u00e1brica fornece servi\u00e7os de processamento OEM\/ODM, podemos personalizar produtos para si; O nosso MOQ \u00e9 baixo, geralmente a quantidade m\u00ednima \u00e9 de 1000 garrafas que podem ser produzidas; Os nossos produtos s\u00e3o baratos, de excelente qualidade, em conformidade com quaisquer leis e regulamentos nacionais e necessidades dos clientes!<\/p>\n<h3><strong>\u00a0 \u00a0 \u00a0 Oferecemos tamb\u00e9m os seguintes servi\u00e7os<\/strong><\/h3>\n<h4><strong><img decoding=\"async\" class=\"emoji\" role=\"img\" draggable=\"false\" src=\"https:\/\/s.w.org\/images\/core\/emoji\/15.0.3\/svg\/2714.svg\" alt=\"\u2714\" \/>\u00a0 Fonte transfronteiri\u00e7a\u00a0 \u00a0 \u00a0 \u00a0 \u00a0\u00a0<img decoding=\"async\" class=\"emoji\" role=\"img\" draggable=\"false\" src=\"https:\/\/s.w.org\/images\/core\/emoji\/15.0.3\/svg\/2714.svg\" alt=\"\u2714\" \/>\u00a0 Personaliza\u00e7\u00e3o do suporte<\/strong><\/h4>\n<h4><strong><img decoding=\"async\" class=\"emoji\" role=\"img\" draggable=\"false\" src=\"https:\/\/s.w.org\/images\/core\/emoji\/15.0.3\/svg\/2714.svg\" alt=\"\u2714\" \/>\u00a0 F\u00e1brica de origem\u00a0 \u00a0 \u00a0 \u00a0 \u00a0 \u00a0 \u00a0 \u00a0 \u00a0 \u00a0 \u00a0 \u00a0<img decoding=\"async\" class=\"emoji\" role=\"img\" draggable=\"false\" src=\"https:\/\/s.w.org\/images\/core\/emoji\/15.0.3\/svg\/2714.svg\" alt=\"\u2714\" \/>\u00a0 Desenvolvimento de produtos<\/strong><\/h4>\n<h4><strong><img decoding=\"async\" class=\"emoji\" role=\"img\" draggable=\"false\" src=\"https:\/\/s.w.org\/images\/core\/emoji\/15.0.3\/svg\/2714.svg\" alt=\"\u2714\" \/>\u00a0 Adapta\u00e7\u00e3o \u00e0 amostra\u00a0 \u00a0 \u00a0 \u00a0 \u00a0 \u00a0 \u00a0 \u00a0 \u00a0 \u00a0\u00a0<img decoding=\"async\" class=\"emoji\" role=\"img\" draggable=\"false\" src=\"https:\/\/s.w.org\/images\/core\/emoji\/15.0.3\/svg\/2714.svg\" alt=\"\u2714\" \/>\u00a0 Autoriza\u00e7\u00e3o de marca<br \/>\n<\/strong><\/h4>\n<h2><strong>Perguntas ou coment\u00e1rios?<\/strong><\/h2>\n<h2><strong>wlwer@williamweir.com<\/strong><\/h2>","protected":false},"featured_media":14583,"template":"","meta":{"_uag_custom_page_level_css":"","site-sidebar-layout":"default","site-content-layout":"","ast-site-content-layout":"default","site-content-style":"default","site-sidebar-style":"default","ast-global-header-display":"","ast-banner-title-visibility":"","ast-main-header-display":"","ast-hfb-above-header-display":"","ast-hfb-below-header-display":"","ast-hfb-mobile-header-display":"","site-post-title":"","ast-breadcrumbs-content":"","ast-featured-img":"","footer-sml-layout":"","theme-transparent-header-meta":"default","adv-header-id-meta":"","stick-header-meta":"","header-above-stick-meta":"","header-main-stick-meta":"","header-below-stick-meta":"","astra-migrate-meta-layouts":"set","ast-page-background-enabled":"default","ast-page-background-meta":{"desktop":{"background-color":"","background-image":"","background-repeat":"repeat","background-position":"center center","background-size":"auto","background-attachment":"scroll","background-type":"","background-media":"","overlay-type":"","overlay-color":"","overlay-opacity":"","overlay-gradient":""},"tablet":{"background-color":"","background-image":"","background-repeat":"repeat","background-position":"center center","background-size":"auto","background-attachment":"scroll","background-type":"","background-media":"","overlay-type":"","overlay-color":"","overlay-opacity":"","overlay-gradient":""},"mobile":{"background-color":"","background-image":"","background-repeat":"repeat","background-position":"center center","background-size":"auto","background-attachment":"scroll","background-type":"","background-media":"","overlay-type":"","overlay-color":"","overlay-opacity":"","overlay-gradient":""}},"ast-content-background-meta":{"desktop":{"background-color":"var(--ast-global-color-5)","background-image":"","background-repeat":"repeat","background-position":"center center","background-size":"auto","background-attachment":"scroll","background-type":"","background-media":"","overlay-type":"","overlay-color":"","overlay-opacity":"","overlay-gradient":""},"tablet":{"background-color":"var(--ast-global-color-5)","background-image":"","background-repeat":"repeat","background-position":"center center","background-size":"auto","background-attachment":"scroll","background-type":"","background-media":"","overlay-type":"","overlay-color":"","overlay-opacity":"","overlay-gradient":""},"mobile":{"background-color":"var(--ast-global-color-5)","background-image":"","background-repeat":"repeat","background-position":"center center","background-size":"auto","background-attachment":"scroll","background-type":"","background-media":"","overlay-type":"","overlay-color":"","overlay-opacity":"","overlay-gradient":""}}},"product_brand":[],"product_cat":[83,74],"product_tag":[],"class_list":{"0":"post-14582","1":"product","2":"type-product","3":"status-publish","4":"has-post-thumbnail","6":"product_cat-all-products","7":"product_cat-household-cleaning-series","8":"desktop-align-center","9":"tablet-align-left","10":"mobile-align-left","11":"ast-product-gallery-layout-horizontal-slider","12":"ast-product-gallery-with-no-image","13":"ast-product-tabs-layout-horizontal","15":"first","16":"instock","17":"shipping-taxable","18":"product-type-simple"},"aioseo_notices":[],"uagb_featured_image_src":{"full":["https:\/\/williamweir.com\/wp-content\/uploads\/2025\/07\/\u4e3b\u56fe-10-3.jpg",800,800,false],"thumbnail":["https:\/\/williamweir.com\/wp-content\/uploads\/2025\/07\/\u4e3b\u56fe-10-3-300x300.jpg",300,300,true],"medium":["https:\/\/williamweir.com\/wp-content\/uploads\/2025\/07\/\u4e3b\u56fe-10-3-600x600.jpg",600,600,true],"medium_large":["https:\/\/williamweir.com\/wp-content\/uploads\/2025\/07\/\u4e3b\u56fe-10-3-768x768.jpg",768,768,true],"large":["https:\/\/williamweir.com\/wp-content\/uploads\/2025\/07\/\u4e3b\u56fe-10-3.jpg",800,800,false],"1536x1536":["https:\/\/williamweir.com\/wp-content\/uploads\/2025\/07\/\u4e3b\u56fe-10-3.jpg",800,800,false],"2048x2048":["https:\/\/williamweir.com\/wp-content\/uploads\/2025\/07\/\u4e3b\u56fe-10-3.jpg",800,800,false],"trp-custom-language-flag":["https:\/\/williamweir.com\/wp-content\/uploads\/2025\/07\/\u4e3b\u56fe-10-3-12x12.jpg",12,12,true],"woocommerce_thumbnail":["https:\/\/williamweir.com\/wp-content\/uploads\/2025\/07\/\u4e3b\u56fe-10-3-600x600.jpg",600,600,true],"woocommerce_single":["https:\/\/williamweir.com\/wp-content\/uploads\/2025\/07\/\u4e3b\u56fe-10-3-600x600.jpg",600,600,true],"woocommerce_gallery_thumbnail":["https:\/\/williamweir.com\/wp-content\/uploads\/2025\/07\/\u4e3b\u56fe-10-3-100x100.jpg",100,100,true]},"uagb_author_info":{"display_name":"wlwer","author_link":"https:\/\/williamweir.com\/pt\/author\/"},"uagb_comment_info":0,"uagb_excerpt":"Our factory provides OEM\/ODM processing services, we can tailor products for you; Our MOQ is low, generally the minimum quantity is 1000 bottles can be produced; Our products are inexpensive, excellent product quality, in line with any national laws and regulations and customer needs! \u00a0 \u00a0 \u00a0 We also offer the following services \u00a0 Cross-border&hellip;","_links":{"self":[{"href":"https:\/\/williamweir.com\/pt\/wp-json\/wp\/v2\/product\/14582"}],"collection":[{"href":"https:\/\/williamweir.com\/pt\/wp-json\/wp\/v2\/product"}],"about":[{"href":"https:\/\/williamweir.com\/pt\/wp-json\/wp\/v2\/types\/product"}],"version-history":[{"count":2,"href":"https:\/\/williamweir.com\/pt\/wp-json\/wp\/v2\/product\/14582\/revisions"}],"predecessor-version":[{"id":14585,"href":"https:\/\/williamweir.com\/pt\/wp-json\/wp\/v2\/product\/14582\/revisions\/14585"}],"wp:featuredmedia":[{"embeddable":true,"href":"https:\/\/williamweir.com\/pt\/wp-json\/wp\/v2\/media\/14583"}],"wp:attachment":[{"href":"https:\/\/williamweir.com\/pt\/wp-json\/wp\/v2\/media?parent=14582"}],"wp:term":[{"taxonomy":"product_brand","embeddable":true,"href":"https:\/\/williamweir.com\/pt\/wp-json\/wp\/v2\/product_brand?post=14582"},{"taxonomy":"product_cat","embeddable":true,"href":"https:\/\/williamweir.com\/pt\/wp-json\/wp\/v2\/product_cat?post=14582"},{"taxonomy":"product_tag","embeddable":true,"href":"https:\/\/williamweir.com\/pt\/wp-json\/wp\/v2\/product_tag?post=14582"}],"curies":[{"name":"wp","href":"https:\/\/api.w.org\/{rel}","templated":true}]}}