{"id":14514,"date":"2025-05-16T07:01:31","date_gmt":"2025-05-16T07:01:31","guid":{"rendered":"https:\/\/williamweir.com\/?post_type=product&#038;p=14514"},"modified":"2025-05-24T01:02:13","modified_gmt":"2025-05-24T01:02:13","slug":"white-shoe-foam-cleaner-4","status":"publish","type":"product","link":"https:\/\/williamweir.com\/pt\/produto\/white-shoe-foam-cleaner-4\/","title":{"rendered":"Espuma de limpeza para sapatos brancos"},"content":{"rendered":"<p><strong>C\u00f3digo do produto<\/strong><strong>\uff1a<\/strong><strong>3117<\/strong><\/p>\n<p><strong><b> Introdu\u00e7\u00e3o ao produto<\/b><\/strong><\/p>\n<p>Este produto \u00e9 um produto de limpeza altamente eficaz, especialmente concebido para a limpeza de cal\u00e7ado desportivo branco, cal\u00e7ado casual, etc. Pode remover rapidamente as manchas na superf\u00edcie do cal\u00e7ado e devolver ao cal\u00e7ado branco a sua brancura e brilho originais.<\/p>\n<p><strong><b> Product Features<\/b><\/strong><\/p>\n<ol>\n<li>Descontamina\u00e7\u00e3o potente: Cont\u00e9m ingredientes de limpeza altamente eficientes e pode remover eficazmente v\u00e1rias manchas comuns, como p\u00f3, lama e manchas de \u00f3leo, fazendo com que os sapatos pare\u00e7am novos.<\/li>\n<li>F\u00f3rmula suave: Adopta uma f\u00f3rmula de limpeza suave e n\u00e3o danifica o material do cal\u00e7ado. Pode ser utilizado com seguran\u00e7a em couro, lona ou materiais de malha.<\/li>\n<li>Pr\u00e1tico e r\u00e1pido: F\u00e1cil de utilizar, sem passos de opera\u00e7\u00e3o complicados. Basta uma ligeira pulveriza\u00e7\u00e3o ou uma passagem para limpar rapidamente o cal\u00e7ado.<\/li>\n<li>Cheiro fresco: emite uma fragr\u00e2ncia fresca, elimina o cheiro peculiar dos sapatos e faz com que os sapatos emitam um cheiro agrad\u00e1vel.<\/li>\n<\/ol>\n<p><strong><b>Usage Methods<\/b><\/strong><\/p>\n<ol>\n<li>Para n\u00f3doas ligeiras: Pulverizar o produto de limpeza na \u00e1rea manchada da superf\u00edcie do sapato e limpar suavemente com um pano macio limpo ou uma escova.<\/li>\n<li>Para n\u00f3doas muito fortes: Primeiro, limpe o p\u00f3 e outros detritos na superf\u00edcie do sapato. Em seguida, pulverize uniformemente o produto de limpeza na \u00e1rea manchada. Depois de repousar durante alguns minutos, esfregue bem com uma escova. Por fim, enxaguar com \u00e1gua limpa ou limpar com um pano h\u00famido.<\/li>\n<\/ol>\n<p><strong><b> Precau\u00e7\u00f5es<\/b><\/strong><\/p>\n<ol>\n<li>Antes da utiliza\u00e7\u00e3o, efetuar um teste numa pequena \u00e1rea numa parte discreta do sapato para garantir que n\u00e3o ter\u00e1 um efeito adverso no sapato.<\/li>\n<li>Evitar o contacto com os olhos e a pele. Em caso de contacto acidental, lavar imediatamente com uma grande quantidade de \u00e1gua limpa.<\/li>\n<li>Coloque o produto num local onde as crian\u00e7as n\u00e3o o possam alcan\u00e7ar facilmente.<\/li>\n<li>Guarde-o num local fresco e seco, longe da luz solar direta.<\/li>\n<\/ol>","protected":false},"excerpt":{"rendered":"<p>Product code\uff1a3117 Product Introduction This product is a highly efficient cleaning product specially designed for cleaning white sports shoes, casual shoes, etc. It can quickly remove stains on the shoe surface and restore white shoes to their original whiteness and brightness. Product Features Powerful decontamination: Contains highly efficient cleaning ingredients and can effectively remove various [&hellip;]<\/p>","protected":false},"featured_media":14515,"template":"","meta":{"_uag_custom_page_level_css":"","site-sidebar-layout":"default","site-content-layout":"","ast-site-content-layout":"default","site-content-style":"default","site-sidebar-style":"default","ast-global-header-display":"","ast-banner-title-visibility":"","ast-main-header-display":"","ast-hfb-above-header-display":"","ast-hfb-below-header-display":"","ast-hfb-mobile-header-display":"","site-post-title":"","ast-breadcrumbs-content":"","ast-featured-img":"","footer-sml-layout":"","theme-transparent-header-meta":"default","adv-header-id-meta":"","stick-header-meta":"","header-above-stick-meta":"","header-main-stick-meta":"","header-below-stick-meta":"","astra-migrate-meta-layouts":"set","ast-page-background-enabled":"default","ast-page-background-meta":{"desktop":{"background-color":"","background-image":"","background-repeat":"repeat","background-position":"center center","background-size":"auto","background-attachment":"scroll","background-type":"","background-media":"","overlay-type":"","overlay-color":"","overlay-opacity":"","overlay-gradient":""},"tablet":{"background-color":"","background-image":"","background-repeat":"repeat","background-position":"center center","background-size":"auto","background-attachment":"scroll","background-type":"","background-media":"","overlay-type":"","overlay-color":"","overlay-opacity":"","overlay-gradient":""},"mobile":{"background-color":"","background-image":"","background-repeat":"repeat","background-position":"center center","background-size":"auto","background-attachment":"scroll","background-type":"","background-media":"","overlay-type":"","overlay-color":"","overlay-opacity":"","overlay-gradient":""}},"ast-content-background-meta":{"desktop":{"background-color":"var(--ast-global-color-5)","background-image":"","background-repeat":"repeat","background-position":"center center","background-size":"auto","background-attachment":"scroll","background-type":"","background-media":"","overlay-type":"","overlay-color":"","overlay-opacity":"","overlay-gradient":""},"tablet":{"background-color":"var(--ast-global-color-5)","background-image":"","background-repeat":"repeat","background-position":"center center","background-size":"auto","background-attachment":"scroll","background-type":"","background-media":"","overlay-type":"","overlay-color":"","overlay-opacity":"","overlay-gradient":""},"mobile":{"background-color":"var(--ast-global-color-5)","background-image":"","background-repeat":"repeat","background-position":"center center","background-size":"auto","background-attachment":"scroll","background-type":"","background-media":"","overlay-type":"","overlay-color":"","overlay-opacity":"","overlay-gradient":""}}},"product_brand":[],"product_cat":[83,70],"product_tag":[],"class_list":{"0":"post-14514","1":"product","2":"type-product","3":"status-publish","4":"has-post-thumbnail","6":"product_cat-all-products","7":"product_cat-foam-cleaner-series","8":"desktop-align-center","9":"tablet-align-left","10":"mobile-align-left","11":"ast-product-gallery-layout-horizontal-slider","12":"ast-product-gallery-with-no-image","13":"ast-product-tabs-layout-horizontal","15":"first","16":"instock","17":"shipping-taxable","18":"product-type-simple"},"aioseo_notices":[],"uagb_featured_image_src":{"full":["https:\/\/williamweir.com\/wp-content\/uploads\/2025\/05\/\u5c0f\u767d\u978b\u65b0\u6807.png",800,800,false],"thumbnail":["https:\/\/williamweir.com\/wp-content\/uploads\/2025\/05\/\u5c0f\u767d\u978b\u65b0\u6807-300x300.png",300,300,true],"medium":["https:\/\/williamweir.com\/wp-content\/uploads\/2025\/05\/\u5c0f\u767d\u978b\u65b0\u6807-600x600.png",600,600,true],"medium_large":["https:\/\/williamweir.com\/wp-content\/uploads\/2025\/05\/\u5c0f\u767d\u978b\u65b0\u6807-768x768.png",768,768,true],"large":["https:\/\/williamweir.com\/wp-content\/uploads\/2025\/05\/\u5c0f\u767d\u978b\u65b0\u6807.png",800,800,false],"1536x1536":["https:\/\/williamweir.com\/wp-content\/uploads\/2025\/05\/\u5c0f\u767d\u978b\u65b0\u6807.png",800,800,false],"2048x2048":["https:\/\/williamweir.com\/wp-content\/uploads\/2025\/05\/\u5c0f\u767d\u978b\u65b0\u6807.png",800,800,false],"trp-custom-language-flag":["https:\/\/williamweir.com\/wp-content\/uploads\/2025\/05\/\u5c0f\u767d\u978b\u65b0\u6807-12x12.png",12,12,true],"woocommerce_thumbnail":["https:\/\/williamweir.com\/wp-content\/uploads\/2025\/05\/\u5c0f\u767d\u978b\u65b0\u6807-600x600.png",600,600,true],"woocommerce_single":["https:\/\/williamweir.com\/wp-content\/uploads\/2025\/05\/\u5c0f\u767d\u978b\u65b0\u6807-600x600.png",600,600,true],"woocommerce_gallery_thumbnail":["https:\/\/williamweir.com\/wp-content\/uploads\/2025\/05\/\u5c0f\u767d\u978b\u65b0\u6807-100x100.png",100,100,true]},"uagb_author_info":{"display_name":"wlwer","author_link":"https:\/\/williamweir.com\/pt\/author\/"},"uagb_comment_info":0,"uagb_excerpt":"Product code\uff1a3117 Product Introduction This product is a highly efficient cleaning product specially designed for cleaning white sports shoes, casual shoes, etc. It can quickly remove stains on the shoe surface and restore white shoes to their original whiteness and brightness. Product Features Powerful decontamination: Contains highly efficient cleaning ingredients and can effectively remove various&hellip;","_links":{"self":[{"href":"https:\/\/williamweir.com\/pt\/wp-json\/wp\/v2\/product\/14514"}],"collection":[{"href":"https:\/\/williamweir.com\/pt\/wp-json\/wp\/v2\/product"}],"about":[{"href":"https:\/\/williamweir.com\/pt\/wp-json\/wp\/v2\/types\/product"}],"version-history":[{"count":2,"href":"https:\/\/williamweir.com\/pt\/wp-json\/wp\/v2\/product\/14514\/revisions"}],"predecessor-version":[{"id":14518,"href":"https:\/\/williamweir.com\/pt\/wp-json\/wp\/v2\/product\/14514\/revisions\/14518"}],"wp:featuredmedia":[{"embeddable":true,"href":"https:\/\/williamweir.com\/pt\/wp-json\/wp\/v2\/media\/14515"}],"wp:attachment":[{"href":"https:\/\/williamweir.com\/pt\/wp-json\/wp\/v2\/media?parent=14514"}],"wp:term":[{"taxonomy":"product_brand","embeddable":true,"href":"https:\/\/williamweir.com\/pt\/wp-json\/wp\/v2\/product_brand?post=14514"},{"taxonomy":"product_cat","embeddable":true,"href":"https:\/\/williamweir.com\/pt\/wp-json\/wp\/v2\/product_cat?post=14514"},{"taxonomy":"product_tag","embeddable":true,"href":"https:\/\/williamweir.com\/pt\/wp-json\/wp\/v2\/product_tag?post=14514"}],"curies":[{"name":"wp","href":"https:\/\/api.w.org\/{rel}","templated":true}]}}