{"id":14504,"date":"2025-05-16T06:36:32","date_gmt":"2025-05-16T06:36:32","guid":{"rendered":"https:\/\/williamweir.com\/?post_type=product&#038;p=14504"},"modified":"2025-05-24T01:02:35","modified_gmt":"2025-05-24T01:02:35","slug":"floor-cleaner-6","status":"publish","type":"product","link":"https:\/\/williamweir.com\/pt\/produto\/floor-cleaner-6\/","title":{"rendered":"Limpador de pavimentos"},"content":{"rendered":"<h3><strong>Commodity code: 2868<\/strong><\/h3>\n<p><strong><b>Product Introduction:<\/b><\/strong><strong><b><br \/>\n<\/b><\/strong>Este produto \u00e9 um produto altamente eficiente, especialmente desenvolvido para a limpeza de v\u00e1rios tipos de pavimentos. Quer se trate de um pavimento de madeira maci\u00e7a, de um pavimento composto, de um pavimento laminado ou de materiais de pavimento como os azulejos, pode efetuar uma limpeza profunda e devolver ao pavimento um estado limpo e brilhante.<\/p>\n<p><strong><b> Product Features:<\/b><\/strong><\/p>\n<ol>\n<li>Descontamina\u00e7\u00e3o potente: Pode remover rapidamente manchas, p\u00f3, manchas de \u00f3leo, etc. no ch\u00e3o, com um efeito de limpeza not\u00e1vel.<\/li>\n<li>Esteriliza\u00e7\u00e3o e desinfe\u00e7\u00e3o: Mata eficazmente as bact\u00e9rias e os v\u00edrus no ch\u00e3o, proporcionando prote\u00e7\u00e3o da sa\u00fade no ambiente dom\u00e9stico.<\/li>\n<li>Proteger o pavimento: Cont\u00e9m ingredientes protectores especiais, que podem proteger a superf\u00edcie do pavimento durante a limpeza e evitar o desgaste e os riscos.<\/li>\n<li>Cheiro fresco: emite uma agrad\u00e1vel fragr\u00e2ncia fresca, tornando o espa\u00e7o limpo mais confort\u00e1vel e agrad\u00e1vel.<\/li>\n<li>Pr\u00e1tico e f\u00e1cil de utilizar: \u00c9 simples e c\u00f3modo de utilizar. Basta seguir as instru\u00e7\u00f5es de utiliza\u00e7\u00e3o.<\/li>\n<\/ol>\n<p><strong><b>\u00a0Usage Method:<\/b><\/strong><\/p>\n<ol>\n<li>De acordo com a \u00e1rea do pavimento e o grau das manchas, verta uma quantidade adequada de produto de limpeza para pavimentos em \u00e1gua limpa para dilui\u00e7\u00e3o.<\/li>\n<li>Mergulhe uma esfregona ou um utens\u00edlio de limpeza na solu\u00e7\u00e3o de limpeza dilu\u00edda e limpe o ch\u00e3o.<\/li>\n<li>Para as n\u00f3doas mais dif\u00edceis, pode aumentar a quantidade de produto de limpeza ou o tempo de perman\u00eancia e, em seguida, limpar com for\u00e7a.<\/li>\n<li>Ap\u00f3s a limpeza, enxaguar bem o pavimento com \u00e1gua limpa para garantir que n\u00e3o existem res\u00edduos de produto de limpeza.<\/li>\n<\/ol>\n<p><strong><b> Precautions:<\/b><\/strong><\/p>\n<ol>\n<li>Coloque-o num local onde as crian\u00e7as n\u00e3o o possam alcan\u00e7ar facilmente.<\/li>\n<li>Evitar o contacto com os olhos e a pele. Em caso de contacto acidental, lavar imediatamente com uma grande quantidade de \u00e1gua limpa.<\/li>\n<li>Os pavimentos de diferentes materiais podem ter diferentes requisitos de limpeza. Leia as instru\u00e7\u00f5es do produto ou fa\u00e7a um teste num local discreto antes de o utilizar.<\/li>\n<li>Guarde-o num local fresco e seco e evite a luz solar direta.<\/li>\n<\/ol>","protected":false},"excerpt":{"rendered":"<p>A nossa f\u00e1brica fornece servi\u00e7os de processamento OEM\/ODM, podemos personalizar produtos para si; O nosso MOQ \u00e9 baixo, geralmente a quantidade m\u00ednima \u00e9 de 1000 garrafas que podem ser produzidas; Os nossos produtos s\u00e3o baratos, de excelente qualidade, em conformidade com quaisquer leis e regulamentos nacionais e necessidades dos clientes!<\/p>\n<h3><strong>\u00a0 \u00a0 \u00a0 Oferecemos tamb\u00e9m os seguintes servi\u00e7os<\/strong><\/h3>\n<h4><strong><img decoding=\"async\" class=\"emoji\" role=\"img\" draggable=\"false\" src=\"https:\/\/s.w.org\/images\/core\/emoji\/15.0.3\/svg\/2714.svg\" alt=\"\u2714\" \/>\u00a0 Fonte transfronteiri\u00e7a\u00a0 \u00a0 \u00a0 \u00a0 \u00a0\u00a0<img decoding=\"async\" class=\"emoji\" role=\"img\" draggable=\"false\" src=\"https:\/\/s.w.org\/images\/core\/emoji\/15.0.3\/svg\/2714.svg\" alt=\"\u2714\" \/>\u00a0 Personaliza\u00e7\u00e3o do suporte<\/strong><\/h4>\n<h4><strong><img decoding=\"async\" class=\"emoji\" role=\"img\" draggable=\"false\" src=\"https:\/\/s.w.org\/images\/core\/emoji\/15.0.3\/svg\/2714.svg\" alt=\"\u2714\" \/>\u00a0 F\u00e1brica de origem\u00a0 \u00a0 \u00a0 \u00a0 \u00a0 \u00a0 \u00a0 \u00a0 \u00a0 \u00a0 \u00a0 \u00a0<img decoding=\"async\" class=\"emoji\" role=\"img\" draggable=\"false\" src=\"https:\/\/s.w.org\/images\/core\/emoji\/15.0.3\/svg\/2714.svg\" alt=\"\u2714\" \/>\u00a0 Desenvolvimento de produtos<\/strong><\/h4>\n<h4><strong><img decoding=\"async\" class=\"emoji\" role=\"img\" draggable=\"false\" src=\"https:\/\/s.w.org\/images\/core\/emoji\/15.0.3\/svg\/2714.svg\" alt=\"\u2714\" \/>\u00a0 Adapta\u00e7\u00e3o \u00e0 amostra\u00a0 \u00a0 \u00a0 \u00a0 \u00a0 \u00a0 \u00a0 \u00a0 \u00a0 \u00a0\u00a0<img decoding=\"async\" class=\"emoji\" role=\"img\" draggable=\"false\" src=\"https:\/\/s.w.org\/images\/core\/emoji\/15.0.3\/svg\/2714.svg\" alt=\"\u2714\" \/>\u00a0 Autoriza\u00e7\u00e3o de marca<br \/>\n<\/strong><\/h4>\n<h2><strong>Perguntas ou coment\u00e1rios?<\/strong><\/h2>\n<h2><strong>wlwer@williamweir.com<\/strong><\/h2>","protected":false},"featured_media":14505,"template":"","meta":{"_uag_custom_page_level_css":"","site-sidebar-layout":"default","site-content-layout":"","ast-site-content-layout":"default","site-content-style":"default","site-sidebar-style":"default","ast-global-header-display":"","ast-banner-title-visibility":"","ast-main-header-display":"","ast-hfb-above-header-display":"","ast-hfb-below-header-display":"","ast-hfb-mobile-header-display":"","site-post-title":"","ast-breadcrumbs-content":"","ast-featured-img":"","footer-sml-layout":"","theme-transparent-header-meta":"default","adv-header-id-meta":"","stick-header-meta":"","header-above-stick-meta":"","header-main-stick-meta":"","header-below-stick-meta":"","astra-migrate-meta-layouts":"set","ast-page-background-enabled":"default","ast-page-background-meta":{"desktop":{"background-color":"","background-image":"","background-repeat":"repeat","background-position":"center center","background-size":"auto","background-attachment":"scroll","background-type":"","background-media":"","overlay-type":"","overlay-color":"","overlay-opacity":"","overlay-gradient":""},"tablet":{"background-color":"","background-image":"","background-repeat":"repeat","background-position":"center center","background-size":"auto","background-attachment":"scroll","background-type":"","background-media":"","overlay-type":"","overlay-color":"","overlay-opacity":"","overlay-gradient":""},"mobile":{"background-color":"","background-image":"","background-repeat":"repeat","background-position":"center center","background-size":"auto","background-attachment":"scroll","background-type":"","background-media":"","overlay-type":"","overlay-color":"","overlay-opacity":"","overlay-gradient":""}},"ast-content-background-meta":{"desktop":{"background-color":"var(--ast-global-color-5)","background-image":"","background-repeat":"repeat","background-position":"center center","background-size":"auto","background-attachment":"scroll","background-type":"","background-media":"","overlay-type":"","overlay-color":"","overlay-opacity":"","overlay-gradient":""},"tablet":{"background-color":"var(--ast-global-color-5)","background-image":"","background-repeat":"repeat","background-position":"center center","background-size":"auto","background-attachment":"scroll","background-type":"","background-media":"","overlay-type":"","overlay-color":"","overlay-opacity":"","overlay-gradient":""},"mobile":{"background-color":"var(--ast-global-color-5)","background-image":"","background-repeat":"repeat","background-position":"center center","background-size":"auto","background-attachment":"scroll","background-type":"","background-media":"","overlay-type":"","overlay-color":"","overlay-opacity":"","overlay-gradient":""}}},"product_brand":[],"product_cat":[83,74],"product_tag":[],"class_list":{"0":"post-14504","1":"product","2":"type-product","3":"status-publish","4":"has-post-thumbnail","6":"product_cat-all-products","7":"product_cat-household-cleaning-series","8":"desktop-align-center","9":"tablet-align-left","10":"mobile-align-left","11":"ast-product-gallery-layout-horizontal-slider","12":"ast-product-tabs-layout-horizontal","14":"first","15":"instock","16":"shipping-taxable","17":"product-type-simple"},"aioseo_notices":[],"uagb_featured_image_src":{"full":["https:\/\/williamweir.com\/wp-content\/uploads\/2025\/05\/\u5730\u677f\u6e05\u6d01\u5242-\u6a59\u9999\u578b.jpg",800,800,false],"thumbnail":["https:\/\/williamweir.com\/wp-content\/uploads\/2025\/05\/\u5730\u677f\u6e05\u6d01\u5242-\u6a59\u9999\u578b-300x300.jpg",300,300,true],"medium":["https:\/\/williamweir.com\/wp-content\/uploads\/2025\/05\/\u5730\u677f\u6e05\u6d01\u5242-\u6a59\u9999\u578b-600x600.jpg",600,600,true],"medium_large":["https:\/\/williamweir.com\/wp-content\/uploads\/2025\/05\/\u5730\u677f\u6e05\u6d01\u5242-\u6a59\u9999\u578b-768x768.jpg",768,768,true],"large":["https:\/\/williamweir.com\/wp-content\/uploads\/2025\/05\/\u5730\u677f\u6e05\u6d01\u5242-\u6a59\u9999\u578b.jpg",800,800,false],"1536x1536":["https:\/\/williamweir.com\/wp-content\/uploads\/2025\/05\/\u5730\u677f\u6e05\u6d01\u5242-\u6a59\u9999\u578b.jpg",800,800,false],"2048x2048":["https:\/\/williamweir.com\/wp-content\/uploads\/2025\/05\/\u5730\u677f\u6e05\u6d01\u5242-\u6a59\u9999\u578b.jpg",800,800,false],"trp-custom-language-flag":["https:\/\/williamweir.com\/wp-content\/uploads\/2025\/05\/\u5730\u677f\u6e05\u6d01\u5242-\u6a59\u9999\u578b-12x12.jpg",12,12,true],"woocommerce_thumbnail":["https:\/\/williamweir.com\/wp-content\/uploads\/2025\/05\/\u5730\u677f\u6e05\u6d01\u5242-\u6a59\u9999\u578b-600x600.jpg",600,600,true],"woocommerce_single":["https:\/\/williamweir.com\/wp-content\/uploads\/2025\/05\/\u5730\u677f\u6e05\u6d01\u5242-\u6a59\u9999\u578b-600x600.jpg",600,600,true],"woocommerce_gallery_thumbnail":["https:\/\/williamweir.com\/wp-content\/uploads\/2025\/05\/\u5730\u677f\u6e05\u6d01\u5242-\u6a59\u9999\u578b-100x100.jpg",100,100,true]},"uagb_author_info":{"display_name":"wlwer","author_link":"https:\/\/williamweir.com\/pt\/author\/"},"uagb_comment_info":0,"uagb_excerpt":"Our factory provides OEM\/ODM processing services, we can tailor products for you; Our MOQ is low, generally the minimum quantity is 1000 bottles can be produced; Our products are inexpensive, excellent product quality, in line with any national laws and regulations and customer needs! \u00a0 \u00a0 \u00a0 We also offer the following services \u00a0 Cross-border&hellip;","_links":{"self":[{"href":"https:\/\/williamweir.com\/pt\/wp-json\/wp\/v2\/product\/14504"}],"collection":[{"href":"https:\/\/williamweir.com\/pt\/wp-json\/wp\/v2\/product"}],"about":[{"href":"https:\/\/williamweir.com\/pt\/wp-json\/wp\/v2\/types\/product"}],"version-history":[{"count":1,"href":"https:\/\/williamweir.com\/pt\/wp-json\/wp\/v2\/product\/14504\/revisions"}],"predecessor-version":[{"id":14507,"href":"https:\/\/williamweir.com\/pt\/wp-json\/wp\/v2\/product\/14504\/revisions\/14507"}],"wp:featuredmedia":[{"embeddable":true,"href":"https:\/\/williamweir.com\/pt\/wp-json\/wp\/v2\/media\/14505"}],"wp:attachment":[{"href":"https:\/\/williamweir.com\/pt\/wp-json\/wp\/v2\/media?parent=14504"}],"wp:term":[{"taxonomy":"product_brand","embeddable":true,"href":"https:\/\/williamweir.com\/pt\/wp-json\/wp\/v2\/product_brand?post=14504"},{"taxonomy":"product_cat","embeddable":true,"href":"https:\/\/williamweir.com\/pt\/wp-json\/wp\/v2\/product_cat?post=14504"},{"taxonomy":"product_tag","embeddable":true,"href":"https:\/\/williamweir.com\/pt\/wp-json\/wp\/v2\/product_tag?post=14504"}],"curies":[{"name":"wp","href":"https:\/\/api.w.org\/{rel}","templated":true}]}}