{"id":14491,"date":"2025-05-16T06:06:26","date_gmt":"2025-05-16T06:06:26","guid":{"rendered":"https:\/\/williamweir.com\/?post_type=product&#038;p=14491"},"modified":"2025-05-24T01:02:57","modified_gmt":"2025-05-24T01:02:57","slug":"scale-remover","status":"publish","type":"product","link":"https:\/\/williamweir.com\/pt\/produto\/scale-remover\/","title":{"rendered":"Removedor de escamas"},"content":{"rendered":"<h3><strong>Commodity code: 2912<\/strong><\/h3>\n<p><strong><b>1.Product Features<\/b><\/strong><\/p>\n<ol>\n<li>Poderosa descalcifica\u00e7\u00e3o: Pode remover r\u00e1pida e eficazmente v\u00e1rias incrusta\u00e7\u00f5es e manchas, tais como incrusta\u00e7\u00f5es em equipamentos como chaleiras, distribuidores de \u00e1gua e chuveiros.<\/li>\n<li>Seguro e amigo do ambiente: Adoptando mat\u00e9rias-primas de qualidade alimentar, \u00e9 inofensivo para o corpo humano e n\u00e3o polui o ambiente.<\/li>\n<li>Suave e n\u00e3o irritante: N\u00e3o causa danos na superf\u00edcie do equipamento e \u00e9 adequado para v\u00e1rios materiais.<\/li>\n<li>Pr\u00e1tico e f\u00e1cil de utilizar: Basta dissolver o agente descalcificante em \u00e1gua e utilizar de acordo com as instru\u00e7\u00f5es.<\/li>\n<li>Econ\u00f3mico e acess\u00edvel: Tem um desempenho econ\u00f3mico elevado e um frasco pode ser utilizado v\u00e1rias vezes.<\/li>\n<\/ol>\n<p><strong><b>2.Scope of application<\/b><\/strong><strong><b><br \/>\n<\/b><\/strong>Adequado para v\u00e1rios equipamentos que necessitam de descalcifica\u00e7\u00e3o em locais como casas, hot\u00e9is e restaurantes, tais como chaleiras, cafeteiras, aquecedores de \u00e1gua, m\u00e1quinas de lavar roupa, sanitas, etc.<\/p>\n<p><strong><b>3. Usage method<\/b><\/strong><\/p>\n<ol>\n<li>According to the size of the equipment and the severity of the scale, take an appropriate amount of descaling agent and put it in a container.<\/li>\n<li>Adicione uma quantidade adequada de \u00e1gua morna e mexa uniformemente para dissolver completamente o agente descalcificante.<\/li>\n<li>Mergulhar o equipamento que necessita de ser descalcificado na solu\u00e7\u00e3o ou deitar a solu\u00e7\u00e3o no equipamento para garantir que a parte descalcificada fica completamente imersa na solu\u00e7\u00e3o.<\/li>\n<li>Deixar de molho durante um per\u00edodo de tempo (geralmente de 15 minutos a v\u00e1rias horas, consoante a gravidade da escama).<\/li>\n<li>Enxaguar o equipamento com \u00e1gua limpa para eliminar o agente descalcificante residual e as incrusta\u00e7\u00f5es.<\/li>\n<\/ol>\n<p><strong><b>4.Precautions<\/b><\/strong><\/p>\n<ol>\n<li>Evitar o contacto com os olhos e a pele. Em caso de contacto acidental, lavar imediatamente com \u00e1gua abundante e procurar assist\u00eancia m\u00e9dica atempadamente.<\/li>\n<li>Colocar o produto num local de dif\u00edcil acesso para evitar que as crian\u00e7as o comam por engano.<\/li>\n<li>Durante a utiliza\u00e7\u00e3o, se o equipamento apresentar danos ou anomalias, interromper imediatamente a sua utiliza\u00e7\u00e3o e verificar o equipamento.<\/li>\n<li>Os m\u00e9todos de descalcifica\u00e7\u00e3o para diferentes equipamentos podem ser diferentes. Utilize de acordo com as instru\u00e7\u00f5es do equipamento e a situa\u00e7\u00e3o atual.<\/li>\n<li>O produto deve ser armazenado num local fresco e seco, longe da luz solar direta e de ambientes com temperaturas elevadas, para evitar afetar o desempenho e o prazo de validade do produto.<\/li>\n<\/ol>","protected":false},"excerpt":{"rendered":"<p>A nossa f\u00e1brica fornece servi\u00e7os de processamento OEM\/ODM, podemos personalizar produtos para si; O nosso MOQ \u00e9 baixo, geralmente a quantidade m\u00ednima \u00e9 de 1000 garrafas que podem ser produzidas; Os nossos produtos s\u00e3o baratos, de excelente qualidade, em conformidade com quaisquer leis e regulamentos nacionais e necessidades dos clientes!<\/p>\n<h3><strong>\u00a0 \u00a0 \u00a0 Oferecemos tamb\u00e9m os seguintes servi\u00e7os<\/strong><\/h3>\n<h4><strong><img decoding=\"async\" class=\"emoji\" role=\"img\" draggable=\"false\" src=\"https:\/\/s.w.org\/images\/core\/emoji\/15.0.3\/svg\/2714.svg\" alt=\"\u2714\" \/>\u00a0 Fonte transfronteiri\u00e7a\u00a0 \u00a0 \u00a0 \u00a0 \u00a0\u00a0<img decoding=\"async\" class=\"emoji\" role=\"img\" draggable=\"false\" src=\"https:\/\/s.w.org\/images\/core\/emoji\/15.0.3\/svg\/2714.svg\" alt=\"\u2714\" \/>\u00a0 Personaliza\u00e7\u00e3o do suporte<\/strong><\/h4>\n<h4><strong><img decoding=\"async\" class=\"emoji\" role=\"img\" draggable=\"false\" src=\"https:\/\/s.w.org\/images\/core\/emoji\/15.0.3\/svg\/2714.svg\" alt=\"\u2714\" \/>\u00a0 F\u00e1brica de origem\u00a0 \u00a0 \u00a0 \u00a0 \u00a0 \u00a0 \u00a0 \u00a0 \u00a0 \u00a0 \u00a0 \u00a0<img decoding=\"async\" class=\"emoji\" role=\"img\" draggable=\"false\" src=\"https:\/\/s.w.org\/images\/core\/emoji\/15.0.3\/svg\/2714.svg\" alt=\"\u2714\" \/>\u00a0 Desenvolvimento de produtos<\/strong><\/h4>\n<h4><strong><img decoding=\"async\" class=\"emoji\" role=\"img\" draggable=\"false\" src=\"https:\/\/s.w.org\/images\/core\/emoji\/15.0.3\/svg\/2714.svg\" alt=\"\u2714\" \/>\u00a0 Adapta\u00e7\u00e3o \u00e0 amostra\u00a0 \u00a0 \u00a0 \u00a0 \u00a0 \u00a0 \u00a0 \u00a0 \u00a0 \u00a0\u00a0<img decoding=\"async\" class=\"emoji\" role=\"img\" draggable=\"false\" src=\"https:\/\/s.w.org\/images\/core\/emoji\/15.0.3\/svg\/2714.svg\" alt=\"\u2714\" \/>\u00a0 Autoriza\u00e7\u00e3o de marca<br \/>\n<\/strong><\/h4>\n<h2><strong>Perguntas ou coment\u00e1rios?<\/strong><\/h2>\n<h2><strong>wlwer@williamweir.com<\/strong><\/h2>","protected":false},"featured_media":14492,"template":"","meta":{"_uag_custom_page_level_css":"","site-sidebar-layout":"default","site-content-layout":"","ast-site-content-layout":"default","site-content-style":"default","site-sidebar-style":"default","ast-global-header-display":"","ast-banner-title-visibility":"","ast-main-header-display":"","ast-hfb-above-header-display":"","ast-hfb-below-header-display":"","ast-hfb-mobile-header-display":"","site-post-title":"","ast-breadcrumbs-content":"","ast-featured-img":"","footer-sml-layout":"","theme-transparent-header-meta":"default","adv-header-id-meta":"","stick-header-meta":"","header-above-stick-meta":"","header-main-stick-meta":"","header-below-stick-meta":"","astra-migrate-meta-layouts":"set","ast-page-background-enabled":"default","ast-page-background-meta":{"desktop":{"background-color":"","background-image":"","background-repeat":"repeat","background-position":"center center","background-size":"auto","background-attachment":"scroll","background-type":"","background-media":"","overlay-type":"","overlay-color":"","overlay-opacity":"","overlay-gradient":""},"tablet":{"background-color":"","background-image":"","background-repeat":"repeat","background-position":"center center","background-size":"auto","background-attachment":"scroll","background-type":"","background-media":"","overlay-type":"","overlay-color":"","overlay-opacity":"","overlay-gradient":""},"mobile":{"background-color":"","background-image":"","background-repeat":"repeat","background-position":"center center","background-size":"auto","background-attachment":"scroll","background-type":"","background-media":"","overlay-type":"","overlay-color":"","overlay-opacity":"","overlay-gradient":""}},"ast-content-background-meta":{"desktop":{"background-color":"var(--ast-global-color-5)","background-image":"","background-repeat":"repeat","background-position":"center center","background-size":"auto","background-attachment":"scroll","background-type":"","background-media":"","overlay-type":"","overlay-color":"","overlay-opacity":"","overlay-gradient":""},"tablet":{"background-color":"var(--ast-global-color-5)","background-image":"","background-repeat":"repeat","background-position":"center center","background-size":"auto","background-attachment":"scroll","background-type":"","background-media":"","overlay-type":"","overlay-color":"","overlay-opacity":"","overlay-gradient":""},"mobile":{"background-color":"var(--ast-global-color-5)","background-image":"","background-repeat":"repeat","background-position":"center center","background-size":"auto","background-attachment":"scroll","background-type":"","background-media":"","overlay-type":"","overlay-color":"","overlay-opacity":"","overlay-gradient":""}}},"product_brand":[],"product_cat":[83,74],"product_tag":[],"class_list":{"0":"post-14491","1":"product","2":"type-product","3":"status-publish","4":"has-post-thumbnail","6":"product_cat-all-products","7":"product_cat-household-cleaning-series","8":"desktop-align-center","9":"tablet-align-left","10":"mobile-align-left","11":"ast-product-gallery-layout-horizontal-slider","12":"ast-product-gallery-with-no-image","13":"ast-product-tabs-layout-horizontal","15":"first","16":"instock","17":"shipping-taxable","18":"product-type-simple"},"aioseo_notices":[],"uagb_featured_image_src":{"full":["https:\/\/williamweir.com\/wp-content\/uploads\/2025\/05\/\u6c34\u57a2\u6e05\u9664\u5242-800.jpg",800,800,false],"thumbnail":["https:\/\/williamweir.com\/wp-content\/uploads\/2025\/05\/\u6c34\u57a2\u6e05\u9664\u5242-800-300x300.jpg",300,300,true],"medium":["https:\/\/williamweir.com\/wp-content\/uploads\/2025\/05\/\u6c34\u57a2\u6e05\u9664\u5242-800-600x600.jpg",600,600,true],"medium_large":["https:\/\/williamweir.com\/wp-content\/uploads\/2025\/05\/\u6c34\u57a2\u6e05\u9664\u5242-800-768x768.jpg",768,768,true],"large":["https:\/\/williamweir.com\/wp-content\/uploads\/2025\/05\/\u6c34\u57a2\u6e05\u9664\u5242-800.jpg",800,800,false],"1536x1536":["https:\/\/williamweir.com\/wp-content\/uploads\/2025\/05\/\u6c34\u57a2\u6e05\u9664\u5242-800.jpg",800,800,false],"2048x2048":["https:\/\/williamweir.com\/wp-content\/uploads\/2025\/05\/\u6c34\u57a2\u6e05\u9664\u5242-800.jpg",800,800,false],"trp-custom-language-flag":["https:\/\/williamweir.com\/wp-content\/uploads\/2025\/05\/\u6c34\u57a2\u6e05\u9664\u5242-800-12x12.jpg",12,12,true],"woocommerce_thumbnail":["https:\/\/williamweir.com\/wp-content\/uploads\/2025\/05\/\u6c34\u57a2\u6e05\u9664\u5242-800-600x600.jpg",600,600,true],"woocommerce_single":["https:\/\/williamweir.com\/wp-content\/uploads\/2025\/05\/\u6c34\u57a2\u6e05\u9664\u5242-800-600x600.jpg",600,600,true],"woocommerce_gallery_thumbnail":["https:\/\/williamweir.com\/wp-content\/uploads\/2025\/05\/\u6c34\u57a2\u6e05\u9664\u5242-800-100x100.jpg",100,100,true]},"uagb_author_info":{"display_name":"wlwer","author_link":"https:\/\/williamweir.com\/pt\/author\/"},"uagb_comment_info":0,"uagb_excerpt":"Our factory provides OEM\/ODM processing services, we can tailor products for you; Our MOQ is low, generally the minimum quantity is 1000 bottles can be produced; Our products are inexpensive, excellent product quality, in line with any national laws and regulations and customer needs! \u00a0 \u00a0 \u00a0 We also offer the following services \u00a0 Cross-border&hellip;","_links":{"self":[{"href":"https:\/\/williamweir.com\/pt\/wp-json\/wp\/v2\/product\/14491"}],"collection":[{"href":"https:\/\/williamweir.com\/pt\/wp-json\/wp\/v2\/product"}],"about":[{"href":"https:\/\/williamweir.com\/pt\/wp-json\/wp\/v2\/types\/product"}],"version-history":[{"count":3,"href":"https:\/\/williamweir.com\/pt\/wp-json\/wp\/v2\/product\/14491\/revisions"}],"predecessor-version":[{"id":14496,"href":"https:\/\/williamweir.com\/pt\/wp-json\/wp\/v2\/product\/14491\/revisions\/14496"}],"wp:featuredmedia":[{"embeddable":true,"href":"https:\/\/williamweir.com\/pt\/wp-json\/wp\/v2\/media\/14492"}],"wp:attachment":[{"href":"https:\/\/williamweir.com\/pt\/wp-json\/wp\/v2\/media?parent=14491"}],"wp:term":[{"taxonomy":"product_brand","embeddable":true,"href":"https:\/\/williamweir.com\/pt\/wp-json\/wp\/v2\/product_brand?post=14491"},{"taxonomy":"product_cat","embeddable":true,"href":"https:\/\/williamweir.com\/pt\/wp-json\/wp\/v2\/product_cat?post=14491"},{"taxonomy":"product_tag","embeddable":true,"href":"https:\/\/williamweir.com\/pt\/wp-json\/wp\/v2\/product_tag?post=14491"}],"curies":[{"name":"wp","href":"https:\/\/api.w.org\/{rel}","templated":true}]}}