{"id":14469,"date":"2025-04-19T02:46:59","date_gmt":"2025-04-19T02:46:59","guid":{"rendered":"https:\/\/williamweir.com\/?post_type=product&#038;p=14469"},"modified":"2025-05-24T01:03:55","modified_gmt":"2025-05-24T01:03:55","slug":"wooden-tableware-maintenance-oil","status":"publish","type":"product","link":"https:\/\/williamweir.com\/pt\/produto\/wooden-tableware-maintenance-oil\/","title":{"rendered":"\u00d3leo de manuten\u00e7\u00e3o de utens\u00edlios de mesa em madeira"},"content":{"rendered":"<h3><strong>Commodity code: 3063<\/strong><\/h3>\n<h3><strong><b>I. Introdu\u00e7\u00e3o do produto<\/b><\/strong><\/h3>\n<p>This product is a care product specifically designed for wooden tableware. It can deeply nourish and protect wooden tableware, effectively preventing it from cracking and deforming. It resists wear, water stains, and dirt erosion during daily use, maintaining the natural texture and color of the wooden tableware, keeping it in good condition for a long time, and adding quality to your dining experience.<\/p>\n<h3><strong><b>II. Carater\u00edsticas do produto<\/b><\/strong><\/h3>\n<ol>\n<li><b><\/b><strong><b>Nourishing and Repairing<\/b><\/strong>: Using food &#8211; contact &#8211; grade maintenance oil, it can deeply penetrate the wood fibers, replenish the nutrients needed by the wood, repair minor damages, and enhance the toughness and strength of wooden tableware.<\/li>\n<li><b><\/b><strong><b>Safe and Healthy<\/b><\/strong>: It does not contain harmful chemicals, preservatives, or artificial colors. It is non &#8211; toxic and odorless, meeting food &#8211; contact &#8211; grade safety standards. It can be safely used on wooden tableware that comes into contact with food, being harmless to both humans and the environment.<\/li>\n<li><b><\/b><strong><b>Waterproof and Stain &#8211; resistant<\/b><\/strong>: It forms a thin and tough protective film on the surface of wooden tableware, effectively blocking the penetration of water and oil stains, reducing dirt adhesion, and making the cleaning of tableware easier and more convenient.<\/li>\n<\/ol>\n<h3><strong><b>III. Instru\u00e7\u00f5es de utiliza\u00e7\u00e3o<\/b><\/strong><\/h3>\n<ol>\n<li>First, use a mild cleaner and a soft damp cloth to thoroughly clean the oil stains, dust, and other impurities on the surface of the wooden tableware. Then, dry it with a dry cloth to ensure the surface of the tableware is dry.<\/li>\n<li>Take an appropriate amount of wooden tableware maintenance oil and drip it onto a soft cloth (such as a cotton cloth). Then, evenly apply it to the surface of the wooden tableware. You can use circular or linear motions. Make sure to cover all parts of the tableware, including the edges, corners, and deep within the texture.<\/li>\n<li>After application, let the maintenance oil remain on the surface of the tableware for 3 &#8211; 5 minutes to allow it to fully penetrate into the wood fibers.<\/li>\n<li>Gently wipe the surface of the tableware with a clean soft cloth to remove the excess maintenance oil, giving the surface of the tableware a natural and soft luster.<\/li>\n<li>For wooden tableware that is frequently used or has serious wear, it is recommended to repeat the above maintenance steps every period of time (such as 1 &#8211; 2 months) to maintain a good maintenance effect.<\/li>\n<\/ol>\n<h3><strong><b>IV. Precau\u00e7\u00f5es<\/b><\/strong><\/h3>\n<ol>\n<li>Please keep the product out of reach of children to prevent accidental ingestion.<\/li>\n<li>If the maintenance oil accidentally gets into your eyes, immediately rinse with a large amount of water. If you still feel uncomfortable, seek medical attention promptly.<\/li>\n<li>For wooden tableware that has been specially treated (such as painted, glazed, etc.) or has a special coating, please conduct a small &#8211; scale trial in an inconspicuous area before use to observe for any adverse reactions. Use it comprehensively only after confirming there are no problems.<\/li>\n<li>Please store the product in a cool and dry place, avoiding direct sunlight and high &#8211; temperature environments to prevent the maintenance oil from oxidizing and deteriorating, which could affect its performance.<\/li>\n<\/ol>","protected":false},"excerpt":{"rendered":"<p>A nossa f\u00e1brica fornece servi\u00e7os de processamento OEM\/ODM, podemos personalizar produtos para si; O nosso MOQ \u00e9 baixo, geralmente a quantidade m\u00ednima \u00e9 de 1000 garrafas que podem ser produzidas; Os nossos produtos s\u00e3o baratos, de excelente qualidade, em conformidade com quaisquer leis e regulamentos nacionais e necessidades dos clientes!<\/p>\n<h3><strong>\u00a0 \u00a0 \u00a0 Oferecemos tamb\u00e9m os seguintes servi\u00e7os<\/strong><\/h3>\n<h4><strong><img decoding=\"async\" class=\"emoji\" role=\"img\" draggable=\"false\" src=\"https:\/\/s.w.org\/images\/core\/emoji\/15.0.3\/svg\/2714.svg\" alt=\"\u2714\" \/>\u00a0 Fonte transfronteiri\u00e7a\u00a0 \u00a0 \u00a0 \u00a0 \u00a0\u00a0<img decoding=\"async\" class=\"emoji\" role=\"img\" draggable=\"false\" src=\"https:\/\/s.w.org\/images\/core\/emoji\/15.0.3\/svg\/2714.svg\" alt=\"\u2714\" \/>\u00a0 Personaliza\u00e7\u00e3o do suporte<\/strong><\/h4>\n<h4><strong><img decoding=\"async\" class=\"emoji\" role=\"img\" draggable=\"false\" src=\"https:\/\/s.w.org\/images\/core\/emoji\/15.0.3\/svg\/2714.svg\" alt=\"\u2714\" \/>\u00a0 F\u00e1brica de origem\u00a0 \u00a0 \u00a0 \u00a0 \u00a0 \u00a0 \u00a0 \u00a0 \u00a0 \u00a0 \u00a0 \u00a0<img decoding=\"async\" class=\"emoji\" role=\"img\" draggable=\"false\" src=\"https:\/\/s.w.org\/images\/core\/emoji\/15.0.3\/svg\/2714.svg\" alt=\"\u2714\" \/>\u00a0 Desenvolvimento de produtos<\/strong><\/h4>\n<h4><strong><img decoding=\"async\" class=\"emoji\" role=\"img\" draggable=\"false\" src=\"https:\/\/s.w.org\/images\/core\/emoji\/15.0.3\/svg\/2714.svg\" alt=\"\u2714\" \/>\u00a0 Adapta\u00e7\u00e3o \u00e0 amostra\u00a0 \u00a0 \u00a0 \u00a0 \u00a0 \u00a0 \u00a0 \u00a0 \u00a0 \u00a0\u00a0<img decoding=\"async\" class=\"emoji\" role=\"img\" draggable=\"false\" src=\"https:\/\/s.w.org\/images\/core\/emoji\/15.0.3\/svg\/2714.svg\" alt=\"\u2714\" \/>\u00a0 Autoriza\u00e7\u00e3o de marca<br \/>\n<\/strong><\/h4>\n<h2><strong>Perguntas ou coment\u00e1rios?<\/strong><\/h2>\n<h2><strong>wlwer@williamweir.com<\/strong><\/h2>","protected":false},"featured_media":14470,"template":"","meta":{"_uag_custom_page_level_css":"","site-sidebar-layout":"default","site-content-layout":"","ast-site-content-layout":"default","site-content-style":"default","site-sidebar-style":"default","ast-global-header-display":"","ast-banner-title-visibility":"","ast-main-header-display":"","ast-hfb-above-header-display":"","ast-hfb-below-header-display":"","ast-hfb-mobile-header-display":"","site-post-title":"","ast-breadcrumbs-content":"","ast-featured-img":"","footer-sml-layout":"","theme-transparent-header-meta":"default","adv-header-id-meta":"","stick-header-meta":"","header-above-stick-meta":"","header-main-stick-meta":"","header-below-stick-meta":"","astra-migrate-meta-layouts":"set","ast-page-background-enabled":"default","ast-page-background-meta":{"desktop":{"background-color":"","background-image":"","background-repeat":"repeat","background-position":"center center","background-size":"auto","background-attachment":"scroll","background-type":"","background-media":"","overlay-type":"","overlay-color":"","overlay-opacity":"","overlay-gradient":""},"tablet":{"background-color":"","background-image":"","background-repeat":"repeat","background-position":"center center","background-size":"auto","background-attachment":"scroll","background-type":"","background-media":"","overlay-type":"","overlay-color":"","overlay-opacity":"","overlay-gradient":""},"mobile":{"background-color":"","background-image":"","background-repeat":"repeat","background-position":"center center","background-size":"auto","background-attachment":"scroll","background-type":"","background-media":"","overlay-type":"","overlay-color":"","overlay-opacity":"","overlay-gradient":""}},"ast-content-background-meta":{"desktop":{"background-color":"var(--ast-global-color-5)","background-image":"","background-repeat":"repeat","background-position":"center center","background-size":"auto","background-attachment":"scroll","background-type":"","background-media":"","overlay-type":"","overlay-color":"","overlay-opacity":"","overlay-gradient":""},"tablet":{"background-color":"var(--ast-global-color-5)","background-image":"","background-repeat":"repeat","background-position":"center center","background-size":"auto","background-attachment":"scroll","background-type":"","background-media":"","overlay-type":"","overlay-color":"","overlay-opacity":"","overlay-gradient":""},"mobile":{"background-color":"var(--ast-global-color-5)","background-image":"","background-repeat":"repeat","background-position":"center center","background-size":"auto","background-attachment":"scroll","background-type":"","background-media":"","overlay-type":"","overlay-color":"","overlay-opacity":"","overlay-gradient":""}}},"product_brand":[],"product_cat":[83,71],"product_tag":[],"class_list":{"0":"post-14469","1":"product","2":"type-product","3":"status-publish","4":"has-post-thumbnail","6":"product_cat-all-products","7":"product_cat-maintenance-polishing-of-wood-products","8":"desktop-align-center","9":"tablet-align-left","10":"mobile-align-left","11":"ast-product-gallery-layout-horizontal-slider","12":"ast-product-gallery-with-no-image","13":"ast-product-tabs-layout-horizontal","15":"first","16":"instock","17":"shipping-taxable","18":"product-type-simple"},"aioseo_notices":[],"uagb_featured_image_src":{"full":["https:\/\/williamweir.com\/wp-content\/uploads\/2025\/04\/\u6728\u5236\u9910\u5177\u4fdd\u517b\u6cb9.jpg",800,800,false],"thumbnail":["https:\/\/williamweir.com\/wp-content\/uploads\/2025\/04\/\u6728\u5236\u9910\u5177\u4fdd\u517b\u6cb9-300x300.jpg",300,300,true],"medium":["https:\/\/williamweir.com\/wp-content\/uploads\/2025\/04\/\u6728\u5236\u9910\u5177\u4fdd\u517b\u6cb9-600x600.jpg",600,600,true],"medium_large":["https:\/\/williamweir.com\/wp-content\/uploads\/2025\/04\/\u6728\u5236\u9910\u5177\u4fdd\u517b\u6cb9-768x768.jpg",768,768,true],"large":["https:\/\/williamweir.com\/wp-content\/uploads\/2025\/04\/\u6728\u5236\u9910\u5177\u4fdd\u517b\u6cb9.jpg",800,800,false],"1536x1536":["https:\/\/williamweir.com\/wp-content\/uploads\/2025\/04\/\u6728\u5236\u9910\u5177\u4fdd\u517b\u6cb9.jpg",800,800,false],"2048x2048":["https:\/\/williamweir.com\/wp-content\/uploads\/2025\/04\/\u6728\u5236\u9910\u5177\u4fdd\u517b\u6cb9.jpg",800,800,false],"trp-custom-language-flag":["https:\/\/williamweir.com\/wp-content\/uploads\/2025\/04\/\u6728\u5236\u9910\u5177\u4fdd\u517b\u6cb9-12x12.jpg",12,12,true],"woocommerce_thumbnail":["https:\/\/williamweir.com\/wp-content\/uploads\/2025\/04\/\u6728\u5236\u9910\u5177\u4fdd\u517b\u6cb9-600x600.jpg",600,600,true],"woocommerce_single":["https:\/\/williamweir.com\/wp-content\/uploads\/2025\/04\/\u6728\u5236\u9910\u5177\u4fdd\u517b\u6cb9-600x600.jpg",600,600,true],"woocommerce_gallery_thumbnail":["https:\/\/williamweir.com\/wp-content\/uploads\/2025\/04\/\u6728\u5236\u9910\u5177\u4fdd\u517b\u6cb9-100x100.jpg",100,100,true]},"uagb_author_info":{"display_name":"wlwer","author_link":"https:\/\/williamweir.com\/pt\/author\/"},"uagb_comment_info":0,"uagb_excerpt":"Our factory provides OEM\/ODM processing services, we can tailor products for you; Our MOQ is low, generally the minimum quantity is 1000 bottles can be produced; Our products are inexpensive, excellent product quality, in line with any national laws and regulations and customer needs! \u00a0 \u00a0 \u00a0 We also offer the following services \u00a0 Cross-border&hellip;","_links":{"self":[{"href":"https:\/\/williamweir.com\/pt\/wp-json\/wp\/v2\/product\/14469"}],"collection":[{"href":"https:\/\/williamweir.com\/pt\/wp-json\/wp\/v2\/product"}],"about":[{"href":"https:\/\/williamweir.com\/pt\/wp-json\/wp\/v2\/types\/product"}],"version-history":[{"count":2,"href":"https:\/\/williamweir.com\/pt\/wp-json\/wp\/v2\/product\/14469\/revisions"}],"predecessor-version":[{"id":14477,"href":"https:\/\/williamweir.com\/pt\/wp-json\/wp\/v2\/product\/14469\/revisions\/14477"}],"wp:featuredmedia":[{"embeddable":true,"href":"https:\/\/williamweir.com\/pt\/wp-json\/wp\/v2\/media\/14470"}],"wp:attachment":[{"href":"https:\/\/williamweir.com\/pt\/wp-json\/wp\/v2\/media?parent=14469"}],"wp:term":[{"taxonomy":"product_brand","embeddable":true,"href":"https:\/\/williamweir.com\/pt\/wp-json\/wp\/v2\/product_brand?post=14469"},{"taxonomy":"product_cat","embeddable":true,"href":"https:\/\/williamweir.com\/pt\/wp-json\/wp\/v2\/product_cat?post=14469"},{"taxonomy":"product_tag","embeddable":true,"href":"https:\/\/williamweir.com\/pt\/wp-json\/wp\/v2\/product_tag?post=14469"}],"curies":[{"name":"wp","href":"https:\/\/api.w.org\/{rel}","templated":true}]}}