{"id":14438,"date":"2025-04-19T01:19:38","date_gmt":"2025-04-19T01:19:38","guid":{"rendered":"https:\/\/williamweir.com\/?post_type=product&#038;p=14438"},"modified":"2025-05-24T01:05:38","modified_gmt":"2025-05-24T01:05:38","slug":"cleaning-agent-interior","status":"publish","type":"product","link":"https:\/\/williamweir.com\/pt\/produto\/cleaning-agent-interior\/","title":{"rendered":"Agente de limpeza interior"},"content":{"rendered":"<p><strong>Commodity code: 2974<\/strong><\/p>\n<p><strong><b>Product Features<\/b><\/strong><\/p>\n<ol>\n<li>Limpeza potente: Pode remover rapidamente v\u00e1rias manchas na superf\u00edcie dos interiores dos autom\u00f3veis, incluindo p\u00f3, manchas de \u00f3leo, manchas de bebidas, etc.<\/li>\n<li>Esteriliza\u00e7\u00e3o e desodoriza\u00e7\u00e3o: Elimina eficazmente as bact\u00e9rias e os bolores, remove os odores e proporciona um ambiente saud\u00e1vel no interior do autom\u00f3vel.<\/li>\n<li>Cuidados com o interior: Cont\u00e9m ingredientes de cuidado que podem proteger os materiais interiores e prolongar a sua vida \u00fatil.<\/li>\n<li>Seguro e amigo do ambiente: Adopta uma f\u00f3rmula amiga do ambiente e n\u00e3o cont\u00e9m subst\u00e2ncias nocivas, o que \u00e9 inofensivo para os seres humanos e para o ambiente interior do autom\u00f3vel.<\/li>\n<li>Pr\u00e1tico de utilizar: Basta pulverizar o produto de limpeza na \u00e1rea a limpar e, em seguida, limpar com um pano limpo.<\/li>\n<\/ol>\n<p><strong><b> Scope of application<\/b><\/strong><strong><b><br \/>\n<\/b><\/strong>Adequado para v\u00e1rios materiais de interiores de autom\u00f3veis, tais como couro, pl\u00e1stico, tecido, etc.<\/p>\n<p><strong><b>\u00a0Usage method<\/b><\/strong><\/p>\n<ol>\n<li>Em primeiro lugar, limpe os artigos diversos no autom\u00f3vel para garantir que n\u00e3o existem obst\u00e1culos na \u00e1rea de limpeza.<\/li>\n<li>Depois, agite bem o produto de limpeza do interior do autom\u00f3vel e pulverize-o uniformemente a uma dist\u00e2ncia de cerca de 15-20 cent\u00edmetros da \u00e1rea a limpar.<\/li>\n<li>Aguarde alguns minutos para que o produto de limpeza desempenhe plenamente o seu papel e dissolva as manchas.<\/li>\n<li>Limpe suavemente a \u00e1rea de limpeza com um pano ou uma esponja limpa para remover as manchas e o produto de limpeza.<\/li>\n<li>Para as n\u00f3doas mais dif\u00edceis, os passos de pulveriza\u00e7\u00e3o e de limpeza podem ser repetidos.<\/li>\n<li>Ap\u00f3s a limpeza, abrir as janelas do carro para ventila\u00e7\u00e3o, de modo a deixar circular o ar no carro e eliminar o cheiro do produto de limpeza.<\/li>\n<\/ol>\n<p><strong><b> Precau\u00e7\u00f5es<\/b><\/strong><\/p>\n<ol>\n<li>Evitar o contacto com os olhos e a boca. Em caso de contacto acidental, lavar imediatamente com \u00e1gua abundante e procurar assist\u00eancia m\u00e9dica atempadamente.<\/li>\n<li>Colocar o produto num local de dif\u00edcil acesso para evitar que as crian\u00e7as o comam por engano.<\/li>\n<li>Se surgirem sintomas al\u00e9rgicos ou outros sintomas inc\u00f3modos na pele durante a utiliza\u00e7\u00e3o, interromper imediatamente a utiliza\u00e7\u00e3o e consultar um m\u00e9dico.<\/li>\n<li>O produto deve ser armazenado num local fresco e seco, longe da luz solar direta e de ambientes com temperaturas elevadas, para evitar afetar o seu desempenho e prazo de validade.<\/li>\n<\/ol>","protected":false},"excerpt":{"rendered":"<p>A nossa f\u00e1brica fornece servi\u00e7os de processamento OEM\/ODM, podemos personalizar produtos para si; O nosso MOQ \u00e9 baixo, geralmente a quantidade m\u00ednima \u00e9 de 1000 garrafas que podem ser produzidas; Os nossos produtos s\u00e3o baratos, de excelente qualidade, em conformidade com quaisquer leis e regulamentos nacionais e necessidades dos clientes!<\/p>\n<h3><strong>\u00a0 \u00a0 \u00a0 Oferecemos tamb\u00e9m os seguintes servi\u00e7os<\/strong><\/h3>\n<h4><strong><img decoding=\"async\" class=\"emoji\" role=\"img\" draggable=\"false\" src=\"https:\/\/s.w.org\/images\/core\/emoji\/15.0.3\/svg\/2714.svg\" alt=\"\u2714\" \/>\u00a0 Fonte transfronteiri\u00e7a\u00a0 \u00a0 \u00a0 \u00a0 \u00a0\u00a0<img decoding=\"async\" class=\"emoji\" role=\"img\" draggable=\"false\" src=\"https:\/\/s.w.org\/images\/core\/emoji\/15.0.3\/svg\/2714.svg\" alt=\"\u2714\" \/>\u00a0 Personaliza\u00e7\u00e3o do suporte<\/strong><\/h4>\n<h4><strong><img decoding=\"async\" class=\"emoji\" role=\"img\" draggable=\"false\" src=\"https:\/\/s.w.org\/images\/core\/emoji\/15.0.3\/svg\/2714.svg\" alt=\"\u2714\" \/>\u00a0 F\u00e1brica de origem\u00a0 \u00a0 \u00a0 \u00a0 \u00a0 \u00a0 \u00a0 \u00a0 \u00a0 \u00a0 \u00a0 \u00a0<img decoding=\"async\" class=\"emoji\" role=\"img\" draggable=\"false\" src=\"https:\/\/s.w.org\/images\/core\/emoji\/15.0.3\/svg\/2714.svg\" alt=\"\u2714\" \/>\u00a0 Desenvolvimento de produtos<\/strong><\/h4>\n<h4><strong><img decoding=\"async\" class=\"emoji\" role=\"img\" draggable=\"false\" src=\"https:\/\/s.w.org\/images\/core\/emoji\/15.0.3\/svg\/2714.svg\" alt=\"\u2714\" \/>\u00a0 Adapta\u00e7\u00e3o \u00e0 amostra\u00a0 \u00a0 \u00a0 \u00a0 \u00a0 \u00a0 \u00a0 \u00a0 \u00a0 \u00a0\u00a0<img decoding=\"async\" class=\"emoji\" role=\"img\" draggable=\"false\" src=\"https:\/\/s.w.org\/images\/core\/emoji\/15.0.3\/svg\/2714.svg\" alt=\"\u2714\" \/>\u00a0 Autoriza\u00e7\u00e3o de marca<br \/>\n<\/strong><\/h4>\n<h2><strong>Perguntas ou coment\u00e1rios?<\/strong><\/h2>\n<h2><strong>wlwer@williamweir.com<\/strong><\/h2>","protected":false},"featured_media":14439,"template":"","meta":{"_uag_custom_page_level_css":"","site-sidebar-layout":"default","site-content-layout":"","ast-site-content-layout":"default","site-content-style":"default","site-sidebar-style":"default","ast-global-header-display":"","ast-banner-title-visibility":"","ast-main-header-display":"","ast-hfb-above-header-display":"","ast-hfb-below-header-display":"","ast-hfb-mobile-header-display":"","site-post-title":"","ast-breadcrumbs-content":"","ast-featured-img":"","footer-sml-layout":"","theme-transparent-header-meta":"default","adv-header-id-meta":"","stick-header-meta":"","header-above-stick-meta":"","header-main-stick-meta":"","header-below-stick-meta":"","astra-migrate-meta-layouts":"set","ast-page-background-enabled":"default","ast-page-background-meta":{"desktop":{"background-color":"","background-image":"","background-repeat":"repeat","background-position":"center center","background-size":"auto","background-attachment":"scroll","background-type":"","background-media":"","overlay-type":"","overlay-color":"","overlay-opacity":"","overlay-gradient":""},"tablet":{"background-color":"","background-image":"","background-repeat":"repeat","background-position":"center center","background-size":"auto","background-attachment":"scroll","background-type":"","background-media":"","overlay-type":"","overlay-color":"","overlay-opacity":"","overlay-gradient":""},"mobile":{"background-color":"","background-image":"","background-repeat":"repeat","background-position":"center center","background-size":"auto","background-attachment":"scroll","background-type":"","background-media":"","overlay-type":"","overlay-color":"","overlay-opacity":"","overlay-gradient":""}},"ast-content-background-meta":{"desktop":{"background-color":"var(--ast-global-color-5)","background-image":"","background-repeat":"repeat","background-position":"center center","background-size":"auto","background-attachment":"scroll","background-type":"","background-media":"","overlay-type":"","overlay-color":"","overlay-opacity":"","overlay-gradient":""},"tablet":{"background-color":"var(--ast-global-color-5)","background-image":"","background-repeat":"repeat","background-position":"center center","background-size":"auto","background-attachment":"scroll","background-type":"","background-media":"","overlay-type":"","overlay-color":"","overlay-opacity":"","overlay-gradient":""},"mobile":{"background-color":"var(--ast-global-color-5)","background-image":"","background-repeat":"repeat","background-position":"center center","background-size":"auto","background-attachment":"scroll","background-type":"","background-media":"","overlay-type":"","overlay-color":"","overlay-opacity":"","overlay-gradient":""}}},"product_brand":[],"product_cat":[83,77],"product_tag":[],"class_list":{"0":"post-14438","1":"product","2":"type-product","3":"status-publish","4":"has-post-thumbnail","6":"product_cat-all-products","7":"product_cat-car-cleaning-and-maintenance","8":"desktop-align-center","9":"tablet-align-left","10":"mobile-align-left","11":"ast-product-gallery-layout-horizontal-slider","12":"ast-product-gallery-with-no-image","13":"ast-product-tabs-layout-horizontal","15":"first","16":"instock","17":"shipping-taxable","18":"product-type-simple"},"aioseo_notices":[],"uagb_featured_image_src":{"full":["https:\/\/williamweir.com\/wp-content\/uploads\/2025\/04\/\u5185\u9970\u6e05\u6d01\u52421.jpg",800,800,false],"thumbnail":["https:\/\/williamweir.com\/wp-content\/uploads\/2025\/04\/\u5185\u9970\u6e05\u6d01\u52421-300x300.jpg",300,300,true],"medium":["https:\/\/williamweir.com\/wp-content\/uploads\/2025\/04\/\u5185\u9970\u6e05\u6d01\u52421-600x600.jpg",600,600,true],"medium_large":["https:\/\/williamweir.com\/wp-content\/uploads\/2025\/04\/\u5185\u9970\u6e05\u6d01\u52421-768x768.jpg",768,768,true],"large":["https:\/\/williamweir.com\/wp-content\/uploads\/2025\/04\/\u5185\u9970\u6e05\u6d01\u52421.jpg",800,800,false],"1536x1536":["https:\/\/williamweir.com\/wp-content\/uploads\/2025\/04\/\u5185\u9970\u6e05\u6d01\u52421.jpg",800,800,false],"2048x2048":["https:\/\/williamweir.com\/wp-content\/uploads\/2025\/04\/\u5185\u9970\u6e05\u6d01\u52421.jpg",800,800,false],"trp-custom-language-flag":["https:\/\/williamweir.com\/wp-content\/uploads\/2025\/04\/\u5185\u9970\u6e05\u6d01\u52421-12x12.jpg",12,12,true],"woocommerce_thumbnail":["https:\/\/williamweir.com\/wp-content\/uploads\/2025\/04\/\u5185\u9970\u6e05\u6d01\u52421-600x600.jpg",600,600,true],"woocommerce_single":["https:\/\/williamweir.com\/wp-content\/uploads\/2025\/04\/\u5185\u9970\u6e05\u6d01\u52421-600x600.jpg",600,600,true],"woocommerce_gallery_thumbnail":["https:\/\/williamweir.com\/wp-content\/uploads\/2025\/04\/\u5185\u9970\u6e05\u6d01\u52421-100x100.jpg",100,100,true]},"uagb_author_info":{"display_name":"wlwer","author_link":"https:\/\/williamweir.com\/pt\/author\/"},"uagb_comment_info":0,"uagb_excerpt":"Our factory provides OEM\/ODM processing services, we can tailor products for you; Our MOQ is low, generally the minimum quantity is 1000 bottles can be produced; Our products are inexpensive, excellent product quality, in line with any national laws and regulations and customer needs! \u00a0 \u00a0 \u00a0 We also offer the following services \u00a0 Cross-border&hellip;","_links":{"self":[{"href":"https:\/\/williamweir.com\/pt\/wp-json\/wp\/v2\/product\/14438"}],"collection":[{"href":"https:\/\/williamweir.com\/pt\/wp-json\/wp\/v2\/product"}],"about":[{"href":"https:\/\/williamweir.com\/pt\/wp-json\/wp\/v2\/types\/product"}],"version-history":[{"count":1,"href":"https:\/\/williamweir.com\/pt\/wp-json\/wp\/v2\/product\/14438\/revisions"}],"predecessor-version":[{"id":14440,"href":"https:\/\/williamweir.com\/pt\/wp-json\/wp\/v2\/product\/14438\/revisions\/14440"}],"wp:featuredmedia":[{"embeddable":true,"href":"https:\/\/williamweir.com\/pt\/wp-json\/wp\/v2\/media\/14439"}],"wp:attachment":[{"href":"https:\/\/williamweir.com\/pt\/wp-json\/wp\/v2\/media?parent=14438"}],"wp:term":[{"taxonomy":"product_brand","embeddable":true,"href":"https:\/\/williamweir.com\/pt\/wp-json\/wp\/v2\/product_brand?post=14438"},{"taxonomy":"product_cat","embeddable":true,"href":"https:\/\/williamweir.com\/pt\/wp-json\/wp\/v2\/product_cat?post=14438"},{"taxonomy":"product_tag","embeddable":true,"href":"https:\/\/williamweir.com\/pt\/wp-json\/wp\/v2\/product_tag?post=14438"}],"curies":[{"name":"wp","href":"https:\/\/api.w.org\/{rel}","templated":true}]}}