{"id":14422,"date":"2025-04-19T00:44:34","date_gmt":"2025-04-19T00:44:34","guid":{"rendered":"https:\/\/williamweir.com\/?post_type=product&#038;p=14422"},"modified":"2025-05-24T01:06:03","modified_gmt":"2025-05-24T01:06:03","slug":"remover-agent-shellac","status":"publish","type":"product","link":"https:\/\/williamweir.com\/pt\/produto\/remover-agent-shellac\/","title":{"rendered":"Agente de remo\u00e7\u00e3o de goma-laca"},"content":{"rendered":"<p><strong>Commodity code: 2981<\/strong><\/p>\n<p><strong><b>Introdu\u00e7\u00e3o ao produto<\/b><\/strong><br \/>\nThis product is specifically designed for removing stubborn stains such as shellac, bird droppings, tree sap, and oil stains from the surface of automobiles. Whether it is the car paint, windshield, or wheel hub, it can quickly restore cleanliness and luster.<\/p>\n<p><strong><b>Product Description<\/b><\/strong><br \/>\nWith a unique formula, this product can rapidly disintegrate the viscous structure of stains, and its cleaning efficiency far exceeds that of ordinary cleaners. It is suitable for various common materials of automobiles, such as car paint, glass, alloy wheel hubs, etc. It can not only deeply clean but also protect the surface without the risk of corrosion. The spray head is conveniently designed and can be switched between mist and columnar modes, making the operation simple.<\/p>\n<p><strong><b>Main Ingredients<\/b><\/strong><br \/>\nHigh-efficiency cleaning agents that can quickly decompose stains; surface protectants that can form an invisible protective film; and environmentally friendly solvents that ensure the uniform dispersion of the cleaner and meet environmental protection standards.<\/p>\n<p><strong><b>M\u00e9todo de utiliza\u00e7\u00e3o<\/b><\/strong><br \/>\nWhen using it, first rinse off the dust and sand particles on the car body. For large-area stains, use the mist mode, and for local stubborn stains, use the columnar mode. Spray at a distance of 15-20 cm, let the cleaner act for 3-5 seconds (1 minute for stubborn stains), then gently brush with a soft tool, and finally rinse thoroughly with clean water and dry it.<\/p>\n<p><strong><b>Precau\u00e7\u00f5es<\/b><\/strong><br \/>\nWhen using, it should be noted that avoid using it in high temperatures or when the surface of the car is too hot, and rinse it off as soon as possible after use. Wear gloves and goggles during operation, and keep the product out of reach of children. Store it in a cool, dry, and well-ventilated place, away from heat sources and direct sunlight.<br \/>\nThis cleaner will not damage the car paint. It is not recommended to use it directly on interior plastic parts. If necessary, conduct a small-scale test first. In case of stubborn stains, you can spray repeatedly, extend the dissolving time, and increase the number of brushing times.<\/p>","protected":false},"excerpt":{"rendered":"<p>A nossa f\u00e1brica fornece servi\u00e7os de processamento OEM\/ODM, podemos personalizar produtos para si; O nosso MOQ \u00e9 baixo, geralmente a quantidade m\u00ednima \u00e9 de 1000 garrafas que podem ser produzidas; Os nossos produtos s\u00e3o baratos, de excelente qualidade, em conformidade com quaisquer leis e regulamentos nacionais e necessidades dos clientes!<\/p>\n<h3><strong>\u00a0 \u00a0 \u00a0 Oferecemos tamb\u00e9m os seguintes servi\u00e7os<\/strong><\/h3>\n<h4><strong><img decoding=\"async\" class=\"emoji\" role=\"img\" draggable=\"false\" src=\"https:\/\/s.w.org\/images\/core\/emoji\/15.0.3\/svg\/2714.svg\" alt=\"\u2714\" \/>\u00a0 Fonte transfronteiri\u00e7a\u00a0 \u00a0 \u00a0 \u00a0 \u00a0\u00a0<img decoding=\"async\" class=\"emoji\" role=\"img\" draggable=\"false\" src=\"https:\/\/s.w.org\/images\/core\/emoji\/15.0.3\/svg\/2714.svg\" alt=\"\u2714\" \/>\u00a0 Personaliza\u00e7\u00e3o do suporte<\/strong><\/h4>\n<h4><strong><img decoding=\"async\" class=\"emoji\" role=\"img\" draggable=\"false\" src=\"https:\/\/s.w.org\/images\/core\/emoji\/15.0.3\/svg\/2714.svg\" alt=\"\u2714\" \/>\u00a0 F\u00e1brica de origem\u00a0 \u00a0 \u00a0 \u00a0 \u00a0 \u00a0 \u00a0 \u00a0 \u00a0 \u00a0 \u00a0 \u00a0<img decoding=\"async\" class=\"emoji\" role=\"img\" draggable=\"false\" src=\"https:\/\/s.w.org\/images\/core\/emoji\/15.0.3\/svg\/2714.svg\" alt=\"\u2714\" \/>\u00a0 Desenvolvimento de produtos<\/strong><\/h4>\n<h4><strong><img decoding=\"async\" class=\"emoji\" role=\"img\" draggable=\"false\" src=\"https:\/\/s.w.org\/images\/core\/emoji\/15.0.3\/svg\/2714.svg\" alt=\"\u2714\" \/>\u00a0 Adapta\u00e7\u00e3o \u00e0 amostra\u00a0 \u00a0 \u00a0 \u00a0 \u00a0 \u00a0 \u00a0 \u00a0 \u00a0 \u00a0\u00a0<img decoding=\"async\" class=\"emoji\" role=\"img\" draggable=\"false\" src=\"https:\/\/s.w.org\/images\/core\/emoji\/15.0.3\/svg\/2714.svg\" alt=\"\u2714\" \/>\u00a0 Autoriza\u00e7\u00e3o de marca<br \/>\n<\/strong><\/h4>\n<h2><strong>Perguntas ou coment\u00e1rios?<\/strong><\/h2>\n<h2><strong>wlwer@williamweir.com<\/strong><\/h2>","protected":false},"featured_media":14423,"template":"","meta":{"_uag_custom_page_level_css":"","site-sidebar-layout":"default","site-content-layout":"","ast-site-content-layout":"default","site-content-style":"default","site-sidebar-style":"default","ast-global-header-display":"","ast-banner-title-visibility":"","ast-main-header-display":"","ast-hfb-above-header-display":"","ast-hfb-below-header-display":"","ast-hfb-mobile-header-display":"","site-post-title":"","ast-breadcrumbs-content":"","ast-featured-img":"","footer-sml-layout":"","theme-transparent-header-meta":"default","adv-header-id-meta":"","stick-header-meta":"","header-above-stick-meta":"","header-main-stick-meta":"","header-below-stick-meta":"","astra-migrate-meta-layouts":"set","ast-page-background-enabled":"default","ast-page-background-meta":{"desktop":{"background-color":"","background-image":"","background-repeat":"repeat","background-position":"center center","background-size":"auto","background-attachment":"scroll","background-type":"","background-media":"","overlay-type":"","overlay-color":"","overlay-opacity":"","overlay-gradient":""},"tablet":{"background-color":"","background-image":"","background-repeat":"repeat","background-position":"center center","background-size":"auto","background-attachment":"scroll","background-type":"","background-media":"","overlay-type":"","overlay-color":"","overlay-opacity":"","overlay-gradient":""},"mobile":{"background-color":"","background-image":"","background-repeat":"repeat","background-position":"center center","background-size":"auto","background-attachment":"scroll","background-type":"","background-media":"","overlay-type":"","overlay-color":"","overlay-opacity":"","overlay-gradient":""}},"ast-content-background-meta":{"desktop":{"background-color":"var(--ast-global-color-5)","background-image":"","background-repeat":"repeat","background-position":"center center","background-size":"auto","background-attachment":"scroll","background-type":"","background-media":"","overlay-type":"","overlay-color":"","overlay-opacity":"","overlay-gradient":""},"tablet":{"background-color":"var(--ast-global-color-5)","background-image":"","background-repeat":"repeat","background-position":"center center","background-size":"auto","background-attachment":"scroll","background-type":"","background-media":"","overlay-type":"","overlay-color":"","overlay-opacity":"","overlay-gradient":""},"mobile":{"background-color":"var(--ast-global-color-5)","background-image":"","background-repeat":"repeat","background-position":"center center","background-size":"auto","background-attachment":"scroll","background-type":"","background-media":"","overlay-type":"","overlay-color":"","overlay-opacity":"","overlay-gradient":""}}},"product_brand":[],"product_cat":[83,77],"product_tag":[],"class_list":{"0":"post-14422","1":"product","2":"type-product","3":"status-publish","4":"has-post-thumbnail","6":"product_cat-all-products","7":"product_cat-car-cleaning-and-maintenance","8":"desktop-align-center","9":"tablet-align-left","10":"mobile-align-left","11":"ast-product-gallery-layout-horizontal-slider","12":"ast-product-gallery-with-no-image","13":"ast-product-tabs-layout-horizontal","15":"first","16":"instock","17":"shipping-taxable","18":"product-type-simple"},"aioseo_notices":[],"uagb_featured_image_src":{"full":["https:\/\/williamweir.com\/wp-content\/uploads\/2025\/04\/\u866b\u80f6\u53bb\u9664\u52421.jpg",800,800,false],"thumbnail":["https:\/\/williamweir.com\/wp-content\/uploads\/2025\/04\/\u866b\u80f6\u53bb\u9664\u52421-300x300.jpg",300,300,true],"medium":["https:\/\/williamweir.com\/wp-content\/uploads\/2025\/04\/\u866b\u80f6\u53bb\u9664\u52421-600x600.jpg",600,600,true],"medium_large":["https:\/\/williamweir.com\/wp-content\/uploads\/2025\/04\/\u866b\u80f6\u53bb\u9664\u52421-768x768.jpg",768,768,true],"large":["https:\/\/williamweir.com\/wp-content\/uploads\/2025\/04\/\u866b\u80f6\u53bb\u9664\u52421.jpg",800,800,false],"1536x1536":["https:\/\/williamweir.com\/wp-content\/uploads\/2025\/04\/\u866b\u80f6\u53bb\u9664\u52421.jpg",800,800,false],"2048x2048":["https:\/\/williamweir.com\/wp-content\/uploads\/2025\/04\/\u866b\u80f6\u53bb\u9664\u52421.jpg",800,800,false],"trp-custom-language-flag":["https:\/\/williamweir.com\/wp-content\/uploads\/2025\/04\/\u866b\u80f6\u53bb\u9664\u52421-12x12.jpg",12,12,true],"woocommerce_thumbnail":["https:\/\/williamweir.com\/wp-content\/uploads\/2025\/04\/\u866b\u80f6\u53bb\u9664\u52421-600x600.jpg",600,600,true],"woocommerce_single":["https:\/\/williamweir.com\/wp-content\/uploads\/2025\/04\/\u866b\u80f6\u53bb\u9664\u52421-600x600.jpg",600,600,true],"woocommerce_gallery_thumbnail":["https:\/\/williamweir.com\/wp-content\/uploads\/2025\/04\/\u866b\u80f6\u53bb\u9664\u52421-100x100.jpg",100,100,true]},"uagb_author_info":{"display_name":"wlwer","author_link":"https:\/\/williamweir.com\/pt\/author\/"},"uagb_comment_info":0,"uagb_excerpt":"Our factory provides OEM\/ODM processing services, we can tailor products for you; Our MOQ is low, generally the minimum quantity is 1000 bottles can be produced; Our products are inexpensive, excellent product quality, in line with any national laws and regulations and customer needs! \u00a0 \u00a0 \u00a0 We also offer the following services \u00a0 Cross-border&hellip;","_links":{"self":[{"href":"https:\/\/williamweir.com\/pt\/wp-json\/wp\/v2\/product\/14422"}],"collection":[{"href":"https:\/\/williamweir.com\/pt\/wp-json\/wp\/v2\/product"}],"about":[{"href":"https:\/\/williamweir.com\/pt\/wp-json\/wp\/v2\/types\/product"}],"version-history":[{"count":1,"href":"https:\/\/williamweir.com\/pt\/wp-json\/wp\/v2\/product\/14422\/revisions"}],"predecessor-version":[{"id":14424,"href":"https:\/\/williamweir.com\/pt\/wp-json\/wp\/v2\/product\/14422\/revisions\/14424"}],"wp:featuredmedia":[{"embeddable":true,"href":"https:\/\/williamweir.com\/pt\/wp-json\/wp\/v2\/media\/14423"}],"wp:attachment":[{"href":"https:\/\/williamweir.com\/pt\/wp-json\/wp\/v2\/media?parent=14422"}],"wp:term":[{"taxonomy":"product_brand","embeddable":true,"href":"https:\/\/williamweir.com\/pt\/wp-json\/wp\/v2\/product_brand?post=14422"},{"taxonomy":"product_cat","embeddable":true,"href":"https:\/\/williamweir.com\/pt\/wp-json\/wp\/v2\/product_cat?post=14422"},{"taxonomy":"product_tag","embeddable":true,"href":"https:\/\/williamweir.com\/pt\/wp-json\/wp\/v2\/product_tag?post=14422"}],"curies":[{"name":"wp","href":"https:\/\/api.w.org\/{rel}","templated":true}]}}