{"id":4780,"date":"2024-10-24T10:26:42","date_gmt":"2024-10-24T10:26:42","guid":{"rendered":"https:\/\/williamweir.com\/?page_id=4780"},"modified":"2024-11-03T01:38:05","modified_gmt":"2024-11-03T01:38:05","slug":"privacy-policy","status":"publish","type":"page","link":"https:\/\/williamweir.com\/pt\/privacy-policy\/","title":{"rendered":"Pol\u00edtica de privacidade"},"content":{"rendered":"<p>Quem somos<br>O endere\u00e7o do nosso s\u00edtio \u00e9: <strong>https:\/\/williamweir.com<\/strong><br>coment\u00e1rio<br>Texto recomendado: Quando um visitante deixa um coment\u00e1rio, recolhemos os dados apresentados no formul\u00e1rio de coment\u00e1rio, juntamente com o endere\u00e7o IP do visitante e a cadeia de caracteres do agente do utilizador do browser, para ajudar a verificar se existem coment\u00e1rios de spam.<br>A cadeia an\u00f3nima (tamb\u00e9m conhecida como hash) gerada a partir do seu endere\u00e7o de e-mail pode ser fornecida ao servi\u00e7o Gravatar para confirmar se est\u00e1 a utilizar o servi\u00e7o. A pol\u00edtica de privacidade dos servi\u00e7os Gravatar \u00e9 a seguinte: https:\/\/automattic.com\/privacy\/ . Depois de o seu coment\u00e1rio ser aprovado, a sua imagem de perfil ser\u00e1 apresentada publicamente junto ao seu coment\u00e1rio.<br>meios de comunica\u00e7\u00e3o<br>Texto recomendado: Se carregar imagens para este s\u00edtio Web, deve evitar carregar imagens com informa\u00e7\u00f5es de localiza\u00e7\u00e3o geogr\u00e1fica incorporadas (EXIF GPS). Os visitantes deste s\u00edtio Web poder\u00e3o descarregar e extrair informa\u00e7\u00f5es de localiza\u00e7\u00e3o de imagens neste s\u00edtio Web.<br>Biscoitos<br>Texto recomendado: Se deixar um coment\u00e1rio no nosso s\u00edtio, pode optar por utilizar cookies para guardar o seu nome, endere\u00e7o de correio eletr\u00f3nico e endere\u00e7o do s\u00edtio Web. Isto proporciona comodidade, permitindo-lhe evitar ter de preencher novamente o conte\u00fado relevante quando comenta. Estes cookies ser\u00e3o guardados durante um ano.<br>Se visitar a nossa p\u00e1gina de in\u00edcio de sess\u00e3o, definiremos um cookie tempor\u00e1rio para confirmar se o seu browser aceita cookies. Este cookie n\u00e3o cont\u00e9m dados pessoais e ser\u00e1 eliminado quando fechar o seu browser.<br>Quando inicia sess\u00e3o, tamb\u00e9m definimos v\u00e1rios cookies para guardar as suas informa\u00e7\u00f5es de in\u00edcio de sess\u00e3o e op\u00e7\u00f5es de visualiza\u00e7\u00e3o do ecr\u00e3. Os cookies de in\u00edcio de sess\u00e3o ser\u00e3o mantidos durante dois dias, enquanto os cookies de op\u00e7\u00f5es de visualiza\u00e7\u00e3o do ecr\u00e3 ser\u00e3o mantidos durante um ano. Se escolher \"Lembrar-me\", o seu estado de in\u00edcio de sess\u00e3o ser\u00e1 mantido durante duas semanas. Se terminar a sess\u00e3o na sua conta, os cookies utilizados para iniciar sess\u00e3o ser\u00e3o removidos.<br>Se editar ou publicar um artigo, guardaremos um cookie adicional no seu browser. Este cookie n\u00e3o cont\u00e9m dados pessoais e apenas regista o ID do artigo que acabou de editar. Este cookie ser\u00e1 guardado durante um dia.<\/p><p>Texto recomendado: Os artigos deste s\u00edtio podem conter conte\u00fados incorporados (tais como v\u00eddeos, imagens, artigos, etc.). O comportamento da incorpora\u00e7\u00e3o de conte\u00fados de outros s\u00edtios n\u00e3o \u00e9 diferente do acesso direto a esses s\u00edtios.<br>Estes sites podem recolher dados sobre o utilizador, utilizar cookies, incorporar programas adicionais de rastreio de terceiros e monitorizar a sua intera\u00e7\u00e3o com estes conte\u00fados incorporados, incluindo o rastreio da sua intera\u00e7\u00e3o com conte\u00fados incorporados quando o utilizador tem uma conta nestes sites e inicia sess\u00e3o nos mesmos.<br>Com quem partilhamos as suas informa\u00e7\u00f5es<br>Texto recomendado: Se solicitar uma reposi\u00e7\u00e3o da palavra-passe, o seu endere\u00e7o IP ser\u00e1 inclu\u00eddo na mensagem de correio eletr\u00f3nico de reposi\u00e7\u00e3o da palavra-passe.<br>Durante quanto tempo conservamos as suas informa\u00e7\u00f5es<br>Texto recomendado: Se deixar um coment\u00e1rio, o coment\u00e1rio e os seus metadados ser\u00e3o guardados indefinidamente. Fazemo-lo para podermos identificar e aprovar automaticamente quaisquer coment\u00e1rios subsequentes sem os adicionar \u00e0 fila de espera.<br>Para os utilizadores registados deste s\u00edtio Web, tamb\u00e9m armazenamos as informa\u00e7\u00f5es pessoais fornecidas pelo utilizador no seu perfil. Todos os utilizadores podem ver, editar ou apagar as suas informa\u00e7\u00f5es pessoais em qualquer altura (exceto o facto de n\u00e3o poderem alterar o seu nome de utilizador) e os administradores do s\u00edtio tamb\u00e9m podem ver e editar essas informa\u00e7\u00f5es.<br>Que direitos tem sobre as suas informa\u00e7\u00f5es<br>Texto recomendado: Se tem uma conta neste s\u00edtio ou se j\u00e1 deixou um coment\u00e1rio anteriormente, pode solicitar-nos um ficheiro de exporta\u00e7\u00e3o dos seus dados pessoais de que somos propriet\u00e1rios, que tamb\u00e9m inclui todos os dados que nos forneceu. Pode tamb\u00e9m solicitar-nos que apaguemos todos os dados pessoais que lhe digam respeito. Isto n\u00e3o inclui os dados que temos de reter devido a necessidades de gest\u00e3o, regulamentares ou de seguran\u00e7a.<br>Para onde ser\u00e3o enviados os seus dados<br>Texto recomendado: Os coment\u00e1rios dos visitantes podem ser verificados por servi\u00e7os autom\u00e1ticos de controlo de coment\u00e1rios de spam.<\/p><p><\/p>","protected":false},"excerpt":{"rendered":"<p>Who are weOur site address is: https:\/\/williamweir.comcommentRecommended text: When a visitor leaves a comment, we collect the data displayed in the comment form, along with the visitor&#8217;s IP address and browser&#8217;s User Agent string, to help check for spam comments.The anonymized string (also known as hash) generated from your email address may be provided to [&hellip;]<\/p>","protected":false},"author":1,"featured_media":0,"parent":0,"menu_order":0,"comment_status":"closed","ping_status":"closed","template":"","meta":{"_uag_custom_page_level_css":"","site-sidebar-layout":"default","site-content-layout":"","ast-site-content-layout":"default","site-content-style":"default","site-sidebar-style":"default","ast-global-header-display":"","ast-banner-title-visibility":"","ast-main-header-display":"","ast-hfb-above-header-display":"","ast-hfb-below-header-display":"","ast-hfb-mobile-header-display":"","site-post-title":"","ast-breadcrumbs-content":"","ast-featured-img":"","footer-sml-layout":"","theme-transparent-header-meta":"","adv-header-id-meta":"","stick-header-meta":"","header-above-stick-meta":"","header-main-stick-meta":"","header-below-stick-meta":"","astra-migrate-meta-layouts":"set","ast-page-background-enabled":"default","ast-page-background-meta":{"desktop":{"background-color":"","background-image":"","background-repeat":"repeat","background-position":"center center","background-size":"auto","background-attachment":"scroll","background-type":"","background-media":"","overlay-type":"","overlay-color":"","overlay-opacity":"","overlay-gradient":""},"tablet":{"background-color":"","background-image":"","background-repeat":"repeat","background-position":"center center","background-size":"auto","background-attachment":"scroll","background-type":"","background-media":"","overlay-type":"","overlay-color":"","overlay-opacity":"","overlay-gradient":""},"mobile":{"background-color":"","background-image":"","background-repeat":"repeat","background-position":"center center","background-size":"auto","background-attachment":"scroll","background-type":"","background-media":"","overlay-type":"","overlay-color":"","overlay-opacity":"","overlay-gradient":""}},"ast-content-background-meta":{"desktop":{"background-color":"var(--ast-global-color-5)","background-image":"","background-repeat":"repeat","background-position":"center center","background-size":"auto","background-attachment":"scroll","background-type":"","background-media":"","overlay-type":"","overlay-color":"","overlay-opacity":"","overlay-gradient":""},"tablet":{"background-color":"var(--ast-global-color-5)","background-image":"","background-repeat":"repeat","background-position":"center center","background-size":"auto","background-attachment":"scroll","background-type":"","background-media":"","overlay-type":"","overlay-color":"","overlay-opacity":"","overlay-gradient":""},"mobile":{"background-color":"var(--ast-global-color-5)","background-image":"","background-repeat":"repeat","background-position":"center center","background-size":"auto","background-attachment":"scroll","background-type":"","background-media":"","overlay-type":"","overlay-color":"","overlay-opacity":"","overlay-gradient":""}},"footnotes":""},"class_list":["post-4780","page","type-page","status-publish","hentry"],"aioseo_notices":[],"uagb_featured_image_src":{"full":false,"thumbnail":false,"medium":false,"medium_large":false,"large":false,"1536x1536":false,"2048x2048":false,"trp-custom-language-flag":false,"woocommerce_thumbnail":false,"woocommerce_single":false,"woocommerce_gallery_thumbnail":false},"uagb_author_info":{"display_name":"wlwer","author_link":"https:\/\/williamweir.com\/pt\/author\/wlwerwilliamweir-com\/"},"uagb_comment_info":0,"uagb_excerpt":"Who are weOur site address is: https:\/\/williamweir.comcommentRecommended text: When a visitor leaves a comment, we collect the data displayed in the comment form, along with the visitor&#8217;s IP address and browser&#8217;s User Agent string, to help check for spam comments.The anonymized string (also known as hash) generated from your email address may be provided to&hellip;","_links":{"self":[{"href":"https:\/\/williamweir.com\/pt\/wp-json\/wp\/v2\/pages\/4780"}],"collection":[{"href":"https:\/\/williamweir.com\/pt\/wp-json\/wp\/v2\/pages"}],"about":[{"href":"https:\/\/williamweir.com\/pt\/wp-json\/wp\/v2\/types\/page"}],"author":[{"embeddable":true,"href":"https:\/\/williamweir.com\/pt\/wp-json\/wp\/v2\/users\/1"}],"replies":[{"embeddable":true,"href":"https:\/\/williamweir.com\/pt\/wp-json\/wp\/v2\/comments?post=4780"}],"version-history":[{"count":2,"href":"https:\/\/williamweir.com\/pt\/wp-json\/wp\/v2\/pages\/4780\/revisions"}],"predecessor-version":[{"id":5732,"href":"https:\/\/williamweir.com\/pt\/wp-json\/wp\/v2\/pages\/4780\/revisions\/5732"}],"wp:attachment":[{"href":"https:\/\/williamweir.com\/pt\/wp-json\/wp\/v2\/media?parent=4780"}],"curies":[{"name":"wp","href":"https:\/\/api.w.org\/{rel}","templated":true}]}}