{"id":43,"date":"2024-10-24T03:07:52","date_gmt":"2024-10-24T03:07:52","guid":{"rendered":"https:\/\/williamweir.com\/about\/"},"modified":"2024-10-29T01:51:36","modified_gmt":"2024-10-29T01:51:36","slug":"about","status":"publish","type":"page","link":"https:\/\/williamweir.com\/pt\/about\/","title":{"rendered":"Sobre"},"content":{"rendered":"<div data-elementor-type=\"wp-post\" data-elementor-id=\"43\" class=\"elementor elementor-43\" data-elementor-post-type=\"page\">\n\t\t\t\t<div class=\"elementor-element elementor-element-6d4ab35 e-con-full e-flex e-con e-parent\" data-id=\"6d4ab35\" data-element_type=\"container\">\n\t\t\t\t<div class=\"elementor-element elementor-element-9aca9d9 elementor-widget elementor-widget-image\" data-id=\"9aca9d9\" data-element_type=\"widget\" data-widget_type=\"image.default\">\n\t\t\t\t<div class=\"elementor-widget-container\">\n\t\t\t\t\t\t\t\t\t\t\t\t\t\t\t<img fetchpriority=\"high\" decoding=\"async\" width=\"1920\" height=\"500\" src=\"https:\/\/williamweir.com\/wp-content\/uploads\/2024\/10\/\u516c\u53f8\u56fe1-1.jpg\" class=\"attachment-full size-full wp-image-4899\" alt=\"\" srcset=\"https:\/\/williamweir.com\/wp-content\/uploads\/2024\/10\/\u516c\u53f8\u56fe1-1.jpg 1920w, https:\/\/williamweir.com\/wp-content\/uploads\/2024\/10\/\u516c\u53f8\u56fe1-1-600x156.jpg 600w, https:\/\/williamweir.com\/wp-content\/uploads\/2024\/10\/\u516c\u53f8\u56fe1-1-300x78.jpg 300w, https:\/\/williamweir.com\/wp-content\/uploads\/2024\/10\/\u516c\u53f8\u56fe1-1-1024x267.jpg 1024w, https:\/\/williamweir.com\/wp-content\/uploads\/2024\/10\/\u516c\u53f8\u56fe1-1-768x200.jpg 768w, https:\/\/williamweir.com\/wp-content\/uploads\/2024\/10\/\u516c\u53f8\u56fe1-1-1536x400.jpg 1536w, https:\/\/williamweir.com\/wp-content\/uploads\/2024\/10\/\u516c\u53f8\u56fe1-1-18x5.jpg 18w\" sizes=\"(max-width: 1920px) 100vw, 1920px\" \/>\t\t\t\t\t\t\t\t\t\t\t\t\t\t\t<\/div>\n\t\t\t\t<\/div>\n\t\t\t\t<\/div>\n\t\t<div class=\"elementor-element elementor-element-d6f8f8d e-con-full e-flex e-con e-parent\" data-id=\"d6f8f8d\" data-element_type=\"container\" data-settings=\"{&quot;background_background&quot;:&quot;classic&quot;}\">\n\t\t<div class=\"elementor-element elementor-element-2a11bca e-con-full e-flex e-con e-child\" data-id=\"2a11bca\" data-element_type=\"container\">\n\t\t<div class=\"elementor-element elementor-element-b4b1dc6 e-con-full e-flex e-con e-child\" data-id=\"b4b1dc6\" data-element_type=\"container\" data-settings=\"{&quot;background_background&quot;:&quot;classic&quot;}\">\n\t\t\t\t<div class=\"elementor-element elementor-element-c16320b elementor-widget-divider--view-line elementor-widget elementor-widget-divider\" data-id=\"c16320b\" data-element_type=\"widget\" data-widget_type=\"divider.default\">\n\t\t\t\t<div class=\"elementor-widget-container\">\n\t\t\t\t\t\t\t<div class=\"elementor-divider\">\n\t\t\t<span class=\"elementor-divider-separator\">\n\t\t\t\t\t\t<\/span>\n\t\t<\/div>\n\t\t\t\t\t\t<\/div>\n\t\t\t\t<\/div>\n\t\t\t\t<div class=\"elementor-element elementor-element-4ecfbe7 elementor-widget__width-initial elementor-widget elementor-widget-image-box\" data-id=\"4ecfbe7\" data-element_type=\"widget\" data-widget_type=\"image-box.default\">\n\t\t\t\t<div class=\"elementor-widget-container\">\n\t\t\t\t\t<div class=\"elementor-image-box-wrapper\"><div class=\"elementor-image-box-content\"><h2 class=\"elementor-image-box-title\">SOBRE N\u00d3S  <\/h2><p class=\"elementor-image-box-description\">Anhui Williamweir Science &amp; Technology CO.,LTD. (referida como: William weir Company), registada em 2017, com um capital registado de 50 milh\u00f5es de yuan de sociedade de responsabilidade limitada de propriet\u00e1rio \u00fanico. William weir Company \u00e9 um fabricante profissional de produtos qu\u00edmicos di\u00e1rios, com um sistema completo e cient\u00edfico de gest\u00e3o da qualidade. As suas marcas incluem \"William weir\", \"Zhiweimei\", \"Guanpopo\", etc. A marca tem produtos como cera para cuidados dom\u00e9sticos com o ch\u00e3o, <a class=\"wpil_keyword_link\" href=\"https:\/\/williamweir.com\/pt\/produto\/stone-care-wax%ef%bc%8cmaintenance-wax\/\"   title=\"cera para tratamento de pedras\" data-wpil-keyword-link=\"linked\"  data-wpil-monitor-id=\"2\">cera para tratamento de pedras<\/a>Limpador de azulejos de pedra, limpador de n\u00f3doas de \u00f3leo, limpador de vidros, limpador de ch\u00e3o, cera de \u00f3leo essencial para cuidados multiusos, etc. Limpeza e manuten\u00e7\u00e3o dom\u00e9stica, limpeza de casas de banho, cuidados pessoais e outras categorias.<br>\n       Entre eles, a marca \"Zhiweimei\", fundada em 2010, tem mais de 10 anos, a marca h\u00e1 mais de 10 anos que adere ao objetivo empresarial \"profissional, integridade\" e esfor\u00e7a-se por se tornar uma marca de alta qualidade de produtos de limpeza dom\u00e9stica, ao longo dos anos para alcan\u00e7ar um desenvolvimento r\u00e1pido. Atualmente, os produtos da marca \"Zhiweimei\" t\u00eam uma boa reputa\u00e7\u00e3o na plataforma de com\u00e9rcio eletr\u00f3nico e no estrangeiro. \"Zhiweimei\" para \"marca aberta, coopera\u00e7\u00e3o, conceito win-win\" modelo de neg\u00f3cios, para \"foco na limpeza dom\u00e9stica, criar experi\u00eancia do cliente\" como a miss\u00e3o da marca, minera\u00e7\u00e3o \u00fanica e incessante, pesquisa, at\u00e9 agora a marca na plataforma de com\u00e9rcio eletr\u00f4nico e estrangeira alcan\u00e7ou um bom desenvolvimento! Muitos produtos sob a marca \"Zhiweimei\" vendem bem em pa\u00edses estrangeiros, tais como (creme de tratamento de couro Zhiweimei, cera de abelha Zhiweimei, cera de manuten\u00e7\u00e3o de m\u00f3veis de ch\u00e3o Zhiweimei, etc.), em seguida, vamos empurrar mais e melhores produtos para pa\u00edses estrangeiros, e estamos confiantes de que esses produtos ser\u00e3o amados por amigos estrangeiros!<\/p><\/div><\/div>\t\t\t\t<\/div>\n\t\t\t\t<\/div>\n\t\t\t\t<\/div>\n\t\t<div class=\"elementor-element elementor-element-d8389aa e-con-full e-flex e-con e-child\" data-id=\"d8389aa\" data-element_type=\"container\" data-settings=\"{&quot;background_background&quot;:&quot;classic&quot;}\">\n\t\t\t\t<div class=\"elementor-element elementor-element-b2a172d elementor-widget elementor-widget-image\" data-id=\"b2a172d\" data-element_type=\"widget\" data-widget_type=\"image.default\">\n\t\t\t\t<div class=\"elementor-widget-container\">\n\t\t\t\t\t\t\t\t\t\t\t\t\t\t\t<img decoding=\"async\" width=\"423\" height=\"515\" src=\"https:\/\/williamweir.com\/wp-content\/uploads\/2024\/10\/gy-1.jpg\" class=\"attachment-full size-full wp-image-4900\" alt=\"\" srcset=\"https:\/\/williamweir.com\/wp-content\/uploads\/2024\/10\/gy-1.jpg 423w, https:\/\/williamweir.com\/wp-content\/uploads\/2024\/10\/gy-1-246x300.jpg 246w, https:\/\/williamweir.com\/wp-content\/uploads\/2024\/10\/gy-1-10x12.jpg 10w\" sizes=\"(max-width: 423px) 100vw, 423px\" \/>\t\t\t\t\t\t\t\t\t\t\t\t\t\t\t<\/div>\n\t\t\t\t<\/div>\n\t\t\t\t<\/div>\n\t\t\t\t<\/div>\n\t\t\t\t<\/div>\n\t\t<div class=\"elementor-element elementor-element-7e5327e e-flex e-con-boxed e-con e-parent\" data-id=\"7e5327e\" data-element_type=\"container\">\n\t\t\t\t\t<div class=\"e-con-inner\">\n\t\t<div class=\"elementor-element elementor-element-a5cd6c6 e-con-full e-flex e-con e-child\" data-id=\"a5cd6c6\" data-element_type=\"container\">\n\t\t\t\t<div class=\"elementor-element elementor-element-cb75962 elementor-position-top elementor-widget elementor-widget-image-box\" data-id=\"cb75962\" data-element_type=\"widget\" data-widget_type=\"image-box.default\">\n\t\t\t\t<div class=\"elementor-widget-container\">\n\t\t\t\t\t<div class=\"elementor-image-box-wrapper\"><figure class=\"elementor-image-box-img\"><img decoding=\"async\" width=\"120\" height=\"120\" src=\"https:\/\/williamweir.com\/wp-content\/uploads\/2018\/12\/globe-free-img.png\" class=\"attachment-full size-full wp-image-586\" alt=\"\" srcset=\"https:\/\/williamweir.com\/wp-content\/uploads\/2018\/12\/globe-free-img.png 120w, https:\/\/williamweir.com\/wp-content\/uploads\/2018\/12\/globe-free-img-100x100.png 100w\" sizes=\"(max-width: 120px) 100vw, 120px\" \/><\/figure><div class=\"elementor-image-box-content\"><h5 class=\"elementor-image-box-title\">Envio para todo o mundo<\/h5><p class=\"elementor-image-box-description\">Apoiamos o transporte ferrovi\u00e1rio e mar\u00edtimo de mercadorias e oferecemos uma variedade de solu\u00e7\u00f5es de poupan\u00e7a de custos<\/p><\/div><\/div>\t\t\t\t<\/div>\n\t\t\t\t<\/div>\n\t\t\t\t<\/div>\n\t\t<div class=\"elementor-element elementor-element-aedde58 e-con-full e-flex e-con e-child\" data-id=\"aedde58\" data-element_type=\"container\">\n\t\t\t\t<div class=\"elementor-element elementor-element-354e72a elementor-position-top elementor-widget elementor-widget-image-box\" data-id=\"354e72a\" data-element_type=\"widget\" data-widget_type=\"image-box.default\">\n\t\t\t\t<div class=\"elementor-widget-container\">\n\t\t\t\t\t<div class=\"elementor-image-box-wrapper\"><figure class=\"elementor-image-box-img\"><img loading=\"lazy\" decoding=\"async\" width=\"120\" height=\"120\" src=\"https:\/\/williamweir.com\/wp-content\/uploads\/2018\/12\/quality-free-img.png\" class=\"attachment-full size-full wp-image-588\" alt=\"\" srcset=\"https:\/\/williamweir.com\/wp-content\/uploads\/2018\/12\/quality-free-img.png 120w, https:\/\/williamweir.com\/wp-content\/uploads\/2018\/12\/quality-free-img-100x100.png 100w\" sizes=\"(max-width: 120px) 100vw, 120px\" \/><\/figure><div class=\"elementor-image-box-content\"><h5 class=\"elementor-image-box-title\">Melhor qualidade<\/h5><p class=\"elementor-image-box-description\">Desde a prepara\u00e7\u00e3o da mat\u00e9ria-prima, desenvolvimento do produto, produ\u00e7\u00e3o, enlatamento, inspe\u00e7\u00e3o de qualidade, entrega, cada processo foi submetido a um rigoroso controlo de qualidade<\/p><\/div><\/div>\t\t\t\t<\/div>\n\t\t\t\t<\/div>\n\t\t\t\t<\/div>\n\t\t<div class=\"elementor-element elementor-element-dbc9b68 e-con-full e-flex e-con e-child\" data-id=\"dbc9b68\" data-element_type=\"container\">\n\t\t\t\t<div class=\"elementor-element elementor-element-6bef0f0 elementor-position-top elementor-widget elementor-widget-image-box\" data-id=\"6bef0f0\" data-element_type=\"widget\" data-widget_type=\"image-box.default\">\n\t\t\t\t<div class=\"elementor-widget-container\">\n\t\t\t\t\t<div class=\"elementor-image-box-wrapper\"><figure class=\"elementor-image-box-img\"><img loading=\"lazy\" decoding=\"async\" width=\"120\" height=\"120\" src=\"https:\/\/williamweir.com\/wp-content\/uploads\/2018\/12\/tag-free-img.png\" class=\"attachment-full size-full wp-image-589\" alt=\"\" srcset=\"https:\/\/williamweir.com\/wp-content\/uploads\/2018\/12\/tag-free-img.png 120w, https:\/\/williamweir.com\/wp-content\/uploads\/2018\/12\/tag-free-img-100x100.png 100w\" sizes=\"(max-width: 120px) 100vw, 120px\" \/><\/figure><div class=\"elementor-image-box-content\"><h5 class=\"elementor-image-box-title\">Melhores ofertas<\/h5><p class=\"elementor-image-box-description\">N\u00f3s somos a fonte de f\u00e1brica de detergente qu\u00edmico di\u00e1rio, mais de 10 anos de experi\u00eancia na ind\u00fastria, com uma linha de produ\u00e7\u00e3o profissional, o pre\u00e7o \u00e9 favor\u00e1vel<\/p><\/div><\/div>\t\t\t\t<\/div>\n\t\t\t\t<\/div>\n\t\t\t\t<\/div>\n\t\t<div class=\"elementor-element elementor-element-e16ff0a e-con-full e-flex e-con e-child\" data-id=\"e16ff0a\" data-element_type=\"container\">\n\t\t\t\t<div class=\"elementor-element elementor-element-5fcddda elementor-position-top elementor-widget elementor-widget-image-box\" data-id=\"5fcddda\" data-element_type=\"widget\" data-widget_type=\"image-box.default\">\n\t\t\t\t<div class=\"elementor-widget-container\">\n\t\t\t\t\t<div class=\"elementor-image-box-wrapper\"><figure class=\"elementor-image-box-img\"><img loading=\"lazy\" decoding=\"async\" width=\"120\" height=\"120\" src=\"https:\/\/williamweir.com\/wp-content\/uploads\/2018\/12\/lock-free-img.png\" class=\"attachment-full size-full wp-image-587\" alt=\"\" srcset=\"https:\/\/williamweir.com\/wp-content\/uploads\/2018\/12\/lock-free-img.png 120w, https:\/\/williamweir.com\/wp-content\/uploads\/2018\/12\/lock-free-img-100x100.png 100w\" sizes=\"(max-width: 120px) 100vw, 120px\" \/><\/figure><div class=\"elementor-image-box-content\"><h5 class=\"elementor-image-box-title\">Pagamentos seguros<\/h5><p class=\"elementor-image-box-description\">Dispomos de uma gama de m\u00e9todos de pagamento seguros que s\u00e3o como uma armadura indestrut\u00edvel para as suas transac\u00e7\u00f5es, dando-lhe paz de esp\u00edrito em todos os processos de pagamento.<\/p><\/div><\/div>\t\t\t\t<\/div>\n\t\t\t\t<\/div>\n\t\t\t\t<\/div>\n\t\t\t\t\t<\/div>\n\t\t\t\t<\/div>\n\t\t\t\t<\/div>","protected":false},"excerpt":{"rendered":"<p>SOBRE N\u00d3S Anhui Williamweir Science &amp; Technology CO.,LTD. (referido como: William weir Company), registado em 2017, capital registado de 50 milh\u00f5es de yuans de empresa de responsabilidade limitada de propriet\u00e1rio \u00fanico. William weir Company \u00e9 um fabricante profissional de produtos qu\u00edmicos di\u00e1rios, com um sistema completo e cient\u00edfico de gest\u00e3o da qualidade. As suas marcas incluem \"William weir\", \"Zhiweimei\", \"Guanpopo\", etc. [...]<\/p>","protected":false},"author":1,"featured_media":0,"parent":0,"menu_order":0,"comment_status":"closed","ping_status":"closed","template":"","meta":{"_uag_custom_page_level_css":"","site-sidebar-layout":"no-sidebar","site-content-layout":"page-builder","ast-site-content-layout":"full-width-container","site-content-style":"unboxed","site-sidebar-style":"unboxed","ast-global-header-display":"","ast-banner-title-visibility":"","ast-main-header-display":"","ast-hfb-above-header-display":"","ast-hfb-below-header-display":"","ast-hfb-mobile-header-display":"","site-post-title":"disabled","ast-breadcrumbs-content":"","ast-featured-img":"disabled","footer-sml-layout":"","theme-transparent-header-meta":"enabled","adv-header-id-meta":"","stick-header-meta":"","header-above-stick-meta":"","header-main-stick-meta":"","header-below-stick-meta":"","astra-migrate-meta-layouts":"set","ast-page-background-enabled":"default","ast-page-background-meta":{"desktop":{"background-color":"","background-image":"","background-repeat":"repeat","background-position":"center center","background-size":"auto","background-attachment":"scroll","background-type":"","background-media":"","overlay-type":"","overlay-color":"","overlay-opacity":"","overlay-gradient":""},"tablet":{"background-color":"","background-image":"","background-repeat":"repeat","background-position":"center center","background-size":"auto","background-attachment":"scroll","background-type":"","background-media":"","overlay-type":"","overlay-color":"","overlay-opacity":"","overlay-gradient":""},"mobile":{"background-color":"","background-image":"","background-repeat":"repeat","background-position":"center center","background-size":"auto","background-attachment":"scroll","background-type":"","background-media":"","overlay-type":"","overlay-color":"","overlay-opacity":"","overlay-gradient":""}},"ast-content-background-meta":{"desktop":{"background-color":"var(--ast-global-color-5)","background-image":"","background-repeat":"repeat","background-position":"center center","background-size":"auto","background-attachment":"scroll","background-type":"","background-media":"","overlay-type":"","overlay-color":"","overlay-opacity":"","overlay-gradient":""},"tablet":{"background-color":"var(--ast-global-color-5)","background-image":"","background-repeat":"repeat","background-position":"center center","background-size":"auto","background-attachment":"scroll","background-type":"","background-media":"","overlay-type":"","overlay-color":"","overlay-opacity":"","overlay-gradient":""},"mobile":{"background-color":"var(--ast-global-color-5)","background-image":"","background-repeat":"repeat","background-position":"center center","background-size":"auto","background-attachment":"scroll","background-type":"","background-media":"","overlay-type":"","overlay-color":"","overlay-opacity":"","overlay-gradient":""}},"footnotes":""},"class_list":["post-43","page","type-page","status-publish","hentry"],"aioseo_notices":[],"uagb_featured_image_src":{"full":false,"thumbnail":false,"medium":false,"medium_large":false,"large":false,"1536x1536":false,"2048x2048":false,"trp-custom-language-flag":false,"woocommerce_thumbnail":false,"woocommerce_single":false,"woocommerce_gallery_thumbnail":false},"uagb_author_info":{"display_name":"wlwer","author_link":"https:\/\/williamweir.com\/pt\/author\/wlwerwilliamweir-com\/"},"uagb_comment_info":0,"uagb_excerpt":"ABOUT US Anhui Williamweir Science &amp; Technology CO.,LTD. (referred to as: William weir Company), registered in 2017, registered capital of 50 million yuan of sole proprietorlimited liability company. William weir Company is a professional manufacturer of daily chemical products, with a complete and scientific quality management system. Its brands include &#8220;William weir&#8221;, &#8220;Zhiweimei&#8221;, &#8220;Guanpopo&#8221;, etc.&hellip;","_links":{"self":[{"href":"https:\/\/williamweir.com\/pt\/wp-json\/wp\/v2\/pages\/43"}],"collection":[{"href":"https:\/\/williamweir.com\/pt\/wp-json\/wp\/v2\/pages"}],"about":[{"href":"https:\/\/williamweir.com\/pt\/wp-json\/wp\/v2\/types\/page"}],"author":[{"embeddable":true,"href":"https:\/\/williamweir.com\/pt\/wp-json\/wp\/v2\/users\/1"}],"replies":[{"embeddable":true,"href":"https:\/\/williamweir.com\/pt\/wp-json\/wp\/v2\/comments?post=43"}],"version-history":[{"count":34,"href":"https:\/\/williamweir.com\/pt\/wp-json\/wp\/v2\/pages\/43\/revisions"}],"predecessor-version":[{"id":5916,"href":"https:\/\/williamweir.com\/pt\/wp-json\/wp\/v2\/pages\/43\/revisions\/5916"}],"wp:attachment":[{"href":"https:\/\/williamweir.com\/pt\/wp-json\/wp\/v2\/media?parent=43"}],"curies":[{"name":"wp","href":"https:\/\/api.w.org\/{rel}","templated":true}]}}