{"id":5652,"date":"2024-10-31T08:58:22","date_gmt":"2024-10-31T08:58:22","guid":{"rendered":"https:\/\/williamweir.com\/?post_type=product&#038;p=5652"},"modified":"2025-05-24T01:06:18","modified_gmt":"2025-05-24T01:06:18","slug":"wood-maintenance-care-and-polishing-wax-4","status":"publish","type":"product","link":"https:\/\/williamweir.com\/fr\/produit\/wood-maintenance-care-and-polishing-wax-4\/","title":{"rendered":"Cire d'entretien, de soin et de polissage du bois."},"content":{"rendered":"<p>**Mode d'emploi de la cire d'entretien pour bois WILLIAM WEIR**.<\/p>\n<p><strong>Code des marchandises : 0369<\/strong><\/p>\n<p>La cire d'entretien pour bois WILLIAM WEIR est un produit sp\u00e9cialement con\u00e7u pour prot\u00e9ger et embellir les surfaces en bois. Elle peut nourrir efficacement le bois, emp\u00eacher son dess\u00e8chement et sa fissuration, tout en donnant aux surfaces des meubles en bois, des planchers, etc. une couleur brillante et une protection durable.<\/p>\n<p><strong>II. M\u00e9thodes d'utilisation<\/strong><\/p>\n<p>1. La pr\u00e9paration<\/p>\n<p>- Veillez \u00e0 ce que la surface en bois soit propre et s\u00e8che. S'il y a de la poussi\u00e8re ou des taches, nettoyez-la d'abord avec un chiffon doux et sec.<\/p>\n<p>- Pour les surfaces en bois plus anciennes ou tr\u00e8s us\u00e9es, vous pouvez d'abord utiliser du papier de verre pour poncer d\u00e9licatement et \u00e9liminer les parties rugueuses avant de proc\u00e9der \u00e0 l'entretien.<\/p>\n<p>2. Application de la cire d'entretien<\/p>\n<p>- Appliquer une quantit\u00e9 appropri\u00e9e de cire d'entretien pour bois sur un chiffon doux et propre.<\/p>\n<p>- Appliquez la cire d'entretien uniform\u00e9ment sur la surface en bois en effectuant un mouvement circulaire afin de couvrir toutes les parties.<\/p>\n<p>- Pour les produits en bois comportant des sculptures ou des motifs complexes, un petit pinceau peut \u00eatre utilis\u00e9 pour appliquer la cire d'entretien sur les zones difficiles d'acc\u00e8s.<\/p>\n<p>3. Polissage<\/p>\n<p>- Attendez que la cire d'entretien s\u00e8che l\u00e9g\u00e8rement (g\u00e9n\u00e9ralement de quelques minutes \u00e0 une dizaine de minutes, en fonction de la temp\u00e9rature et de l'humidit\u00e9 ambiantes).<\/p>\n<p>- Utilisez un chiffon doux et propre pour essuyer d\u00e9licatement la surface en bois en ligne droite afin de la polir et de lui donner un aspect lisse et brillant.<\/p>\n<p><strong>III. Les pr\u00e9cautions \u00e0 prendre<\/strong><\/p>\n<p>1. \u00c9vitez d'utiliser la cire d'entretien \u00e0 des temp\u00e9ratures \u00e9lev\u00e9es, \u00e0 la lumi\u00e8re directe du soleil ou dans des environnements humides.<\/p>\n<p>2. Tenir \u00e0 l'\u00e9cart des sources d'incendie. Ce produit est inflammable.<\/p>\n<p>3. En cas de contact accidentel avec la peau ou les yeux pendant l'utilisation, rincer imm\u00e9diatement \u00e0 l'eau claire et consulter un m\u00e9decin.<\/p>\n<p>4. Conservez le produit dans un endroit inaccessible aux enfants.<\/p>\n<p>5. Les diff\u00e9rents types de bois peuvent r\u00e9agir diff\u00e9remment \u00e0 la cire d'entretien. Il est recommand\u00e9 de faire d'abord un essai sur une zone peu visible.<\/p>","protected":false},"excerpt":{"rendered":"<p>Notre usine fournit des services de traitement OEM\/ODM, nous pouvons concevoir des produits sur mesure pour vous ; Notre MOQ est faible, g\u00e9n\u00e9ralement la quantit\u00e9 minimale est de 1000 bouteilles peuvent \u00eatre produites ; Nos produits sont peu co\u00fbteux, d'excellente qualit\u00e9, en conformit\u00e9 avec toutes les lois et r\u00e9glementations nationales et les besoins des clients !<\/p>\n<h3><strong>\u00a0 \u00a0 \u00a0 Nous proposons \u00e9galement les services suivants<\/strong><\/h3>\n<h4><strong><img decoding=\"async\" class=\"emoji\" role=\"img\" draggable=\"false\" src=\"https:\/\/s.w.org\/images\/core\/emoji\/15.0.3\/svg\/2714.svg\" alt=\"\u2714\" \/>\u00a0 Source transfrontali\u00e8re\u00a0 \u00a0 \u00a0 \u00a0 \u00a0\u00a0<img decoding=\"async\" class=\"emoji\" role=\"img\" draggable=\"false\" src=\"https:\/\/s.w.org\/images\/core\/emoji\/15.0.3\/svg\/2714.svg\" alt=\"\u2714\" \/>\u00a0 Personnalisation du support<\/strong><\/h4>\n<h4><strong><img decoding=\"async\" class=\"emoji\" role=\"img\" draggable=\"false\" src=\"https:\/\/s.w.org\/images\/core\/emoji\/15.0.3\/svg\/2714.svg\" alt=\"\u2714\" \/>\u00a0 Usine source\u00a0 \u00a0 \u00a0 \u00a0 \u00a0 \u00a0 \u00a0 \u00a0 \u00a0 \u00a0 \u00a0 \u00a0<img decoding=\"async\" class=\"emoji\" role=\"img\" draggable=\"false\" src=\"https:\/\/s.w.org\/images\/core\/emoji\/15.0.3\/svg\/2714.svg\" alt=\"\u2714\" \/>\u00a0 D\u00e9veloppement de produits<\/strong><\/h4>\n<h4><strong><img decoding=\"async\" class=\"emoji\" role=\"img\" draggable=\"false\" src=\"https:\/\/s.w.org\/images\/core\/emoji\/15.0.3\/svg\/2714.svg\" alt=\"\u2714\" \/>\u00a0 Adaptation \u00e0 l'\u00e9chantillon\u00a0 \u00a0 \u00a0 \u00a0 \u00a0 \u00a0 \u00a0 \u00a0 \u00a0 \u00a0\u00a0<img decoding=\"async\" class=\"emoji\" role=\"img\" draggable=\"false\" src=\"https:\/\/s.w.org\/images\/core\/emoji\/15.0.3\/svg\/2714.svg\" alt=\"\u2714\" \/>\u00a0 Autorisation de la marque<\/strong><\/h4>\n<p>&nbsp;<\/p>\n<h2 style=\"text-align: left;\"><strong>Questions ou commentaires ? <\/strong><\/h2>\n<h2 style=\"text-align: left;\"><strong>wlwer@williamweir.com<\/strong><\/h2>\n<h4><strong>\u00a0<\/strong><\/h4>","protected":false},"featured_media":11403,"template":"","meta":{"_uag_custom_page_level_css":"","site-sidebar-layout":"default","site-content-layout":"","ast-site-content-layout":"default","site-content-style":"default","site-sidebar-style":"default","ast-global-header-display":"","ast-banner-title-visibility":"","ast-main-header-display":"","ast-hfb-above-header-display":"","ast-hfb-below-header-display":"","ast-hfb-mobile-header-display":"","site-post-title":"","ast-breadcrumbs-content":"","ast-featured-img":"","footer-sml-layout":"","theme-transparent-header-meta":"default","adv-header-id-meta":"","stick-header-meta":"","header-above-stick-meta":"","header-main-stick-meta":"","header-below-stick-meta":"","astra-migrate-meta-layouts":"set","ast-page-background-enabled":"default","ast-page-background-meta":{"desktop":{"background-color":"","background-image":"","background-repeat":"repeat","background-position":"center center","background-size":"auto","background-attachment":"scroll","background-type":"","background-media":"","overlay-type":"","overlay-color":"","overlay-opacity":"","overlay-gradient":""},"tablet":{"background-color":"","background-image":"","background-repeat":"repeat","background-position":"center center","background-size":"auto","background-attachment":"scroll","background-type":"","background-media":"","overlay-type":"","overlay-color":"","overlay-opacity":"","overlay-gradient":""},"mobile":{"background-color":"","background-image":"","background-repeat":"repeat","background-position":"center center","background-size":"auto","background-attachment":"scroll","background-type":"","background-media":"","overlay-type":"","overlay-color":"","overlay-opacity":"","overlay-gradient":""}},"ast-content-background-meta":{"desktop":{"background-color":"var(--ast-global-color-5)","background-image":"","background-repeat":"repeat","background-position":"center center","background-size":"auto","background-attachment":"scroll","background-type":"","background-media":"","overlay-type":"","overlay-color":"","overlay-opacity":"","overlay-gradient":""},"tablet":{"background-color":"var(--ast-global-color-5)","background-image":"","background-repeat":"repeat","background-position":"center center","background-size":"auto","background-attachment":"scroll","background-type":"","background-media":"","overlay-type":"","overlay-color":"","overlay-opacity":"","overlay-gradient":""},"mobile":{"background-color":"var(--ast-global-color-5)","background-image":"","background-repeat":"repeat","background-position":"center center","background-size":"auto","background-attachment":"scroll","background-type":"","background-media":"","overlay-type":"","overlay-color":"","overlay-opacity":"","overlay-gradient":""}}},"product_brand":[],"product_cat":[71],"product_tag":[86,84],"class_list":{"0":"post-5652","1":"product","2":"type-product","3":"status-publish","4":"has-post-thumbnail","6":"product_cat-maintenance-polishing-of-wood-products","7":"product_tag-natural-beeswax","8":"product_tag-wood-care","9":"desktop-align-center","10":"tablet-align-left","11":"mobile-align-left","12":"ast-product-gallery-layout-horizontal-slider","13":"ast-product-tabs-layout-horizontal","15":"first","16":"instock","17":"featured","18":"shipping-taxable","19":"product-type-simple"},"aioseo_notices":[],"uagb_featured_image_src":{"full":["https:\/\/williamweir.com\/wp-content\/uploads\/2024\/10\/80g\u5c0f\u8702\u8721.jpg",1000,1000,false],"thumbnail":["https:\/\/williamweir.com\/wp-content\/uploads\/2024\/10\/80g\u5c0f\u8702\u8721-300x300.jpg",300,300,true],"medium":["https:\/\/williamweir.com\/wp-content\/uploads\/2024\/10\/80g\u5c0f\u8702\u8721-600x600.jpg",600,600,true],"medium_large":["https:\/\/williamweir.com\/wp-content\/uploads\/2024\/10\/80g\u5c0f\u8702\u8721-768x768.jpg",768,768,true],"large":["https:\/\/williamweir.com\/wp-content\/uploads\/2024\/10\/80g\u5c0f\u8702\u8721.jpg",1000,1000,false],"1536x1536":["https:\/\/williamweir.com\/wp-content\/uploads\/2024\/10\/80g\u5c0f\u8702\u8721.jpg",1000,1000,false],"2048x2048":["https:\/\/williamweir.com\/wp-content\/uploads\/2024\/10\/80g\u5c0f\u8702\u8721.jpg",1000,1000,false],"trp-custom-language-flag":["https:\/\/williamweir.com\/wp-content\/uploads\/2024\/10\/80g\u5c0f\u8702\u8721-12x12.jpg",12,12,true],"woocommerce_thumbnail":["https:\/\/williamweir.com\/wp-content\/uploads\/2024\/10\/80g\u5c0f\u8702\u8721-600x600.jpg",600,600,true],"woocommerce_single":["https:\/\/williamweir.com\/wp-content\/uploads\/2024\/10\/80g\u5c0f\u8702\u8721-600x600.jpg",600,600,true],"woocommerce_gallery_thumbnail":["https:\/\/williamweir.com\/wp-content\/uploads\/2024\/10\/80g\u5c0f\u8702\u8721-100x100.jpg",100,100,true]},"uagb_author_info":{"display_name":"wlwer","author_link":"https:\/\/williamweir.com\/fr\/author\/"},"uagb_comment_info":0,"uagb_excerpt":"Our factory provides OEM\/ODM processing services, we can tailor products for you; Our MOQ is low, generally the minimum quantity is 1000 bottles can be produced; Our products are inexpensive, excellent product quality, in line with any national laws and regulations and customer needs! \u00a0 \u00a0 \u00a0 We also offer the following services \u00a0 Cross-border\u2026","_links":{"self":[{"href":"https:\/\/williamweir.com\/fr\/wp-json\/wp\/v2\/product\/5652"}],"collection":[{"href":"https:\/\/williamweir.com\/fr\/wp-json\/wp\/v2\/product"}],"about":[{"href":"https:\/\/williamweir.com\/fr\/wp-json\/wp\/v2\/types\/product"}],"version-history":[{"count":7,"href":"https:\/\/williamweir.com\/fr\/wp-json\/wp\/v2\/product\/5652\/revisions"}],"predecessor-version":[{"id":8178,"href":"https:\/\/williamweir.com\/fr\/wp-json\/wp\/v2\/product\/5652\/revisions\/8178"}],"wp:featuredmedia":[{"embeddable":true,"href":"https:\/\/williamweir.com\/fr\/wp-json\/wp\/v2\/media\/11403"}],"wp:attachment":[{"href":"https:\/\/williamweir.com\/fr\/wp-json\/wp\/v2\/media?parent=5652"}],"wp:term":[{"taxonomy":"product_brand","embeddable":true,"href":"https:\/\/williamweir.com\/fr\/wp-json\/wp\/v2\/product_brand?post=5652"},{"taxonomy":"product_cat","embeddable":true,"href":"https:\/\/williamweir.com\/fr\/wp-json\/wp\/v2\/product_cat?post=5652"},{"taxonomy":"product_tag","embeddable":true,"href":"https:\/\/williamweir.com\/fr\/wp-json\/wp\/v2\/product_tag?post=5652"}],"curies":[{"name":"wp","href":"https:\/\/api.w.org\/{rel}","templated":true}]}}