{"id":5643,"date":"2024-10-31T08:54:39","date_gmt":"2024-10-31T08:54:39","guid":{"rendered":"https:\/\/williamweir.com\/?post_type=product&#038;p=5643"},"modified":"2025-05-24T01:12:16","modified_gmt":"2025-05-24T01:12:16","slug":"wood-polish-wood-care-beeswax-3","status":"publish","type":"product","link":"https:\/\/williamweir.com\/fr\/produit\/wood-polish-wood-care-beeswax-3\/","title":{"rendered":"Cire d'abeille pour l'entretien du bois"},"content":{"rendered":"<p><strong>Code produit : 2752<\/strong><\/p>\n<p><strong>Pr\u00e9sentation du produit<\/strong><\/p>\n<p>La cire d'abeille William weir Wood care est un produit d'entretien de haute qualit\u00e9 sp\u00e9cialement con\u00e7u pour divers produits en bois. Compos\u00e9 de cire d'abeille naturelle et d'autres ingr\u00e9dients s\u00e9lectionn\u00e9s, il peut nourrir le bois en profondeur, le prot\u00e9ger et l'entretenir de mani\u00e8re optimale. Les meubles en bois, les objets artisanaux et autres articles brillent d'un \u00e9clat naturel et leur dur\u00e9e de vie s'en trouve prolong\u00e9e.<\/p>\n<p><strong>Champ d'application<\/strong><br \/>\nIl convient \u00e0 la maintenance et \u00e0 l'entretien de divers produits en bois tels que les meubles en bois, les planchers en bois, les objets artisanaux en bois et les bracelets de jeux litt\u00e9raires.<\/p>\n<p><strong>M\u00e9thode d'utilisation<\/strong><br \/>\nAvant l'utilisation, assurez-vous que la surface des produits en bois est propre et s\u00e8che. Prenez une quantit\u00e9 appropri\u00e9e de cire d'abeille, imbibez-la d'un chiffon ou d'une \u00e9ponge propre, puis appliquez-la uniform\u00e9ment sur la surface des produits en bois. Lors de l'application, veillez \u00e0 proc\u00e9der dans le sens des veines du bois. Attendez un certain temps (g\u00e9n\u00e9ralement 15 \u00e0 30 minutes) pour permettre \u00e0 la cire d'abeille de p\u00e9n\u00e9trer compl\u00e8tement dans le bois. Ensuite, utilisez un chiffon propre ou un chiffon de polissage pour essuyer et polir la surface des produits en bois jusqu'\u00e0 ce qu'elle soit lisse et brillante. Il est recommand\u00e9 d'utiliser ce produit pour un entretien r\u00e9gulier. En g\u00e9n\u00e9ral, l'entretien peut \u00eatre effectu\u00e9 une fois tous les 3 \u00e0 6 mois.<\/p>\n<p><strong>Pr\u00e9cautions<\/strong><br \/>\nCe produit est destin\u00e9 \u00e0 un usage externe uniquement et ne doit pas \u00eatre ing\u00e9r\u00e9. En cas d'ingestion accidentelle, consulter imm\u00e9diatement un m\u00e9decin.<br \/>\nPour certains produits en bois sp\u00e9ciaux, tels que les bois pr\u00e9cieux et les meubles anciens, il est recommand\u00e9 d'effectuer un test sur une petite surface peu visible avant d'utiliser ce produit afin d'observer s'il y a des r\u00e9actions ind\u00e9sirables. S'il n'y a pas de probl\u00e8me, il est possible de proc\u00e9der \u00e0 un entretien complet.<br \/>\nApr\u00e8s utilisation, scellez et stockez le produit pour \u00e9viter d'exposer la cire d'abeille \u00e0 l'air. En m\u00eame temps, placez le produit dans un endroit frais et sec et \u00e9vitez la lumi\u00e8re directe du soleil.<br \/>\n4. Placez le produit dans un endroit inaccessible aux enfants afin d'\u00e9viter qu'ils ne l'ing\u00e8rent ou ne le touchent accidentellement.<\/p>","protected":false},"excerpt":{"rendered":"<p>Notre usine fournit des services de traitement OEM\/ODM, nous pouvons concevoir des produits sur mesure pour vous ; Notre MOQ est faible, g\u00e9n\u00e9ralement la quantit\u00e9 minimale est de 1000 bouteilles peuvent \u00eatre produites ; Nos produits sont peu co\u00fbteux, d'excellente qualit\u00e9, en conformit\u00e9 avec toutes les lois et r\u00e9glementations nationales et les besoins des clients !<\/p>\n<h3><strong>\u00a0 \u00a0 \u00a0 Nous proposons \u00e9galement les services suivants<\/strong><\/h3>\n<h4><strong><img decoding=\"async\" class=\"emoji\" role=\"img\" draggable=\"false\" src=\"https:\/\/s.w.org\/images\/core\/emoji\/15.0.3\/svg\/2714.svg\" alt=\"\u2714\" \/>\u00a0 Source transfrontali\u00e8re\u00a0 \u00a0 \u00a0 \u00a0 \u00a0\u00a0<img decoding=\"async\" class=\"emoji\" role=\"img\" draggable=\"false\" src=\"https:\/\/s.w.org\/images\/core\/emoji\/15.0.3\/svg\/2714.svg\" alt=\"\u2714\" \/>\u00a0 Personnalisation du support<\/strong><\/h4>\n<h4><strong><img decoding=\"async\" class=\"emoji\" role=\"img\" draggable=\"false\" src=\"https:\/\/s.w.org\/images\/core\/emoji\/15.0.3\/svg\/2714.svg\" alt=\"\u2714\" \/>\u00a0 Usine source\u00a0 \u00a0 \u00a0 \u00a0 \u00a0 \u00a0 \u00a0 \u00a0 \u00a0 \u00a0 \u00a0 \u00a0<img decoding=\"async\" class=\"emoji\" role=\"img\" draggable=\"false\" src=\"https:\/\/s.w.org\/images\/core\/emoji\/15.0.3\/svg\/2714.svg\" alt=\"\u2714\" \/>\u00a0 D\u00e9veloppement de produits<\/strong><\/h4>\n<h4><strong><img decoding=\"async\" class=\"emoji\" role=\"img\" draggable=\"false\" src=\"https:\/\/s.w.org\/images\/core\/emoji\/15.0.3\/svg\/2714.svg\" alt=\"\u2714\" \/>\u00a0 Adaptation \u00e0 l'\u00e9chantillon\u00a0 \u00a0 \u00a0 \u00a0 \u00a0 \u00a0 \u00a0 \u00a0 \u00a0 \u00a0\u00a0<img decoding=\"async\" class=\"emoji\" role=\"img\" draggable=\"false\" src=\"https:\/\/s.w.org\/images\/core\/emoji\/15.0.3\/svg\/2714.svg\" alt=\"\u2714\" \/>\u00a0 Autorisation de la marque<br \/>\n<\/strong><\/h4>\n<h2 style=\"text-align: left;\"><strong>Questions ou commentaires ? <\/strong><\/h2>\n<h2 style=\"text-align: left;\"><strong>wlwer@williamweir.com<\/strong><\/h2>\n<h4><strong>\u00a0<\/strong><\/h4>","protected":false},"featured_media":5644,"template":"","meta":{"_uag_custom_page_level_css":"","site-sidebar-layout":"default","site-content-layout":"","ast-site-content-layout":"default","site-content-style":"default","site-sidebar-style":"default","ast-global-header-display":"","ast-banner-title-visibility":"","ast-main-header-display":"","ast-hfb-above-header-display":"","ast-hfb-below-header-display":"","ast-hfb-mobile-header-display":"","site-post-title":"","ast-breadcrumbs-content":"","ast-featured-img":"","footer-sml-layout":"","theme-transparent-header-meta":"default","adv-header-id-meta":"","stick-header-meta":"","header-above-stick-meta":"","header-main-stick-meta":"","header-below-stick-meta":"","astra-migrate-meta-layouts":"set","ast-page-background-enabled":"default","ast-page-background-meta":{"desktop":{"background-color":"","background-image":"","background-repeat":"repeat","background-position":"center center","background-size":"auto","background-attachment":"scroll","background-type":"","background-media":"","overlay-type":"","overlay-color":"","overlay-opacity":"","overlay-gradient":""},"tablet":{"background-color":"","background-image":"","background-repeat":"repeat","background-position":"center center","background-size":"auto","background-attachment":"scroll","background-type":"","background-media":"","overlay-type":"","overlay-color":"","overlay-opacity":"","overlay-gradient":""},"mobile":{"background-color":"","background-image":"","background-repeat":"repeat","background-position":"center center","background-size":"auto","background-attachment":"scroll","background-type":"","background-media":"","overlay-type":"","overlay-color":"","overlay-opacity":"","overlay-gradient":""}},"ast-content-background-meta":{"desktop":{"background-color":"var(--ast-global-color-5)","background-image":"","background-repeat":"repeat","background-position":"center center","background-size":"auto","background-attachment":"scroll","background-type":"","background-media":"","overlay-type":"","overlay-color":"","overlay-opacity":"","overlay-gradient":""},"tablet":{"background-color":"var(--ast-global-color-5)","background-image":"","background-repeat":"repeat","background-position":"center center","background-size":"auto","background-attachment":"scroll","background-type":"","background-media":"","overlay-type":"","overlay-color":"","overlay-opacity":"","overlay-gradient":""},"mobile":{"background-color":"var(--ast-global-color-5)","background-image":"","background-repeat":"repeat","background-position":"center center","background-size":"auto","background-attachment":"scroll","background-type":"","background-media":"","overlay-type":"","overlay-color":"","overlay-opacity":"","overlay-gradient":""}}},"product_brand":[],"product_cat":[71],"product_tag":[85,86,84],"class_list":{"0":"post-5643","1":"product","2":"type-product","3":"status-publish","4":"has-post-thumbnail","6":"product_cat-maintenance-polishing-of-wood-products","7":"product_tag-furniture-care","8":"product_tag-natural-beeswax","9":"product_tag-wood-care","10":"desktop-align-center","11":"tablet-align-left","12":"mobile-align-left","13":"ast-product-gallery-layout-horizontal-slider","14":"ast-product-tabs-layout-horizontal","16":"first","17":"instock","18":"featured","19":"shipping-taxable","20":"product-type-simple"},"aioseo_notices":[],"uagb_featured_image_src":{"full":["https:\/\/williamweir.com\/wp-content\/uploads\/2024\/10\/9796748.jpg",1000,1000,false],"thumbnail":["https:\/\/williamweir.com\/wp-content\/uploads\/2024\/10\/9796748-300x300.jpg",300,300,true],"medium":["https:\/\/williamweir.com\/wp-content\/uploads\/2024\/10\/9796748-600x600.jpg",600,600,true],"medium_large":["https:\/\/williamweir.com\/wp-content\/uploads\/2024\/10\/9796748-768x768.jpg",768,768,true],"large":["https:\/\/williamweir.com\/wp-content\/uploads\/2024\/10\/9796748.jpg",1000,1000,false],"1536x1536":["https:\/\/williamweir.com\/wp-content\/uploads\/2024\/10\/9796748.jpg",1000,1000,false],"2048x2048":["https:\/\/williamweir.com\/wp-content\/uploads\/2024\/10\/9796748.jpg",1000,1000,false],"trp-custom-language-flag":["https:\/\/williamweir.com\/wp-content\/uploads\/2024\/10\/9796748-12x12.jpg",12,12,true],"woocommerce_thumbnail":["https:\/\/williamweir.com\/wp-content\/uploads\/2024\/10\/9796748-600x600.jpg",600,600,true],"woocommerce_single":["https:\/\/williamweir.com\/wp-content\/uploads\/2024\/10\/9796748-600x600.jpg",600,600,true],"woocommerce_gallery_thumbnail":["https:\/\/williamweir.com\/wp-content\/uploads\/2024\/10\/9796748-100x100.jpg",100,100,true]},"uagb_author_info":{"display_name":"wlwer","author_link":"https:\/\/williamweir.com\/fr\/author\/"},"uagb_comment_info":0,"uagb_excerpt":"Our factory provides OEM\/ODM processing services, we can tailor products for you; Our MOQ is low, generally the minimum quantity is 1000 bottles can be produced; Our products are inexpensive, excellent product quality, in line with any national laws and regulations and customer needs! \u00a0 \u00a0 \u00a0 We also offer the following services \u00a0 Cross-border\u2026","_links":{"self":[{"href":"https:\/\/williamweir.com\/fr\/wp-json\/wp\/v2\/product\/5643"}],"collection":[{"href":"https:\/\/williamweir.com\/fr\/wp-json\/wp\/v2\/product"}],"about":[{"href":"https:\/\/williamweir.com\/fr\/wp-json\/wp\/v2\/types\/product"}],"version-history":[{"count":6,"href":"https:\/\/williamweir.com\/fr\/wp-json\/wp\/v2\/product\/5643\/revisions"}],"predecessor-version":[{"id":8182,"href":"https:\/\/williamweir.com\/fr\/wp-json\/wp\/v2\/product\/5643\/revisions\/8182"}],"wp:featuredmedia":[{"embeddable":true,"href":"https:\/\/williamweir.com\/fr\/wp-json\/wp\/v2\/media\/5644"}],"wp:attachment":[{"href":"https:\/\/williamweir.com\/fr\/wp-json\/wp\/v2\/media?parent=5643"}],"wp:term":[{"taxonomy":"product_brand","embeddable":true,"href":"https:\/\/williamweir.com\/fr\/wp-json\/wp\/v2\/product_brand?post=5643"},{"taxonomy":"product_cat","embeddable":true,"href":"https:\/\/williamweir.com\/fr\/wp-json\/wp\/v2\/product_cat?post=5643"},{"taxonomy":"product_tag","embeddable":true,"href":"https:\/\/williamweir.com\/fr\/wp-json\/wp\/v2\/product_tag?post=5643"}],"curies":[{"name":"wp","href":"https:\/\/api.w.org\/{rel}","templated":true}]}}