{"id":5638,"date":"2024-10-31T08:51:14","date_gmt":"2024-10-31T08:51:14","guid":{"rendered":"https:\/\/williamweir.com\/?post_type=product&#038;p=5638"},"modified":"2025-05-24T01:12:31","modified_gmt":"2025-05-24T01:12:31","slug":"stone-care-wax%ef%bc%8cmaintenance-wax","status":"publish","type":"product","link":"https:\/\/williamweir.com\/fr\/produit\/stone-care-wax%ef%bc%8cmaintenance-wax\/","title":{"rendered":"Cire pour l'entretien des pierres"},"content":{"rendered":"<p><strong>Code produit\uff1a0482<\/strong><\/p>\n<p><strong>I. Pr\u00e9sentation du produit<\/strong><\/p>\n<p>Ce produit est une cire d'entretien sp\u00e9cialement con\u00e7ue pour diff\u00e9rents types de pierre. Il peut fournir une excellente protection et des effets esth\u00e9tiques pour les produits en pierre, rendant la surface de la pierre durablement brillante et neuve.<\/p>\n<p><strong>II. Caract\u00e9ristiques du produit<\/strong><\/p>\n<p>Protection puissante : Forme un film protecteur solide sur la surface de la pierre, r\u00e9sistant efficacement \u00e0 l'usure quotidienne, aux rayures, aux taches et \u00e0 l'\u00e9rosion par les substances chimiques.<br \/>\nImperm\u00e9able et r\u00e9sistant \u00e0 l'humidit\u00e9 : Emp\u00eache la p\u00e9n\u00e9tration de l'humidit\u00e9 et \u00e9vite \u00e0 la pierre de se d\u00e9colorer et de moisir \u00e0 cause de l'humidit\u00e9.<br \/>\nApporte de l'\u00e9clat : Donne \u00e0 la pierre un \u00e9clat naturel et renforce les effets esth\u00e9tiques et d\u00e9coratifs de la pierre.<br \/>\nDurable : Une seule application peut maintenir un bon effet protecteur pendant longtemps.<\/p>\n<p><strong>III. Instructions d'utilisation<\/strong><\/p>\n<p>Nettoyez soigneusement les carreaux de pierre. Utiliser une \u00e9ponge pour pr\u00e9lever une dose appropri\u00e9e et l'essuyer sur la surface de la pierre.<br \/>\nUtilisez une serpilli\u00e8re ou un chiffon sp\u00e9cial pour appliquer uniform\u00e9ment ce produit sur la pierre.<br \/>\nUne fois la cire s\u00e8che (en g\u00e9n\u00e9ral 15 \u00e0 20 minutes), utilisez une serpilli\u00e8re propre ou une machine \u00e0 polir pour lustrer.<\/p>\n<p><strong>IV. Les pr\u00e9cautions \u00e0 prendre<\/strong><\/p>\n<p>Il ne convient pas de travailler en plein soleil, \u00e0 des temp\u00e9ratures \u00e9lev\u00e9es ou dans des endroits poussi\u00e9reux.<br \/>\nEssuyer la couche de cire s\u00e8che \u00e0 temps.<br \/>\nCe produit ne contient pas de mati\u00e8res premi\u00e8res industrielles toxiques ni de solvants. Il est naturel et respectueux de l'environnement. Veuillez le conserver dans un endroit frais, sec et ventil\u00e9.<br \/>\nIl est recommand\u00e9 de suivre le principe consistant \u00e0 utiliser une petite quantit\u00e9 plusieurs fois. Ne pas marcher sur le sol avant qu'il ne soit compl\u00e8tement sec afin d'\u00e9viter de laisser des traces de pas ou de glisser.<\/p>","protected":false},"excerpt":{"rendered":"<p>Notre usine fournit des services de traitement OEM\/ODM, nous pouvons concevoir des produits sur mesure pour vous ; Notre MOQ est faible, g\u00e9n\u00e9ralement la quantit\u00e9 minimale est de 1000 bouteilles peuvent \u00eatre produites ; Nos produits sont peu co\u00fbteux, d'excellente qualit\u00e9, en conformit\u00e9 avec toutes les lois et r\u00e9glementations nationales et les besoins des clients !<\/p>\n<h3><strong>\u00a0 \u00a0 \u00a0 Nous proposons \u00e9galement les services suivants<\/strong><\/h3>\n<h4><strong>\u2714 Source transfrontali\u00e8re \u2714 Prise en charge de la personnalisation<\/strong><\/h4>\n<h4><strong>\u2714 Usine de production \u2714 D\u00e9veloppement de produits<\/strong><\/h4>\n<h4><strong>\u2714 Adaptation \u00e0 l'\u00e9chantillon \u2714 Autorisation de la marque<br \/>\n<\/strong><\/h4>\n<h2 style=\"text-align: left;\"><strong>Questions ou commentaires ? <\/strong><\/h2>\n<h2 style=\"text-align: left;\"><strong>wlwer@williamweir.com<\/strong><\/h2>\n<h4><strong>\u00a0<\/strong><\/h4>","protected":false},"featured_media":5639,"template":"","meta":{"_uag_custom_page_level_css":"","site-sidebar-layout":"default","site-content-layout":"","ast-site-content-layout":"default","site-content-style":"default","site-sidebar-style":"default","ast-global-header-display":"","ast-banner-title-visibility":"","ast-main-header-display":"","ast-hfb-above-header-display":"","ast-hfb-below-header-display":"","ast-hfb-mobile-header-display":"","site-post-title":"","ast-breadcrumbs-content":"","ast-featured-img":"","footer-sml-layout":"","theme-transparent-header-meta":"default","adv-header-id-meta":"","stick-header-meta":"","header-above-stick-meta":"","header-main-stick-meta":"","header-below-stick-meta":"","astra-migrate-meta-layouts":"set","ast-page-background-enabled":"default","ast-page-background-meta":{"desktop":{"background-color":"","background-image":"","background-repeat":"repeat","background-position":"center center","background-size":"auto","background-attachment":"scroll","background-type":"","background-media":"","overlay-type":"","overlay-color":"","overlay-opacity":"","overlay-gradient":""},"tablet":{"background-color":"","background-image":"","background-repeat":"repeat","background-position":"center center","background-size":"auto","background-attachment":"scroll","background-type":"","background-media":"","overlay-type":"","overlay-color":"","overlay-opacity":"","overlay-gradient":""},"mobile":{"background-color":"","background-image":"","background-repeat":"repeat","background-position":"center center","background-size":"auto","background-attachment":"scroll","background-type":"","background-media":"","overlay-type":"","overlay-color":"","overlay-opacity":"","overlay-gradient":""}},"ast-content-background-meta":{"desktop":{"background-color":"var(--ast-global-color-5)","background-image":"","background-repeat":"repeat","background-position":"center center","background-size":"auto","background-attachment":"scroll","background-type":"","background-media":"","overlay-type":"","overlay-color":"","overlay-opacity":"","overlay-gradient":""},"tablet":{"background-color":"var(--ast-global-color-5)","background-image":"","background-repeat":"repeat","background-position":"center center","background-size":"auto","background-attachment":"scroll","background-type":"","background-media":"","overlay-type":"","overlay-color":"","overlay-opacity":"","overlay-gradient":""},"mobile":{"background-color":"var(--ast-global-color-5)","background-image":"","background-repeat":"repeat","background-position":"center center","background-size":"auto","background-attachment":"scroll","background-type":"","background-media":"","overlay-type":"","overlay-color":"","overlay-opacity":"","overlay-gradient":""}}},"product_brand":[],"product_cat":[72],"product_tag":[177,178],"class_list":{"0":"post-5638","1":"product","2":"type-product","3":"status-publish","4":"has-post-thumbnail","6":"product_cat-stone-maintenance-and-polishing","7":"product_tag-stone-care-wax","8":"product_tag-stone-polishing-wax","9":"desktop-align-center","10":"tablet-align-left","11":"mobile-align-left","12":"ast-product-gallery-layout-horizontal-slider","13":"ast-product-gallery-with-no-image","14":"ast-product-tabs-layout-horizontal","16":"first","17":"instock","18":"featured","19":"shipping-taxable","20":"product-type-simple"},"aioseo_notices":[],"uagb_featured_image_src":{"full":["https:\/\/williamweir.com\/wp-content\/uploads\/2024\/10\/9879372.jpg",800,800,false],"thumbnail":["https:\/\/williamweir.com\/wp-content\/uploads\/2024\/10\/9879372-300x300.jpg",300,300,true],"medium":["https:\/\/williamweir.com\/wp-content\/uploads\/2024\/10\/9879372-600x600.jpg",600,600,true],"medium_large":["https:\/\/williamweir.com\/wp-content\/uploads\/2024\/10\/9879372-768x768.jpg",768,768,true],"large":["https:\/\/williamweir.com\/wp-content\/uploads\/2024\/10\/9879372.jpg",800,800,false],"1536x1536":["https:\/\/williamweir.com\/wp-content\/uploads\/2024\/10\/9879372.jpg",800,800,false],"2048x2048":["https:\/\/williamweir.com\/wp-content\/uploads\/2024\/10\/9879372.jpg",800,800,false],"trp-custom-language-flag":["https:\/\/williamweir.com\/wp-content\/uploads\/2024\/10\/9879372-12x12.jpg",12,12,true],"woocommerce_thumbnail":["https:\/\/williamweir.com\/wp-content\/uploads\/2024\/10\/9879372-600x600.jpg",600,600,true],"woocommerce_single":["https:\/\/williamweir.com\/wp-content\/uploads\/2024\/10\/9879372-600x600.jpg",600,600,true],"woocommerce_gallery_thumbnail":["https:\/\/williamweir.com\/wp-content\/uploads\/2024\/10\/9879372-100x100.jpg",100,100,true]},"uagb_author_info":{"display_name":"wlwer","author_link":"https:\/\/williamweir.com\/fr\/author\/"},"uagb_comment_info":0,"uagb_excerpt":"Our factory provides OEM\/ODM processing services, we can tailor products for you; Our MOQ is low, generally the minimum quantity is 1000 bottles can be produced; Our products are inexpensive, excellent product quality, in line with any national laws and regulations and customer needs! \u00a0 \u00a0 \u00a0 We also offer the following services \u2714\u00a0 Cross-border\u2026","_links":{"self":[{"href":"https:\/\/williamweir.com\/fr\/wp-json\/wp\/v2\/product\/5638"}],"collection":[{"href":"https:\/\/williamweir.com\/fr\/wp-json\/wp\/v2\/product"}],"about":[{"href":"https:\/\/williamweir.com\/fr\/wp-json\/wp\/v2\/types\/product"}],"version-history":[{"count":6,"href":"https:\/\/williamweir.com\/fr\/wp-json\/wp\/v2\/product\/5638\/revisions"}],"predecessor-version":[{"id":8184,"href":"https:\/\/williamweir.com\/fr\/wp-json\/wp\/v2\/product\/5638\/revisions\/8184"}],"wp:featuredmedia":[{"embeddable":true,"href":"https:\/\/williamweir.com\/fr\/wp-json\/wp\/v2\/media\/5639"}],"wp:attachment":[{"href":"https:\/\/williamweir.com\/fr\/wp-json\/wp\/v2\/media?parent=5638"}],"wp:term":[{"taxonomy":"product_brand","embeddable":true,"href":"https:\/\/williamweir.com\/fr\/wp-json\/wp\/v2\/product_brand?post=5638"},{"taxonomy":"product_cat","embeddable":true,"href":"https:\/\/williamweir.com\/fr\/wp-json\/wp\/v2\/product_cat?post=5638"},{"taxonomy":"product_tag","embeddable":true,"href":"https:\/\/williamweir.com\/fr\/wp-json\/wp\/v2\/product_tag?post=5638"}],"curies":[{"name":"wp","href":"https:\/\/api.w.org\/{rel}","templated":true}]}}