{"id":5631,"date":"2024-10-31T08:41:35","date_gmt":"2024-10-31T08:41:35","guid":{"rendered":"https:\/\/williamweir.com\/?post_type=product&#038;p=5631"},"modified":"2025-05-24T01:12:38","modified_gmt":"2025-05-24T01:12:38","slug":"dry-cleaning-agent-for-down-jackets","status":"publish","type":"product","link":"https:\/\/williamweir.com\/fr\/produit\/dry-cleaning-agent-for-down-jackets\/","title":{"rendered":"Agent de nettoyage \u00e0 sec pour les vestes en duvet"},"content":{"rendered":"<p><strong>Code produit\uff1a1441<\/strong><\/p>\n<p><strong>**I. Pr\u00e9sentation du produit**<\/strong><\/p>\n<p>Le nettoyant \u00e0 sec pour vestes en duvet de Williamweir est un produit de nettoyage tr\u00e8s efficace sp\u00e9cialement con\u00e7u pour nettoyer les vestes en duvet. Gr\u00e2ce \u00e0 sa formule unique, il permet d'\u00e9liminer rapidement diverses taches sur les doudounes, telles que les taches d'huile, de salet\u00e9, de poussi\u00e8re, etc., sans endommager le tissu et le rembourrage de la doudoune, tout en pr\u00e9servant les performances d'isolation thermique et l'aspect de la doudoune.<\/p>\n<p><strong>**II. Ingr\u00e9dients du produit**<\/strong><\/p>\n<p>Il contient principalement des surfactants, des d\u00e9tergents, des adoucisseurs, de l'eau d\u00e9min\u00e9ralis\u00e9e et d'autres ingr\u00e9dients.<\/p>\n<p>**III. Champ d'application**<\/p>\n<p>Il convient aux vestes en duvet de diff\u00e9rents mat\u00e9riaux, y compris les vestes en duvet d'oie et de canard, ainsi que les vestes en duvet fabriqu\u00e9es \u00e0 partir de tissus tels que le nylon et la fibre de polyester.<\/p>\n<p><strong>**IV. M\u00e9thode d'utilisation**<\/strong><\/p>\n<p>Secouez bien le produit de nettoyage \u00e0 sec, puis vaporisez-le sur la tache de la doudoune \u00e0 une distance d'environ 15 \u00e0 20 centim\u00e8tres de la tache.<br \/>\nEssuyez doucement la zone tach\u00e9e avec un chiffon doux et propre ou une \u00e9ponge pour que le nettoyant \u00e0 sec p\u00e9n\u00e8tre compl\u00e8tement et d\u00e9compose la tache. Pour les taches tenaces, vous pouvez vaporiser et essuyer plusieurs fois.<br \/>\nApr\u00e8s l'avoir essuy\u00e9, essuyez les r\u00e9sidus de nettoyant \u00e0 sec avec un chiffon propre et humide, puis s\u00e9chez-le avec un chiffon sec ou placez-le dans un endroit ventil\u00e9 pour qu'il s\u00e8che naturellement.<\/p>\n<p><strong>**V. Pr\u00e9cautions**<\/strong><\/p>\n<p>Ce produit est destin\u00e9 \u00e0 un usage externe uniquement. \u00c9viter tout contact avec les yeux et la bouche. En cas de contact accidentel, rincer imm\u00e9diatement et abondamment \u00e0 l'eau et consulter rapidement un m\u00e9decin.<br \/>\nVeuillez placer ce produit dans un endroit inaccessible aux enfants afin d'\u00e9viter qu'ils ne le mangent ou ne l'utilisent par erreur.<br \/>\nPour les doudounes dot\u00e9es de tissus ou de rev\u00eatements sp\u00e9ciaux, il est recommand\u00e9 d'effectuer un test \u00e0 petite \u00e9chelle sur une zone peu visible avant l'utilisation afin de confirmer qu'il n'y a pas de r\u00e9action ind\u00e9sirable avant de proc\u00e9der \u00e0 un nettoyage complet.<br \/>\n\u00c9vitez de stocker ce produit \u00e0 une temp\u00e9rature \u00e9lev\u00e9e, \u00e0 la lumi\u00e8re directe du soleil ou dans un environnement humide afin de ne pas en affecter les performances.<br \/>\n5. En cours d'utilisation, si des conditions anormales telles que d\u00e9coloration, d\u00e9coloration et d\u00e9formation de la doudoune sont constat\u00e9es, cessez imm\u00e9diatement de l'utiliser et consultez l'avis d'un professionnel.<\/p>","protected":false},"excerpt":{"rendered":"<p>Notre usine fournit des services de traitement OEM\/ODM, nous pouvons concevoir des produits sur mesure pour vous ; Notre MOQ est faible, g\u00e9n\u00e9ralement la quantit\u00e9 minimale est de 1000 bouteilles peuvent \u00eatre produites ; Nos produits sont peu co\u00fbteux, d'excellente qualit\u00e9, en conformit\u00e9 avec toutes les lois et r\u00e9glementations nationales et les besoins des clients !<\/p>\n<h3><strong>\u00a0 \u00a0 \u00a0 Nous proposons \u00e9galement les services suivants<\/strong><\/h3>\n<h4><strong>\u2714 Source transfrontali\u00e8re \u2714 Prise en charge de la personnalisation<\/strong><\/h4>\n<h4><strong>\u2714 Usine de production \u2714 D\u00e9veloppement de produits<\/strong><\/h4>\n<h4><strong>\u2714 Adaptation \u00e0 l'\u00e9chantillon \u2714 Autorisation de la marque<\/strong><\/h4>\n<p>&nbsp;<\/p>\n<h2 style=\"text-align: left;\"><strong>Questions ou commentaires ? <\/strong><\/h2>\n<h2 style=\"text-align: left;\"><strong>wlwer@williamweir.com<\/strong><\/h2>\n<h4><strong>\u00a0<\/strong><\/h4>","protected":false},"featured_media":5632,"template":"","meta":{"_uag_custom_page_level_css":"","site-sidebar-layout":"default","site-content-layout":"","ast-site-content-layout":"default","site-content-style":"default","site-sidebar-style":"default","ast-global-header-display":"","ast-banner-title-visibility":"","ast-main-header-display":"","ast-hfb-above-header-display":"","ast-hfb-below-header-display":"","ast-hfb-mobile-header-display":"","site-post-title":"","ast-breadcrumbs-content":"","ast-featured-img":"","footer-sml-layout":"","theme-transparent-header-meta":"default","adv-header-id-meta":"","stick-header-meta":"","header-above-stick-meta":"","header-main-stick-meta":"","header-below-stick-meta":"","astra-migrate-meta-layouts":"set","ast-page-background-enabled":"default","ast-page-background-meta":{"desktop":{"background-color":"","background-image":"","background-repeat":"repeat","background-position":"center center","background-size":"auto","background-attachment":"scroll","background-type":"","background-media":"","overlay-type":"","overlay-color":"","overlay-opacity":"","overlay-gradient":""},"tablet":{"background-color":"","background-image":"","background-repeat":"repeat","background-position":"center center","background-size":"auto","background-attachment":"scroll","background-type":"","background-media":"","overlay-type":"","overlay-color":"","overlay-opacity":"","overlay-gradient":""},"mobile":{"background-color":"","background-image":"","background-repeat":"repeat","background-position":"center center","background-size":"auto","background-attachment":"scroll","background-type":"","background-media":"","overlay-type":"","overlay-color":"","overlay-opacity":"","overlay-gradient":""}},"ast-content-background-meta":{"desktop":{"background-color":"var(--ast-global-color-5)","background-image":"","background-repeat":"repeat","background-position":"center center","background-size":"auto","background-attachment":"scroll","background-type":"","background-media":"","overlay-type":"","overlay-color":"","overlay-opacity":"","overlay-gradient":""},"tablet":{"background-color":"var(--ast-global-color-5)","background-image":"","background-repeat":"repeat","background-position":"center center","background-size":"auto","background-attachment":"scroll","background-type":"","background-media":"","overlay-type":"","overlay-color":"","overlay-opacity":"","overlay-gradient":""},"mobile":{"background-color":"var(--ast-global-color-5)","background-image":"","background-repeat":"repeat","background-position":"center center","background-size":"auto","background-attachment":"scroll","background-type":"","background-media":"","overlay-type":"","overlay-color":"","overlay-opacity":"","overlay-gradient":""}}},"product_brand":[],"product_cat":[76],"product_tag":[182,181],"class_list":{"0":"post-5631","1":"product","2":"type-product","3":"status-publish","4":"has-post-thumbnail","6":"product_cat-laundry-care","7":"product_tag-clothing-cleaner","8":"product_tag-down-jacket-cleaner","9":"desktop-align-center","10":"tablet-align-left","11":"mobile-align-left","12":"ast-product-gallery-layout-horizontal-slider","13":"ast-product-tabs-layout-horizontal","15":"first","16":"instock","17":"featured","18":"shipping-taxable","19":"product-type-simple"},"aioseo_notices":[],"uagb_featured_image_src":{"full":["https:\/\/williamweir.com\/wp-content\/uploads\/2024\/10\/9832609.jpg",800,800,false],"thumbnail":["https:\/\/williamweir.com\/wp-content\/uploads\/2024\/10\/9832609-300x300.jpg",300,300,true],"medium":["https:\/\/williamweir.com\/wp-content\/uploads\/2024\/10\/9832609-600x600.jpg",600,600,true],"medium_large":["https:\/\/williamweir.com\/wp-content\/uploads\/2024\/10\/9832609-768x768.jpg",768,768,true],"large":["https:\/\/williamweir.com\/wp-content\/uploads\/2024\/10\/9832609.jpg",800,800,false],"1536x1536":["https:\/\/williamweir.com\/wp-content\/uploads\/2024\/10\/9832609.jpg",800,800,false],"2048x2048":["https:\/\/williamweir.com\/wp-content\/uploads\/2024\/10\/9832609.jpg",800,800,false],"trp-custom-language-flag":["https:\/\/williamweir.com\/wp-content\/uploads\/2024\/10\/9832609-12x12.jpg",12,12,true],"woocommerce_thumbnail":["https:\/\/williamweir.com\/wp-content\/uploads\/2024\/10\/9832609-600x600.jpg",600,600,true],"woocommerce_single":["https:\/\/williamweir.com\/wp-content\/uploads\/2024\/10\/9832609-600x600.jpg",600,600,true],"woocommerce_gallery_thumbnail":["https:\/\/williamweir.com\/wp-content\/uploads\/2024\/10\/9832609-100x100.jpg",100,100,true]},"uagb_author_info":{"display_name":"wlwer","author_link":"https:\/\/williamweir.com\/fr\/author\/"},"uagb_comment_info":0,"uagb_excerpt":"Our factory provides OEM\/ODM processing services, we can tailor products for you; Our MOQ is low, generally the minimum quantity is 1000 bottles can be produced; Our products are inexpensive, excellent product quality, in line with any national laws and regulations and customer needs! \u00a0 \u00a0 \u00a0 We also offer the following services \u2714\u00a0 Cross-border\u2026","_links":{"self":[{"href":"https:\/\/williamweir.com\/fr\/wp-json\/wp\/v2\/product\/5631"}],"collection":[{"href":"https:\/\/williamweir.com\/fr\/wp-json\/wp\/v2\/product"}],"about":[{"href":"https:\/\/williamweir.com\/fr\/wp-json\/wp\/v2\/types\/product"}],"version-history":[{"count":4,"href":"https:\/\/williamweir.com\/fr\/wp-json\/wp\/v2\/product\/5631\/revisions"}],"predecessor-version":[{"id":8186,"href":"https:\/\/williamweir.com\/fr\/wp-json\/wp\/v2\/product\/5631\/revisions\/8186"}],"wp:featuredmedia":[{"embeddable":true,"href":"https:\/\/williamweir.com\/fr\/wp-json\/wp\/v2\/media\/5632"}],"wp:attachment":[{"href":"https:\/\/williamweir.com\/fr\/wp-json\/wp\/v2\/media?parent=5631"}],"wp:term":[{"taxonomy":"product_brand","embeddable":true,"href":"https:\/\/williamweir.com\/fr\/wp-json\/wp\/v2\/product_brand?post=5631"},{"taxonomy":"product_cat","embeddable":true,"href":"https:\/\/williamweir.com\/fr\/wp-json\/wp\/v2\/product_cat?post=5631"},{"taxonomy":"product_tag","embeddable":true,"href":"https:\/\/williamweir.com\/fr\/wp-json\/wp\/v2\/product_tag?post=5631"}],"curies":[{"name":"wp","href":"https:\/\/api.w.org\/{rel}","templated":true}]}}