{"id":5627,"date":"2024-10-31T08:39:50","date_gmt":"2024-10-31T08:39:50","guid":{"rendered":"https:\/\/williamweir.com\/?post_type=product&#038;p=5627"},"modified":"2025-05-24T01:12:48","modified_gmt":"2025-05-24T01:12:48","slug":"bleach-colour-cleaner","status":"publish","type":"product","link":"https:\/\/williamweir.com\/fr\/produit\/bleach-colour-cleaner\/","title":{"rendered":"Nettoyeur de couleurs \u00e0 l'eau de Javel"},"content":{"rendered":"<p><strong>Code produit\uff1a0543<\/strong><\/p>\n<p><strong>I. Pr\u00e9sentation du produit<\/strong><\/p>\n<p>Ce produit est un agent de blanchiment sp\u00e9cialement con\u00e7u pour les v\u00eatements de couleur. Il permet d'\u00e9liminer efficacement les taches et les points jaunes sur les v\u00eatements tout en conservant leur couleur vive et en \u00e9vitant qu'elle ne se d\u00e9colore.<\/p>\n<p><strong>II. Caract\u00e9ristiques du produit<\/strong><\/p>\n<p>D\u00e9contamination puissante : Il peut rapidement d\u00e9composer diverses taches, y compris les taches de th\u00e9, de caf\u00e9, de jus, etc., et restaurer la propret\u00e9 des v\u00eatements.<br \/>\nProtection et \u00e9claircissement des couleurs : Tout en \u00e9liminant les taches, il n'endommage pas la couleur des v\u00eatements. Au contraire, il peut rendre les couleurs plus vives.<br \/>\nS\u00fbr et respectueux de l'environnement : il ne contient pas de produits chimiques nocifs et est inoffensif pour l'homme et l'environnement. Il peut \u00eatre utilis\u00e9 en toute s\u00e9curit\u00e9.<br \/>\nLargement applicable : Il convient aux v\u00eatements de diff\u00e9rentes couleurs, y compris le coton, le lin, la soie, la laine, etc.<\/p>\n<p><strong>III. Instructions d'utilisation<\/strong><\/p>\n<p>Diluer le produit avec de l'eau dans un rapport de 1:100. Verser de l'eau chaude \u00e0 plus de 80 degr\u00e9s Celsius pour dissoudre compl\u00e8tement le produit. M\u00e9langez-le avec une quantit\u00e9 appropri\u00e9e de lessive en poudre ou de d\u00e9tergent pour le linge et remuez uniform\u00e9ment (si le m\u00e9lange n'est pas uniforme, il est facile de provoquer des marbrures de couleur). Ajoutez ensuite les v\u00eatements pour les faire tremper et les nettoyer. Il est recommand\u00e9 d'utiliser 2 \u00e0 3 bouchons de bouteille pour 2 \u00e0 3 v\u00eatements d'\u00e9t\u00e9 l\u00e9gers, et 3 \u00e0 5 bouchons de bouteille pour les v\u00eatements d'hiver lourds. Apr\u00e8s avoir remu\u00e9 et dissous le produit, les v\u00eatements qui ne craignent pas la chaleur peuvent \u00eatre tremp\u00e9s directement. Les v\u00eatements qui craignent la chaleur peuvent \u00eatre tremp\u00e9s lorsque la temp\u00e9rature de l'eau descend en dessous de 40 degr\u00e9s Celsius. Le temps de trempage est de 2 \u00e0 6 heures (les v\u00eatements fonc\u00e9s doivent \u00eatre utilis\u00e9s s\u00e9par\u00e9ment des v\u00eatements clairs). Pour les v\u00eatements soumis \u00e0 des normes de lavage, il suffit de suivre ces normes. Pour les taches tenaces, le temps de trempage peut \u00eatre augment\u00e9 de mani\u00e8re appropri\u00e9e.<\/p>\n<p><strong>IV. Les pr\u00e9cautions \u00e0 prendre<\/strong><\/p>\n<p>Veuillez lire attentivement le mode d'emploi du produit avant de l'utiliser et l'utiliser conform\u00e9ment aux instructions.<br \/>\n\u00c9viter le contact avec les yeux et la peau. En cas de contact accidentel, rincer imm\u00e9diatement \u00e0 l'eau claire.<br \/>\nA conserver dans un endroit frais et sec, \u00e0 l'abri de la lumi\u00e8re directe du soleil.<br \/>\nNe pas m\u00e9langer avec d'autres nettoyants afin d'\u00e9viter des r\u00e9actions chimiques ind\u00e9sirables.<br \/>\nPour les v\u00eatements qui se d\u00e9colorent facilement, veuillez d'abord faire un essai sur une zone peu visible pour confirmer qu'il n'y a pas de ph\u00e9nom\u00e8ne de d\u00e9coloration avant d'utiliser le produit.<\/p>","protected":false},"excerpt":{"rendered":"<p>Notre usine fournit des services de traitement OEM\/ODM, nous pouvons concevoir des produits sur mesure pour vous ; Notre MOQ est faible, g\u00e9n\u00e9ralement la quantit\u00e9 minimale est de 1000 bouteilles peuvent \u00eatre produites ; Nos produits sont peu co\u00fbteux, d'excellente qualit\u00e9, en conformit\u00e9 avec toutes les lois et r\u00e9glementations nationales et les besoins des clients !<\/p>\n<h3><strong>\u00a0 \u00a0 \u00a0 Nous proposons \u00e9galement les services suivants<\/strong><\/h3>\n<h4><strong><img decoding=\"async\" class=\"emoji\" role=\"img\" draggable=\"false\" src=\"https:\/\/s.w.org\/images\/core\/emoji\/15.0.3\/svg\/2714.svg\" alt=\"\u2714\" \/>\u00a0 Source transfrontali\u00e8re\u00a0 \u00a0 \u00a0 \u00a0 \u00a0\u00a0<img decoding=\"async\" class=\"emoji\" role=\"img\" draggable=\"false\" src=\"https:\/\/s.w.org\/images\/core\/emoji\/15.0.3\/svg\/2714.svg\" alt=\"\u2714\" \/>\u00a0 Personnalisation du support<\/strong><\/h4>\n<h4><strong><img decoding=\"async\" class=\"emoji\" role=\"img\" draggable=\"false\" src=\"https:\/\/s.w.org\/images\/core\/emoji\/15.0.3\/svg\/2714.svg\" alt=\"\u2714\" \/>\u00a0 Usine source\u00a0 \u00a0 \u00a0 \u00a0 \u00a0 \u00a0 \u00a0 \u00a0 \u00a0 \u00a0 \u00a0 \u00a0<img decoding=\"async\" class=\"emoji\" role=\"img\" draggable=\"false\" src=\"https:\/\/s.w.org\/images\/core\/emoji\/15.0.3\/svg\/2714.svg\" alt=\"\u2714\" \/>\u00a0 D\u00e9veloppement de produits<\/strong><\/h4>\n<h4><strong><img decoding=\"async\" class=\"emoji\" role=\"img\" draggable=\"false\" src=\"https:\/\/s.w.org\/images\/core\/emoji\/15.0.3\/svg\/2714.svg\" alt=\"\u2714\" \/>\u00a0 Adaptation \u00e0 l'\u00e9chantillon\u00a0 \u00a0 \u00a0 \u00a0 \u00a0 \u00a0 \u00a0 \u00a0 \u00a0 \u00a0\u00a0<img decoding=\"async\" class=\"emoji\" role=\"img\" draggable=\"false\" src=\"https:\/\/s.w.org\/images\/core\/emoji\/15.0.3\/svg\/2714.svg\" alt=\"\u2714\" \/>\u00a0 Autorisation de la marque<\/strong><\/h4>\n<p>&nbsp;<\/p>\n<h2 style=\"text-align: left;\"><strong>Questions ou commentaires ? <\/strong><\/h2>\n<h2 style=\"text-align: left;\"><strong>wlwer@williamweir.com<\/strong><\/h2>\n<h4><strong>\u00a0<\/strong><\/h4>","protected":false},"featured_media":5628,"template":"","meta":{"_uag_custom_page_level_css":"","site-sidebar-layout":"default","site-content-layout":"","ast-site-content-layout":"default","site-content-style":"default","site-sidebar-style":"default","ast-global-header-display":"","ast-banner-title-visibility":"","ast-main-header-display":"","ast-hfb-above-header-display":"","ast-hfb-below-header-display":"","ast-hfb-mobile-header-display":"","site-post-title":"","ast-breadcrumbs-content":"","ast-featured-img":"","footer-sml-layout":"","theme-transparent-header-meta":"default","adv-header-id-meta":"","stick-header-meta":"","header-above-stick-meta":"","header-main-stick-meta":"","header-below-stick-meta":"","astra-migrate-meta-layouts":"set","ast-page-background-enabled":"default","ast-page-background-meta":{"desktop":{"background-color":"","background-image":"","background-repeat":"repeat","background-position":"center center","background-size":"auto","background-attachment":"scroll","background-type":"","background-media":"","overlay-type":"","overlay-color":"","overlay-opacity":"","overlay-gradient":""},"tablet":{"background-color":"","background-image":"","background-repeat":"repeat","background-position":"center center","background-size":"auto","background-attachment":"scroll","background-type":"","background-media":"","overlay-type":"","overlay-color":"","overlay-opacity":"","overlay-gradient":""},"mobile":{"background-color":"","background-image":"","background-repeat":"repeat","background-position":"center center","background-size":"auto","background-attachment":"scroll","background-type":"","background-media":"","overlay-type":"","overlay-color":"","overlay-opacity":"","overlay-gradient":""}},"ast-content-background-meta":{"desktop":{"background-color":"var(--ast-global-color-5)","background-image":"","background-repeat":"repeat","background-position":"center center","background-size":"auto","background-attachment":"scroll","background-type":"","background-media":"","overlay-type":"","overlay-color":"","overlay-opacity":"","overlay-gradient":""},"tablet":{"background-color":"var(--ast-global-color-5)","background-image":"","background-repeat":"repeat","background-position":"center center","background-size":"auto","background-attachment":"scroll","background-type":"","background-media":"","overlay-type":"","overlay-color":"","overlay-opacity":"","overlay-gradient":""},"mobile":{"background-color":"var(--ast-global-color-5)","background-image":"","background-repeat":"repeat","background-position":"center center","background-size":"auto","background-attachment":"scroll","background-type":"","background-media":"","overlay-type":"","overlay-color":"","overlay-opacity":"","overlay-gradient":""}}},"product_brand":[],"product_cat":[76],"product_tag":[184,183],"class_list":{"0":"post-5627","1":"product","2":"type-product","3":"status-publish","4":"has-post-thumbnail","6":"product_cat-laundry-care","7":"product_tag-color-bleaching-agent","8":"product_tag-explosive-salt","9":"desktop-align-center","10":"tablet-align-left","11":"mobile-align-left","12":"ast-product-gallery-layout-horizontal-slider","13":"ast-product-tabs-layout-horizontal","15":"first","16":"instock","17":"shipping-taxable","18":"product-type-simple"},"aioseo_notices":[],"uagb_featured_image_src":{"full":["https:\/\/williamweir.com\/wp-content\/uploads\/2024\/10\/9832607.jpg",800,800,false],"thumbnail":["https:\/\/williamweir.com\/wp-content\/uploads\/2024\/10\/9832607-300x300.jpg",300,300,true],"medium":["https:\/\/williamweir.com\/wp-content\/uploads\/2024\/10\/9832607-600x600.jpg",600,600,true],"medium_large":["https:\/\/williamweir.com\/wp-content\/uploads\/2024\/10\/9832607-768x768.jpg",768,768,true],"large":["https:\/\/williamweir.com\/wp-content\/uploads\/2024\/10\/9832607.jpg",800,800,false],"1536x1536":["https:\/\/williamweir.com\/wp-content\/uploads\/2024\/10\/9832607.jpg",800,800,false],"2048x2048":["https:\/\/williamweir.com\/wp-content\/uploads\/2024\/10\/9832607.jpg",800,800,false],"trp-custom-language-flag":["https:\/\/williamweir.com\/wp-content\/uploads\/2024\/10\/9832607-12x12.jpg",12,12,true],"woocommerce_thumbnail":["https:\/\/williamweir.com\/wp-content\/uploads\/2024\/10\/9832607-600x600.jpg",600,600,true],"woocommerce_single":["https:\/\/williamweir.com\/wp-content\/uploads\/2024\/10\/9832607-600x600.jpg",600,600,true],"woocommerce_gallery_thumbnail":["https:\/\/williamweir.com\/wp-content\/uploads\/2024\/10\/9832607-100x100.jpg",100,100,true]},"uagb_author_info":{"display_name":"wlwer","author_link":"https:\/\/williamweir.com\/fr\/author\/"},"uagb_comment_info":0,"uagb_excerpt":"Our factory provides OEM\/ODM processing services, we can tailor products for you; Our MOQ is low, generally the minimum quantity is 1000 bottles can be produced; Our products are inexpensive, excellent product quality, in line with any national laws and regulations and customer needs! \u00a0 \u00a0 \u00a0 We also offer the following services \u00a0 Cross-border\u2026","_links":{"self":[{"href":"https:\/\/williamweir.com\/fr\/wp-json\/wp\/v2\/product\/5627"}],"collection":[{"href":"https:\/\/williamweir.com\/fr\/wp-json\/wp\/v2\/product"}],"about":[{"href":"https:\/\/williamweir.com\/fr\/wp-json\/wp\/v2\/types\/product"}],"version-history":[{"count":5,"href":"https:\/\/williamweir.com\/fr\/wp-json\/wp\/v2\/product\/5627\/revisions"}],"predecessor-version":[{"id":8187,"href":"https:\/\/williamweir.com\/fr\/wp-json\/wp\/v2\/product\/5627\/revisions\/8187"}],"wp:featuredmedia":[{"embeddable":true,"href":"https:\/\/williamweir.com\/fr\/wp-json\/wp\/v2\/media\/5628"}],"wp:attachment":[{"href":"https:\/\/williamweir.com\/fr\/wp-json\/wp\/v2\/media?parent=5627"}],"wp:term":[{"taxonomy":"product_brand","embeddable":true,"href":"https:\/\/williamweir.com\/fr\/wp-json\/wp\/v2\/product_brand?post=5627"},{"taxonomy":"product_cat","embeddable":true,"href":"https:\/\/williamweir.com\/fr\/wp-json\/wp\/v2\/product_cat?post=5627"},{"taxonomy":"product_tag","embeddable":true,"href":"https:\/\/williamweir.com\/fr\/wp-json\/wp\/v2\/product_tag?post=5627"}],"curies":[{"name":"wp","href":"https:\/\/api.w.org\/{rel}","templated":true}]}}