{"id":5618,"date":"2024-10-31T08:34:44","date_gmt":"2024-10-31T08:34:44","guid":{"rendered":"https:\/\/williamweir.com\/?post_type=product&#038;p=5618"},"modified":"2025-05-24T01:13:07","modified_gmt":"2025-05-24T01:13:07","slug":"wood-care-orange-oil","status":"publish","type":"product","link":"https:\/\/williamweir.com\/fr\/produit\/wood-care-orange-oil\/","title":{"rendered":"Huile d'orange pour l'entretien du bois."},"content":{"rendered":"<p><strong>Code produit\uff1a2882<\/strong><\/p>\n<p><strong>I. Pr\u00e9sentation du produit<\/strong><\/p>\n<p>Ce produit est une huile d'orange pour l'entretien du bois sp\u00e9cialement con\u00e7ue pour les meubles en bois et les produits en bois. Elle est extraite d'oranges naturelles et soigneusement formul\u00e9e \u00e0 l'aide d'une technologie avanc\u00e9e. Elle peut nettoyer, nourrir et prot\u00e9ger en profondeur la surface du bois, permettant ainsi \u00e0 vos meubles en bois de reproduire leur beaut\u00e9 naturelle et d'\u00eatre durables.<\/p>\n<p><strong>II. Caract\u00e9ristiques du produit<\/strong><\/p>\n<p>Naturel et pur : l'huile d'orange naturelle \u00e9tant l'ingr\u00e9dient principal, elle ne contient pas de produits chimiques nocifs. Il est doux et non irritant, s\u00fbr et respectueux de l'homme et de l'environnement.<br \/>\nNettoyage efficace : \u00c9limine rapidement la poussi\u00e8re, les taches et la salet\u00e9 sur la surface en bois, redonnant au bois un aspect propre et net.<br \/>\nNourrit en profondeur : P\u00e9n\u00e8tre profond\u00e9ment \u00e0 l'int\u00e9rieur du bois pour apporter de l'humidit\u00e9 et des nutriments au bois et emp\u00eacher efficacement le bois de se dess\u00e9cher et de se fissurer.<br \/>\nApporte de l'\u00e9clat : Les surfaces en bois brillent d'un \u00e9clat naturel et am\u00e9liorent l'esth\u00e9tique et la qualit\u00e9 des meubles en bois.<br \/>\nEffet durable : Une seule utilisation permet de maintenir le bon \u00e9tat des meubles en bois pendant longtemps.<\/p>\n<p><strong>III. Instructions d'utilisation<\/strong><\/p>\n<p>Nettoyer et s\u00e9cher le meuble ; il est recommand\u00e9 de l'utiliser conjointement avec le nettoyant pour sols William weir.<br \/>\nUtiliser une \u00e9ponge ou un chiffon pour appliquer uniform\u00e9ment ce produit sur le sol ou les meubles.<br \/>\nLorsque l'huile d'orange est s\u00e8che, utilisez une serviette propre ou des gants de polissage pour essuyer et polir \u00e0 plusieurs reprises.<br \/>\nPour un traitement en profondeur, un temps de repos un peu plus long est n\u00e9cessaire, environ 24 heures, ce qui permet \u00e0 l'huile d'orange de p\u00e9n\u00e9trer \u00e0 l'int\u00e9rieur du bois.<\/p>\n<p><strong>IV. Les pr\u00e9cautions \u00e0 prendre<\/strong><\/p>\n<p>Le produit doit \u00eatre conserv\u00e9 dans un endroit frais et sec, hors de port\u00e9e des enfants.<br \/>\nCe produit n'est pas comestible. Lors de son utilisation, \u00e9viter tout contact avec les yeux et la bouche. En cas de contact accidentel, rincer imm\u00e9diatement \u00e0 l'eau claire.<br \/>\nLorsque vous l'utilisez, suivez le principe d'utiliser une petite quantit\u00e9 plusieurs fois afin d'\u00e9viter une utilisation excessive qui rendrait la surface du bois trop grasse.<br \/>\nLes diff\u00e9rents types de bois peuvent r\u00e9agir diff\u00e9remment \u00e0 l'huile d'orange. Il est recommand\u00e9 de faire d'abord un essai sur une zone peu visible.<br \/>\nL'utilisation r\u00e9guli\u00e8re de ce produit d'entretien du bois permet de maintenir le bon \u00e9tat des meubles en bois et de prolonger leur dur\u00e9e de vie.<\/p>","protected":false},"excerpt":{"rendered":"<p>Notre usine fournit des services de traitement OEM\/ODM, nous pouvons concevoir des produits sur mesure pour vous ; Notre MOQ est faible, g\u00e9n\u00e9ralement la quantit\u00e9 minimale est de 1000 bouteilles peuvent \u00eatre produites ; Nos produits sont peu co\u00fbteux, d'excellente qualit\u00e9, en conformit\u00e9 avec toutes les lois et r\u00e9glementations nationales et les besoins des clients !<\/p>\n<h3><strong>\u00a0 \u00a0 \u00a0 Nous proposons \u00e9galement les services suivants<\/strong><\/h3>\n<h4><strong><img decoding=\"async\" class=\"emoji\" role=\"img\" draggable=\"false\" src=\"https:\/\/s.w.org\/images\/core\/emoji\/15.0.3\/svg\/2714.svg\" alt=\"\u2714\" \/>\u00a0 Source transfrontali\u00e8re\u00a0 \u00a0 \u00a0 \u00a0 \u00a0\u00a0<img decoding=\"async\" class=\"emoji\" role=\"img\" draggable=\"false\" src=\"https:\/\/s.w.org\/images\/core\/emoji\/15.0.3\/svg\/2714.svg\" alt=\"\u2714\" \/>\u00a0 Personnalisation du support<\/strong><\/h4>\n<h4><strong><img decoding=\"async\" class=\"emoji\" role=\"img\" draggable=\"false\" src=\"https:\/\/s.w.org\/images\/core\/emoji\/15.0.3\/svg\/2714.svg\" alt=\"\u2714\" \/>\u00a0 Usine source\u00a0 \u00a0 \u00a0 \u00a0 \u00a0 \u00a0 \u00a0 \u00a0 \u00a0 \u00a0 \u00a0 \u00a0<img decoding=\"async\" class=\"emoji\" role=\"img\" draggable=\"false\" src=\"https:\/\/s.w.org\/images\/core\/emoji\/15.0.3\/svg\/2714.svg\" alt=\"\u2714\" \/>\u00a0 D\u00e9veloppement de produits<\/strong><\/h4>\n<h4><strong><img decoding=\"async\" class=\"emoji\" role=\"img\" draggable=\"false\" src=\"https:\/\/s.w.org\/images\/core\/emoji\/15.0.3\/svg\/2714.svg\" alt=\"\u2714\" \/>\u00a0 Adaptation \u00e0 l'\u00e9chantillon\u00a0 \u00a0 \u00a0 \u00a0 \u00a0 \u00a0 \u00a0 \u00a0 \u00a0 \u00a0\u00a0<img decoding=\"async\" class=\"emoji\" role=\"img\" draggable=\"false\" src=\"https:\/\/s.w.org\/images\/core\/emoji\/15.0.3\/svg\/2714.svg\" alt=\"\u2714\" \/>\u00a0 Autorisation de la marque<\/strong><\/h4>\n<p>&nbsp;<\/p>\n<h2 style=\"text-align: left;\"><strong>Questions ou commentaires ? <\/strong><\/h2>\n<h2 style=\"text-align: left;\"><strong>wlwer@williamweir.com<\/strong><\/h2>\n<h4><strong>\u00a0<\/strong><\/h4>","protected":false},"featured_media":11375,"template":"","meta":{"_uag_custom_page_level_css":"","site-sidebar-layout":"default","site-content-layout":"","ast-site-content-layout":"default","site-content-style":"default","site-sidebar-style":"default","ast-global-header-display":"","ast-banner-title-visibility":"","ast-main-header-display":"","ast-hfb-above-header-display":"","ast-hfb-below-header-display":"","ast-hfb-mobile-header-display":"","site-post-title":"","ast-breadcrumbs-content":"","ast-featured-img":"","footer-sml-layout":"","theme-transparent-header-meta":"default","adv-header-id-meta":"","stick-header-meta":"","header-above-stick-meta":"","header-main-stick-meta":"","header-below-stick-meta":"","astra-migrate-meta-layouts":"set","ast-page-background-enabled":"default","ast-page-background-meta":{"desktop":{"background-color":"","background-image":"","background-repeat":"repeat","background-position":"center center","background-size":"auto","background-attachment":"scroll","background-type":"","background-media":"","overlay-type":"","overlay-color":"","overlay-opacity":"","overlay-gradient":""},"tablet":{"background-color":"","background-image":"","background-repeat":"repeat","background-position":"center center","background-size":"auto","background-attachment":"scroll","background-type":"","background-media":"","overlay-type":"","overlay-color":"","overlay-opacity":"","overlay-gradient":""},"mobile":{"background-color":"","background-image":"","background-repeat":"repeat","background-position":"center center","background-size":"auto","background-attachment":"scroll","background-type":"","background-media":"","overlay-type":"","overlay-color":"","overlay-opacity":"","overlay-gradient":""}},"ast-content-background-meta":{"desktop":{"background-color":"var(--ast-global-color-5)","background-image":"","background-repeat":"repeat","background-position":"center center","background-size":"auto","background-attachment":"scroll","background-type":"","background-media":"","overlay-type":"","overlay-color":"","overlay-opacity":"","overlay-gradient":""},"tablet":{"background-color":"var(--ast-global-color-5)","background-image":"","background-repeat":"repeat","background-position":"center center","background-size":"auto","background-attachment":"scroll","background-type":"","background-media":"","overlay-type":"","overlay-color":"","overlay-opacity":"","overlay-gradient":""},"mobile":{"background-color":"var(--ast-global-color-5)","background-image":"","background-repeat":"repeat","background-position":"center center","background-size":"auto","background-attachment":"scroll","background-type":"","background-media":"","overlay-type":"","overlay-color":"","overlay-opacity":"","overlay-gradient":""}}},"product_brand":[],"product_cat":[71],"product_tag":[145,149,84],"class_list":{"0":"post-5618","1":"product","2":"type-product","3":"status-publish","4":"has-post-thumbnail","6":"product_cat-maintenance-polishing-of-wood-products","7":"product_tag-maintenance-oil","8":"product_tag-natural-orange-oil","9":"product_tag-wood-care","10":"desktop-align-center","11":"tablet-align-left","12":"mobile-align-left","13":"ast-product-gallery-layout-horizontal-slider","14":"ast-product-tabs-layout-horizontal","16":"first","17":"instock","18":"featured","19":"shipping-taxable","20":"product-type-simple"},"aioseo_notices":[],"uagb_featured_image_src":{"full":["https:\/\/williamweir.com\/wp-content\/uploads\/2024\/10\/1-9.jpg",1000,1000,false],"thumbnail":["https:\/\/williamweir.com\/wp-content\/uploads\/2024\/10\/1-9-300x300.jpg",300,300,true],"medium":["https:\/\/williamweir.com\/wp-content\/uploads\/2024\/10\/1-9-600x600.jpg",600,600,true],"medium_large":["https:\/\/williamweir.com\/wp-content\/uploads\/2024\/10\/1-9-768x768.jpg",768,768,true],"large":["https:\/\/williamweir.com\/wp-content\/uploads\/2024\/10\/1-9.jpg",1000,1000,false],"1536x1536":["https:\/\/williamweir.com\/wp-content\/uploads\/2024\/10\/1-9.jpg",1000,1000,false],"2048x2048":["https:\/\/williamweir.com\/wp-content\/uploads\/2024\/10\/1-9.jpg",1000,1000,false],"trp-custom-language-flag":["https:\/\/williamweir.com\/wp-content\/uploads\/2024\/10\/1-9-12x12.jpg",12,12,true],"woocommerce_thumbnail":["https:\/\/williamweir.com\/wp-content\/uploads\/2024\/10\/1-9-600x600.jpg",600,600,true],"woocommerce_single":["https:\/\/williamweir.com\/wp-content\/uploads\/2024\/10\/1-9-600x600.jpg",600,600,true],"woocommerce_gallery_thumbnail":["https:\/\/williamweir.com\/wp-content\/uploads\/2024\/10\/1-9-100x100.jpg",100,100,true]},"uagb_author_info":{"display_name":"wlwer","author_link":"https:\/\/williamweir.com\/fr\/author\/"},"uagb_comment_info":0,"uagb_excerpt":"Our factory provides OEM\/ODM processing services, we can tailor products for you; Our MOQ is low, generally the minimum quantity is 1000 bottles can be produced; Our products are inexpensive, excellent product quality, in line with any national laws and regulations and customer needs! \u00a0 \u00a0 \u00a0 We also offer the following services \u00a0 Cross-border\u2026","_links":{"self":[{"href":"https:\/\/williamweir.com\/fr\/wp-json\/wp\/v2\/product\/5618"}],"collection":[{"href":"https:\/\/williamweir.com\/fr\/wp-json\/wp\/v2\/product"}],"about":[{"href":"https:\/\/williamweir.com\/fr\/wp-json\/wp\/v2\/types\/product"}],"version-history":[{"count":5,"href":"https:\/\/williamweir.com\/fr\/wp-json\/wp\/v2\/product\/5618\/revisions"}],"predecessor-version":[{"id":8191,"href":"https:\/\/williamweir.com\/fr\/wp-json\/wp\/v2\/product\/5618\/revisions\/8191"}],"wp:featuredmedia":[{"embeddable":true,"href":"https:\/\/williamweir.com\/fr\/wp-json\/wp\/v2\/media\/11375"}],"wp:attachment":[{"href":"https:\/\/williamweir.com\/fr\/wp-json\/wp\/v2\/media?parent=5618"}],"wp:term":[{"taxonomy":"product_brand","embeddable":true,"href":"https:\/\/williamweir.com\/fr\/wp-json\/wp\/v2\/product_brand?post=5618"},{"taxonomy":"product_cat","embeddable":true,"href":"https:\/\/williamweir.com\/fr\/wp-json\/wp\/v2\/product_cat?post=5618"},{"taxonomy":"product_tag","embeddable":true,"href":"https:\/\/williamweir.com\/fr\/wp-json\/wp\/v2\/product_tag?post=5618"}],"curies":[{"name":"wp","href":"https:\/\/api.w.org\/{rel}","templated":true}]}}