{"id":5551,"date":"2024-10-31T08:04:22","date_gmt":"2024-10-31T08:04:22","guid":{"rendered":"https:\/\/williamweir.com\/?post_type=product&#038;p=5551"},"modified":"2025-05-24T01:30:41","modified_gmt":"2025-05-24T01:30:41","slug":"car-interior-care-wax-2","status":"publish","type":"product","link":"https:\/\/williamweir.com\/fr\/produit\/car-interior-care-wax-2\/","title":{"rendered":"Cire pour l'entretien des voitures et de l'int\u00e9rieur"},"content":{"rendered":"<p><strong>Code produit\uff1a0468<\/strong><\/p>\n<p><strong>I. Pr\u00e9sentation du produit :<\/strong><\/p>\n<p>Ce produit est un produit d'entretien de haute qualit\u00e9 sp\u00e9cialement con\u00e7u pour les int\u00e9rieurs de voiture. Il peut nettoyer et prot\u00e9ger efficacement diverses surfaces de l'int\u00e9rieur des voitures, telles que le cuir, le plastique, le caoutchouc, etc., et maintenir l'environnement int\u00e9rieur de votre voiture dans un \u00e9tat neuf.<\/p>\n<p><strong>II. Caract\u00e9ristiques du produit :<\/strong><\/p>\n<ol>\n<li>Nettoyage en profondeur : Enlever la salet\u00e9, la poussi\u00e8re et les taches sur la surface int\u00e9rieure pour rendre l'int\u00e9rieur propre et net.<\/li>\n<li>Nourrir et prot\u00e9ger : Riche en ingr\u00e9dients nourrissants, il peut p\u00e9n\u00e9trer dans les mat\u00e9riaux int\u00e9rieurs pour les nourrir et les prot\u00e9ger, pr\u00e9venant ainsi le vieillissement, les craquelures et la d\u00e9coloration.<\/li>\n<li>Antistatique : R\u00e9duit la production d'\u00e9lectricit\u00e9 statique, emp\u00eache l'adsorption de la poussi\u00e8re et garde l'int\u00e9rieur propre.<\/li>\n<li>Effet de brillance : La surface int\u00e9rieure pr\u00e9sente un \u00e9clat naturel et am\u00e9liore l'esth\u00e9tique g\u00e9n\u00e9rale de la voiture.<\/li>\n<li>S\u00fbr et respectueux de l'environnement : il ne contient pas de substances nocives, est inoffensif pour le corps humain et l'environnement de l'habitacle de la voiture et peut \u00eatre utilis\u00e9 en toute confiance.<\/li>\n<\/ol>\n<p><strong>III. M\u00e9thode d'utilisation :<\/strong><\/p>\n<ol>\n<li>Tout d'abord, nettoyez la surface de l'int\u00e9rieur de la voiture pour enlever la poussi\u00e8re et les d\u00e9bris.<\/li>\n<li>Appliquer une quantit\u00e9 appropri\u00e9e de cire d'entretien pour l'int\u00e9rieur de la voiture \u00e0 l'aide d'une \u00e9ponge ou d'un chiffon doux.<\/li>\n<li>Appliquez-le uniform\u00e9ment sur la surface de l'int\u00e9rieur de la voiture, en veillant \u00e0 n'oublier aucune partie.<\/li>\n<li>Attendez un certain temps pour permettre \u00e0 la cire d'entretien de p\u00e9n\u00e9trer compl\u00e8tement et de s\u00e9cher.<\/li>\n<li>Essuyer et polir avec un chiffon doux et propre pour enlever l'exc\u00e8s de cire d'entretien et rendre la surface lisse et brillante.<\/li>\n<\/ol>\n<p><strong>IV. Pr\u00e9cautions :<\/strong><\/p>\n<ol>\n<li>Veuillez le placer dans un endroit que les enfants ne peuvent pas atteindre facilement.<\/li>\n<li>Avant de l'utiliser, veuillez d'abord proc\u00e9der \u00e0 un essai sur un endroit peu visible. Apr\u00e8s avoir v\u00e9rifi\u00e9 qu'il n'y a pas de r\u00e9action ind\u00e9sirable, utilisez-le sur une grande surface.<\/li>\n<li>\u00c9viter l'utilisation et le stockage \u00e0 des temp\u00e9ratures \u00e9lev\u00e9es, \u00e0 la lumi\u00e8re directe du soleil ou dans des environnements humides.<\/li>\n<li>En cas de contact accidentel avec les yeux, rincer imm\u00e9diatement et abondamment \u00e0 l'eau claire.<\/li>\n<\/ol>","protected":false},"excerpt":{"rendered":"<p>Notre usine fournit des services de traitement OEM\/ODM, nous pouvons concevoir des produits sur mesure pour vous ; Notre MOQ est faible, g\u00e9n\u00e9ralement la quantit\u00e9 minimale est de 1000 bouteilles peuvent \u00eatre produites ; Nos produits sont peu co\u00fbteux, d'excellente qualit\u00e9, en conformit\u00e9 avec toutes les lois et r\u00e9glementations nationales et les besoins des clients !<\/p>\n<h3><strong>\u00a0 \u00a0 \u00a0 Nous proposons \u00e9galement les services suivants<\/strong><\/h3>\n<h4><strong><img decoding=\"async\" class=\"emoji\" role=\"img\" draggable=\"false\" src=\"https:\/\/s.w.org\/images\/core\/emoji\/15.0.3\/svg\/2714.svg\" alt=\"\u2714\" \/>\u00a0 Source transfrontali\u00e8re\u00a0 \u00a0 \u00a0 \u00a0 \u00a0\u00a0<img decoding=\"async\" class=\"emoji\" role=\"img\" draggable=\"false\" src=\"https:\/\/s.w.org\/images\/core\/emoji\/15.0.3\/svg\/2714.svg\" alt=\"\u2714\" \/>\u00a0 Personnalisation du support<\/strong><\/h4>\n<h4><strong><img decoding=\"async\" class=\"emoji\" role=\"img\" draggable=\"false\" src=\"https:\/\/s.w.org\/images\/core\/emoji\/15.0.3\/svg\/2714.svg\" alt=\"\u2714\" \/>\u00a0 Usine source\u00a0 \u00a0 \u00a0 \u00a0 \u00a0 \u00a0 \u00a0 \u00a0 \u00a0 \u00a0 \u00a0 \u00a0<img decoding=\"async\" class=\"emoji\" role=\"img\" draggable=\"false\" src=\"https:\/\/s.w.org\/images\/core\/emoji\/15.0.3\/svg\/2714.svg\" alt=\"\u2714\" \/>\u00a0 D\u00e9veloppement de produits<\/strong><\/h4>\n<h4><strong><img decoding=\"async\" class=\"emoji\" role=\"img\" draggable=\"false\" src=\"https:\/\/s.w.org\/images\/core\/emoji\/15.0.3\/svg\/2714.svg\" alt=\"\u2714\" \/>\u00a0 Adaptation \u00e0 l'\u00e9chantillon\u00a0 \u00a0 \u00a0 \u00a0 \u00a0 \u00a0 \u00a0 \u00a0 \u00a0 \u00a0\u00a0<img decoding=\"async\" class=\"emoji\" role=\"img\" draggable=\"false\" src=\"https:\/\/s.w.org\/images\/core\/emoji\/15.0.3\/svg\/2714.svg\" alt=\"\u2714\" \/>\u00a0 Autorisation de la marque<\/strong><\/h4>\n<p>&nbsp;<\/p>\n<h2 style=\"text-align: left;\"><strong>Questions ou commentaires ? <\/strong><\/h2>\n<h2 style=\"text-align: left;\"><strong>wlwer@williamweir.com<\/strong><\/h2>\n<h4><strong>\u00a0<\/strong><\/h4>","protected":false},"featured_media":5552,"template":"","meta":{"_uag_custom_page_level_css":"","site-sidebar-layout":"default","site-content-layout":"","ast-site-content-layout":"default","site-content-style":"default","site-sidebar-style":"default","ast-global-header-display":"","ast-banner-title-visibility":"","ast-main-header-display":"","ast-hfb-above-header-display":"","ast-hfb-below-header-display":"","ast-hfb-mobile-header-display":"","site-post-title":"","ast-breadcrumbs-content":"","ast-featured-img":"","footer-sml-layout":"","theme-transparent-header-meta":"default","adv-header-id-meta":"","stick-header-meta":"","header-above-stick-meta":"","header-main-stick-meta":"","header-below-stick-meta":"","astra-migrate-meta-layouts":"set","ast-page-background-enabled":"default","ast-page-background-meta":{"desktop":{"background-color":"","background-image":"","background-repeat":"repeat","background-position":"center center","background-size":"auto","background-attachment":"scroll","background-type":"","background-media":"","overlay-type":"","overlay-color":"","overlay-opacity":"","overlay-gradient":""},"tablet":{"background-color":"","background-image":"","background-repeat":"repeat","background-position":"center center","background-size":"auto","background-attachment":"scroll","background-type":"","background-media":"","overlay-type":"","overlay-color":"","overlay-opacity":"","overlay-gradient":""},"mobile":{"background-color":"","background-image":"","background-repeat":"repeat","background-position":"center center","background-size":"auto","background-attachment":"scroll","background-type":"","background-media":"","overlay-type":"","overlay-color":"","overlay-opacity":"","overlay-gradient":""}},"ast-content-background-meta":{"desktop":{"background-color":"var(--ast-global-color-5)","background-image":"","background-repeat":"repeat","background-position":"center center","background-size":"auto","background-attachment":"scroll","background-type":"","background-media":"","overlay-type":"","overlay-color":"","overlay-opacity":"","overlay-gradient":""},"tablet":{"background-color":"var(--ast-global-color-5)","background-image":"","background-repeat":"repeat","background-position":"center center","background-size":"auto","background-attachment":"scroll","background-type":"","background-media":"","overlay-type":"","overlay-color":"","overlay-opacity":"","overlay-gradient":""},"mobile":{"background-color":"var(--ast-global-color-5)","background-image":"","background-repeat":"repeat","background-position":"center center","background-size":"auto","background-attachment":"scroll","background-type":"","background-media":"","overlay-type":"","overlay-color":"","overlay-opacity":"","overlay-gradient":""}}},"product_brand":[],"product_cat":[77],"product_tag":[216,217],"class_list":{"0":"post-5551","1":"product","2":"type-product","3":"status-publish","4":"has-post-thumbnail","6":"product_cat-car-cleaning-and-maintenance","7":"product_tag-car-interior-maintenance-wax","8":"product_tag-table-wax","9":"desktop-align-center","10":"tablet-align-left","11":"mobile-align-left","12":"ast-product-gallery-layout-horizontal-slider","13":"ast-product-gallery-with-no-image","14":"ast-product-tabs-layout-horizontal","16":"first","17":"instock","18":"shipping-taxable","19":"product-type-simple"},"aioseo_notices":[],"uagb_featured_image_src":{"full":["https:\/\/williamweir.com\/wp-content\/uploads\/2024\/10\/9879430.jpg",800,800,false],"thumbnail":["https:\/\/williamweir.com\/wp-content\/uploads\/2024\/10\/9879430-300x300.jpg",300,300,true],"medium":["https:\/\/williamweir.com\/wp-content\/uploads\/2024\/10\/9879430-600x600.jpg",600,600,true],"medium_large":["https:\/\/williamweir.com\/wp-content\/uploads\/2024\/10\/9879430-768x768.jpg",768,768,true],"large":["https:\/\/williamweir.com\/wp-content\/uploads\/2024\/10\/9879430.jpg",800,800,false],"1536x1536":["https:\/\/williamweir.com\/wp-content\/uploads\/2024\/10\/9879430.jpg",800,800,false],"2048x2048":["https:\/\/williamweir.com\/wp-content\/uploads\/2024\/10\/9879430.jpg",800,800,false],"trp-custom-language-flag":["https:\/\/williamweir.com\/wp-content\/uploads\/2024\/10\/9879430-12x12.jpg",12,12,true],"woocommerce_thumbnail":["https:\/\/williamweir.com\/wp-content\/uploads\/2024\/10\/9879430-600x600.jpg",600,600,true],"woocommerce_single":["https:\/\/williamweir.com\/wp-content\/uploads\/2024\/10\/9879430-600x600.jpg",600,600,true],"woocommerce_gallery_thumbnail":["https:\/\/williamweir.com\/wp-content\/uploads\/2024\/10\/9879430-100x100.jpg",100,100,true]},"uagb_author_info":{"display_name":"wlwer","author_link":"https:\/\/williamweir.com\/fr\/author\/"},"uagb_comment_info":0,"uagb_excerpt":"Our factory provides OEM\/ODM processing services, we can tailor products for you; Our MOQ is low, generally the minimum quantity is 1000 bottles can be produced; Our products are inexpensive, excellent product quality, in line with any national laws and regulations and customer needs! \u00a0 \u00a0 \u00a0 We also offer the following services \u00a0 Cross-border\u2026","_links":{"self":[{"href":"https:\/\/williamweir.com\/fr\/wp-json\/wp\/v2\/product\/5551"}],"collection":[{"href":"https:\/\/williamweir.com\/fr\/wp-json\/wp\/v2\/product"}],"about":[{"href":"https:\/\/williamweir.com\/fr\/wp-json\/wp\/v2\/types\/product"}],"version-history":[{"count":6,"href":"https:\/\/williamweir.com\/fr\/wp-json\/wp\/v2\/product\/5551\/revisions"}],"predecessor-version":[{"id":8218,"href":"https:\/\/williamweir.com\/fr\/wp-json\/wp\/v2\/product\/5551\/revisions\/8218"}],"wp:featuredmedia":[{"embeddable":true,"href":"https:\/\/williamweir.com\/fr\/wp-json\/wp\/v2\/media\/5552"}],"wp:attachment":[{"href":"https:\/\/williamweir.com\/fr\/wp-json\/wp\/v2\/media?parent=5551"}],"wp:term":[{"taxonomy":"product_brand","embeddable":true,"href":"https:\/\/williamweir.com\/fr\/wp-json\/wp\/v2\/product_brand?post=5551"},{"taxonomy":"product_cat","embeddable":true,"href":"https:\/\/williamweir.com\/fr\/wp-json\/wp\/v2\/product_cat?post=5551"},{"taxonomy":"product_tag","embeddable":true,"href":"https:\/\/williamweir.com\/fr\/wp-json\/wp\/v2\/product_tag?post=5551"}],"curies":[{"name":"wp","href":"https:\/\/api.w.org\/{rel}","templated":true}]}}