{"id":5545,"date":"2024-10-31T08:01:49","date_gmt":"2024-10-31T08:01:49","guid":{"rendered":"https:\/\/williamweir.com\/?post_type=product&#038;p=5545"},"modified":"2025-05-24T01:30:58","modified_gmt":"2025-05-24T01:30:58","slug":"car-glass-cleaner","status":"publish","type":"product","link":"https:\/\/williamweir.com\/fr\/produit\/car-glass-cleaner\/","title":{"rendered":"Nettoyant pour vitres de voitures"},"content":{"rendered":"<p><strong>Code produit\uff1a0833<\/strong><\/p>\n<p><strong>I. Caract\u00e9ristiques du produit<\/strong><\/p>\n<p>Nettoyage puissant : \u00c9limine rapidement les taches les plus diverses pour redonner au verre toute sa clart\u00e9 et sa transparence.<br \/>\nFonction antibu\u00e9e : Emp\u00eache efficacement la formation de bu\u00e9e sur les vitres et am\u00e9liore la s\u00e9curit\u00e9 de la conduite.<br \/>\nProt\u00e9ger le verre : R\u00e9duire les dommages caus\u00e9s par le frottement pendant le processus de nettoyage et prolonger la dur\u00e9e de vie du verre.<br \/>\nS\u00fbr et respectueux de l'environnement : Ne contient pas de substances nocives et est inoffensif pour l'homme et l'environnement.<br \/>\nPratique \u00e0 utiliser : Peut \u00eatre vaporis\u00e9 directement sur la vitre et essuy\u00e9 avec un chiffon propre.<\/p>\n<p><strong>II. Champ d'application<\/strong><\/p>\n<p>Convient aux pare-brise des automobiles, aux vitres, aux r\u00e9troviseurs, aux vitres des maisons, aux miroirs, etc.<\/p>\n<p><strong>III. M\u00e9thode d'utilisation<\/strong><\/p>\n<p>Bien agiter le nettoyant pour vitres de voiture.<br \/>\nVaporisez le nettoyant uniform\u00e9ment \u00e0 une distance d'environ 15 \u00e0 20 centim\u00e8tres de la surface du verre.<br \/>\nEssuyez d\u00e9licatement la surface du verre \u00e0 l'aide d'un chiffon ou d'une \u00e9ponge propre pour \u00e9liminer les taches et le produit de nettoyage.<br \/>\nPour les taches tenaces, les \u00e9tapes de pulv\u00e9risation et d'essuyage peuvent \u00eatre r\u00e9p\u00e9t\u00e9es.<\/p>\n<p><strong>IV. Les pr\u00e9cautions \u00e0 prendre<\/strong><\/p>\n<p>\u00c9viter tout contact avec les yeux et la bouche. En cas de contact accidentel, rincer imm\u00e9diatement et abondamment \u00e0 l'eau et consulter rapidement un m\u00e9decin.<br \/>\nVeuillez placer le produit dans un endroit o\u00f9 les enfants ne peuvent pas facilement y acc\u00e9der afin d'\u00e9viter qu'ils ne le mangent par erreur.<br \/>\nSi des sympt\u00f4mes allergiques ou d'autres sympt\u00f4mes inconfortables apparaissent sur la peau pendant l'utilisation, cessez imm\u00e9diatement d'utiliser le produit et consultez un m\u00e9decin.<br \/>\nLe produit doit \u00eatre stock\u00e9 dans un endroit frais et sec, \u00e0 l'abri de la lumi\u00e8re directe du soleil et des temp\u00e9ratures \u00e9lev\u00e9es, afin de ne pas affecter ses performances et sa dur\u00e9e de conservation.<\/p>","protected":false},"excerpt":{"rendered":"<p>Notre usine fournit des services de traitement OEM\/ODM, nous pouvons concevoir des produits sur mesure pour vous ; Notre MOQ est faible, g\u00e9n\u00e9ralement la quantit\u00e9 minimale est de 1000 bouteilles peuvent \u00eatre produites ; Nos produits sont peu co\u00fbteux, d'excellente qualit\u00e9, en conformit\u00e9 avec toutes les lois et r\u00e9glementations nationales et les besoins des clients !<\/p>\n<h3><strong>\u00a0 \u00a0 \u00a0 Nous proposons \u00e9galement les services suivants<\/strong><\/h3>\n<h4><strong><img decoding=\"async\" class=\"emoji\" role=\"img\" draggable=\"false\" src=\"https:\/\/s.w.org\/images\/core\/emoji\/15.0.3\/svg\/2714.svg\" alt=\"\u2714\" \/>\u00a0 Source transfrontali\u00e8re\u00a0 \u00a0 \u00a0 \u00a0 \u00a0\u00a0<img decoding=\"async\" class=\"emoji\" role=\"img\" draggable=\"false\" src=\"https:\/\/s.w.org\/images\/core\/emoji\/15.0.3\/svg\/2714.svg\" alt=\"\u2714\" \/>\u00a0 Personnalisation du support<\/strong><\/h4>\n<h4><strong><img decoding=\"async\" class=\"emoji\" role=\"img\" draggable=\"false\" src=\"https:\/\/s.w.org\/images\/core\/emoji\/15.0.3\/svg\/2714.svg\" alt=\"\u2714\" \/>\u00a0 Usine source\u00a0 \u00a0 \u00a0 \u00a0 \u00a0 \u00a0 \u00a0 \u00a0 \u00a0 \u00a0 \u00a0 \u00a0<img decoding=\"async\" class=\"emoji\" role=\"img\" draggable=\"false\" src=\"https:\/\/s.w.org\/images\/core\/emoji\/15.0.3\/svg\/2714.svg\" alt=\"\u2714\" \/>\u00a0 D\u00e9veloppement de produits<\/strong><\/h4>\n<h4><strong><img decoding=\"async\" class=\"emoji\" role=\"img\" draggable=\"false\" src=\"https:\/\/s.w.org\/images\/core\/emoji\/15.0.3\/svg\/2714.svg\" alt=\"\u2714\" \/>\u00a0 Adaptation \u00e0 l'\u00e9chantillon\u00a0 \u00a0 \u00a0 \u00a0 \u00a0 \u00a0 \u00a0 \u00a0 \u00a0 \u00a0\u00a0<img decoding=\"async\" class=\"emoji\" role=\"img\" draggable=\"false\" src=\"https:\/\/s.w.org\/images\/core\/emoji\/15.0.3\/svg\/2714.svg\" alt=\"\u2714\" \/>\u00a0 Autorisation de la marque<\/strong><\/h4>\n<p>&nbsp;<\/p>\n<h2 style=\"text-align: left;\"><strong>Questions ou commentaires ? <\/strong><\/h2>\n<h2 style=\"text-align: left;\"><strong>wlwer@williamweir.com<\/strong><\/h2>\n<h4><strong>\u00a0<\/strong><\/h4>","protected":false},"featured_media":12053,"template":"","meta":{"_uag_custom_page_level_css":"","site-sidebar-layout":"default","site-content-layout":"","ast-site-content-layout":"default","site-content-style":"default","site-sidebar-style":"default","ast-global-header-display":"","ast-banner-title-visibility":"","ast-main-header-display":"","ast-hfb-above-header-display":"","ast-hfb-below-header-display":"","ast-hfb-mobile-header-display":"","site-post-title":"","ast-breadcrumbs-content":"","ast-featured-img":"","footer-sml-layout":"","theme-transparent-header-meta":"default","adv-header-id-meta":"","stick-header-meta":"","header-above-stick-meta":"","header-main-stick-meta":"","header-below-stick-meta":"","astra-migrate-meta-layouts":"set","ast-page-background-enabled":"default","ast-page-background-meta":{"desktop":{"background-color":"","background-image":"","background-repeat":"repeat","background-position":"center center","background-size":"auto","background-attachment":"scroll","background-type":"","background-media":"","overlay-type":"","overlay-color":"","overlay-opacity":"","overlay-gradient":""},"tablet":{"background-color":"","background-image":"","background-repeat":"repeat","background-position":"center center","background-size":"auto","background-attachment":"scroll","background-type":"","background-media":"","overlay-type":"","overlay-color":"","overlay-opacity":"","overlay-gradient":""},"mobile":{"background-color":"","background-image":"","background-repeat":"repeat","background-position":"center center","background-size":"auto","background-attachment":"scroll","background-type":"","background-media":"","overlay-type":"","overlay-color":"","overlay-opacity":"","overlay-gradient":""}},"ast-content-background-meta":{"desktop":{"background-color":"var(--ast-global-color-5)","background-image":"","background-repeat":"repeat","background-position":"center center","background-size":"auto","background-attachment":"scroll","background-type":"","background-media":"","overlay-type":"","overlay-color":"","overlay-opacity":"","overlay-gradient":""},"tablet":{"background-color":"var(--ast-global-color-5)","background-image":"","background-repeat":"repeat","background-position":"center center","background-size":"auto","background-attachment":"scroll","background-type":"","background-media":"","overlay-type":"","overlay-color":"","overlay-opacity":"","overlay-gradient":""},"mobile":{"background-color":"var(--ast-global-color-5)","background-image":"","background-repeat":"repeat","background-position":"center center","background-size":"auto","background-attachment":"scroll","background-type":"","background-media":"","overlay-type":"","overlay-color":"","overlay-opacity":"","overlay-gradient":""}}},"product_brand":[],"product_cat":[77],"product_tag":[218,219],"class_list":{"0":"post-5545","1":"product","2":"type-product","3":"status-publish","4":"has-post-thumbnail","6":"product_cat-car-cleaning-and-maintenance","7":"product_tag-automotive-glass-cleaner","8":"product_tag-oil-film-remover","9":"desktop-align-center","10":"tablet-align-left","11":"mobile-align-left","12":"ast-product-gallery-layout-horizontal-slider","13":"ast-product-tabs-layout-horizontal","15":"first","16":"instock","17":"shipping-taxable","18":"product-type-simple"},"aioseo_notices":[],"uagb_featured_image_src":{"full":["https:\/\/williamweir.com\/wp-content\/uploads\/2024\/10\/1-16.jpg",1000,1000,false],"thumbnail":["https:\/\/williamweir.com\/wp-content\/uploads\/2024\/10\/1-16-300x300.jpg",300,300,true],"medium":["https:\/\/williamweir.com\/wp-content\/uploads\/2024\/10\/1-16-600x600.jpg",600,600,true],"medium_large":["https:\/\/williamweir.com\/wp-content\/uploads\/2024\/10\/1-16-768x768.jpg",768,768,true],"large":["https:\/\/williamweir.com\/wp-content\/uploads\/2024\/10\/1-16.jpg",1000,1000,false],"1536x1536":["https:\/\/williamweir.com\/wp-content\/uploads\/2024\/10\/1-16.jpg",1000,1000,false],"2048x2048":["https:\/\/williamweir.com\/wp-content\/uploads\/2024\/10\/1-16.jpg",1000,1000,false],"trp-custom-language-flag":["https:\/\/williamweir.com\/wp-content\/uploads\/2024\/10\/1-16-12x12.jpg",12,12,true],"woocommerce_thumbnail":["https:\/\/williamweir.com\/wp-content\/uploads\/2024\/10\/1-16-600x600.jpg",600,600,true],"woocommerce_single":["https:\/\/williamweir.com\/wp-content\/uploads\/2024\/10\/1-16-600x600.jpg",600,600,true],"woocommerce_gallery_thumbnail":["https:\/\/williamweir.com\/wp-content\/uploads\/2024\/10\/1-16-100x100.jpg",100,100,true]},"uagb_author_info":{"display_name":"wlwer","author_link":"https:\/\/williamweir.com\/fr\/author\/"},"uagb_comment_info":0,"uagb_excerpt":"Our factory provides OEM\/ODM processing services, we can tailor products for you; Our MOQ is low, generally the minimum quantity is 1000 bottles can be produced; Our products are inexpensive, excellent product quality, in line with any national laws and regulations and customer needs! \u00a0 \u00a0 \u00a0 We also offer the following services \u00a0 Cross-border\u2026","_links":{"self":[{"href":"https:\/\/williamweir.com\/fr\/wp-json\/wp\/v2\/product\/5545"}],"collection":[{"href":"https:\/\/williamweir.com\/fr\/wp-json\/wp\/v2\/product"}],"about":[{"href":"https:\/\/williamweir.com\/fr\/wp-json\/wp\/v2\/types\/product"}],"version-history":[{"count":5,"href":"https:\/\/williamweir.com\/fr\/wp-json\/wp\/v2\/product\/5545\/revisions"}],"predecessor-version":[{"id":8220,"href":"https:\/\/williamweir.com\/fr\/wp-json\/wp\/v2\/product\/5545\/revisions\/8220"}],"wp:featuredmedia":[{"embeddable":true,"href":"https:\/\/williamweir.com\/fr\/wp-json\/wp\/v2\/media\/12053"}],"wp:attachment":[{"href":"https:\/\/williamweir.com\/fr\/wp-json\/wp\/v2\/media?parent=5545"}],"wp:term":[{"taxonomy":"product_brand","embeddable":true,"href":"https:\/\/williamweir.com\/fr\/wp-json\/wp\/v2\/product_brand?post=5545"},{"taxonomy":"product_cat","embeddable":true,"href":"https:\/\/williamweir.com\/fr\/wp-json\/wp\/v2\/product_cat?post=5545"},{"taxonomy":"product_tag","embeddable":true,"href":"https:\/\/williamweir.com\/fr\/wp-json\/wp\/v2\/product_tag?post=5545"}],"curies":[{"name":"wp","href":"https:\/\/api.w.org\/{rel}","templated":true}]}}