{"id":5542,"date":"2024-10-31T08:00:47","date_gmt":"2024-10-31T08:00:47","guid":{"rendered":"https:\/\/williamweir.com\/?post_type=product&#038;p=5542"},"modified":"2025-05-24T01:31:22","modified_gmt":"2025-05-24T01:31:22","slug":"car-care-wax-2","status":"publish","type":"product","link":"https:\/\/williamweir.com\/fr\/produit\/car-care-wax-2\/","title":{"rendered":"Cire pour l'entretien des voitures"},"content":{"rendered":"<p><strong>Code produit\uff1a0819<\/strong><\/p>\n<p><strong>I. Caract\u00e9ristiques du produit<\/strong><\/p>\n<p>Brillant : Donne \u00e0 la peinture de la voiture un brillant profond et durable, rendant l'apparence de la voiture plus remarquable.<br \/>\nForte protection : Forme un film protecteur solide pour r\u00e9sister \u00e0 l'\u00e9rosion de la peinture automobile par les rayons ultraviolets, les pluies acides, la poussi\u00e8re, etc.<br \/>\nFacile \u00e0 appliquer : La cire liquide a une texture l\u00e9g\u00e8re et s'applique facilement et uniform\u00e9ment. Les professionnels et les automobilistes peuvent l'utiliser sans probl\u00e8me.<br \/>\nS\u00e9chage rapide : Permet de gagner du temps et d'am\u00e9liorer l'efficacit\u00e9 de l'\u00e9pilation \u00e0 la cire.<br \/>\nFormule respectueuse de l'environnement : Ne contient pas de substances nocives et est respectueux de l'homme et de l'environnement.<\/p>\n<p><strong>II. Ingr\u00e9dients du produit<\/strong><\/p>\n<p>-Cires naturelles : Les cires naturelles, telles que la cire de carnauba, etc., assurent la brillance et la protection de la peinture de la voiture.<br \/>\n-Polym\u00e8res \u00e0 haut poids mol\u00e9culaire : Am\u00e9liorent la duret\u00e9 et la durabilit\u00e9 du film de cire.<br \/>\n-Antioxydants : Retardent le vieillissement de la peinture automobile.<br \/>\n-Lubrifiants : R\u00e9duisent le frottement pendant le cirage et prot\u00e8gent la peinture de la voiture.<\/p>\n<p><strong>III. Champ d'application<\/strong><\/p>\n<p>Convient aux surfaces de peinture automobile de diff\u00e9rentes couleurs et de diff\u00e9rents types.<\/p>\n<p><strong>IV. M\u00e9thode d'utilisation<\/strong><\/p>\n<p>Nettoyer le v\u00e9hicule : Nettoyez soigneusement la voiture pour enlever la poussi\u00e8re, les taches et les taches d'huile sur la surface.<br \/>\nS\u00e9chez la carrosserie : Utilisez une serviette propre ou un chiffon absorbant pour s\u00e9cher la carrosserie afin de vous assurer qu'il n'y a pas d'humidit\u00e9 sur la surface.<br \/>\nAgiter la cire liquide : Agitez bien la cire liquide pour vous assurer que les ingr\u00e9dients sont m\u00e9lang\u00e9s de mani\u00e8re homog\u00e8ne. Apr\u00e8s avoir vaporis\u00e9 la cire liquide uniform\u00e9ment sur la surface de la peinture de la voiture, essuyez-la avec un chiffon ou une serviette propre.<br \/>\nAttendre le s\u00e9chage : Laissez la cire liquide s\u00e9cher naturellement, ce qui prend g\u00e9n\u00e9ralement de quelques minutes \u00e0 plus de dix minutes, en fonction de la temp\u00e9rature et de l'humidit\u00e9 ambiantes.<br \/>\nTraitement de polissage : Essuyez d\u00e9licatement la surface de la peinture de la voiture avec un chiffon doux et propre pour la polir et la rendre plus lisse et plus brillante.<\/p>\n<p><strong>V. Pr\u00e9cautions<\/strong><\/p>\n<p>\u00c9vitez de l'utiliser en plein soleil ou dans des environnements \u00e0 haute temp\u00e9rature pour ne pas affecter l'effet du produit.<br \/>\nN'appliquez pas le produit sur le verre de la voiture, le caoutchouc, le plastique et d'autres pi\u00e8ces pour \u00e9viter de les endommager.<br \/>\nVeuillez placer le produit dans un endroit o\u00f9 les enfants ne peuvent pas facilement y acc\u00e9der afin d'\u00e9viter qu'ils ne le mangent par erreur.<br \/>\nLe produit doit \u00eatre stock\u00e9 dans un endroit frais et sec, \u00e0 l'abri de la lumi\u00e8re directe du soleil et des temp\u00e9ratures \u00e9lev\u00e9es, afin de ne pas affecter ses performances et sa dur\u00e9e de conservation.<\/p>","protected":false},"excerpt":{"rendered":"<p>Notre usine fournit des services de traitement OEM\/ODM, nous pouvons concevoir des produits sur mesure pour vous ; Notre MOQ est faible, g\u00e9n\u00e9ralement la quantit\u00e9 minimale est de 1000 bouteilles peuvent \u00eatre produites ; Nos produits sont peu co\u00fbteux, d'excellente qualit\u00e9, en conformit\u00e9 avec toutes les lois et r\u00e9glementations nationales et les besoins des clients !<\/p>\n<h3><strong>\u00a0 \u00a0 \u00a0 Nous proposons \u00e9galement les services suivants<\/strong><\/h3>\n<h4><strong><img decoding=\"async\" class=\"emoji\" role=\"img\" draggable=\"false\" src=\"https:\/\/s.w.org\/images\/core\/emoji\/15.0.3\/svg\/2714.svg\" alt=\"\u2714\" \/>\u00a0 Source transfrontali\u00e8re\u00a0 \u00a0 \u00a0 \u00a0 \u00a0\u00a0<img decoding=\"async\" class=\"emoji\" role=\"img\" draggable=\"false\" src=\"https:\/\/s.w.org\/images\/core\/emoji\/15.0.3\/svg\/2714.svg\" alt=\"\u2714\" \/>\u00a0 Personnalisation du support<\/strong><\/h4>\n<h4><strong><img decoding=\"async\" class=\"emoji\" role=\"img\" draggable=\"false\" src=\"https:\/\/s.w.org\/images\/core\/emoji\/15.0.3\/svg\/2714.svg\" alt=\"\u2714\" \/>\u00a0 Usine source\u00a0 \u00a0 \u00a0 \u00a0 \u00a0 \u00a0 \u00a0 \u00a0 \u00a0 \u00a0 \u00a0 \u00a0<img decoding=\"async\" class=\"emoji\" role=\"img\" draggable=\"false\" src=\"https:\/\/s.w.org\/images\/core\/emoji\/15.0.3\/svg\/2714.svg\" alt=\"\u2714\" \/>\u00a0 D\u00e9veloppement de produits<\/strong><\/h4>\n<h4><strong><img decoding=\"async\" class=\"emoji\" role=\"img\" draggable=\"false\" src=\"https:\/\/s.w.org\/images\/core\/emoji\/15.0.3\/svg\/2714.svg\" alt=\"\u2714\" \/>\u00a0 Adaptation \u00e0 l'\u00e9chantillon\u00a0 \u00a0 \u00a0 \u00a0 \u00a0 \u00a0 \u00a0 \u00a0 \u00a0 \u00a0\u00a0<img decoding=\"async\" class=\"emoji\" role=\"img\" draggable=\"false\" src=\"https:\/\/s.w.org\/images\/core\/emoji\/15.0.3\/svg\/2714.svg\" alt=\"\u2714\" \/>\u00a0 Autorisation de la marque<\/strong><\/h4>\n<p>&nbsp;<\/p>\n<h2 style=\"text-align: left;\"><strong>Questions ou commentaires ? <\/strong><\/h2>\n<h2 style=\"text-align: left;\"><strong>wlwer@williamweir.com<\/strong><\/h2>\n<h4><strong>\u00a0<\/strong><\/h4>","protected":false},"featured_media":12057,"template":"","meta":{"_uag_custom_page_level_css":"","site-sidebar-layout":"default","site-content-layout":"","ast-site-content-layout":"default","site-content-style":"default","site-sidebar-style":"default","ast-global-header-display":"","ast-banner-title-visibility":"","ast-main-header-display":"","ast-hfb-above-header-display":"","ast-hfb-below-header-display":"","ast-hfb-mobile-header-display":"","site-post-title":"","ast-breadcrumbs-content":"","ast-featured-img":"","footer-sml-layout":"","theme-transparent-header-meta":"default","adv-header-id-meta":"","stick-header-meta":"","header-above-stick-meta":"","header-main-stick-meta":"","header-below-stick-meta":"","astra-migrate-meta-layouts":"set","ast-page-background-enabled":"default","ast-page-background-meta":{"desktop":{"background-color":"","background-image":"","background-repeat":"repeat","background-position":"center center","background-size":"auto","background-attachment":"scroll","background-type":"","background-media":"","overlay-type":"","overlay-color":"","overlay-opacity":"","overlay-gradient":""},"tablet":{"background-color":"","background-image":"","background-repeat":"repeat","background-position":"center center","background-size":"auto","background-attachment":"scroll","background-type":"","background-media":"","overlay-type":"","overlay-color":"","overlay-opacity":"","overlay-gradient":""},"mobile":{"background-color":"","background-image":"","background-repeat":"repeat","background-position":"center center","background-size":"auto","background-attachment":"scroll","background-type":"","background-media":"","overlay-type":"","overlay-color":"","overlay-opacity":"","overlay-gradient":""}},"ast-content-background-meta":{"desktop":{"background-color":"var(--ast-global-color-5)","background-image":"","background-repeat":"repeat","background-position":"center center","background-size":"auto","background-attachment":"scroll","background-type":"","background-media":"","overlay-type":"","overlay-color":"","overlay-opacity":"","overlay-gradient":""},"tablet":{"background-color":"var(--ast-global-color-5)","background-image":"","background-repeat":"repeat","background-position":"center center","background-size":"auto","background-attachment":"scroll","background-type":"","background-media":"","overlay-type":"","overlay-color":"","overlay-opacity":"","overlay-gradient":""},"mobile":{"background-color":"var(--ast-global-color-5)","background-image":"","background-repeat":"repeat","background-position":"center center","background-size":"auto","background-attachment":"scroll","background-type":"","background-media":"","overlay-type":"","overlay-color":"","overlay-opacity":"","overlay-gradient":""}}},"product_brand":[],"product_cat":[77],"product_tag":[220,221,217],"class_list":{"0":"post-5542","1":"product","2":"type-product","3":"status-publish","4":"has-post-thumbnail","6":"product_cat-car-cleaning-and-maintenance","7":"product_tag-car-care-wax","8":"product_tag-liquid-wax","9":"product_tag-table-wax","10":"desktop-align-center","11":"tablet-align-left","12":"mobile-align-left","13":"ast-product-gallery-layout-horizontal-slider","14":"ast-product-tabs-layout-horizontal","16":"first","17":"instock","18":"shipping-taxable","19":"product-type-simple"},"aioseo_notices":[],"uagb_featured_image_src":{"full":["https:\/\/williamweir.com\/wp-content\/uploads\/2024\/10\/1-17.jpg",1000,1000,false],"thumbnail":["https:\/\/williamweir.com\/wp-content\/uploads\/2024\/10\/1-17-300x300.jpg",300,300,true],"medium":["https:\/\/williamweir.com\/wp-content\/uploads\/2024\/10\/1-17-600x600.jpg",600,600,true],"medium_large":["https:\/\/williamweir.com\/wp-content\/uploads\/2024\/10\/1-17-768x768.jpg",768,768,true],"large":["https:\/\/williamweir.com\/wp-content\/uploads\/2024\/10\/1-17.jpg",1000,1000,false],"1536x1536":["https:\/\/williamweir.com\/wp-content\/uploads\/2024\/10\/1-17.jpg",1000,1000,false],"2048x2048":["https:\/\/williamweir.com\/wp-content\/uploads\/2024\/10\/1-17.jpg",1000,1000,false],"trp-custom-language-flag":["https:\/\/williamweir.com\/wp-content\/uploads\/2024\/10\/1-17-12x12.jpg",12,12,true],"woocommerce_thumbnail":["https:\/\/williamweir.com\/wp-content\/uploads\/2024\/10\/1-17-600x600.jpg",600,600,true],"woocommerce_single":["https:\/\/williamweir.com\/wp-content\/uploads\/2024\/10\/1-17-600x600.jpg",600,600,true],"woocommerce_gallery_thumbnail":["https:\/\/williamweir.com\/wp-content\/uploads\/2024\/10\/1-17-100x100.jpg",100,100,true]},"uagb_author_info":{"display_name":"wlwer","author_link":"https:\/\/williamweir.com\/fr\/author\/"},"uagb_comment_info":0,"uagb_excerpt":"Our factory provides OEM\/ODM processing services, we can tailor products for you; Our MOQ is low, generally the minimum quantity is 1000 bottles can be produced; Our products are inexpensive, excellent product quality, in line with any national laws and regulations and customer needs! \u00a0 \u00a0 \u00a0 We also offer the following services \u00a0 Cross-border\u2026","_links":{"self":[{"href":"https:\/\/williamweir.com\/fr\/wp-json\/wp\/v2\/product\/5542"}],"collection":[{"href":"https:\/\/williamweir.com\/fr\/wp-json\/wp\/v2\/product"}],"about":[{"href":"https:\/\/williamweir.com\/fr\/wp-json\/wp\/v2\/types\/product"}],"version-history":[{"count":5,"href":"https:\/\/williamweir.com\/fr\/wp-json\/wp\/v2\/product\/5542\/revisions"}],"predecessor-version":[{"id":8221,"href":"https:\/\/williamweir.com\/fr\/wp-json\/wp\/v2\/product\/5542\/revisions\/8221"}],"wp:featuredmedia":[{"embeddable":true,"href":"https:\/\/williamweir.com\/fr\/wp-json\/wp\/v2\/media\/12057"}],"wp:attachment":[{"href":"https:\/\/williamweir.com\/fr\/wp-json\/wp\/v2\/media?parent=5542"}],"wp:term":[{"taxonomy":"product_brand","embeddable":true,"href":"https:\/\/williamweir.com\/fr\/wp-json\/wp\/v2\/product_brand?post=5542"},{"taxonomy":"product_cat","embeddable":true,"href":"https:\/\/williamweir.com\/fr\/wp-json\/wp\/v2\/product_cat?post=5542"},{"taxonomy":"product_tag","embeddable":true,"href":"https:\/\/williamweir.com\/fr\/wp-json\/wp\/v2\/product_tag?post=5542"}],"curies":[{"name":"wp","href":"https:\/\/api.w.org\/{rel}","templated":true}]}}