{"id":5533,"date":"2024-10-31T07:56:12","date_gmt":"2024-10-31T07:56:12","guid":{"rendered":"https:\/\/williamweir.com\/?post_type=product&#038;p=5533"},"modified":"2025-05-24T01:31:58","modified_gmt":"2025-05-24T01:31:58","slug":"super-exterior-protectant","status":"publish","type":"product","link":"https:\/\/williamweir.com\/fr\/produit\/super-exterior-protectant\/","title":{"rendered":"super protecteur ext\u00e9rieur"},"content":{"rendered":"<p><strong>Code produit\uff1a0871<\/strong><\/p>\n<p><strong>I. Caract\u00e9ristiques du produit<\/strong><\/p>\n<p>R\u00e9paration efficace : \u00c9limine efficacement les rayures, la d\u00e9coloration et les couches d'oxydation \u00e0 la surface des pi\u00e8ces en plastique, leur redonnant ainsi un aspect neuf.<br \/>\nRestauration des couleurs : Les couleurs des diff\u00e9rentes pi\u00e8ces en plastique sont parfaitement adapt\u00e9es pour que les couleurs restaur\u00e9es soient naturelles et r\u00e9alistes.<br \/>\nProtection durable : Le film de protection form\u00e9 a une bonne durabilit\u00e9 et peut r\u00e9sister \u00e0 l'\u00e9rosion des rayons ultraviolets, aux temp\u00e9ratures \u00e9lev\u00e9es et aux substances chimiques.<br \/>\nS\u00fbr et respectueux de l'environnement : il ne contient pas de substances nocives et est inoffensif pour l'homme et l'environnement.<br \/>\nFonctionnement simple : Aucune comp\u00e9tence professionnelle n'est requise. Il suffit de suivre les instructions pour l'utiliser.<\/p>\n<p><strong>II. Ingr\u00e9dients du produit<\/strong><\/p>\n<p>1.-Polym\u00e8re : Il peut former un film protecteur solide sur la surface du plastique afin d'am\u00e9liorer la duret\u00e9 et la r\u00e9sistance \u00e0 l'usure du plastique.<br \/>\n2. pigment : Utilis\u00e9 pour r\u00e9parer et am\u00e9liorer la couleur des pi\u00e8ces en plastique et leur redonner de l'\u00e9clat.<br \/>\n3. antioxydant : Retarde le vieillissement des pi\u00e8ces en plastique et pr\u00e9vient le jaunissement et la fissuration.<br \/>\n4. lubrifiant : Rendre le processus de r\u00e9novation plus fluide et r\u00e9duire les dommages caus\u00e9s par le frottement sur les pi\u00e8ces en plastique.<\/p>\n<p><strong>III. Champ d'application<\/strong><\/p>\n<p>Convient pour diverses pi\u00e8ces en plastique de l'int\u00e9rieur et de l'ext\u00e9rieur des voitures, telles que les tableaux de bord, les pare-chocs, les poign\u00e9es de porte, etc.<\/p>\n<p><strong>IV. M\u00e9thode d'utilisation<\/strong><\/p>\n<p>Nettoyer la pi\u00e8ce en plastique : Utilisez un produit de nettoyage doux et un chiffon doux pour nettoyer la surface de la pi\u00e8ce en plastique afin d'\u00e9liminer la poussi\u00e8re et les taches.<br \/>\nBien agiter l'agent de r\u00e9novation : Agiter compl\u00e8tement l'agent de r\u00e9novation pour s'assurer que les ingr\u00e9dients sont m\u00e9lang\u00e9s de mani\u00e8re homog\u00e8ne.<br \/>\nAppliquer l'agent de r\u00e9novation : \u00c0 l'aide d'une \u00e9ponge ou d'un pistolet, appliquer ou pulv\u00e9riser uniform\u00e9ment le produit de r\u00e9novation sur la surface de la pi\u00e8ce en plastique.<br \/>\nAttendre le s\u00e9chage : Laissez l'agent de r\u00e9novation s\u00e9cher naturellement. Le temps de s\u00e9chage peut varier en fonction de la temp\u00e9rature et de l'humidit\u00e9 ambiantes.<br \/>\nTraitement de polissage : Si n\u00e9cessaire, utilisez un chiffon doux et propre pour polir la surface de la pi\u00e8ce en plastique afin de la rendre plus lisse et plus brillante.<\/p>\n<p><strong>V. Pr\u00e9cautions<\/strong><\/p>\n<p>\u00c9viter tout contact avec les yeux et la bouche. En cas de contact accidentel, rincer imm\u00e9diatement et abondamment \u00e0 l'eau et consulter rapidement un m\u00e9decin.<br \/>\nVeuillez placer le produit dans un endroit o\u00f9 les enfants ne peuvent pas facilement y acc\u00e9der afin d'\u00e9viter qu'ils ne le mangent par erreur.<br \/>\nSi des sympt\u00f4mes allergiques ou d'autres sympt\u00f4mes inconfortables apparaissent sur la peau pendant l'utilisation, cessez imm\u00e9diatement d'utiliser le produit et consultez un m\u00e9decin.<br \/>\nLe produit doit \u00eatre stock\u00e9 dans un endroit frais et sec, \u00e0 l'abri de la lumi\u00e8re directe du soleil et des temp\u00e9ratures \u00e9lev\u00e9es, afin de ne pas affecter ses performances et sa dur\u00e9e de conservation.<\/p>","protected":false},"excerpt":{"rendered":"<p>Notre usine fournit des services de traitement OEM\/ODM, nous pouvons concevoir des produits sur mesure pour vous ; Notre MOQ est faible, g\u00e9n\u00e9ralement la quantit\u00e9 minimale est de 1000 bouteilles peuvent \u00eatre produites ; Nos produits sont peu co\u00fbteux, d'excellente qualit\u00e9, en conformit\u00e9 avec toutes les lois et r\u00e9glementations nationales et les besoins des clients !<\/p>\n<h3><strong>\u00a0 \u00a0 \u00a0 Nous proposons \u00e9galement les services suivants<\/strong><\/h3>\n<h4><strong><img decoding=\"async\" class=\"emoji\" role=\"img\" draggable=\"false\" src=\"https:\/\/s.w.org\/images\/core\/emoji\/15.0.3\/svg\/2714.svg\" alt=\"\u2714\" \/>\u00a0 Source transfrontali\u00e8re\u00a0 \u00a0 \u00a0 \u00a0 \u00a0\u00a0<img decoding=\"async\" class=\"emoji\" role=\"img\" draggable=\"false\" src=\"https:\/\/s.w.org\/images\/core\/emoji\/15.0.3\/svg\/2714.svg\" alt=\"\u2714\" \/>\u00a0 Personnalisation du support<\/strong><\/h4>\n<h4><strong><img decoding=\"async\" class=\"emoji\" role=\"img\" draggable=\"false\" src=\"https:\/\/s.w.org\/images\/core\/emoji\/15.0.3\/svg\/2714.svg\" alt=\"\u2714\" \/>\u00a0 Usine source\u00a0 \u00a0 \u00a0 \u00a0 \u00a0 \u00a0 \u00a0 \u00a0 \u00a0 \u00a0 \u00a0 \u00a0<img decoding=\"async\" class=\"emoji\" role=\"img\" draggable=\"false\" src=\"https:\/\/s.w.org\/images\/core\/emoji\/15.0.3\/svg\/2714.svg\" alt=\"\u2714\" \/>\u00a0 D\u00e9veloppement de produits<\/strong><\/h4>\n<h4><strong><img decoding=\"async\" class=\"emoji\" role=\"img\" draggable=\"false\" src=\"https:\/\/s.w.org\/images\/core\/emoji\/15.0.3\/svg\/2714.svg\" alt=\"\u2714\" \/>\u00a0 Adaptation \u00e0 l'\u00e9chantillon\u00a0 \u00a0 \u00a0 \u00a0 \u00a0 \u00a0 \u00a0 \u00a0 \u00a0 \u00a0\u00a0<img decoding=\"async\" class=\"emoji\" role=\"img\" draggable=\"false\" src=\"https:\/\/s.w.org\/images\/core\/emoji\/15.0.3\/svg\/2714.svg\" alt=\"\u2714\" \/>\u00a0 Autorisation de la marque<\/strong><\/h4>\n<p>&nbsp;<\/p>\n<h2 style=\"text-align: left;\"><strong>Questions ou commentaires ? <\/strong><\/h2>\n<h2 style=\"text-align: left;\"><strong>wlwer@williamweir.com<\/strong><\/h2>\n<h4><strong>\u00a0<\/strong><\/h4>","protected":false},"featured_media":12068,"template":"","meta":{"_uag_custom_page_level_css":"","site-sidebar-layout":"default","site-content-layout":"","ast-site-content-layout":"default","site-content-style":"default","site-sidebar-style":"default","ast-global-header-display":"","ast-banner-title-visibility":"","ast-main-header-display":"","ast-hfb-above-header-display":"","ast-hfb-below-header-display":"","ast-hfb-mobile-header-display":"","site-post-title":"","ast-breadcrumbs-content":"","ast-featured-img":"","footer-sml-layout":"","theme-transparent-header-meta":"default","adv-header-id-meta":"","stick-header-meta":"","header-above-stick-meta":"","header-main-stick-meta":"","header-below-stick-meta":"","astra-migrate-meta-layouts":"set","ast-page-background-enabled":"default","ast-page-background-meta":{"desktop":{"background-color":"","background-image":"","background-repeat":"repeat","background-position":"center center","background-size":"auto","background-attachment":"scroll","background-type":"","background-media":"","overlay-type":"","overlay-color":"","overlay-opacity":"","overlay-gradient":""},"tablet":{"background-color":"","background-image":"","background-repeat":"repeat","background-position":"center center","background-size":"auto","background-attachment":"scroll","background-type":"","background-media":"","overlay-type":"","overlay-color":"","overlay-opacity":"","overlay-gradient":""},"mobile":{"background-color":"","background-image":"","background-repeat":"repeat","background-position":"center center","background-size":"auto","background-attachment":"scroll","background-type":"","background-media":"","overlay-type":"","overlay-color":"","overlay-opacity":"","overlay-gradient":""}},"ast-content-background-meta":{"desktop":{"background-color":"var(--ast-global-color-5)","background-image":"","background-repeat":"repeat","background-position":"center center","background-size":"auto","background-attachment":"scroll","background-type":"","background-media":"","overlay-type":"","overlay-color":"","overlay-opacity":"","overlay-gradient":""},"tablet":{"background-color":"var(--ast-global-color-5)","background-image":"","background-repeat":"repeat","background-position":"center center","background-size":"auto","background-attachment":"scroll","background-type":"","background-media":"","overlay-type":"","overlay-color":"","overlay-opacity":"","overlay-gradient":""},"mobile":{"background-color":"var(--ast-global-color-5)","background-image":"","background-repeat":"repeat","background-position":"center center","background-size":"auto","background-attachment":"scroll","background-type":"","background-media":"","overlay-type":"","overlay-color":"","overlay-opacity":"","overlay-gradient":""}}},"product_brand":[],"product_cat":[77],"product_tag":[227,225,226],"class_list":{"0":"post-5533","1":"product","2":"type-product","3":"status-publish","4":"has-post-thumbnail","6":"product_cat-car-cleaning-and-maintenance","7":"product_tag-automotive-maintenance-liquid-wax","8":"product_tag-automotive-plastic-parts-retreading-agent","9":"product_tag-sheet-wax","10":"desktop-align-center","11":"tablet-align-left","12":"mobile-align-left","13":"ast-product-gallery-layout-horizontal-slider","14":"ast-product-tabs-layout-horizontal","16":"first","17":"instock","18":"shipping-taxable","19":"product-type-simple"},"aioseo_notices":[],"uagb_featured_image_src":{"full":["https:\/\/williamweir.com\/wp-content\/uploads\/2024\/10\/1-20.jpg",1000,1000,false],"thumbnail":["https:\/\/williamweir.com\/wp-content\/uploads\/2024\/10\/1-20-300x300.jpg",300,300,true],"medium":["https:\/\/williamweir.com\/wp-content\/uploads\/2024\/10\/1-20-600x600.jpg",600,600,true],"medium_large":["https:\/\/williamweir.com\/wp-content\/uploads\/2024\/10\/1-20-768x768.jpg",768,768,true],"large":["https:\/\/williamweir.com\/wp-content\/uploads\/2024\/10\/1-20.jpg",1000,1000,false],"1536x1536":["https:\/\/williamweir.com\/wp-content\/uploads\/2024\/10\/1-20.jpg",1000,1000,false],"2048x2048":["https:\/\/williamweir.com\/wp-content\/uploads\/2024\/10\/1-20.jpg",1000,1000,false],"trp-custom-language-flag":["https:\/\/williamweir.com\/wp-content\/uploads\/2024\/10\/1-20-12x12.jpg",12,12,true],"woocommerce_thumbnail":["https:\/\/williamweir.com\/wp-content\/uploads\/2024\/10\/1-20-600x600.jpg",600,600,true],"woocommerce_single":["https:\/\/williamweir.com\/wp-content\/uploads\/2024\/10\/1-20-600x600.jpg",600,600,true],"woocommerce_gallery_thumbnail":["https:\/\/williamweir.com\/wp-content\/uploads\/2024\/10\/1-20-100x100.jpg",100,100,true]},"uagb_author_info":{"display_name":"wlwer","author_link":"https:\/\/williamweir.com\/fr\/author\/"},"uagb_comment_info":0,"uagb_excerpt":"Our factory provides OEM\/ODM processing services, we can tailor products for you; Our MOQ is low, generally the minimum quantity is 1000 bottles can be produced; Our products are inexpensive, excellent product quality, in line with any national laws and regulations and customer needs! \u00a0 \u00a0 \u00a0 We also offer the following services \u00a0 Cross-border\u2026","_links":{"self":[{"href":"https:\/\/williamweir.com\/fr\/wp-json\/wp\/v2\/product\/5533"}],"collection":[{"href":"https:\/\/williamweir.com\/fr\/wp-json\/wp\/v2\/product"}],"about":[{"href":"https:\/\/williamweir.com\/fr\/wp-json\/wp\/v2\/types\/product"}],"version-history":[{"count":5,"href":"https:\/\/williamweir.com\/fr\/wp-json\/wp\/v2\/product\/5533\/revisions"}],"predecessor-version":[{"id":8225,"href":"https:\/\/williamweir.com\/fr\/wp-json\/wp\/v2\/product\/5533\/revisions\/8225"}],"wp:featuredmedia":[{"embeddable":true,"href":"https:\/\/williamweir.com\/fr\/wp-json\/wp\/v2\/media\/12068"}],"wp:attachment":[{"href":"https:\/\/williamweir.com\/fr\/wp-json\/wp\/v2\/media?parent=5533"}],"wp:term":[{"taxonomy":"product_brand","embeddable":true,"href":"https:\/\/williamweir.com\/fr\/wp-json\/wp\/v2\/product_brand?post=5533"},{"taxonomy":"product_cat","embeddable":true,"href":"https:\/\/williamweir.com\/fr\/wp-json\/wp\/v2\/product_cat?post=5533"},{"taxonomy":"product_tag","embeddable":true,"href":"https:\/\/williamweir.com\/fr\/wp-json\/wp\/v2\/product_tag?post=5533"}],"curies":[{"name":"wp","href":"https:\/\/api.w.org\/{rel}","templated":true}]}}