{"id":5505,"date":"2024-10-31T07:44:37","date_gmt":"2024-10-31T07:44:37","guid":{"rendered":"https:\/\/williamweir.com\/?post_type=product&#038;p=5505"},"modified":"2025-05-24T01:39:04","modified_gmt":"2025-05-24T01:39:04","slug":"wall-de-mildew-agent","status":"publish","type":"product","link":"https:\/\/williamweir.com\/fr\/produit\/wall-de-mildew-agent\/","title":{"rendered":"Agent anti-mildiou pour les murs"},"content":{"rendered":"<p><strong>Code produit\uff1a0925<\/strong><\/p>\n<p><strong>I. Pr\u00e9sentation du produit :<\/strong><\/p>\n<p>Ce produit est un produit de nettoyage tr\u00e8s efficace sp\u00e9cialement con\u00e7u pour \u00e9liminer les moisissures sur les murs. Qu'il s'agisse de taches noires ou de moisissures sur le mur caus\u00e9es par un environnement humide, ou de moisissures accumul\u00e9es en raison d'un manque de nettoyage \u00e0 long terme, elles peuvent \u00eatre \u00e9limin\u00e9es efficacement pour rendre le mur propre et net.<\/p>\n<p><strong>II. Caract\u00e9ristiques du produit :<\/strong><\/p>\n<p>\u00c9limination puissante des moisissures : Adoptant une formule sp\u00e9ciale d'\u00e9limination des moisissures, il peut rapidement d\u00e9composer les moisissures, les rendre moins actives et les faire tomber du mur.<br \/>\nS\u00fbr et respectueux de l'environnement : il ne contient pas de substances nocives, il est respectueux du corps humain et de l'environnement, et son utilisation est s\u00fbre et fiable.<br \/>\nLargement applicable : Convient \u00e0 divers mat\u00e9riaux muraux, tels que les murs en peinture au latex, les murs en papier peint, les murs en boue de diatom\u00e9es, etc.<br \/>\nFacile \u00e0 utiliser : Il suffit de vaporiser le produit anti-moisissure sur le mur moisi et de l'essuyer apr\u00e8s un certain temps d'attente.<\/p>\n<p><strong>III. M\u00e9thode d'utilisation :<\/strong><\/p>\n<p>Tout d'abord, nettoyez la poussi\u00e8re et les autres salet\u00e9s sur le mur.<br \/>\nPulv\u00e9riser uniform\u00e9ment le produit de d\u00e9moulage \u00e0 une distance d'environ 15 \u00e0 20 centim\u00e8tres du mur.<br \/>\nAttendez 10 \u00e0 15 minutes pour que le d\u00e9moulant joue pleinement son r\u00f4le.<br \/>\nEssuyez d\u00e9licatement le mur avec un chiffon ou une \u00e9ponge propre pour \u00e9liminer les moisissures et les r\u00e9sidus de produit de d\u00e9moulage.<br \/>\nPour les zones tr\u00e8s moisies, r\u00e9p\u00e9tez les \u00e9tapes ci-dessus.<\/p>\n<p><strong>IV. Pr\u00e9cautions :<\/strong><\/p>\n<p>Veuillez le placer dans un endroit que les enfants ne peuvent pas atteindre facilement.<br \/>\n\u00c9viter tout contact avec les yeux et la peau. En cas de contact accidentel, rincer imm\u00e9diatement et abondamment \u00e0 l'eau claire.<br \/>\nMaintenir une bonne ventilation int\u00e9rieure lors de l'utilisation.<br \/>\nPour les murs constitu\u00e9s de mat\u00e9riaux sp\u00e9ciaux ou situ\u00e9s \u00e0 proximit\u00e9 de d\u00e9corations de valeur, il est recommand\u00e9 de proc\u00e9der d'abord \u00e0 un essai sur un endroit peu visible.<br \/>\nVeuillez le conserver dans un endroit frais et sec et \u00e9viter la lumi\u00e8re directe du soleil.<\/p>","protected":false},"excerpt":{"rendered":"<p>Notre usine fournit des services de traitement OEM\/ODM, nous pouvons concevoir des produits sur mesure pour vous ; Notre MOQ est faible, g\u00e9n\u00e9ralement la quantit\u00e9 minimale est de 1000 bouteilles peuvent \u00eatre produites ; Nos produits sont peu co\u00fbteux, d'excellente qualit\u00e9, en conformit\u00e9 avec toutes les lois et r\u00e9glementations nationales et les besoins des clients !<\/p>\n<h3><strong>\u00a0 \u00a0 \u00a0 Nous proposons \u00e9galement les services suivants<\/strong><\/h3>\n<h4><strong><img decoding=\"async\" class=\"emoji\" role=\"img\" draggable=\"false\" src=\"https:\/\/s.w.org\/images\/core\/emoji\/15.0.3\/svg\/2714.svg\" alt=\"\u2714\" \/>\u00a0 Source transfrontali\u00e8re\u00a0 \u00a0 \u00a0 \u00a0 \u00a0\u00a0<img decoding=\"async\" class=\"emoji\" role=\"img\" draggable=\"false\" src=\"https:\/\/s.w.org\/images\/core\/emoji\/15.0.3\/svg\/2714.svg\" alt=\"\u2714\" \/>\u00a0 Personnalisation du support<\/strong><\/h4>\n<h4><strong><img decoding=\"async\" class=\"emoji\" role=\"img\" draggable=\"false\" src=\"https:\/\/s.w.org\/images\/core\/emoji\/15.0.3\/svg\/2714.svg\" alt=\"\u2714\" \/>\u00a0 Usine source\u00a0 \u00a0 \u00a0 \u00a0 \u00a0 \u00a0 \u00a0 \u00a0 \u00a0 \u00a0 \u00a0 \u00a0<img decoding=\"async\" class=\"emoji\" role=\"img\" draggable=\"false\" src=\"https:\/\/s.w.org\/images\/core\/emoji\/15.0.3\/svg\/2714.svg\" alt=\"\u2714\" \/>\u00a0 D\u00e9veloppement de produits<\/strong><\/h4>\n<h4><strong><img decoding=\"async\" class=\"emoji\" role=\"img\" draggable=\"false\" src=\"https:\/\/s.w.org\/images\/core\/emoji\/15.0.3\/svg\/2714.svg\" alt=\"\u2714\" \/>\u00a0 Adaptation \u00e0 l'\u00e9chantillon\u00a0 \u00a0 \u00a0 \u00a0 \u00a0 \u00a0 \u00a0 \u00a0 \u00a0 \u00a0\u00a0<img decoding=\"async\" class=\"emoji\" role=\"img\" draggable=\"false\" src=\"https:\/\/s.w.org\/images\/core\/emoji\/15.0.3\/svg\/2714.svg\" alt=\"\u2714\" \/>\u00a0 Autorisation de la marque<\/strong><\/h4>\n<p>&nbsp;<\/p>\n<h2 style=\"text-align: left;\"><strong>Questions ou commentaires ? <\/strong><\/h2>\n<h2 style=\"text-align: left;\"><strong>wlwer@williamweir.com<\/strong><\/h2>\n<h4><strong>\u00a0<\/strong><\/h4>","protected":false},"featured_media":12104,"template":"","meta":{"_uag_custom_page_level_css":"","site-sidebar-layout":"default","site-content-layout":"","ast-site-content-layout":"default","site-content-style":"default","site-sidebar-style":"default","ast-global-header-display":"","ast-banner-title-visibility":"","ast-main-header-display":"","ast-hfb-above-header-display":"","ast-hfb-below-header-display":"","ast-hfb-mobile-header-display":"","site-post-title":"","ast-breadcrumbs-content":"","ast-featured-img":"","footer-sml-layout":"","theme-transparent-header-meta":"default","adv-header-id-meta":"","stick-header-meta":"","header-above-stick-meta":"","header-main-stick-meta":"","header-below-stick-meta":"","astra-migrate-meta-layouts":"set","ast-page-background-enabled":"default","ast-page-background-meta":{"desktop":{"background-color":"","background-image":"","background-repeat":"repeat","background-position":"center center","background-size":"auto","background-attachment":"scroll","background-type":"","background-media":"","overlay-type":"","overlay-color":"","overlay-opacity":"","overlay-gradient":""},"tablet":{"background-color":"","background-image":"","background-repeat":"repeat","background-position":"center center","background-size":"auto","background-attachment":"scroll","background-type":"","background-media":"","overlay-type":"","overlay-color":"","overlay-opacity":"","overlay-gradient":""},"mobile":{"background-color":"","background-image":"","background-repeat":"repeat","background-position":"center center","background-size":"auto","background-attachment":"scroll","background-type":"","background-media":"","overlay-type":"","overlay-color":"","overlay-opacity":"","overlay-gradient":""}},"ast-content-background-meta":{"desktop":{"background-color":"var(--ast-global-color-5)","background-image":"","background-repeat":"repeat","background-position":"center center","background-size":"auto","background-attachment":"scroll","background-type":"","background-media":"","overlay-type":"","overlay-color":"","overlay-opacity":"","overlay-gradient":""},"tablet":{"background-color":"var(--ast-global-color-5)","background-image":"","background-repeat":"repeat","background-position":"center center","background-size":"auto","background-attachment":"scroll","background-type":"","background-media":"","overlay-type":"","overlay-color":"","overlay-opacity":"","overlay-gradient":""},"mobile":{"background-color":"var(--ast-global-color-5)","background-image":"","background-repeat":"repeat","background-position":"center center","background-size":"auto","background-attachment":"scroll","background-type":"","background-media":"","overlay-type":"","overlay-color":"","overlay-opacity":"","overlay-gradient":""}}},"product_brand":[],"product_cat":[74],"product_tag":[234,196],"class_list":{"0":"post-5505","1":"product","2":"type-product","3":"status-publish","4":"has-post-thumbnail","6":"product_cat-household-cleaning-series","7":"product_tag-mold-remover-spray","8":"product_tag-wall-mold-remover","9":"desktop-align-center","10":"tablet-align-left","11":"mobile-align-left","12":"ast-product-gallery-layout-horizontal-slider","13":"ast-product-tabs-layout-horizontal","15":"first","16":"instock","17":"shipping-taxable","18":"product-type-simple"},"aioseo_notices":[],"uagb_featured_image_src":{"full":["https:\/\/williamweir.com\/wp-content\/uploads\/2024\/10\/1-29.jpg",1000,1000,false],"thumbnail":["https:\/\/williamweir.com\/wp-content\/uploads\/2024\/10\/1-29-300x300.jpg",300,300,true],"medium":["https:\/\/williamweir.com\/wp-content\/uploads\/2024\/10\/1-29-600x600.jpg",600,600,true],"medium_large":["https:\/\/williamweir.com\/wp-content\/uploads\/2024\/10\/1-29-768x768.jpg",768,768,true],"large":["https:\/\/williamweir.com\/wp-content\/uploads\/2024\/10\/1-29.jpg",1000,1000,false],"1536x1536":["https:\/\/williamweir.com\/wp-content\/uploads\/2024\/10\/1-29.jpg",1000,1000,false],"2048x2048":["https:\/\/williamweir.com\/wp-content\/uploads\/2024\/10\/1-29.jpg",1000,1000,false],"trp-custom-language-flag":["https:\/\/williamweir.com\/wp-content\/uploads\/2024\/10\/1-29-12x12.jpg",12,12,true],"woocommerce_thumbnail":["https:\/\/williamweir.com\/wp-content\/uploads\/2024\/10\/1-29-600x600.jpg",600,600,true],"woocommerce_single":["https:\/\/williamweir.com\/wp-content\/uploads\/2024\/10\/1-29-600x600.jpg",600,600,true],"woocommerce_gallery_thumbnail":["https:\/\/williamweir.com\/wp-content\/uploads\/2024\/10\/1-29-100x100.jpg",100,100,true]},"uagb_author_info":{"display_name":"wlwer","author_link":"https:\/\/williamweir.com\/fr\/author\/"},"uagb_comment_info":0,"uagb_excerpt":"Our factory provides OEM\/ODM processing services, we can tailor products for you; Our MOQ is low, generally the minimum quantity is 1000 bottles can be produced; Our products are inexpensive, excellent product quality, in line with any national laws and regulations and customer needs! \u00a0 \u00a0 \u00a0 We also offer the following services \u00a0 Cross-border\u2026","_links":{"self":[{"href":"https:\/\/williamweir.com\/fr\/wp-json\/wp\/v2\/product\/5505"}],"collection":[{"href":"https:\/\/williamweir.com\/fr\/wp-json\/wp\/v2\/product"}],"about":[{"href":"https:\/\/williamweir.com\/fr\/wp-json\/wp\/v2\/types\/product"}],"version-history":[{"count":6,"href":"https:\/\/williamweir.com\/fr\/wp-json\/wp\/v2\/product\/5505\/revisions"}],"predecessor-version":[{"id":8235,"href":"https:\/\/williamweir.com\/fr\/wp-json\/wp\/v2\/product\/5505\/revisions\/8235"}],"wp:featuredmedia":[{"embeddable":true,"href":"https:\/\/williamweir.com\/fr\/wp-json\/wp\/v2\/media\/12104"}],"wp:attachment":[{"href":"https:\/\/williamweir.com\/fr\/wp-json\/wp\/v2\/media?parent=5505"}],"wp:term":[{"taxonomy":"product_brand","embeddable":true,"href":"https:\/\/williamweir.com\/fr\/wp-json\/wp\/v2\/product_brand?post=5505"},{"taxonomy":"product_cat","embeddable":true,"href":"https:\/\/williamweir.com\/fr\/wp-json\/wp\/v2\/product_cat?post=5505"},{"taxonomy":"product_tag","embeddable":true,"href":"https:\/\/williamweir.com\/fr\/wp-json\/wp\/v2\/product_tag?post=5505"}],"curies":[{"name":"wp","href":"https:\/\/api.w.org\/{rel}","templated":true}]}}